{"id":94,"date":"2000-06-21T07:34:27","date_gmt":"2000-06-21T05:34:27","guid":{"rendered":"https:\/\/psychose-seminar.info\/?page_id=94"},"modified":"2000-06-21T07:34:27","modified_gmt":"2000-06-21T05:34:27","slug":"leben-mit-der-psychose-hilfe-einmischung-unterstuetzung","status":"publish","type":"page","link":"https:\/\/www.psychose-seminar.de\/?page_id=94","title":{"rendered":"Leben mit der Psychose: Hilfe &#8211; Einmischung &#8211; Unterst\u00fctzung"},"content":{"rendered":"<p><b>Psychoseseminar am 21. Juni 2000<\/b><\/p>\n<p><b>Ablauf:<\/b><\/p>\n<p>Begr\u00fcssung<\/p>\n<p>-&gt; Hinweis, dass heute der Erfahrungsaustausch das wesentliche des Abends sein soll<\/p>\n<p>3 Plakate mit dem jeweiligen Begriff (Einmischung &#8211; Hilfe &#8211; Unterst\u00fctzung)<\/p>\n<ul>\n<li>kurze Besinnung: &#8222;Welcher der 3 Begriffe spricht mich im Augenblick am meisten an?&#8220;<\/li>\n<li>Aufforderung, zum entsprechenden Plakat zu gehen -&gt; wieder hinsetzen<\/li>\n<\/ul>\n<p>Warum hat mich der entsprechende Begriff angezogen?<\/p>\n<p>Beginn des Gespr\u00e4chs mit dem meist gew\u00e4hlten Begriff<\/p>\n<p>P a u s e (je nach Gespr\u00e4chsverlauf)<\/p>\n<p>evtl. Gespr\u00e4ch \u00fcber Themen f\u00fcr Herbst \/ Winter<\/p>\n<p>Verabschiedung<\/p>\n<p><b>Einige \u00dcberlegungen zum Thema:<\/b><\/p>\n<p><b>Einmischung:<\/b> hitzige Diskussion (vgl. \u00dcberkochen von Gef\u00fchlen); emotional grenz\u00fcberschreitend; bedrohlich, da Seelengeb\u00e4ude der Erkrankten schon schwankend<\/p>\n<p><b>Hilfe:<\/b> ..ist B\u00fcrgerpjlicht<\/p>\n<p>akut, eher n\u00fcchtern, m\u00f6glicherweise auch schmerzhaft, konfrontativ<\/p>\n<p><b>Unterst\u00fctzung:<\/b> freiwillig, prozesshaft, im Gespr\u00e4ch, gleichberechtigt, partnerschaflich<\/p>\n<p><b>Wie kann wer wen unterst\u00fctzen?<\/b><\/p>\n<p>Material usw. mitnehmen:<\/p>\n<ul>\n<li>B\u00fccher<\/li>\n<li>3 Plakate s.o.<\/li>\n<\/ul>\n","protected":false},"excerpt":{"rendered":"<p>Psychoseseminar am 21. Juni 2000 Ablauf: Begr\u00fcssung -&gt; Hinweis, dass heute der Erfahrungsaustausch das wesentliche des Abends sein soll 3 Plakate mit dem jeweiligen Begriff (Einmischung &#8211; Hilfe &#8211; Unterst\u00fctzung) kurze Besinnung: &#8222;Welcher der 3 Begriffe spricht mich im Augenblick am meisten an?&#8220; Aufforderung, zum entsprechenden Plakat zu gehen -&gt; wieder hinsetzen Warum hat mich [&hellip;]<\/p>\n","protected":false},"author":2,"featured_media":0,"parent":14,"menu_order":-28,"comment_status":"closed","ping_status":"closed","template":"","meta":[],"_links":{"self":[{"href":"https:\/\/www.psychose-seminar.de\/index.php?rest_route=\/wp\/v2\/pages\/94"}],"collection":[{"href":"https:\/\/www.psychose-seminar.de\/index.php?rest_route=\/wp\/v2\/pages"}],"about":[{"href":"https:\/\/www.psychose-seminar.de\/index.php?rest_route=\/wp\/v2\/types\/page"}],"author":[{"embeddable":true,"href":"https:\/\/www.psychose-seminar.de\/index.php?rest_route=\/wp\/v2\/users\/2"}],"replies":[{"embeddable":true,"href":"https:\/\/www.psychose-seminar.de\/index.php?rest_route=%2Fwp%2Fv2%2Fcomments&post=94"}],"version-history":[{"count":0,"href":"https:\/\/www.psychose-seminar.de\/index.php?rest_route=\/wp\/v2\/pages\/94\/revisions"}],"up":[{"embeddable":true,"href":"https:\/\/www.psychose-seminar.de\/index.php?rest_route=\/wp\/v2\/pages\/14"}],"wp:attachment":[{"href":"https:\/\/www.psychose-seminar.de\/index.php?rest_route=%2Fwp%2Fv2%2Fmedia&parent=94"}],"curies":[{"name":"wp","href":"https:\/\/api.w.org\/{rel}","templated":true}]}}