{"id":80,"date":"1999-09-15T06:54:03","date_gmt":"1999-09-15T04:54:03","guid":{"rendered":"https:\/\/psychose-seminar.info\/?page_id=80"},"modified":"1999-09-15T06:54:03","modified_gmt":"1999-09-15T04:54:03","slug":"psychose-eine-krankheit-die-alle-beteiligten-in-ihren-bann-zieht","status":"publish","type":"page","link":"https:\/\/www.psychose-seminar.de\/?page_id=80","title":{"rendered":"Psychose, eine Krankheit, die alle Beteiligten in ihren Bann zieht"},"content":{"rendered":"<p><b>Psychoseseminar am 15. Sep. 1999<\/b><\/p>\n<p><b>Ablauf:<\/b><\/p>\n<p>Begr\u00fcsung<\/p>\n<p>Was ist ein Psychose\u2014Seminar? Kurze Erkl\u00e4rung (Hr. N.)<\/p>\n<p>Gedanken zum Thema Bann &#8211; bannen &#8211; verbannen &#8211; gebannt (siehe unten)<\/p>\n<p>Frage: Was macht eine Psychose mit mir?<\/p>\n<p>&#8211; vorbereiten: K\u00e4rtchen &#8211; DIN A 6 + 5: Plakat mit Frage \u2014<\/p>\n<p>Bitte an TN: K\u00e4rtchen kennzeichnen mit<\/p>\n<ul>\n<li>E &#8211; Erfahrene\/r<\/li>\n<li>A &#8211; Angeh\u00f6rige\/r<\/li>\n<li>P &#8211; Profi<\/li>\n<li>I &#8211; interessierte\/r<\/li>\n<\/ul>\n<p>K\u00e4rtchen abgeben<\/p>\n<p>P a u s e<\/p>\n<p>(K\u00e4rtchen werden vom Vorbereitungsteam sortiert nach Gruppen und auf dem Boden ausgelegt)<\/p>\n<p>vorbereiten: Schnur zum Abteilen: Plakat &#8222;Psychose&#8220; f\u00fcr die Mitte<\/p>\n<p>Vorlesen der K\u00e4rtchen durch die Vorbereitungsgruppe<\/p>\n<p>(entsprechend ihrer Gruppenzugeh\u00f6rigkeit)<\/p>\n<p>Zitate: &#8222;Psychose ist ..&#8220; (z. B. besser als Femsehn und Kino)<\/p>\n<p>Hinweis auf n\u00e4chsten Termin und das Thema<\/p>\n<p>Verabschiedung<\/p>\n<p><b>Material usw.: <\/b><\/p>\n<ul>\n<li>Schreibunterlagen<\/li>\n<li>Stifte<\/li>\n<li>Schnur oder Faden<\/li>\n<li>K\u00e4rtchen<\/li>\n<li>Stecknadeln<\/li>\n<li>Tesakrepp<\/li>\n<li>Plakate: Frage s. o. Psychose<\/li>\n<\/ul>\n<p><b>bannen:<\/b><\/p>\n<p>Sch\u00e4dliches durch Zwangsrituale sowie durch Fluch- und Segensspr\u00fcche fern halten und abwehren. (Brockhaus Enzyklop\u00e4die)<\/p>\n<p><b>Bann:<\/b><\/p>\n<p>auf fr\u00fchen Stufen des Rechtsdenkens das gegen Personen, Orte oder Gegenst\u00e4nde verh\u00e4ngte Gebot des Meidens oft gleichbedeutend mit Acht in milderen Fomten mit sozialer Isolation (Meyers Enzykolp\u00e4disches Lexikon)<\/p>\n<p><b>Verbannung:<\/b><\/p>\n<p>Bereits in der Antike, aber auch noch im 20. Jahrhundert (z. B. Ru\u00dfland\/Sowjetunion, S\u00fcdafrika) praktizierte Verweisung einer Person aus bisweilen auch in ein bestimmtes Gebiet aus rechtlichen oder politischen Gr\u00fcnden (..) auf Dauer, f\u00fcr bestimmte Zeit oder bis auf Widerruf. V. war im Fr\u00fch\u2014MA nicht selbst\u00e4ndige Strafe, sondern Folge der Nichtbefolgung einer gerichtlichen Vorladung (Bann, Acht) oder Ersatz f\u00fcr andere eigentlich verwirkte Strafen (z. B. Todesstrafe) (Meyers Enzykolp\u00e4disches Lexikon)<\/p>\n<p><b>Psychose ist.. <\/b><\/p>\n<ul>\n<li>eine sehr schwere seelische Erkrankung, die nicht aus eigener Kraft bew\u00e4ltigt werden kann.<\/li>\n<li>besser als Femsehn und Kino.<\/li>\n<li>eine Erkrankung, bei der der Bezug zur Wirklichkeit, die Einsichtsf\u00e4higkeit sowie die F\u00e4higkeit, mit den \u00fcblichen Lebensanforderungen zurechtzukommen, erheblich gest\u00f6rt ist.<\/li>\n<li>zwei Wirklichkeiten zu kennen, eine &#8222;reale&#8220; und eine &#8222;andere&#8220;.<\/li>\n<li>das Gef\u00fchl, da\u00df andere die eigenen Gedanken lesen und sogar abziehen k\u00f6nnen, was zum leiden unter Gedankenverarmung f\u00fchren kann.<\/li>\n<li>das Gef\u00fchl, die Gedanken anderer lesen zu k\u00f6nnen.<\/li>\n<li>das Gef\u00fchl, fremde Gedanken in den Kopf hineingeschleust zu bekommen.<\/li>\n<li>das Empfinden, da\u00df die eigenen Gedanken w\u00e4hrend des Denkvorganges h\u00f6rbar sind.<\/li>\n<li>sich von Spionen umgeben, beobachtet und verfolgt zu f\u00fchlen.<\/li>\n<li>jede winzige Kleinigkeit, jede scheinbar belanglose Begebenheit, jede zuf\u00e4llige Verhaltensweise von Mitmenschen als untr\u00fcglichen Beweis f\u00fcr die Richtigkeit l\u00e4ngst gehegter Bef\u00fcrchtungen zu erleben.<\/li>\n<li>an den als Wirklichkeit empfundenen Wahnvorstellungen zu leiden.<\/li>\n<li>sich aufgrund des eigenen Wertlosigkeitsgef\u00fchls als ber\u00fchmte Pers\u00f6nlichkeit oder als g\u00f6ttliches Wesen zu empfinden.<\/li>\n<li>sich im Kreis der eigenen Gedanken vollkommen auf sich selbst zu konzentrieren und den Kontakt mit der Umwelt aufzugeben, zu verlieren.<\/li>\n<li>sich nicht gut oder gar nicht konzentrieren zu k\u00f6nnen.<\/li>\n<li>d\u00fcnnh\u00e4utiger zu sein als andere Menschen.<\/li>\n<li>sich innerlich leer, ausgebrannt und freudlos zu f\u00fchlen.<\/li>\n<li>mut- und hoffnungslos zu sein.<\/li>\n<li>antriebs\u2014 und energielos zu sein.<\/li>\n<li>sich mi\u00dftrauisch vor der Welt zur\u00fcckziehen zu m\u00fcssen.<\/li>\n<li>durch Halluzinationen = Trugwahmehmungen und Wahnvorstellungen ge\u00e4ngstigt und fassungslos zu sein, von starkem Mi\u00dftrauen gequ\u00e4lt zu sein.<\/li>\n<li>von sehr schweren Depressionen, durch massive Angstzust\u00e4nde zu manisch (\u00fcberschweglichen) Gef\u00fchlszust\u00e4nden geschleudert zu werden.<\/li>\n<\/ul>\n<hr \/>\n<p><b>Ergebnisse:<\/b><\/p>\n<p><b>Was macht eine Psychose mit mir?<\/b><\/p>\n<p><b>Antworten von Erfahrenen:<\/b><\/p>\n<ul>\n<li>zerst\u00f6rt die Grenzen zur Realit\u00e4t; gest\u00f6rtes Ich-Gef\u00fchl; macht mich f\u00fcr andere unerreichbar; verst\u00e4rkt alle Gef\u00fchle die in mir sind, allerdings unkontrollierbar<\/li>\n<li>hilflos, durcheinander, wahnsinnig, be\u00e4ngstigt<\/li>\n<li>Angst; viele Gef\u00fchle kreuz und quer durcheinander; ,Phantasie kennt keine Grenzen; innerlich zerrissen werden; \u00fcbergl\u00fccklich sein; sich allm\u00e4chtig und zu allem f\u00e4hig f\u00fchlen; sich allwissend f\u00fchlen; im Mittelpunkt stehen; Zuwendung von allen Seiten; sich zu allem trauen, endlich einmal keine Hemmungen mehr; &#8222;Freude sch\u00f6ner G\u00f6tterfunke&#8220;; innerliches Hochgef\u00fchl<\/li>\n<li>Angstanf\u00e4lle; Selbstmordgedanken, Einengung des Blicks<\/li>\n<li>Es macht mir Dauerstress! Meine Umwelt kommt nicht mehr mit mir zurecht, und ich nicht mehr mit ihr!<\/li>\n<li>In meinem Kopf geht was vor, was ich nicht verstehe!<\/li>\n<li>Psychose: h\u00e4lt mich gefangen; qu\u00e4lt mich; dem\u00fctigt mich; macht mich sensibel und bereichert mein Leben durch die Sicht der wesentlichen und wichtigen Dinge<\/li>\n<li>\u00e4ngstlich; hoffnungslos<\/li>\n<\/ul>\n<p><b>Antworten von Angeh\u00f6rigen:<\/b><\/p>\n<ul>\n<li>Mitleid; traurig; Angst; gef\u00fchllos; krank; ohne Zuversicht<\/li>\n<li>w\u00fctend; hilflos; verzwielfelt<\/li>\n<li>hilflos, ratlos, ohnm\u00e4chtig, unsicher, traurig<\/li>\n<li>Eine Psychose entfremdet einem sich selbst und anderen. Man wird hilflos und versteht nicht, was da mit einem passiert.<\/li>\n<li>Sie macht mich hilflos, zuweilen auch aggressiv.<\/li>\n<li>Wirklichkeitsverzerrungg L\u00e4hmung; Gereiztheit; Aggressivit\u00e4t; misstrauisch<\/li>\n<li>ver\u00e4ndern; Frage &#8211; Hoffnung &#8211; Heilung; nachdenklich; wie geht&#8217;s weiter; Partnerschaft?<\/li>\n<li>ver\u00e4ndert mein Leben; gibt neue Impulse; setzt neue Entwicklungen in Gang; l\u00f6st Trauer, Verzweiflung, Wut, aber auch Hoffnung (neue Lebensperspektiven) aus, schr\u00e4nkt manches (vieles) ein; belastet; macht das Leben weniger &#8222;planbar&#8220;; macht manchmal Angst; ver\u00e4ndert die Beziehung zum Partner<\/li>\n<li>Er\u00f6ffnet eine neue Lebensperspektive; Beeintr\u00e4chtigt mein bisheriges Leben in gro\u00dfem Ma\u00dfe.<\/li>\n<li>Ein Grund um bei ihr zu bleiben?<\/li>\n<li>Sohn, 33 J., ledig, Dipl Betriebswirt FH Aachen hatte Ende Jan. d. J. eine paranoide, schizophrene Halluzination (h\u00f6rte Stimmen sich zu opfern). 10 Wochen geschlossenen Psychiatrie, dann offenen und jetzt Tagesklinik bis Ende September, dann versuchsweise 2mal halbtags je Woche Versuch zu arbeiten. Sohn erkannte die Notwendigkeit der geschlossenen Einweisung zun\u00e4chst nicht an. F\u00fcgte sich aber. Wir erkannten starke Konzentrationsschw\u00e4chen, Verwirrungszust\u00e4nde, starke innere Unruhe und gro\u00dfe M\u00fcdigkeit, die auch heute noch anh\u00e4lt. Frage: Ist eine Rehabilitation m\u00f6glich? Wie sollen wir, die Eltern, sich verhalten?<\/li>\n<\/ul>\n<p><b>Antworten von Profis:<\/b><\/p>\n<ul>\n<li>Manchmal macht das Miterleben einer Psychose Angst.<\/li>\n<li>Es fordert meine ganze Aufmerksamkeit und Konzentration, um auch nur Teile dessen zu verstehen, was geschieht.<\/li>\n<li>Psychose fordert mich heraus, mich einzulassen und gleichzeitig zu sch\u00fctzen.<\/li>\n<li>erweckt Neugierde; ist oft nur schwierig zu erkl\u00e4ren<\/li>\n<li>Psychose fordert mich heraus, eindeutig zu handeln.<\/li>\n<li>Psychose konfrontiert mich immer wieder neu mit einer ungew\u00f6hnlichen bizarren, fremden Welt<\/li>\n<\/ul>\n<p><b>Antworten von Interessierten:<\/b><\/p>\n<ul>\n<li>Vor einigen Jahren befand ich mich in einer Klinik, wo mir das erste Mal Psychose- Betroffene begegneten. Ich empfand die Krankheit als etwas Unheimliches, was in mir Angst und Unsicherheit verursachte. Es war eine Angst davor, dass ich in den gleichen Zustand von erh\u00f6hter Abnormit\u00e4t und Zerr\u00fcttung der Pers\u00f6nlichkeit hineinschlittem k\u00f6nnte.<\/li>\n<li>hilflos; Verantwortung \u00fcbemehmen; Teilnahme; bewu\u00dfter leben<\/li>\n<li>traurig \/ w\u00fctend \/ ohnm\u00e4chtig \/ hilflos \/ verst\u00e4ndnislos, \u2014voll<\/li>\n<\/ul>\n<p><iframe loading=\"lazy\" src=\"https:\/\/www.psychoseseminar.info\/p-seminar\/1999-09.htm\" width=\"350\" height=\"75\" frameborder=\"0\" marginwidth=\"0\" marginheight=\"0\" scrolling=\"no\"><\/iframe><\/p>\n","protected":false},"excerpt":{"rendered":"<p>Psychoseseminar am 15. Sep. 1999 Ablauf: Begr\u00fcsung Was ist ein Psychose\u2014Seminar? Kurze Erkl\u00e4rung (Hr. N.) Gedanken zum Thema Bann &#8211; bannen &#8211; verbannen &#8211; gebannt (siehe unten) Frage: Was macht eine Psychose mit mir? &#8211; vorbereiten: K\u00e4rtchen &#8211; DIN A 6 + 5: Plakat mit Frage \u2014 Bitte an TN: K\u00e4rtchen kennzeichnen mit E &#8211; [&hellip;]<\/p>\n","protected":false},"author":2,"featured_media":0,"parent":14,"menu_order":-21,"comment_status":"closed","ping_status":"closed","template":"","meta":[],"_links":{"self":[{"href":"https:\/\/www.psychose-seminar.de\/index.php?rest_route=\/wp\/v2\/pages\/80"}],"collection":[{"href":"https:\/\/www.psychose-seminar.de\/index.php?rest_route=\/wp\/v2\/pages"}],"about":[{"href":"https:\/\/www.psychose-seminar.de\/index.php?rest_route=\/wp\/v2\/types\/page"}],"author":[{"embeddable":true,"href":"https:\/\/www.psychose-seminar.de\/index.php?rest_route=\/wp\/v2\/users\/2"}],"replies":[{"embeddable":true,"href":"https:\/\/www.psychose-seminar.de\/index.php?rest_route=%2Fwp%2Fv2%2Fcomments&post=80"}],"version-history":[{"count":0,"href":"https:\/\/www.psychose-seminar.de\/index.php?rest_route=\/wp\/v2\/pages\/80\/revisions"}],"up":[{"embeddable":true,"href":"https:\/\/www.psychose-seminar.de\/index.php?rest_route=\/wp\/v2\/pages\/14"}],"wp:attachment":[{"href":"https:\/\/www.psychose-seminar.de\/index.php?rest_route=%2Fwp%2Fv2%2Fmedia&parent=80"}],"curies":[{"name":"wp","href":"https:\/\/api.w.org\/{rel}","templated":true}]}}