{"id":76,"date":"1999-04-21T06:44:45","date_gmt":"1999-04-21T04:44:45","guid":{"rendered":"https:\/\/psychose-seminar.info\/?page_id=76"},"modified":"1999-04-21T06:44:45","modified_gmt":"1999-04-21T04:44:45","slug":"wie-weit-koennen-angehoerige-und-freunde-psychisch-erkrankten-menschen-helfen-und-sie-unterstuetzen","status":"publish","type":"page","link":"https:\/\/www.psychose-seminar.de\/?page_id=76","title":{"rendered":"Wie weit k\u00f6nnen Angeh\u00f6rige und Freunde psychisch erkrankten Menschen helfen und sie unterst\u00fctzen?"},"content":{"rendered":"<p><b>Psychoseseminar am 21. April 1999<\/b><\/p>\n<p>Vorbereitung:<\/p>\n<p>An die Wand wird ein Plakat aufgeh\u00e4ngt: <b>Was hilft psychisch Erkrankten?<\/b> Einladung, K\u00e4rtchen, die auf dem Tisch ausgelegt werden zu nutzen um Antworten darauf zu schreiben (in Schlagworten).<\/p>\n<p>\u2014&gt; K\u00e4rtchen ziehen und unter dem Thema des Abends (siehe oben) besprechen<\/p>\n<p><b>Pause<\/b><\/p>\n<p>weitere Bearbeitung der Karten<\/p>\n<p><b>Durchf\u00fchrung:<\/b> s. o.<\/p>\n<p>anwesendes Fachpersonal: &#8211;<\/p>\n<p>Moderation: Fr. M.<\/p>\n<p>Teilnehmerinnen (insg.): 11 Personen<\/p>\n<p><b>Ergebnisse: Was k\u00f6nnen Angeh\u00f6rige und Freunde tun?<\/b><\/p>\n<ul>\n<li>Verst\u00e4ndnis und Annehmen<\/li>\n<li>eigene Gesundheit pflegen<\/li>\n<li>soziale Kontakte anregen und pflegen<\/li>\n<li>den anderen ernstnehmen und die Realit\u00e4t spiegeln<\/li>\n<li>Dasein in Krisenzeiten<\/li>\n<li>Ehrlichkeit<\/li>\n<li>Schonraum anbieten<\/li>\n<li>gemeinsam eine geeignete Therapie suchen<\/li>\n<li>Raum f\u00fcr eigenes Leben bewahren<\/li>\n<li>helfen, den K\u00f6rper wieder zu sp\u00fcren<\/li>\n<li>Eindeutig sein und Grenzen setzen<\/li>\n<li>Patenschaften<\/li>\n<li>gemeinsame Unternehmungen<\/li>\n<li>Geborgenheit geben<\/li>\n<li>Mut machen<\/li>\n<li>Herzensw\u00e4rme<\/li>\n<li>Eigeninitiative f\u00f6rdern<\/li>\n<li>Begegnung von Wesen zu Wesen<\/li>\n<\/ul>\n<p><iframe loading=\"lazy\" src=\"https:\/\/www.psychoseseminar.info\/p-seminar\/1999-04.htm\" width=\"350\" height=\"75\" frameborder=\"0\" marginwidth=\"0\" marginheight=\"0\" scrolling=\"no\"><\/iframe><\/p>\n","protected":false},"excerpt":{"rendered":"<p>Psychoseseminar am 21. April 1999 Vorbereitung: An die Wand wird ein Plakat aufgeh\u00e4ngt: Was hilft psychisch Erkrankten? Einladung, K\u00e4rtchen, die auf dem Tisch ausgelegt werden zu nutzen um Antworten darauf zu schreiben (in Schlagworten). \u2014&gt; K\u00e4rtchen ziehen und unter dem Thema des Abends (siehe oben) besprechen Pause weitere Bearbeitung der Karten Durchf\u00fchrung: s. o. anwesendes [&hellip;]<\/p>\n","protected":false},"author":2,"featured_media":0,"parent":14,"menu_order":-19,"comment_status":"closed","ping_status":"closed","template":"","meta":[],"_links":{"self":[{"href":"https:\/\/www.psychose-seminar.de\/index.php?rest_route=\/wp\/v2\/pages\/76"}],"collection":[{"href":"https:\/\/www.psychose-seminar.de\/index.php?rest_route=\/wp\/v2\/pages"}],"about":[{"href":"https:\/\/www.psychose-seminar.de\/index.php?rest_route=\/wp\/v2\/types\/page"}],"author":[{"embeddable":true,"href":"https:\/\/www.psychose-seminar.de\/index.php?rest_route=\/wp\/v2\/users\/2"}],"replies":[{"embeddable":true,"href":"https:\/\/www.psychose-seminar.de\/index.php?rest_route=%2Fwp%2Fv2%2Fcomments&post=76"}],"version-history":[{"count":0,"href":"https:\/\/www.psychose-seminar.de\/index.php?rest_route=\/wp\/v2\/pages\/76\/revisions"}],"up":[{"embeddable":true,"href":"https:\/\/www.psychose-seminar.de\/index.php?rest_route=\/wp\/v2\/pages\/14"}],"wp:attachment":[{"href":"https:\/\/www.psychose-seminar.de\/index.php?rest_route=%2Fwp%2Fv2%2Fmedia&parent=76"}],"curies":[{"name":"wp","href":"https:\/\/api.w.org\/{rel}","templated":true}]}}