{"id":72,"date":"1998-12-16T06:30:35","date_gmt":"1998-12-16T04:30:35","guid":{"rendered":"https:\/\/psychose-seminar.info\/?page_id=72"},"modified":"1998-12-16T06:30:35","modified_gmt":"1998-12-16T04:30:35","slug":"kreativer-umgang-mit-psychosen","status":"publish","type":"page","link":"https:\/\/www.psychose-seminar.de\/?page_id=72","title":{"rendered":"Kreativer Umgang mit Psychosen"},"content":{"rendered":"<p><b>Psychoseseminar am 16. Dezember 1998<\/b><\/p>\n<p>Vorbereitung:<\/p>\n<ul>\n<li>Brainstorming zum Begriff Kreativit\u00e4t<\/li>\n<li>Kreativit\u00e4tstheorie von Moreno<\/li>\n<li>B\u00fcndeln: A. Kunst- Fr. Sch. (Malerei), Hr. G. (Buch), B. Alltagskreativit\u00e4t<\/li>\n<\/ul>\n<p><b>Pause<\/b><\/p>\n<p>Kunst vorstellen \u2014 Alltagskreativit\u00e4t -&gt; 2 Plakate: 1x Alltag, 1x Kunst<\/p>\n<p>-&gt; als Anregung: <b>Wunschzettel an meine eigene Kreativit\u00e4t<\/b> verteilen<\/p>\n<p>anwesendes Fachpersonal: Fr. Dr. B. (Rhein. Kliniken), Fr. L., SKF D\u00fcren<\/p>\n<p>Moderation: Fr. M.<\/p>\n<p>Teilnehmerinnen (insg.): ca. 20 Personen<\/p>\n<p>Infos zum Seminar:\u00a0?<\/p>\n<p><b>Durchf\u00fchrung:<\/b><\/p>\n<p>Brainstorming:<\/p>\n<ul>\n<li>originelle Ideen<\/li>\n<li>sch\u00f6pferisch, erfinderisch<\/li>\n<li>Ideen umsetzen<\/li>\n<li>Kochen, backen<\/li>\n<li>phantasievolles Gestalten<\/li>\n<li>neue L\u00f6sungsm\u00f6glichkeiten<\/li>\n<li>basteln, malen, gestalten<\/li>\n<li>Stimmung ausdr\u00fccken<\/li>\n<li>ausprobieren, erforschen, entdecken<\/li>\n<li>Kunst\/erschaffen<\/li>\n<li>Musik\/erschaffen<\/li>\n<li>Energiereichtum<\/li>\n<li>Antwort auf Probleme (suchen)<\/li>\n<li>\u00e4u\u00dfere Einfl\u00fcsse verarbeiten<\/li>\n<li>Tr\u00e4umen<\/li>\n<li>dichten, schreiben, Theater, Tanz<\/li>\n<li>Gespr\u00e4che<\/li>\n<\/ul>\n<p>nicht Moreno;<\/p>\n<p>Erg\u00e4nzung zur Kunst durch Hr. L. und Hr. N. aus eigenen Erfahrungen<\/p>\n<p>Gespr\u00e4che<\/p>\n<p>(keine 2 Plakate)<\/p>\n<p><iframe loading=\"lazy\" src=\"https:\/\/www.psychoseseminar.info\/p-seminar\/1998-12.htm\" width=\"350\" height=\"75\" frameborder=\"0\" marginwidth=\"0\" marginheight=\"0\" scrolling=\"no\"><\/iframe><\/p>\n","protected":false},"excerpt":{"rendered":"<p>Psychoseseminar am 16. Dezember 1998 Vorbereitung: Brainstorming zum Begriff Kreativit\u00e4t Kreativit\u00e4tstheorie von Moreno B\u00fcndeln: A. Kunst- Fr. Sch. (Malerei), Hr. G. (Buch), B. Alltagskreativit\u00e4t Pause Kunst vorstellen \u2014 Alltagskreativit\u00e4t -&gt; 2 Plakate: 1x Alltag, 1x Kunst -&gt; als Anregung: Wunschzettel an meine eigene Kreativit\u00e4t verteilen anwesendes Fachpersonal: Fr. Dr. B. (Rhein. Kliniken), Fr. L., SKF [&hellip;]<\/p>\n","protected":false},"author":2,"featured_media":0,"parent":14,"menu_order":-17,"comment_status":"closed","ping_status":"closed","template":"","meta":[],"_links":{"self":[{"href":"https:\/\/www.psychose-seminar.de\/index.php?rest_route=\/wp\/v2\/pages\/72"}],"collection":[{"href":"https:\/\/www.psychose-seminar.de\/index.php?rest_route=\/wp\/v2\/pages"}],"about":[{"href":"https:\/\/www.psychose-seminar.de\/index.php?rest_route=\/wp\/v2\/types\/page"}],"author":[{"embeddable":true,"href":"https:\/\/www.psychose-seminar.de\/index.php?rest_route=\/wp\/v2\/users\/2"}],"replies":[{"embeddable":true,"href":"https:\/\/www.psychose-seminar.de\/index.php?rest_route=%2Fwp%2Fv2%2Fcomments&post=72"}],"version-history":[{"count":0,"href":"https:\/\/www.psychose-seminar.de\/index.php?rest_route=\/wp\/v2\/pages\/72\/revisions"}],"up":[{"embeddable":true,"href":"https:\/\/www.psychose-seminar.de\/index.php?rest_route=\/wp\/v2\/pages\/14"}],"wp:attachment":[{"href":"https:\/\/www.psychose-seminar.de\/index.php?rest_route=%2Fwp%2Fv2%2Fmedia&parent=72"}],"curies":[{"name":"wp","href":"https:\/\/api.w.org\/{rel}","templated":true}]}}