{"id":717,"date":"2021-07-29T12:22:49","date_gmt":"2021-07-29T10:22:49","guid":{"rendered":"https:\/\/www.psychose-seminar.de\/?page_id=717"},"modified":"2021-07-29T12:22:49","modified_gmt":"2021-07-29T10:22:49","slug":"angebote-trotz-corona-wo-kann-ich-hin","status":"publish","type":"page","link":"https:\/\/www.psychose-seminar.de\/?page_id=717","title":{"rendered":"Angebote trotz Corona? Wo kann ich hin?"},"content":{"rendered":"\n<p>Protokoll des Psychoseseminars vom 19.05.2021<\/p>\n\n\n\n<p>Was tut jetzt gut? Wie schafft man die letzten Tage der Corona Pandemie auch noch?<\/p>\n\n\n\n<ul><li>Wer Corona hatte, muss sich beim Gesundheitsamt melden und ein offizielles Schreiben beantragen. Man ist dann ein halbes Jahr den Geimpften gleichgestellt. (Aber, was ist dann?)<\/li><li>Wer zweimal geimpft ist, kann auch in Gruppen nach drau\u00dfen<\/li><li>Test in einer Apotheke gehen recht schnell<\/li><li>Natur: spazieren gehen, V\u00f6gel beobachten, Naturkunde-Apps werden jetzt h\u00e4ufiger verkauft<\/li><li>Angebote f\u00fcr Hilfestellungen:<br>Es wird langsam unkomplizierter<br>Treffen zu dritt sind m\u00f6glich, (ab morgen 5 Tage unter 100)<br>Es ist St\u00fcck f\u00fcr St\u00fcck zugemacht worden und soll r\u00fcckw\u00e4rts wieder aufgemacht werden.<br>Zu \u00c4rzten in der Ambulanz waren\/sind nur telefonische Kontakte m\u00f6glich. Ohne Helfer war und ist das sehr problematisch.<\/li><li>Neue App: \u201eDarf ich das?\u201c zeigt alles unkompliziert an.<\/li><li>Vorsichtig wieder die M\u00f6glichkeiten nutzen.<\/li><li>Volle Veranstaltungen eher vermeiden.<\/li><li>Geduld mit sich selbst haben.<\/li><li>Man kann den Lockdown auch genie\u00dfen, weil man endlich Ruhe hat. Ein Jahr Luxus zum G\u00e4rtnern, Lesen,\u2026.<\/li><li>\u00dcberlegen, was einem in der Corona-Zeit gut getan hat. Und das nicht vergessen, sondern mit in die freie Zeit nehmen.<\/li><li>Online-Treffen gehen teilweise auch weiter. Da, wo es Spa\u00df macht und auch bei K\u00f6rperbehinderungen. Und nat\u00fcrlich auch bei beruflichen Treffen. Spart Energie und Zeit. Teilhabe ist besser m\u00f6glich.<\/li><\/ul>\n","protected":false},"excerpt":{"rendered":"<p>Protokoll des Psychoseseminars vom 19.05.2021 Was tut jetzt gut? Wie schafft man die letzten Tage der Corona Pandemie auch noch? Wer Corona hatte, muss sich beim Gesundheitsamt melden und ein offizielles Schreiben beantragen. Man ist dann ein halbes Jahr den Geimpften gleichgestellt. (Aber, was ist dann?) Wer zweimal geimpft ist, kann auch in Gruppen nach [&hellip;]<\/p>\n","protected":false},"author":2,"featured_media":0,"parent":14,"menu_order":-180,"comment_status":"closed","ping_status":"closed","template":"","meta":[],"_links":{"self":[{"href":"https:\/\/www.psychose-seminar.de\/index.php?rest_route=\/wp\/v2\/pages\/717"}],"collection":[{"href":"https:\/\/www.psychose-seminar.de\/index.php?rest_route=\/wp\/v2\/pages"}],"about":[{"href":"https:\/\/www.psychose-seminar.de\/index.php?rest_route=\/wp\/v2\/types\/page"}],"author":[{"embeddable":true,"href":"https:\/\/www.psychose-seminar.de\/index.php?rest_route=\/wp\/v2\/users\/2"}],"replies":[{"embeddable":true,"href":"https:\/\/www.psychose-seminar.de\/index.php?rest_route=%2Fwp%2Fv2%2Fcomments&post=717"}],"version-history":[{"count":1,"href":"https:\/\/www.psychose-seminar.de\/index.php?rest_route=\/wp\/v2\/pages\/717\/revisions"}],"predecessor-version":[{"id":718,"href":"https:\/\/www.psychose-seminar.de\/index.php?rest_route=\/wp\/v2\/pages\/717\/revisions\/718"}],"up":[{"embeddable":true,"href":"https:\/\/www.psychose-seminar.de\/index.php?rest_route=\/wp\/v2\/pages\/14"}],"wp:attachment":[{"href":"https:\/\/www.psychose-seminar.de\/index.php?rest_route=%2Fwp%2Fv2%2Fmedia&parent=717"}],"curies":[{"name":"wp","href":"https:\/\/api.w.org\/{rel}","templated":true}]}}