{"id":68,"date":"1998-10-21T23:53:30","date_gmt":"1998-10-21T21:53:30","guid":{"rendered":"https:\/\/psychose-seminar.info\/?page_id=68"},"modified":"1998-10-21T23:53:30","modified_gmt":"1998-10-21T21:53:30","slug":"kommunikation-zwischen-betroffene-und-fachpersonal-wer-versteht-hier-wen-nicht","status":"publish","type":"page","link":"https:\/\/www.psychose-seminar.de\/?page_id=68","title":{"rendered":"Kommunikation zwischen Betroffene und Fachpersonal &#8211; Wer versteht hier wen nicht?"},"content":{"rendered":"<p><b>Psychoseseminar am 21. Oktober 1998<\/b><\/p>\n<p>Vorbereitung:<\/p>\n<p>Erz\u00e4hlen eines Irren\u2014Witzes von Fiffi (Fr. L.)<\/p>\n<p>Wo gab es Kommunikationsschwierigkeiten?<\/p>\n<p>Erfahrungsberichte (Fr. S., Hr. G.)<\/p>\n<p><b>Pause<\/b><\/p>\n<p>Sp\u00fcrbarmachen der Notwenigkeit des Zuh\u00f6rens<\/p>\n<p>(Partner- bzw. Kleingruppen- Gespr\u00e4ch dazu, was im ersten Teil des Abends wichtig war).<\/p>\n<p>Welche \u00c4nderungsm\u00f6glichkeiten gibt es, um Kommunikation zu verbessern?<\/p>\n<p>anwesendes Fachpersonal: Fr. L. Sozialp\u00e4dagogin, Hr. D. (evang. Pfarrer, Rhein. Kliniken), Fr. Dr. B. (Rhein. Kliniken), Hr. Dr. St. (Stationsarzt K1b, Rhein. Kliniken), Mitarbeiterinnen Die Kette Kreuzau<\/p>\n<p>Moderation: Fr. M.<\/p>\n<p>Teilnehmerinnen (insg.): ca. 22 Personen<\/p>\n<p>Infos zum Seminar: v. a. \u00fcber pers\u00f6nliche Information<\/p>\n<p><b>Durchf\u00fchrung:<\/b><\/p>\n<p>s. 0. \u2014 ohne \u00dcbung zur Wichtigkeit des Zuh\u00f6rens l\u00e4ngere Besch\u00e4ftigung mit Erfahrungen im Umgang des Pflegepersonals mit Angeh\u00f6rigen<\/p>\n<p><b>Ergebnisse:<\/b><\/p>\n<p>Was hilft bei Kommunikationsst\u00f6rungen?<\/p>\n<ul>\n<li>sich zusammenschlie\u00dfen<\/li>\n<li>Ombudsfrau ansprechen<\/li>\n<li>offenes Gespr\u00e4ch, Vertrauen suchen<\/li>\n<li>sich sachkundig machen<\/li>\n<li>Bereitschaft zu informieren<\/li>\n<li>Raum schaffen f\u00fcr Gespr\u00e4che<\/li>\n<li>Behandiungsvereinbarung<\/li>\n<li>Zuh\u00f6ren<\/li>\n<\/ul>\n<p><iframe loading=\"lazy\" src=\"https:\/\/www.psychoseseminar.info\/p-seminar\/1998-10.htm\" width=\"350\" height=\"75\" frameborder=\"0\" marginwidth=\"0\" marginheight=\"0\" scrolling=\"no\"><\/iframe><\/p>\n","protected":false},"excerpt":{"rendered":"<p>Psychoseseminar am 21. Oktober 1998 Vorbereitung: Erz\u00e4hlen eines Irren\u2014Witzes von Fiffi (Fr. L.) Wo gab es Kommunikationsschwierigkeiten? Erfahrungsberichte (Fr. S., Hr. G.) Pause Sp\u00fcrbarmachen der Notwenigkeit des Zuh\u00f6rens (Partner- bzw. Kleingruppen- Gespr\u00e4ch dazu, was im ersten Teil des Abends wichtig war). Welche \u00c4nderungsm\u00f6glichkeiten gibt es, um Kommunikation zu verbessern? anwesendes Fachpersonal: Fr. L. Sozialp\u00e4dagogin, Hr. [&hellip;]<\/p>\n","protected":false},"author":2,"featured_media":0,"parent":14,"menu_order":-15,"comment_status":"closed","ping_status":"closed","template":"","meta":[],"_links":{"self":[{"href":"https:\/\/www.psychose-seminar.de\/index.php?rest_route=\/wp\/v2\/pages\/68"}],"collection":[{"href":"https:\/\/www.psychose-seminar.de\/index.php?rest_route=\/wp\/v2\/pages"}],"about":[{"href":"https:\/\/www.psychose-seminar.de\/index.php?rest_route=\/wp\/v2\/types\/page"}],"author":[{"embeddable":true,"href":"https:\/\/www.psychose-seminar.de\/index.php?rest_route=\/wp\/v2\/users\/2"}],"replies":[{"embeddable":true,"href":"https:\/\/www.psychose-seminar.de\/index.php?rest_route=%2Fwp%2Fv2%2Fcomments&post=68"}],"version-history":[{"count":0,"href":"https:\/\/www.psychose-seminar.de\/index.php?rest_route=\/wp\/v2\/pages\/68\/revisions"}],"up":[{"embeddable":true,"href":"https:\/\/www.psychose-seminar.de\/index.php?rest_route=\/wp\/v2\/pages\/14"}],"wp:attachment":[{"href":"https:\/\/www.psychose-seminar.de\/index.php?rest_route=%2Fwp%2Fv2%2Fmedia&parent=68"}],"curies":[{"name":"wp","href":"https:\/\/api.w.org\/{rel}","templated":true}]}}