{"id":670,"date":"2021-03-23T17:46:12","date_gmt":"2021-03-23T15:46:12","guid":{"rendered":"https:\/\/www.psychose-seminar.info\/?page_id=670"},"modified":"2021-07-27T15:51:13","modified_gmt":"2021-07-27T13:51:13","slug":"psychose-und-corona","status":"publish","type":"page","link":"https:\/\/www.psychose-seminar.de\/?page_id=670","title":{"rendered":"Psychose und Corona"},"content":{"rendered":"\n<p><strong>Psychoseseminar vom 17.03.2021<\/strong><br><strong> <\/strong><br><strong>Anwesend: 5 Leute<br><\/strong><br><strong>Moderation: Herr Schmidt<br><\/strong><br><strong>Protokoll: Frau Els\u00e4sser<br><\/strong><br><strong>Erster Teil:<br><\/strong><br><strong>Vorstellung des Psychoseseminars<\/strong><br>Es gibt im deutschsprachigen Raum ca. 100 Psychoseseminare, die strukturell autark sind. Es handelt sich um einen Trialog zwischen Profis (\u00c4rzt<em>innen, Psycholog<\/em>innen, Sozialarbeiter*innen), Angeh\u00f6rigen und Betroffenen auf Augenh\u00f6he. Ziel ist es zu verdeutlichen, dass es neben der Akutsituation der Betroffenen auch das ganz normale Leben mit der Erkrankung gibt.<br><strong><br>Einstieg<br><br>Wie haben Sie die Coronazeit bisher erlebt?<\/strong><br><br>\u201eIch habe einen Club gegr\u00fcndet und dann kam Corona. Die Umsetzung meiner Ideen blieb schwierig. Neue Kontakte sind schwierig, aufzubauen.\u201c<br><br>\u201eIch vermisse die belgischen Produkte, die belgische K\u00fcste. Dass man f\u00fcr 16 EUR an die K\u00fcste fahren kann.\u201c<br><br>\u201eMan merkt, was man vermisst. Kontakte von Angesicht zu Angesicht.\u201c<br><br>\u201eVideokonferenzen sind zu oberfl\u00e4chlich, die Zwischengespr\u00e4che in den Pausen fehlen.\u201c<br><br>\u201eIch drohte, zu versumpfen.\u201c<br><br>\u201eMir fehlen die Enkelkinder\u201c<br><br>\u201eDie Arbeit und Vorbereitung auf meine Rente war wegen des Homeoffice nichts Halbes und nichts Ganzes. Ich konnte mich nicht von den Kindern verabschieden (Lehrerin).\u201c<br><br>\u201eDie Zeit war heftig. Ich war Coronagewinner weil ich als Freiberufler Hilfe bekam. Der Autokauf war in der Krise g\u00fcnstig. Als ich mich ansteckte mit Corona, legte sich ein Schalter um: Pl\u00f6tzlich war der Zwang da, die Quarant\u00e4ne. Das erinnerte mich an das PsychKG (Zwangsma\u00dfnahmen). Der hohe Preis f\u00fcr die Gesellschaft macht mir zu schaffen. Ich bekam nichts geschafft in der Wohnung, nur Fernsehen, den ganzen Tag.\u201c\u201eIch sehe psychische Auff\u00e4lligkeiten bei Jugendlichen, die sich auf dem Spielplatz vor dem Haus tummeln.\u201c<br><br>\u201eEs gibt nicht mal entspanntes Einkaufen, alles muss schnell gehen.\u201c<br><br>\u201eIn mir kommt Wut auf, dass Leute nach Mallorca fliegen.\u201c<br><br><strong>Gibt es auch positive Aspekte?<\/strong><br><br>Die Klimaziele werden erreicht.<br><br>Ich hatte weniger Erk\u00e4ltungen durch die Hygienema\u00dfnahmen und die wenigen Kontakte.<br><br>Ganz andere Fragen finden Raum (nachhaltiger Konsum)<br><br>Digitalisierung wird vorangetrieben (Mobilit\u00e4tseingeschr\u00e4nkte k\u00f6nnen besser verdrahtet bleiben)<br><br>In Museen sind 360 Grad-G\u00e4nge m\u00f6glich.<br><br>Beruflich: Ich habe mehr Zeit. Im Homeoffice entfallen die Fahrtzeiten.<br><br>Vieles muss ich nicht haben. Meine Uhr war kaputt, ich stellte auf den inneren Rhythmus um.<br><br>Kontakte: Reduktion auf wichtige Freunde, gute Freunde bleiben \u00fcbrig.<br><br>Man kann Qualit\u00e4tszeit mit dem Partner verbringen, Spazierg\u00e4nge<br><br>\u201eF\u00fcr mich gibt es au\u00dfer den fehlenden Erk\u00e4ltungen keine positiven Aspekte\u201c.<br><br>Kleine Pause:<br><br><strong>Was hilft mir in schwierigen Corona-Zeiten?<\/strong><br><br>Was sollte man meiden?<br><br>Nachrichten gezielt sehen (nicht zu viel)<br><br>Verschw\u00f6rungstheorien meiden<br><br>Nicht versumpfen, nicht in den Tag hinein leben.<br><br>Alkohol und Drogen in der Isolation meiden nicht ins Frustessen verfallen<br><br><strong>Was kann man tun?<\/strong><br><br>Kontakte \u00fcber Video<br><br>eigene Sachen machen, von denen man wei\u00df, dass sie funktionieren.<br><br>Tagesstruktur aufrechterhalten<br><br>Schlafdefizit gelassen sehen<br><br>Hilfe holen und Unterst\u00fctzung suchen<br><br>Lebenszeichen von sich geben<br><br>sich an kleinen Erfolgen und T\u00e4tigkeiten freuen<br><br>Auch den Frust zeigen (aussprechen hilft)<br><br>im Garten und drau\u00dfen sein<br><br>Sport an der frischen Luft<br><br>Sport<br><br>sich etwas Gutes g\u00f6nnen (Essen, Musik)<br><br>Humor behalten<br><br><strong>zus\u00e4tzliche Aspekte:<\/strong><br><br>\u201eEntschw\u00f6rungstheorien\u201c: Das bedeutet, in einer so komplexen Welt gibt es keine rundum schl\u00fcssigen Konzepte wie Verschw\u00f6rungstheorien. Die Welt ist zu chaotisch und zuf\u00e4llig.<br><br>Diese Einschr\u00e4nkungen bedeuten erschwerte Bedingungen f\u00fcr die psychische Erkrankung.<br><br>Man soll sich nicht alles versagen (Ich esse gerne Schokolade).<br><br>\u201eIch bin so verr\u00fcckt, dass ich wieder die Normalit\u00e4t sehen kann.\u201c<br><br>\u201eIch lebe in der Vorfreude: Reise wird zum zweiten Male verschoben.\u201c<br><br>\u201eKinder haben es schwer, weil sie im Moment leben\u201c<br><br>Ich habe viel Geld gespart.<br><br>Kulturelle Folgen von Corona. \u201eEs wird bestimmt verfilmt und literarisch<br> verarbeitet.\u201c<br><br><strong>Abschlussrunde:<\/strong> Frage: \u201eWas hat Ihne diese Veranstaltung gebracht? Was<br> nehmen sie mit? Was lassen Sie hier?<\/p>\n","protected":false},"excerpt":{"rendered":"<p>Psychoseseminar vom 17.03.2021 Anwesend: 5 LeuteModeration: Herr SchmidtProtokoll: Frau Els\u00e4sserErster Teil:Vorstellung des PsychoseseminarsEs gibt im deutschsprachigen Raum ca. 100 Psychoseseminare, die strukturell autark sind. Es handelt sich um einen Trialog zwischen Profis (\u00c4rztinnen, Psychologinnen, Sozialarbeiter*innen), Angeh\u00f6rigen und Betroffenen auf Augenh\u00f6he. Ziel ist es zu verdeutlichen, dass es neben der Akutsituation der Betroffenen auch das ganz [&hellip;]<\/p>\n","protected":false},"author":2,"featured_media":0,"parent":14,"menu_order":-178,"comment_status":"closed","ping_status":"closed","template":"","meta":[],"_links":{"self":[{"href":"https:\/\/www.psychose-seminar.de\/index.php?rest_route=\/wp\/v2\/pages\/670"}],"collection":[{"href":"https:\/\/www.psychose-seminar.de\/index.php?rest_route=\/wp\/v2\/pages"}],"about":[{"href":"https:\/\/www.psychose-seminar.de\/index.php?rest_route=\/wp\/v2\/types\/page"}],"author":[{"embeddable":true,"href":"https:\/\/www.psychose-seminar.de\/index.php?rest_route=\/wp\/v2\/users\/2"}],"replies":[{"embeddable":true,"href":"https:\/\/www.psychose-seminar.de\/index.php?rest_route=%2Fwp%2Fv2%2Fcomments&post=670"}],"version-history":[{"count":1,"href":"https:\/\/www.psychose-seminar.de\/index.php?rest_route=\/wp\/v2\/pages\/670\/revisions"}],"predecessor-version":[{"id":683,"href":"https:\/\/www.psychose-seminar.de\/index.php?rest_route=\/wp\/v2\/pages\/670\/revisions\/683"}],"up":[{"embeddable":true,"href":"https:\/\/www.psychose-seminar.de\/index.php?rest_route=\/wp\/v2\/pages\/14"}],"wp:attachment":[{"href":"https:\/\/www.psychose-seminar.de\/index.php?rest_route=%2Fwp%2Fv2%2Fmedia&parent=670"}],"curies":[{"name":"wp","href":"https:\/\/api.w.org\/{rel}","templated":true}]}}