{"id":66,"date":"1998-09-16T23:49:15","date_gmt":"1998-09-16T21:49:15","guid":{"rendered":"https:\/\/psychose-seminar.info\/?page_id=66"},"modified":"1998-09-16T23:49:15","modified_gmt":"1998-09-16T21:49:15","slug":"chancen-und-schwierigkeiten-psychisch-erkrankter-menschen-in-der-arbeitswelt","status":"publish","type":"page","link":"https:\/\/www.psychose-seminar.de\/?page_id=66","title":{"rendered":"Chancen und Schwierigkeiten psychisch erkrankter Menschen in der Arbeitswelt"},"content":{"rendered":"<p><b>Psychoseseminar am 16. September 1998<\/b><\/p>\n<p><b>Vorbereitung:<\/b><\/p>\n<p>Grundgedanke: Einbindung in den Arbeitsproze\u00df \u00e4ndert sich durch die Erkrankung<\/p>\n<p>Vorstellung des Themas: (Arbeitslosigkeit, Arbeitsunf\u00e4higkeit, Behindertenwerkst\u00e4tte, Vorurteile&#8230;)<\/p>\n<p>Begr\u00fc\u00dfung der Experten<\/p>\n<ul>\n<li>Fr. P. vom PSD<\/li>\n<li>Hr. P., Arbeitskoordinator in den Rheinischen Kliniken<\/li>\n<\/ul>\n<p>Bericht von Betroffenen<\/p>\n<ul>\n<li>Hr. G.<\/li>\n<li>andere Teilnehmerinnen<\/li>\n<\/ul>\n<p>Berichte und Informationen der Experten<\/p>\n<p><b>Pause<\/b><\/p>\n<p>Diskussion und Fragen<\/p>\n<p>Zusammenfassung, m\u00f6gliche Forderungen<\/p>\n<p>anwesendes Fachpersonal: Fr. P. (PSD), Hr. P. (RK)<\/p>\n<p>Moderation: Fr. M., Sozialarbeiterin<\/p>\n<p>Teilnehmerinnen (insg.): etwa 10 Personen<\/p>\n<p>Infos zum Seminar: v. a. \u00fcber pers\u00f6nliche Ansprache<\/p>\n<p>Durchf\u00fchrung:<\/p>\n<p>s. o.<\/p>\n<p><iframe loading=\"lazy\" src=\"https:\/\/www.psychoseseminar.info\/p-seminar\/1998-09.htm\" width=\"350\" height=\"75\" frameborder=\"0\" marginwidth=\"0\" marginheight=\"0\" scrolling=\"no\"><\/iframe><\/p>\n","protected":false},"excerpt":{"rendered":"<p>Psychoseseminar am 16. September 1998 Vorbereitung: Grundgedanke: Einbindung in den Arbeitsproze\u00df \u00e4ndert sich durch die Erkrankung Vorstellung des Themas: (Arbeitslosigkeit, Arbeitsunf\u00e4higkeit, Behindertenwerkst\u00e4tte, Vorurteile&#8230;) Begr\u00fc\u00dfung der Experten Fr. P. vom PSD Hr. P., Arbeitskoordinator in den Rheinischen Kliniken Bericht von Betroffenen Hr. G. andere Teilnehmerinnen Berichte und Informationen der Experten Pause Diskussion und Fragen Zusammenfassung, m\u00f6gliche [&hellip;]<\/p>\n","protected":false},"author":2,"featured_media":0,"parent":14,"menu_order":-14,"comment_status":"closed","ping_status":"closed","template":"","meta":[],"_links":{"self":[{"href":"https:\/\/www.psychose-seminar.de\/index.php?rest_route=\/wp\/v2\/pages\/66"}],"collection":[{"href":"https:\/\/www.psychose-seminar.de\/index.php?rest_route=\/wp\/v2\/pages"}],"about":[{"href":"https:\/\/www.psychose-seminar.de\/index.php?rest_route=\/wp\/v2\/types\/page"}],"author":[{"embeddable":true,"href":"https:\/\/www.psychose-seminar.de\/index.php?rest_route=\/wp\/v2\/users\/2"}],"replies":[{"embeddable":true,"href":"https:\/\/www.psychose-seminar.de\/index.php?rest_route=%2Fwp%2Fv2%2Fcomments&post=66"}],"version-history":[{"count":0,"href":"https:\/\/www.psychose-seminar.de\/index.php?rest_route=\/wp\/v2\/pages\/66\/revisions"}],"up":[{"embeddable":true,"href":"https:\/\/www.psychose-seminar.de\/index.php?rest_route=\/wp\/v2\/pages\/14"}],"wp:attachment":[{"href":"https:\/\/www.psychose-seminar.de\/index.php?rest_route=%2Fwp%2Fv2%2Fmedia&parent=66"}],"curies":[{"name":"wp","href":"https:\/\/api.w.org\/{rel}","templated":true}]}}