{"id":628,"date":"2020-03-14T15:09:34","date_gmt":"2020-03-14T13:09:34","guid":{"rendered":"https:\/\/www.psychose-seminar.info\/?page_id=628"},"modified":"2020-03-14T15:09:34","modified_gmt":"2020-03-14T13:09:34","slug":"was-ist-eine-psychose-welche-unterschiedlichen-erscheinungsformen-gibt-es","status":"publish","type":"page","link":"https:\/\/www.psychose-seminar.de\/?page_id=628","title":{"rendered":"Was ist eine Psychose? Welche unterschiedlichen Erscheinungsformen gibt es?"},"content":{"rendered":"\n<p><strong>Protokoll des Psychoseseminars vom 18.09.19<br><br>Anwesend: ca. 16 Personen, darunter Frau Schulz (Dipl. Psychologin)<br>Moderation: Herr Schmidt, Frau Schulz<br>Protokoll: Frau Els\u00e4sser<br><br>Vorstellung des Psychoseseminars<br><br>Teil 1: Frage wird in den Raum gestellt:<\/strong><br><br>Welche Erscheinungsformen von Psychosen kennen Sie? Wie sehen Ihre Erfahrungen aus?<br><br>Ein Teilnehmer berichtet, der selbst nicht erkrankt ist, dass das Verliebtsein eine Art Psychose ist: Sie ist zum einen zeitlich begrenzt und zum anderen realit\u00e4tsfern sprich man sieht alles durch eine rosarote Brille. Es werden Energien frei, zum Beispiel mit dem Rauchen aufzuh\u00f6ren. Plussymptomatik nennt man, wenn zum normalen Erleben etwas dazukommt wie zum Beispiel:<br>Verkennung der Realit\u00e4t, Halluzinationen, Wahnsysteme. Minussymptomatik bedeutet, dass Eigenschaften wegbrechen, die man vorher hatte wie zum Beispiel, wenn man Antrieb verliert oder apathisch wirkt, was nicht gleichzeitig bedeutet, dass man keine Gef\u00fchle hinter der Fassade hat.<br><br>Eine Betroffene berichtet, dass Sie keinen \u201eFilter\u201c mehr in der Wahrnehmung hatte. Die Erfahrungen und \u00c4ngste, die sie nachher therapeutisch aufgearbeitet hat, haben viel mit ihr selber zu tun. Sie ist seit Jahren symptomfrei und f\u00fchrt das darauf zur\u00fcck, dass sie gut auf sich aufpasst.<br><br>Eine Psychose wird mit einem Traum verglichen, aus dem man nicht richtig wach wird.<br><br>Die klassische Psychose gibt es nicht. Eine Frau berichtet von mangelnder Aufkl\u00e4rung seitens des Neurologen \u00fcber die Wirkung der Antidepressiva. So geschah es, dass sie nach wenigen Wochen zwar Antrieb hatte, aber einen \u201eschlechten\u201c Antrieb, Suizidgedanken, die sehr massiv waren.<br><br>Die Kommunikation zwischen sogenannten Normalen und psychotischen Menschen \u00e4ndert sich: \u201eIch habe den Schl\u00fcssel verloren\u201c Antwort: \u201eIch war fr\u00fcher auch Schl\u00fcsselkind\u201c.<br><br>Frau Schulz berichtet von einer m\u00f6glichen Wirkungsweise von Medikation inder Akutphase einer Schizophrenie, Neuroleptika:<\/p>\n\n\n\n<ol><li>Phase: Minussymptomatik, Antriebsschw\u00e4che, Apathie.<\/li><li>Phase: Antrieb kommt langsam zur\u00fcck.<\/li><li>Phase: Einsicht in die Krankheit<\/li><\/ol>\n\n\n\n<p>Das soll aber nicht hei\u00dfen, dass jeder so reagiert. Eine Genesung kann sehr lange dauern. Mitunter kann die Krankheit chronisch werden. Zum Beispiel wenn der Drogendealer als seri\u00f6s und der Arzt als unseri\u00f6s angesehen wird.<br><br>Das Verh\u00e4ltnis zwischen Arzt und Patient sollte vertrauensvoll sein im Idealfall. Doch wie oft gibt es Menschen, die eine Behandlung mit Medikamenten ablehnen und einige dieser Menschen landen in der Obdachlosigkeit, weil sie in unserem System nicht \u201efunktionieren\u201c.<br><br>Ein Besucher berichtet von einer Mieterin, die vermutlich eine Psychose hat und f\u00fcr Chaos im Mietshaus sorgt mit Ruhest\u00f6rung, zotigen Bemerkungen und Unterstellungen. Was kann man dagegen tun? Ein weiterer Besucher sagt, dass die Polizei und das Ordnungsamt oft \u00fcberfordert sind. Im Ernstfall sollte man die 112 w\u00e4hlen. Ansonsten ist das Gesundheitsamt in D\u00fcren geeignet. Frau Dr. Kraus macht Besuche und spricht mit der Mieterin, ob sie Hilfe anehmen will oder kann. Wichtig w\u00e4re auch ein Protokoll zu f\u00fchren \u00fcber die Vorf\u00e4lle. Falls ein juristischer Weg erforderlich ist. Dieser kann mitunter lange dauern.<br><br>Es ist so, dass man in Deutschland nicht so schnell zwangseingewiesen wird. Es wird stark gepr\u00fcft, ob Eigen- und Fremdgef\u00e4hrdung vorliegt.<br><br>Frau Schulz erz\u00e4hlt, dass jeder Mensch ein unterschiedliches Ma\u00df an Stress ertragen kann. Eine m\u00f6gliche Reaktion auf Stress kann eine Psychose sein.<br><br>Es wird auch von Teilnehmern erz\u00e4hlt, dass genetische Faktoren und kranke Familiensysteme, \u201edie Schizophrene Familie\u201c, eine Erkrankung bef\u00f6rdern kann.<br><br>Kommt eine Psychose schleichend oder pl\u00f6tzlich? Das ist von Fall zu Fall verschieden. Es wird dar\u00fcber disktutiert, wie es gelingen kann, den Stresspegel zu reduzieren.<br><br><strong>Pause<\/strong><br><br>Ankn\u00fcpfen an das Thema Stress:<br>Auch das ist individuell. Der eine macht sich dem \u00c4rger Luft an der Supermarktkasse, der andere kann sich selbst regulieren und beruhigen. Was besser und ges\u00fcnder ist, konnte nicht abschlie\u00dfend gekl\u00e4rt werden.<br><br>Ein Tipp lautet: Nicht allen Stress wegnehmen, sondern auch positiven Stress zulassen wie zum Beispiel Musizieren oder Sport, der zu guten Gef\u00fchlen f\u00fchrt.<br><br>Es hilft auch, wenn den Erkrankten auf Augenh\u00f6he begegnet wird. Dies erfordert jedoch eine starke Pers\u00f6nlichkeit des Behandlers, damit es nicht zu Distanzlosigkeit ausartet und auch der Gesundheit des Therapeuten schadet. Am besten w\u00e4re es nach Meinung eines Therapeuten, wenn der Betroffene die Behandlung fast nicht merkt.<br><br>Erziehen sollte man Kinder und nicht Erwachsene.<br><br>Man kann lernen, was einem gut tut zu tun und das andere zu unterlassen.<br><br>Der Begriff: \u201eToxische Themen\u201c wurde gebraucht. Das sind angstbesetzte Themen, die einem Krankheitsausbruch f\u00f6rderlich sind. Zum Beispiel Verschw\u00f6rungstheorien.<br><br>Im Gegensatz dazu k\u00f6nnen \u201eTrigger\u201c, die eine Krankheit ausl\u00f6sen simple Ger\u00fcche, Ger\u00e4usche oder Anspielungen sein.<br><br>In der heutigen Gesellschaft ist es immer wichtiger, die Quellen der Journalisten zu pr\u00fcfen, da die Qualit\u00e4t der Information immer weiter abnimmt. Besonders, was das Internet betrifft.<br><br>Derjenige Mensch, der gef\u00e4hrdet ist, an einer Psychose zu erkranken, sollte gesunde Themen suchen, Sport treiben und \u201enormale\u201c Leute aufsuchen.<br><br>In Anbetracht der Zeit, wurde die Diskussion hier beendet.<br><br>Ein Steinengel wird in die Runde gegeben mit der Frage:<br>Wie hat Ihnen die Veranstaltung gefallen? Was nehmen Sie mit? Was lassen Sie hier?<\/p>\n","protected":false},"excerpt":{"rendered":"<p>Protokoll des Psychoseseminars vom 18.09.19 Anwesend: ca. 16 Personen, darunter Frau Schulz (Dipl. Psychologin)Moderation: Herr Schmidt, Frau SchulzProtokoll: Frau Els\u00e4sser Vorstellung des Psychoseseminars Teil 1: Frage wird in den Raum gestellt: Welche Erscheinungsformen von Psychosen kennen Sie? Wie sehen Ihre Erfahrungen aus? Ein Teilnehmer berichtet, der selbst nicht erkrankt ist, dass das Verliebtsein eine Art [&hellip;]<\/p>\n","protected":false},"author":2,"featured_media":0,"parent":14,"menu_order":-171,"comment_status":"closed","ping_status":"closed","template":"","meta":[],"_links":{"self":[{"href":"https:\/\/www.psychose-seminar.de\/index.php?rest_route=\/wp\/v2\/pages\/628"}],"collection":[{"href":"https:\/\/www.psychose-seminar.de\/index.php?rest_route=\/wp\/v2\/pages"}],"about":[{"href":"https:\/\/www.psychose-seminar.de\/index.php?rest_route=\/wp\/v2\/types\/page"}],"author":[{"embeddable":true,"href":"https:\/\/www.psychose-seminar.de\/index.php?rest_route=\/wp\/v2\/users\/2"}],"replies":[{"embeddable":true,"href":"https:\/\/www.psychose-seminar.de\/index.php?rest_route=%2Fwp%2Fv2%2Fcomments&post=628"}],"version-history":[{"count":0,"href":"https:\/\/www.psychose-seminar.de\/index.php?rest_route=\/wp\/v2\/pages\/628\/revisions"}],"up":[{"embeddable":true,"href":"https:\/\/www.psychose-seminar.de\/index.php?rest_route=\/wp\/v2\/pages\/14"}],"wp:attachment":[{"href":"https:\/\/www.psychose-seminar.de\/index.php?rest_route=%2Fwp%2Fv2%2Fmedia&parent=628"}],"curies":[{"name":"wp","href":"https:\/\/api.w.org\/{rel}","templated":true}]}}