{"id":62,"date":"1998-05-20T23:32:16","date_gmt":"1998-05-20T21:32:16","guid":{"rendered":"https:\/\/psychose-seminar.info\/?page_id=62"},"modified":"1998-05-20T23:32:16","modified_gmt":"1998-05-20T21:32:16","slug":"angehoerige-zerrieben-zwischen-betroffenen-und-fachmeinungen","status":"publish","type":"page","link":"https:\/\/www.psychose-seminar.de\/?page_id=62","title":{"rendered":"Angeh\u00f6rige &#8211; zerrieben zwischen Betroffenen und Fachmeinungen"},"content":{"rendered":"<p><b>Psychoseseminar am 20. Mai 1998<\/b><\/p>\n<p>Vorbereitung:<\/p>\n<p>Vor Beginn der Veranstaltung an die Wand h\u00e4ngen:<\/p>\n<p>\u2014&gt; gemaltes Bild von Fr. S., das die unterschiedlichen Einfl\u00fcsse und Erwartungen auf\/an die Angeh\u00f6rigen darstellt<\/p>\n<p>\u2014&gt; unterschiedlich farbige Kartons mit Stichpunkten zum Thema:<\/p>\n<ul>\n<li>Anspr\u00fcche und Erwartungen der Betroffenen<\/li>\n<li>Verwirrung<\/li>\n<li>verschiedene Diagnosen<\/li>\n<li>Hoffnungslosigkeit<\/li>\n<li>Anspr\u00fcche und Erwartungen der \u00c4rzte\/innen<\/li>\n<li>K\u00e4lte beim Pflegepersonal<\/li>\n<li>herk\u00f6mmliche und alternative Behandlungsans\u00e4tze<\/li>\n<li>kein Vertrauen in die Fachmeinungen<\/li>\n<li>Sorge um Kinder<\/li>\n<li>Ratlosigkeit<\/li>\n<\/ul>\n<p>-&gt; Anregung zum Gespr\u00e4ch<\/p>\n<p><b>Pause<\/b><\/p>\n<p>Sammeln von konkreten Anregungen und W\u00fcnschen<\/p>\n<p>Moderation: Fr. S., Angeh\u00f6rige<\/p>\n<p>Ziel: Gespr\u00e4ch zum Thema, Verbesserungsvorschl\u00e4ge finden<\/p>\n<p><b>Durchf\u00fchrung:<\/b><\/p>\n<p>anwesendes \u00e4rztl. Fachpersonal: Dr.A. (RK D\u00fcren)<\/p>\n<p>Teilnehmerinnen (insg.): ca. 20 Personen<\/p>\n<p>Infos zum Seminar \u00fcber:<\/p>\n<p>Vorgehensweise s. o.<\/p>\n<p>plus Erg\u00e4nzungen:<\/p>\n<ul>\n<li>Schuldzuweisung<\/li>\n<li>Versagens\u00e4ngste<\/li>\n<li>Bedrohung durch den Erkrankten<\/li>\n<\/ul>\n<p>W\u00fcnsche:<\/p>\n<ul>\n<li>Hausbesuche in Akutf\u00e4llen (Notdienst f\u00fcr Psychiatrie)<\/li>\n<\/ul>\n<p>Unterst\u00fctzung f\u00fcr Angeh\u00f6rige:<\/p>\n<ul>\n<li>Angeh\u00f6rigengruppe in der Klinik<\/li>\n<li>\u00c4rzte<\/li>\n<li>Psychoseseminar<\/li>\n<li>Gesundheitsamt<\/li>\n<li>Psychologen<\/li>\n<li>Die Kette<\/li>\n<li>Kontakt- und Beratungsstellen<\/li>\n<li>Fachliteratur<\/li>\n<li>Ambulanter Dienst<\/li>\n<li>Betreuungsstellen<\/li>\n<li>Notarzt<\/li>\n<\/ul>\n<p><iframe loading=\"lazy\" src=\"https:\/\/www.psychoseseminar.info\/p-seminar\/1998-05.htm\" width=\"350\" height=\"75\" frameborder=\"0\" marginwidth=\"0\" marginheight=\"0\" scrolling=\"no\"><\/iframe><\/p>\n","protected":false},"excerpt":{"rendered":"<p>Psychoseseminar am 20. Mai 1998 Vorbereitung: Vor Beginn der Veranstaltung an die Wand h\u00e4ngen: \u2014&gt; gemaltes Bild von Fr. S., das die unterschiedlichen Einfl\u00fcsse und Erwartungen auf\/an die Angeh\u00f6rigen darstellt \u2014&gt; unterschiedlich farbige Kartons mit Stichpunkten zum Thema: Anspr\u00fcche und Erwartungen der Betroffenen Verwirrung verschiedene Diagnosen Hoffnungslosigkeit Anspr\u00fcche und Erwartungen der \u00c4rzte\/innen K\u00e4lte beim Pflegepersonal [&hellip;]<\/p>\n","protected":false},"author":2,"featured_media":0,"parent":14,"menu_order":-12,"comment_status":"closed","ping_status":"closed","template":"","meta":[],"_links":{"self":[{"href":"https:\/\/www.psychose-seminar.de\/index.php?rest_route=\/wp\/v2\/pages\/62"}],"collection":[{"href":"https:\/\/www.psychose-seminar.de\/index.php?rest_route=\/wp\/v2\/pages"}],"about":[{"href":"https:\/\/www.psychose-seminar.de\/index.php?rest_route=\/wp\/v2\/types\/page"}],"author":[{"embeddable":true,"href":"https:\/\/www.psychose-seminar.de\/index.php?rest_route=\/wp\/v2\/users\/2"}],"replies":[{"embeddable":true,"href":"https:\/\/www.psychose-seminar.de\/index.php?rest_route=%2Fwp%2Fv2%2Fcomments&post=62"}],"version-history":[{"count":0,"href":"https:\/\/www.psychose-seminar.de\/index.php?rest_route=\/wp\/v2\/pages\/62\/revisions"}],"up":[{"embeddable":true,"href":"https:\/\/www.psychose-seminar.de\/index.php?rest_route=\/wp\/v2\/pages\/14"}],"wp:attachment":[{"href":"https:\/\/www.psychose-seminar.de\/index.php?rest_route=%2Fwp%2Fv2%2Fmedia&parent=62"}],"curies":[{"name":"wp","href":"https:\/\/api.w.org\/{rel}","templated":true}]}}