{"id":585,"date":"2019-03-26T14:22:19","date_gmt":"2019-03-26T12:22:19","guid":{"rendered":"https:\/\/www.psychose-seminar.info\/?page_id=585"},"modified":"2019-03-26T14:22:19","modified_gmt":"2019-03-26T12:22:19","slug":"psychose-und-ihre-behandlungsmoeglichkeiten","status":"publish","type":"page","link":"https:\/\/www.psychose-seminar.de\/?page_id=585","title":{"rendered":"Psychose und ihre Behandlungsm\u00f6glichkeiten"},"content":{"rendered":"\n<p><strong>Anwesend: 8 Leute<\/strong><br><strong><br>Moderation: Herr Schmidt, Frau Sieburg<\/strong><br><strong><br>Stichwortprotokoll: Frau Els\u00e4sser<\/strong><br><strong><br>Erster Teil: Frage in die Runde: Was sind die Symptome einer Psychose?<\/strong><br><br>Wahrnehmung ist anders als die der anderen Mitmenschen.<br><br>Andere Gedankenwelt, abgekapselt sein.<br><br>Wahnvorstellungen<br><br>Niemand kann das individuelle Empfinden einem ausreden.<br><br>Frage eines Teilnehmers: Gibt es eine Anlaufstelle in der Krise? Die Kette,<br>Ambulanz, \u201ePaten\u201c bzw. Vertrauenspersonen im Umfeld.<br><br>Wichtig ist es, auf Fr\u00fchwarnsymptome zu achten.<br><br>Symptome kommen manchmal schleichend.<br><br>Sich hineinsteigern in ein Thema.<br><br>Logik versagt, kann keine Widerworte vertragen.<br><br>Der eine rastet aus, der andere ist still.<br><br>Stress, Gereiztheit<br><br>In der Klinik ist es schwer, Vertrauen aufzubauen, weil \u00c4rzte wenig Zeit haben.<br><br><strong>Was hat Ihnen geholfen?<\/strong><br><br>Krankheitseinsicht, Ehrlichkeit, Kommunikation, Medikamente,<br>Verhaltenstherapie, Sport, Lesen, Sprachkurse, Betreutes Wohnen, den Alltag meistern.<br><br>Eine Teilnehmerin berichtet, dass es h\u00e4ufig vorkommt, nach der Psychose in eine Depression zu fallen. Das kann mit Neuroleptika und Antidepressiva (nicht zu niedrig dosiert) rechtzeitig verhindert werden. Es sollte nicht als<br> naturgegeben hingenommen werden.<br><br><strong>Pause<\/strong><br><br> <strong>Formen der Behandlung:<\/strong><br><br> <strong>Soteria<\/strong> (freiere Station, andere Behandlung, mehr Absprachen, aber diese<br> m\u00fcssen auch eingehalten werden).<br><br> <strong>Psychoedukation<\/strong>: Aufkl\u00e4rung \u00fcber die Erkrankung<br><br> <strong>Alternative Therapien<\/strong>: Akupunktur und Aromatherapie. Diese bilden eine Erg\u00e4nzung zu konservativen Methoden. Bei Wunderheilern geht es den meisten Menschen schlechter. Die klassische Hom\u00f6opathie kann helfen, wegen der langen Anamnese. Damit Vertrauensbasis.<br> <br>Vor etwa 30 Jahren war die Dosierung zu hoch.<br> <br>Alle Medikamente haben Risiken.<br> <br>Bei chronischer Erkrankung keine Heilung, nur Linderung.<br> <br><strong>Was ist das Ziel von Behandlung:<\/strong><br> <br>Benehmen, Funktionieren.<br> <br>Leidensdruck mindern.<br> <br>Schmerzfreiheit von k\u00f6rperlichen und seelischen Schmerzen.<br> <br>Heilung ist ein zu gro\u00dfes Wort.<br> <br>Linderung.<br> <br>Kontrolle \u00fcber sein Leben haben.<br><br> Lebensqualit\u00e4t.<br> <br>Entscheidungen bewusst treffen k\u00f6nnen<br> <br>W\u00fcnsche und Vorstellungen von Arzt und Patient k\u00f6nnen auseinanderklaffen.<br> <br>Es ist eine Gratwanderung zwischen W\u00fcnschen und Machbarkeit. Zum Beispiel<br> <br>Cannabiskonsum und Behandlung einer Psychose mit konservativer Medizin gehen nicht zusammen. Das hat die Erfahrung und Wissenschaft bewiesen.<br> <br><strong>Abschlussrunde<\/strong>: Ein Stein wird herumgereicht mit der Frage: \u201eWas hat Ihnen diese Veranstaltung gebracht? Was nehmen sie mit? Was lassen Sie hier.<\/p>\n","protected":false},"excerpt":{"rendered":"<p>Anwesend: 8 LeuteModeration: Herr Schmidt, Frau SieburgStichwortprotokoll: Frau Els\u00e4sserErster Teil: Frage in die Runde: Was sind die Symptome einer Psychose? Wahrnehmung ist anders als die der anderen Mitmenschen. Andere Gedankenwelt, abgekapselt sein. Wahnvorstellungen Niemand kann das individuelle Empfinden einem ausreden. Frage eines Teilnehmers: Gibt es eine Anlaufstelle in der Krise? Die Kette,Ambulanz, \u201ePaten\u201c bzw. Vertrauenspersonen [&hellip;]<\/p>\n","protected":false},"author":2,"featured_media":0,"parent":14,"menu_order":-164,"comment_status":"closed","ping_status":"closed","template":"","meta":[],"_links":{"self":[{"href":"https:\/\/www.psychose-seminar.de\/index.php?rest_route=\/wp\/v2\/pages\/585"}],"collection":[{"href":"https:\/\/www.psychose-seminar.de\/index.php?rest_route=\/wp\/v2\/pages"}],"about":[{"href":"https:\/\/www.psychose-seminar.de\/index.php?rest_route=\/wp\/v2\/types\/page"}],"author":[{"embeddable":true,"href":"https:\/\/www.psychose-seminar.de\/index.php?rest_route=\/wp\/v2\/users\/2"}],"replies":[{"embeddable":true,"href":"https:\/\/www.psychose-seminar.de\/index.php?rest_route=%2Fwp%2Fv2%2Fcomments&post=585"}],"version-history":[{"count":0,"href":"https:\/\/www.psychose-seminar.de\/index.php?rest_route=\/wp\/v2\/pages\/585\/revisions"}],"up":[{"embeddable":true,"href":"https:\/\/www.psychose-seminar.de\/index.php?rest_route=\/wp\/v2\/pages\/14"}],"wp:attachment":[{"href":"https:\/\/www.psychose-seminar.de\/index.php?rest_route=%2Fwp%2Fv2%2Fmedia&parent=585"}],"curies":[{"name":"wp","href":"https:\/\/api.w.org\/{rel}","templated":true}]}}