{"id":562,"date":"2018-08-08T06:43:58","date_gmt":"2018-08-08T04:43:58","guid":{"rendered":"https:\/\/www.psychose-seminar.info\/?page_id=562"},"modified":"2018-08-08T06:43:58","modified_gmt":"2018-08-08T04:43:58","slug":"psychoedukation-wem-hilft-das-wissen-ueber-psychosen","status":"publish","type":"page","link":"https:\/\/www.psychose-seminar.de\/?page_id=562","title":{"rendered":"Psychoedukation &#8211; Wem hilft das Wissen \u00fcber Psychosen?"},"content":{"rendered":"<p class=\"western\">16.5.2018<\/p>\n<p class=\"western\"><strong>Psychoedukation &#8211; Wem hilft das Wissen \u00fcber Psychosen?<\/strong><\/p>\n<p class=\"western\"><strong>Erfahrungen aus der Gruppe zum Thema Psychoedukation:<\/strong><\/p>\n<ul>\n<li>Psychoseseminar (Bei einem neuen Schub hat das Wissen \u00fcber Fr\u00fchwarnsymptome geholfen. Es hat geholfen bei sich hinzuschauen und das Verhalten zu \u00e4ndern.)<\/li>\n<li>Aufkl\u00e4rung \u00fcber Medikamente<\/li>\n<li>Wissen \u00fcber die Erkrankung (Es wird umgangssprachlich vermittelt.)<\/li>\n<li>Wissen \u00fcber Vorsorge, um Krisen zu vermeiden<\/li>\n<li>Selbsthilfe (Sich durch andere wahrnehmen und nach und nach besser erkennen.)<\/li>\n<li>Besseres Verst\u00e4ndnis der Krankheit (Symptome allgemein und Besonderheiten bei einem selbst erkennen.)<br \/>\n(Bei einem Wahn wird es nicht mehr vermieden das Thema zu besprechen. Man kann sich dadurch weiter entwickeln.)<br \/>\n(Auseinandersetzung mit mir und mit der Krankheit. Die Krankheit annehmen. Mit dem Leben zurechtkommen. Hier hilft auch Laienwissen.)<\/li>\n<li>Selbsthilfegruppe f\u00fcr Betroffene<\/li>\n<li>Selbsthilfegruppe f\u00fcr Angeh\u00f6rige (Angeh\u00f6rige f\u00fchlen sich nicht so alleine gelassen. \u201eReden tut gut.\u201c Alle haben das gleiche Problem und nehmen sich Zeit daf\u00fcr. Es ist mehr Zeit als beim Arzt.)<br \/>\n(Beim Arzt wurden Angeh\u00f6rige fr\u00fcher als st\u00f6rend empfunden. Das ist heute besser, auch durch Psychoedukation.)<\/li>\n<li>Wissen \u00fcber Wechselwirkung der Erkrankung mit dem Lebensumfeld und den Menschen<\/li>\n<li>Gespr\u00e4che mit \u00c4rzten, Therapeuten, Anlaufstellen<\/li>\n<\/ul>\n<p class=\"western\"><strong>Welche Empfehlung w\u00fcrden Sie f\u00fcr Psychoedukation aussprechen?<\/strong><\/p>\n<ul>\n<li>Alle drei Gruppen des Trialogs sollen zusammenwirken und das Gesellschaftliche soll einbezogen werden.<\/li>\n<li>Der Quelle der Information sollte man vertrauen k\u00f6nnen (z. B. Internetseiten, Medienkompetenz erlangen)<\/li>\n<li>lernen auszuw\u00e4hlen, was f\u00fcr einen selbst passt.<\/li>\n<li>gesch\u00fctzten Raum daf\u00fcr schaffen<\/li>\n<li>Lebenszeit daf\u00fcr einplanen<\/li>\n<li>Austausch mit dem sozialen Umfeld (Au\u00dfenreflektion)<\/li>\n<li>Lernen, schnell auf Fr\u00fchwarnsymptome zu reagieren<\/li>\n<\/ul>\n<p class=\"western\"><strong>Wem n\u00fctzt Psychoedukation?<\/strong><\/p>\n<ul>\n<li>Betroffenen, Angeh\u00f6rigen, Profis, Hilfspersonen und der Gesellschaft<\/li>\n<li>Es geht allen besser durch Aufkl\u00e4rung.<\/li>\n<li>Der Trialog ist auch in der Schule sinnvoll. (Projekt: \u201eVerr\u00fcckt? Na und!\u201c Hier findet ein Trialog in den Schulen statt.<\/li>\n<li>Es ist ein Weg der kleinen Schritte.<\/li>\n<li>Empathie wird gest\u00e4rkt, weil dar\u00fcber gesprochen wird, wie der andere sich f\u00fchlt. (Die Gesellschaft ist wenig empathisch. Anonymit\u00e4t.)<\/li>\n<li>Sie findet statt in einem gesch\u00fctzten Raum.<\/li>\n<li>Chronifizierung kann manchmal verhindert werden.<\/li>\n<\/ul>\n","protected":false},"excerpt":{"rendered":"<p>16.5.2018 Psychoedukation &#8211; Wem hilft das Wissen \u00fcber Psychosen? Erfahrungen aus der Gruppe zum Thema Psychoedukation: Psychoseseminar (Bei einem neuen Schub hat das Wissen \u00fcber Fr\u00fchwarnsymptome geholfen. Es hat geholfen bei sich hinzuschauen und das Verhalten zu \u00e4ndern.) Aufkl\u00e4rung \u00fcber Medikamente Wissen \u00fcber die Erkrankung (Es wird umgangssprachlich vermittelt.) Wissen \u00fcber Vorsorge, um Krisen zu [&hellip;]<\/p>\n","protected":false},"author":2,"featured_media":0,"parent":14,"menu_order":-162,"comment_status":"closed","ping_status":"closed","template":"","meta":[],"_links":{"self":[{"href":"https:\/\/www.psychose-seminar.de\/index.php?rest_route=\/wp\/v2\/pages\/562"}],"collection":[{"href":"https:\/\/www.psychose-seminar.de\/index.php?rest_route=\/wp\/v2\/pages"}],"about":[{"href":"https:\/\/www.psychose-seminar.de\/index.php?rest_route=\/wp\/v2\/types\/page"}],"author":[{"embeddable":true,"href":"https:\/\/www.psychose-seminar.de\/index.php?rest_route=\/wp\/v2\/users\/2"}],"replies":[{"embeddable":true,"href":"https:\/\/www.psychose-seminar.de\/index.php?rest_route=%2Fwp%2Fv2%2Fcomments&post=562"}],"version-history":[{"count":0,"href":"https:\/\/www.psychose-seminar.de\/index.php?rest_route=\/wp\/v2\/pages\/562\/revisions"}],"up":[{"embeddable":true,"href":"https:\/\/www.psychose-seminar.de\/index.php?rest_route=\/wp\/v2\/pages\/14"}],"wp:attachment":[{"href":"https:\/\/www.psychose-seminar.de\/index.php?rest_route=%2Fwp%2Fv2%2Fmedia&parent=562"}],"curies":[{"name":"wp","href":"https:\/\/api.w.org\/{rel}","templated":true}]}}