{"id":52,"date":"1995-09-01T23:05:56","date_gmt":"1995-09-01T21:05:56","guid":{"rendered":"https:\/\/psychose-seminar.info\/?page_id=52"},"modified":"1995-09-01T23:05:56","modified_gmt":"1995-09-01T21:05:56","slug":"die-weiteren-vorhaben","status":"publish","type":"page","link":"https:\/\/www.psychose-seminar.de\/?page_id=52","title":{"rendered":"DIE WEITEREN VORHABEN"},"content":{"rendered":"<p>Ab September 1995 wird das Psychose &#8211; Seminar D\u00fcren mit dem Schwerpunkt weitergef\u00fchrt, dem Erfahrungsaustausch und der Verst\u00e4ndigung zwischen den Gruppen, die als Erfahrene, Angeh\u00f6rige und professionell T\u00e4tige von Psychose betroffen sind, zu dienen. Zugleich m\u00f6chte sich das Seminar mit einzelnen Vorhaben st\u00e4rker nach au\u00dfen wenden. Zu diesem Zweck wird im Oktober 1995 ein Pressegespr\u00e4ch stattfinden, in der das Seminar die bisherige Arbeit und die weiteren Vorhaben vorstellt. Zudem soll diese Dokumentation der interessierten \u00d6ffentlichkeit bekannt gemacht werden. Dabei ist das Psychose &#8211; Seminar D\u00fcren an Kontakten mit anderen Psychose &#8211; Seminaren oder \u00e4hnlichen Vorhaben \u00fcber ihre Erfahrungen und Wirkungen f\u00fcr die Beteiligten, aber auch in der \u00d6ffentlichkeit interessiert.<\/p>\n<p>Um st\u00e4rker nach au\u00dfen zu wirken und damit zugleich dem Seminar neue Anregungen zu vermitteln, ist beabsichtigt, Vertreter oder Vertreterinnen der psychosozialen Dienste in der Region zu Gespr\u00e4chen in das Psychose &#8211; Seminar einzuladen. Au\u00dferdem soll versucht werden, den Kontakt und die Zusammenarbeit mit dem Landeskrankenhaus in D\u00fcren zu verst\u00e4rken. Dazu soll ein Gespr\u00e4ch mit dem leitenden Arzt, Herrn Dr. Knauer, beitragen. Zudem soll angeregt werden, das Psychose &#8211; Seminar in einem Fortbildungsangebot der Klinik zu ber\u00fccksichtigen. Die \u00d6ffentlichkeit k\u00f6nnte zudem durch eine Autorenlesung angesprochen werden, zu der -in Zusammenarbeit mit der \u00d6ffentlichen Bibliothek oder einer Buchhandlung- ein Autor oder eine Auttorin aus einem Buch \u00fcber eigene Psychoseerfahrungen vorliest.<\/p>\n<p>Als weitere thematische Schwerpunkte, denen sich das Seminar in der n\u00e4chsten Zeit zuwenden m\u00f6chte, sind vorgeschlagen:<\/p>\n<ul>\n<li>Ambulante Dienste<\/li>\n<li>Betreuung und Beratung von Psychoseerfahrenen und Arbeitgebern oder Arbeitgeberinnen an der Arbeitsstelle<\/li>\n<li>Erfahrung und Betroffenheit von Au\u00dfenstehenden (Erwachsenen, Kindern, Verwandten, Freunden oder Freundinnen), wenn eine Person in ihrem Umfeld eine Psychose erf\u00e4hrt &#8211; Wirkung der Psychose auf das soziale Umfeld dessen, der eine Psychose erlebt<\/li>\n<\/ul>\n<p>D\u00fcren, September 1995<\/p>\n<p><iframe loading=\"lazy\" src=\"https:\/\/www.psychoseseminar.info\/p-seminar\/1995-09.htm\" width=\"350\" height=\"75\" frameborder=\"0\" marginwidth=\"0\" marginheight=\"0\" scrolling=\"no\"><\/iframe><\/p>\n","protected":false},"excerpt":{"rendered":"<p>Ab September 1995 wird das Psychose &#8211; Seminar D\u00fcren mit dem Schwerpunkt weitergef\u00fchrt, dem Erfahrungsaustausch und der Verst\u00e4ndigung zwischen den Gruppen, die als Erfahrene, Angeh\u00f6rige und professionell T\u00e4tige von Psychose betroffen sind, zu dienen. Zugleich m\u00f6chte sich das Seminar mit einzelnen Vorhaben st\u00e4rker nach au\u00dfen wenden. Zu diesem Zweck wird im Oktober 1995 ein Pressegespr\u00e4ch [&hellip;]<\/p>\n","protected":false},"author":2,"featured_media":0,"parent":14,"menu_order":-8,"comment_status":"closed","ping_status":"closed","template":"","meta":[],"_links":{"self":[{"href":"https:\/\/www.psychose-seminar.de\/index.php?rest_route=\/wp\/v2\/pages\/52"}],"collection":[{"href":"https:\/\/www.psychose-seminar.de\/index.php?rest_route=\/wp\/v2\/pages"}],"about":[{"href":"https:\/\/www.psychose-seminar.de\/index.php?rest_route=\/wp\/v2\/types\/page"}],"author":[{"embeddable":true,"href":"https:\/\/www.psychose-seminar.de\/index.php?rest_route=\/wp\/v2\/users\/2"}],"replies":[{"embeddable":true,"href":"https:\/\/www.psychose-seminar.de\/index.php?rest_route=%2Fwp%2Fv2%2Fcomments&post=52"}],"version-history":[{"count":0,"href":"https:\/\/www.psychose-seminar.de\/index.php?rest_route=\/wp\/v2\/pages\/52\/revisions"}],"up":[{"embeddable":true,"href":"https:\/\/www.psychose-seminar.de\/index.php?rest_route=\/wp\/v2\/pages\/14"}],"wp:attachment":[{"href":"https:\/\/www.psychose-seminar.de\/index.php?rest_route=%2Fwp%2Fv2%2Fmedia&parent=52"}],"curies":[{"name":"wp","href":"https:\/\/api.w.org\/{rel}","templated":true}]}}