{"id":345,"date":"2016-04-20T17:45:28","date_gmt":"2016-04-20T15:45:28","guid":{"rendered":"https:\/\/psychose-seminar.info\/?page_id=345"},"modified":"2016-04-20T17:45:28","modified_gmt":"2016-04-20T15:45:28","slug":"medikamente-nehmen-oder-nicht-nehmen","status":"publish","type":"page","link":"https:\/\/www.psychose-seminar.de\/?page_id=345","title":{"rendered":"Medikamente nehmen oder nicht nehmen?"},"content":{"rendered":"<p><strong>Protokoll des Psychoseseminars vom 20. April 2016 von 19.00 \u2013 21:15 Uhr<\/strong><\/p>\n<p>Moderation und Protokoll: Frau Dangel<\/p>\n<p><strong>Ablauf:<\/strong><\/p>\n<p>Begr\u00fc\u00dfung des Auditoriums und der anwesenden G\u00e4ste Frau Dangel<\/p>\n<p>Vorstellung des Psychoseseminars Herr Schmidt<\/p>\n<p>Ablauf des Seminars mit Pausen und Getr\u00e4nken und Protokoll erkl\u00e4ren Frau Dangel<\/p>\n<div class=\"level2\">\n<p><strong>Einstieg &#8211; Frau Dangel:<\/strong> Wir m\u00f6chten heute mit den Frage beginnen: Welche Erfahrung haben Sie mit der Einnahme oder Nichteinnahme von Medikamenten gemacht? Wie haben hier zwei Bl\u00e4tter vorbereitet, mit den \u00dcberschriften:<\/p>\n<ul>\n<li class=\"level1\">\n<div class=\"li\">Medikamente nehmen<\/div>\n<\/li>\n<li class=\"level1\">\n<div class=\"li\">Medikamente nicht nehmen<\/div>\n<\/li>\n<\/ul>\n<p>Sie erhalten nun Zettel (gelb f\u00fcr JA und gr\u00fcn f\u00fcr NEIN) und k\u00f6nnen Ihre Erfahrung notieren (pro Erfahrung ein Zettel).<\/p>\n<p>Anschlie\u00dfend kann jede \/ r, wer m\u00f6chte, \u00fcber seine Erfahrungen berichten und die Zettel zuordnen.<\/p>\n<p><strong>Es werden folgende Nennungen aufgeschrieben:<\/strong><\/p>\n<p><em>Medikamente nicht nehmen:<\/em><\/p>\n<ul>\n<li class=\"level1\">\n<div class=\"li\">Sensibilisierung<\/div>\n<\/li>\n<li class=\"level1\">\n<div class=\"li\">R\u00fcckfall<\/div>\n<\/li>\n<li class=\"level1\">\n<div class=\"li\">Gef\u00fchl von Selbstbestimmung<\/div>\n<\/li>\n<li class=\"level1\">\n<div class=\"li\">Hat manchmal schlimme Einbr\u00fcche zur Folge<\/div>\n<\/li>\n<li class=\"level1\">\n<div class=\"li\">Wird in der Klinik nicht gerne gesehen<\/div>\n<\/li>\n<li class=\"level1\">\n<div class=\"li\">Nebenwirkungen vermeiden<\/div>\n<\/li>\n<li class=\"level1\">\n<div class=\"li\">Chronifizierung, Nebenwirkung, R\u00fcckfall<\/div>\n<\/li>\n<li class=\"level1\">\n<div class=\"li\">Gef\u00fchlsschwankung<\/div>\n<\/li>\n<li class=\"level1\">\n<div class=\"li\">Zu viel ist nicht gut<\/div>\n<\/li>\n<li class=\"level1\">\n<div class=\"li\">Ver\u00e4nderung der Pers\u00f6nlichkeit<\/div>\n<\/li>\n<li class=\"level1\">\n<div class=\"li\">Dosierung muss stimmen<\/div>\n<\/li>\n<\/ul>\n<p><em>Medikamente nehmen:<\/em><\/p>\n<ul>\n<li class=\"level1\">\n<div class=\"li\">Antriebssteigerung<\/div>\n<\/li>\n<li class=\"level1\">\n<div class=\"li\">Schlaf- und Angstst\u00f6rungen durch Medikamente<\/div>\n<\/li>\n<li class=\"level1\">\n<div class=\"li\">Nebenwirkungen<\/div>\n<\/li>\n<li class=\"level1\">\n<div class=\"li\">Hei\u00dfhungerattacken<\/div>\n<\/li>\n<li class=\"level1\">\n<div class=\"li\">Abh\u00e4ngigkeit \/ Gew\u00f6hnung<\/div>\n<\/li>\n<li class=\"level1\">\n<div class=\"li\">Sicherheit<\/div>\n<\/li>\n<li class=\"level1\">\n<div class=\"li\">Ticks<\/div>\n<\/li>\n<li class=\"level1\">\n<div class=\"li\">Gef\u00fchlsverflachung<\/div>\n<\/li>\n<li class=\"level1\">\n<div class=\"li\">Ich habe Vertrauen in meinem Arzt und nehme meine Medikamente<\/div>\n<\/li>\n<li class=\"level1\">\n<div class=\"li\">Medikamente k\u00f6nnen ein normales Leben erm\u00f6glichen, wenn sie gut eingestellt sind<\/div>\n<\/li>\n<li class=\"level1\">\n<div class=\"li\">Wie lange?<\/div>\n<\/li>\n<li class=\"level1\">\n<div class=\"li\">Gute Unterst\u00fctzung bei Depression und Psychosen<\/div>\n<\/li>\n<li class=\"level1\">\n<div class=\"li\">Neuroleptika helfen, aus dem Schub herauszukommen<\/div>\n<\/li>\n<li class=\"level1\">\n<div class=\"li\">Weniger Stress mit Sch\u00fcbe<\/div>\n<\/li>\n<li class=\"level1\">\n<div class=\"li\">Stabilit\u00e4t, Ich, Funktionieren<\/div>\n<\/li>\n<li class=\"level1\">\n<div class=\"li\">Bedeutet, mit den Nebenwirkungen klar zu kommen<\/div>\n<\/li>\n<li class=\"level1\">\n<div class=\"li\">Beschwerdefrei zu sein<\/div>\n<\/li>\n<li class=\"level1\">\n<div class=\"li\">\u00dcber l\u00e4ngere Zeit stabil zu sein<\/div>\n<\/li>\n<li class=\"level1\">\n<div class=\"li\">Akute Angst schwindet \/ diffuse Ohnmacht \/ Autonomieverlust bleibt<\/div>\n<\/li>\n<\/ul>\n<p><strong>Es werden folgende Erfahrungen beschrieben:<\/strong><\/p>\n<ul>\n<li class=\"level1\">\n<div class=\"li\">Durch die Mirtrazapin h\u00f6re ich oft den Wecker nicht, habe mehr Hunger und muss dadurch \u00f6fter auf die Toilette. Wenn die Kinder bei mir schlafen, habe ich Angst, sie in der Nacht nicht zu h\u00f6ren. Daher lasse ich dann eine Abendeinnahme aus.<\/div>\n<\/li>\n<li class=\"level1\">\n<div class=\"li\">Die Nebenwirkungen fr\u00fcher waren deutlich st\u00e4rker als heute.<\/div>\n<\/li>\n<li class=\"level1\">\n<div class=\"li\">Mitrazipin hilft mir, mich besser zu f\u00fchlen, mich besser zu konzentrieren und mir besser Sachen zu merken. Daher nehme ich es, weil es mir hilft. Das betrifft auch andere Medikamente wie Schmerzmittel.<\/div>\n<\/li>\n<li class=\"level1\">\n<div class=\"li\">Mit 18 Jahren hatte ich eine suizidale Reifekrise. 2002 war mein letzer Schub. Ich hatte die Medikation erbrochen und nach 24 Stunden kam die Psychose. Ich musste nicht lange in der Klinik bleiben, weil ich sofort auf mein Umfeld h\u00f6rte und in die Klinik ging. 2006 ging ich erneut in die Klinik. Es gab eine neue Dosierung. Die funktioniert sehr gut. Wichtig ist, die Symptome zu erkennen.<\/div>\n<\/li>\n<li class=\"level1\">\n<div class=\"li\">Nebenwirkungen m\u00fcssen offen besprochen und dem Arzt mitgeteilt werden.<\/div>\n<\/li>\n<li class=\"level1\">\n<div class=\"li\">Ich wurde von der Polizei aufgegriffen, bekam in der Aktuphase Haldol. Das hat gut geholfen. Es war sofort Ruhe.<\/div>\n<\/li>\n<li class=\"level1\">\n<div class=\"li\">F\u00fcr m\u00f6gliche Nebenwirkungen gibt es Akineton<\/div>\n<\/li>\n<li class=\"level1\">\n<div class=\"li\">Heute ist Haldol nur noch Akutmedikation. 10 \u2013 15 mg (und nicht mehr als 100mg).<\/div>\n<\/li>\n<li class=\"level1\">\n<div class=\"li\">Wenn Medikamente nicht helfen, gibt es auch die M\u00f6glichkeiten der EKT in Aachen (Elektroschocktherapie). Das wird unter Narkose gemacht.<\/div>\n<\/li>\n<li class=\"level1\">\n<div class=\"li\">Wie lange muss man Medikamente nehmen? Bei einer ersten Psychose \u00bd &#8211; 1 Jahr (mit dem Facharzt besprechen). Bei einer zweiten Psychose 5 Jahre.<\/div>\n<\/li>\n<li class=\"level1\">\n<div class=\"li\">Es wurde \u00fcber das Medikament Kloxapin gesprochen. Bei Psychose hilft es sehr gut. Es hat auch Nebenwirkungen (Blutbildver\u00e4nderung, Gewichtszunahme). Es muss \u00fcber das Blutbild eine regelm\u00e4\u00dfige Kontrolle erfolgen. Sollte der Patient einen Grippe bekommen, besteht Gefahr bei der Einnahme von Kloxapin.<\/div>\n<\/li>\n<li class=\"level1\">\n<div class=\"li\">Der Arzt muss die richtige Diagnose stellen.<\/div>\n<\/li>\n<li class=\"level1\">\n<div class=\"li\">Nach der Gabe von Litiium gibt es eine Blutbildver\u00e4nderung.<\/div>\n<\/li>\n<li class=\"level1\">\n<div class=\"li\">Im Bereich Sucht werden Medikamente dauerhaft oder nach Bedarf genommen.<\/div>\n<\/li>\n<li class=\"level1\">\n<div class=\"li\">Angesprochen wird ein Projekt aus vergangenen Jahren (Gesundheitsamt \/ Gesundheitskonferenz), in dem ein \u201eLaufzettel\u201c erstellt werden sollte f\u00fcr Patienten, die dort ihre Medikamente eintragen.<\/div>\n<\/li>\n<li class=\"level1\">\n<div class=\"li\">Eine Besucherin berichtet, dass ihre Apotheke wei\u00df, welche Medikamente sie nimmt. Diese stehen auf der Kundenkarte.<\/div>\n<\/li>\n<li class=\"level1\">\n<div class=\"li\">Der Hausarzt sollte auch eine \u00dcbersicht der Medikamente haben.<\/div>\n<\/li>\n<li class=\"level1\">\n<div class=\"li\">Gibt es irgendwo einen Medikamentenpass?<\/div>\n<\/li>\n<li class=\"level1\">\n<div class=\"li\">Wenn die Nebenwirkungen schlecht sind, soll der ambulante Behandler die Medikamente umstellen.<\/div>\n<\/li>\n<li class=\"level1\">\n<div class=\"li\">Der Medikamentenspiegel sollte stabil sein. Je stabiler desto besser.<\/div>\n<\/li>\n<li class=\"level1\">\n<div class=\"li\">\u00c4ltere Menschen vertragen h\u00e4ufig Neuroleptika nicht. Es gibt aber neue Medikamente, die mit geringer Dosierung helfen.<\/div>\n<\/li>\n<li class=\"level1\">\n<div class=\"li\">Am Krankenhaus D\u00fcren wird ein gerontopsychiatrisches Zentrum erbaut. In der LVR gibt es eine gerontopsychiatrische Ambulanz .<\/div>\n<\/li>\n<\/ul>\n<p><strong>PAUSE<\/strong><\/p>\n<p>Nun m\u00f6chten wir auf der Flipchart sammeln:<\/p>\n<p><strong>WAS HILFT (mir) im Umgang mit Medikamenten und Klink bzw. der Erkrankung<\/strong><\/p>\n<ul>\n<li class=\"level1\">\n<div class=\"li\">Gruppentherapie<\/div>\n<\/li>\n<li class=\"level1\">\n<div class=\"li\">Psychotherapeutische Angebote<\/div>\n<\/li>\n<li class=\"level1\">\n<div class=\"li\">Soziales Umfeld \/ Vernetzung<\/div>\n<\/li>\n<li class=\"level1\">\n<div class=\"li\">Hobbys \/ Ehrenamt<\/div>\n<\/li>\n<li class=\"level1\">\n<div class=\"li\">Psychiater<\/div>\n<\/li>\n<li class=\"level1\">\n<div class=\"li\">Sport \/ Disziplin<\/div>\n<\/li>\n<li class=\"level1\">\n<div class=\"li\">Yoga<\/div>\n<\/li>\n<li class=\"level1\">\n<div class=\"li\">Musik<\/div>\n<\/li>\n<li class=\"level1\">\n<div class=\"li\">Qi Gong<\/div>\n<\/li>\n<li class=\"level1\">\n<div class=\"li\">Ohrakkupunktur<\/div>\n<\/li>\n<li class=\"level1\">\n<div class=\"li\">Selbstliebe<\/div>\n<\/li>\n<\/ul>\n<hr \/>\n<p>Ca. 21:00 Uhr<\/p>\n<p><strong>Abschlussrunde:<\/strong> Ein Stein wird in die Runde gegeben: Was hat Ihnen diese Veranstaltung gebracht (was nehmen Sie mit? Was lassen Sie hier?)<\/p>\n<p>Bedanken bei der Seminargruppe (und dem Gast \/ den G\u00e4sten) \u2013 Hinweis auf das n\u00e4chste Seminar am 18. Mai zu dem Thema \u201eSelbstbestimmt durch Behandlungsvereinbarung!\u201c.<\/p>\n<\/div>\n","protected":false},"excerpt":{"rendered":"<p>Protokoll des Psychoseseminars vom 20. April 2016 von 19.00 \u2013 21:15 Uhr Moderation und Protokoll: Frau Dangel Ablauf: Begr\u00fc\u00dfung des Auditoriums und der anwesenden G\u00e4ste Frau Dangel Vorstellung des Psychoseseminars Herr Schmidt Ablauf des Seminars mit Pausen und Getr\u00e4nken und Protokoll erkl\u00e4ren Frau Dangel Einstieg &#8211; Frau Dangel: Wir m\u00f6chten heute mit den Frage beginnen: [&hellip;]<\/p>\n","protected":false},"author":2,"featured_media":0,"parent":14,"menu_order":-145,"comment_status":"closed","ping_status":"closed","template":"","meta":[],"_links":{"self":[{"href":"https:\/\/www.psychose-seminar.de\/index.php?rest_route=\/wp\/v2\/pages\/345"}],"collection":[{"href":"https:\/\/www.psychose-seminar.de\/index.php?rest_route=\/wp\/v2\/pages"}],"about":[{"href":"https:\/\/www.psychose-seminar.de\/index.php?rest_route=\/wp\/v2\/types\/page"}],"author":[{"embeddable":true,"href":"https:\/\/www.psychose-seminar.de\/index.php?rest_route=\/wp\/v2\/users\/2"}],"replies":[{"embeddable":true,"href":"https:\/\/www.psychose-seminar.de\/index.php?rest_route=%2Fwp%2Fv2%2Fcomments&post=345"}],"version-history":[{"count":0,"href":"https:\/\/www.psychose-seminar.de\/index.php?rest_route=\/wp\/v2\/pages\/345\/revisions"}],"up":[{"embeddable":true,"href":"https:\/\/www.psychose-seminar.de\/index.php?rest_route=\/wp\/v2\/pages\/14"}],"wp:attachment":[{"href":"https:\/\/www.psychose-seminar.de\/index.php?rest_route=%2Fwp%2Fv2%2Fmedia&parent=345"}],"curies":[{"name":"wp","href":"https:\/\/api.w.org\/{rel}","templated":true}]}}