{"id":335,"date":"2015-09-16T17:28:29","date_gmt":"2015-09-16T15:28:29","guid":{"rendered":"https:\/\/psychose-seminar.info\/?page_id=335"},"modified":"2015-09-16T17:28:29","modified_gmt":"2015-09-16T15:28:29","slug":"was-ist-psychose-ist-sie-heilbar","status":"publish","type":"page","link":"https:\/\/www.psychose-seminar.de\/?page_id=335","title":{"rendered":"Was ist Psychose? Ist sie heilbar?"},"content":{"rendered":"<p>Protokoll vom 16. September 2015<\/p>\n<p><b>Ablauf:<\/b><\/p>\n<p>Begr\u00fc\u00dfung des Auditoriums und der anwesenden G\u00e4ste Frau Dangel<\/p>\n<p>Vorstellung des Psychoseseminars Herr Schmidt<\/p>\n<p>Ablauf des Seminars mit Pausen und Getr\u00e4nken und Protokoll erkl\u00e4ren Frau Dangel<\/p>\n<p>Moderation und Protokoll Frau Dangel<\/p>\n<p><b>Einstieg &#8211; Frau Dangel:<\/b><\/p>\n<p>Heute ist das Thema: \u201eWas ist Psychose? Ist sie heilbar?\u201c Wir m\u00f6chten nun in der Seminarrunde die Frage stellen: Was wissen Sie \u2013 was wissen wir &#8211; schon \u00fcber Psychose?<\/p>\n<p>Wir bitten Sie, Ihr \u201eWissen\u201c auf Karten zu schreiben; bitte jeweils nur eine Nennung auf eine Karte, aber so viele Karten wie Sie ben\u00f6tigen! Im Anschluss m\u00f6chten wir die Karten auf dem Boden sortieren und zuordnen. Hierzu haben wir zwei Kategorien vorbereitet: Erstens: Ursachen \u2013 organische \u2013 nichtorganische und zweitens: Symptome<\/p>\n<p>Zu den <b>Ursachen von Psychose<\/b> gibt es folgende \u00dcberlegungen:<\/p>\n<ul>\n<li>Psychischer Stress, der zum Realit\u00e4tsverlust f\u00fchrt<\/li>\n<li>Erreger als Ursache<\/li>\n<li>Kindheitstrauma \/ Trauma in der Vergangenheit<\/li>\n<li>Sich selbst unter Druck setzen<\/li>\n<li>Hirnerkrankung<\/li>\n<li>Gifte als Ursache (Drogen)<\/li>\n<li>Gene (psych. Erkrankung in der Familie)<\/li>\n<li>Botenstoffe im Gehirn<\/li>\n<li>Stoffwechselst\u00f6rung, zu viel Dopamin<\/li>\n<li>Schlaflosigkeit<\/li>\n<\/ul>\n<p>Als <b>Symptome<\/b> wurden benannt:<\/p>\n<ul>\n<li>Isolation \/ sozialer R\u00fcckzug<\/li>\n<li>Abgleiten in eine Traumwelt \/ Realit\u00e4tsverlust; man will die Realit\u00e4t nicht wahrnehmen<\/li>\n<li>Sich beobachtet f\u00fchlen<\/li>\n<li>Der Wahn: Ich muss mich in Luft aufl\u00f6sen<\/li>\n<li>\u201eSchleifen\u201c im Gehirn; wie wenn eine Schallplatte gesprugen ist<\/li>\n<li>Die M\u00e4chte des Wahnsinns<\/li>\n<li>Niedergeschlagenheit<\/li>\n<li>St\u00f6rung des Antriebs<\/li>\n<li>Psychose ist \u201etr\u00e4umen, wenn man wach ist\u201c<\/li>\n<li>Verfolgungsgef\u00fchl<\/li>\n<li>Stimmen h\u00f6ren<\/li>\n<li>Angst<\/li>\n<li>Paranoia<\/li>\n<li>Viele Gedanken im Kopf<\/li>\n<li>Positive und negative Symptomatik<\/li>\n<li>Halluzinationen<\/li>\n<li>Ver-r\u00fcckte Realit\u00e4t<\/li>\n<li>Ich \u2013 St\u00f6rung<\/li>\n<li>Ver\u00e4nderte Wahrnehmung \/ Wahrnehmungsst\u00f6rung<\/li>\n<li>Patienten m\u00f6chten (k\u00f6nnen) Krankheit nicht akzeptieren<\/li>\n<li>Gefangen sein in Teilen des Gehirns mit Verlust der Realit\u00e4t, bzw. kein Kontakt zur \u201erealen\u201c Au\u00dfenwelt<\/li>\n<li>Konzentrationsst\u00f6rung<\/li>\n<li>Man denkt, dass man alles vergisst und glaubt, man habe Alzheimer<\/li>\n<li>Religi\u00f6ser Wahn<\/li>\n<li>Zwangsgedanken<\/li>\n<li>Verz\u00f6gertes Antworten<\/li>\n<\/ul>\n<p>Weitere <b>Aspekte<\/b> sind:<\/p>\n<ul>\n<li>Angeh\u00f6rige f\u00fchlen sich gefangen, bis die Gefahr vorbei ist<\/li>\n<li>Psychose ist eine nicht einfach zu ergr\u00fcndende Erkrankung<\/li>\n<li>Es gibt viele verschiede Formen von Psychose<\/li>\n<\/ul>\n<p>Die Psychose wird als Oberbegriff gesehen. Verschiedene psychische Erkrankungen k\u00f6nnen psychotische Elemente haben. Dies wird am Beispiel \u201eKopfschmerzen\u201c erkl\u00e4rt. Kopfschmerzen k\u00f6nnen, genau wie Psychose, verschieden Ursachen haben, z. B. Migr\u00e4ne, Verspannung, Zahnschmerzen, Entz\u00fcndungen. So kann Psychose auch verschiedene Ursachen haben. Eine Theorie ist, dass eine genetische Disposition in Verbindung mit hohem Stress zur Psychose f\u00fchren kann. Ebenso k\u00f6nnen Hirnerkrankungen zur Psychose f\u00fchren. Auch Drogen k\u00f6nnen zur Psychose f\u00fchren, ebenso wie Traumata und vieles mehr. Die Auspr\u00e4gung von Psychosen ist unterschiedlich. Es kann auch eine Wahnvorstellung isoliert sein, so dass sie als einzelnes Symptom auftritt. Dies kann auch lebensbegleitend sein. Der Betroffene kann lernen, damit umzugehen.<\/p>\n<hr \/>\n<p>Pause<\/p>\n<p>Nach der Pause besch\u00e4ftigen wir uns mit der Frage: Ist Psychose heilbar? Es wird die Frage gestellt: Haben Sie Erfahrungen, dass Menschen von Psychosen \u201egeheilt\u201c wurden? Was hilft der \u201eHeilung\u201c.<\/p>\n<p>Die <b>Nennungen<\/b> schreibt Frau Sieburg auf die Flipchart.<\/p>\n<ul>\n<li>Psychotherapie kann nach der akuten Phase der Psychose helfen, diese zu verarbeiten. Das Verh\u00e4ltnis zwischen Therapeut und Patient muss dabei immer passen.<\/li>\n<li>Medikamente unterst\u00fctzen die Heilung<\/li>\n<li>Nach der Psychose schaffen es Betroffene auch manchmal, die Krankheit hinter sich zu lassen.<\/li>\n<li>Ein stabiles soziales Umfeld<\/li>\n<li>Es gibt begleitende Unterst\u00fctzung, wie der Besuch der Tagesst\u00e4tte. Hier bekommen Betroffene wieder eine * Tagesstruktur sowie Angebote der Ergotherapie und Arbeitstherapie, soziale Kontakte, regelm\u00e4\u00dfiges gemeinsames Essen.<\/li>\n<li>30% der Betroffenen werden von der Psychose komplett geheilt<\/li>\n<li>Betroffenen hilft es, ihre Lebensgeschichte wieder in die Hand zu nehmen.<\/li>\n<li>Psychoedukation, als das Auseinandersetzen mit der Psychose, z. B. im Psychoseseminar, ist hilfreich.<\/li>\n<li>Ein soziales Umfeld au\u00dferhalb der psychiatrischen Versorgung ist ebenso wichtig (Vereine, Hobbys, Freunde).<\/li>\n<li>Lachen und positive Emotionen<\/li>\n<li>Selbsthilfegruppen f\u00f6rdern Vertrauen und geben Sicherheit<\/li>\n<li>Soteria ist eine besondere Behandlung der Psychose<\/li>\n<\/ul>\n<p>Alkohol zur Selbstbehandlung wird bei Medikamenteneinnahme als sch\u00e4digend angesehen. Der Medikamentenspiegel kann absinken, die sedierende Wirkung wird ver\u00e4ndert. Daher gilt die Empfehlung: Kein Alkohol bei Psychopharmaka.<\/p>\n<p>Das Buch von Eckhart Trolle \u201eJetzt \u2013die Kraft der Gegenwart\u201c wird von einem Seminarteilnehmer im Kontext zur \u201eIch-Aufl\u00f6sung\u201c angesprochen.<\/p>\n<p>Ca. 20:30 Uhr<\/p>\n<p><b>Abschlussrunde:<\/b> Ein Stein wird in die Runde gegeben: Was hat Ihnen diese Veranstaltung gebracht (was nehmen Sie mit? Was lassen Sie hier?)<\/p>\n<p>Bedanken bei der Seminargruppe (und dem Gast \/ den G\u00e4sten) \u2013 Hinweis auf das n\u00e4chste Seminar am 21. Oktober 2015 mit dem Titel: \u201eZwischen Besch\u00fctzen und \u00dcberfordern. Welcher Umgang mit dem Patienten ist richtig?\u201c<\/p>\n","protected":false},"excerpt":{"rendered":"<p>Protokoll vom 16. September 2015 Ablauf: Begr\u00fc\u00dfung des Auditoriums und der anwesenden G\u00e4ste Frau Dangel Vorstellung des Psychoseseminars Herr Schmidt Ablauf des Seminars mit Pausen und Getr\u00e4nken und Protokoll erkl\u00e4ren Frau Dangel Moderation und Protokoll Frau Dangel Einstieg &#8211; Frau Dangel: Heute ist das Thema: \u201eWas ist Psychose? Ist sie heilbar?\u201c Wir m\u00f6chten nun in [&hellip;]<\/p>\n","protected":false},"author":2,"featured_media":0,"parent":14,"menu_order":-140,"comment_status":"closed","ping_status":"closed","template":"","meta":[],"_links":{"self":[{"href":"https:\/\/www.psychose-seminar.de\/index.php?rest_route=\/wp\/v2\/pages\/335"}],"collection":[{"href":"https:\/\/www.psychose-seminar.de\/index.php?rest_route=\/wp\/v2\/pages"}],"about":[{"href":"https:\/\/www.psychose-seminar.de\/index.php?rest_route=\/wp\/v2\/types\/page"}],"author":[{"embeddable":true,"href":"https:\/\/www.psychose-seminar.de\/index.php?rest_route=\/wp\/v2\/users\/2"}],"replies":[{"embeddable":true,"href":"https:\/\/www.psychose-seminar.de\/index.php?rest_route=%2Fwp%2Fv2%2Fcomments&post=335"}],"version-history":[{"count":0,"href":"https:\/\/www.psychose-seminar.de\/index.php?rest_route=\/wp\/v2\/pages\/335\/revisions"}],"up":[{"embeddable":true,"href":"https:\/\/www.psychose-seminar.de\/index.php?rest_route=\/wp\/v2\/pages\/14"}],"wp:attachment":[{"href":"https:\/\/www.psychose-seminar.de\/index.php?rest_route=%2Fwp%2Fv2%2Fmedia&parent=335"}],"curies":[{"name":"wp","href":"https:\/\/api.w.org\/{rel}","templated":true}]}}