{"id":316,"date":"2014-09-17T16:53:09","date_gmt":"2014-09-17T14:53:09","guid":{"rendered":"https:\/\/psychose-seminar.info\/?page_id=316"},"modified":"2014-09-17T16:53:09","modified_gmt":"2014-09-17T14:53:09","slug":"depression-und-psychose-gleichzeitig-moeglich-und-doch-verschieden","status":"publish","type":"page","link":"https:\/\/www.psychose-seminar.de\/?page_id=316","title":{"rendered":"Depression und Psychose &#8211; gleichzeitig m\u00f6glich und doch verschieden?!"},"content":{"rendered":"<p><b>Protokoll des Psychoseseminars vom 17. September 2014 von 19.00 \u2013 21:15 Uhr<\/b><\/p>\n<p>Moderation und Protokoll: Frau Dangel<\/p>\n<p>Der Einstieg in das Seminar erfolgt \u00fcber die Kl\u00e4rung der \u201eBegriffe\u201c Depression und Psychose. Was sind die Symptome, gibt es gleiche Symptome und welche sind unterschiedlich?<\/p>\n<p>Es entsteht auf der Tafel eine Gegen\u00fcberstellung und Zuordnung der Symptome:<\/p>\n[table &#8220;6&#8221; not found \/]<br \/>\n\n<p>Anschlie\u00dfend erfolgt ein Austausch \u00fcber die Erfahrung als Betroffene, Angeh\u00f6rige und Fachleute mit Symptomen von Depression und Psychose. Es wird die Frage diskutiert: <b>K\u00f6nnen Depression und Psychose gleichzeitig auftreten?<\/b><\/p>\n<p>Festgestellt wird, dass nach einer akuten Psychose durch die medikament\u00f6se Behandlung eine Depression entstehen kann und dass in einer schweren Depression auch \u201ewahnhafte Elemente\u201c auftreten k\u00f6nnen.<\/p>\n<p>Nach der Pause werden <b>Behandlungsm\u00f6glichkeiten von Depression und Psychose<\/b> aufgezeigt. Auf Karten werden Ideen notiert und den Begriffen DEPRESSION \u2013 PSYCHOSE \u2013zugeordnet. Es wird deutlich, dass es bei den Behandlungsm\u00f6glichkeiten vielen \u00dcberschneidungen gibt.<\/p>\n<p><b>F\u00fcr beide Erkrankungen wird als wichtig gesehen:<\/b><\/p>\n<ul>\n<li>in schweren F\u00e4llen begleiten, stabilisieren und locker unterst\u00fctzen<\/li>\n<li>mit einem Psychologen sprechen \/ professionelle Hilfe suchen<\/li>\n<li>Verst\u00e4ndnis<\/li>\n<li>Alkohol meiden<\/li>\n<li>soziales Umfeld aufbauen<\/li>\n<li>feste Termine machen und erhalten (man kommt aus dem Haus, Verpflichtung)<\/li>\n<li>Tagesstruktur<\/li>\n<li>Sport<\/li>\n<li>regelm\u00e4\u00dfige Tabletteneinnahme<\/li>\n<li>Freunde<\/li>\n<li>Angeh\u00f6rige aufkl\u00e4ren<\/li>\n<li>Angeh\u00f6rige sollte gut f\u00fcr sich selber sorgen<\/li>\n<li>angenommen werden wie man ist<\/li>\n<li>Hobbys<\/li>\n<li>versuchen Vertrauen aufzubauen<\/li>\n<li>Selbsthilfegruppen<\/li>\n<li>Psychoseseminar \/ Psychoedukation<\/li>\n<\/ul>\n<p><b>F\u00fcr die Depression wird genannt:<\/b><\/p>\n<ul>\n<li>Versuchen unter Leute zu kommen und positive Themen ansprechen<\/li>\n<li>offene Gespr\u00e4che f\u00fchren \/ Therapie<\/li>\n<li>psychotherapeutische Ma\u00dfnahmen<\/li>\n<li>Lichttherapie<\/li>\n<li>Entspannungstechniken<\/li>\n<li>Kommunikationsmittel z. B. Telefon, PC k\u00f6nnen helfen in Kontakt zu kommen<\/li>\n<li>Entspannung durch z. B. Sauna, Yoga, Autogenes Training<\/li>\n<li>Progressive Muskelentspannung nach Jacobsen<\/li>\n<\/ul>\n<p><b>F\u00fcr die Psychose wird genannt:<\/b><\/p>\n<ul>\n<li>Sotria (besondere Behandlung bei Psychose; siehe Thema am 19. November 2014)<\/li>\n<li>Ruhe<\/li>\n<li>Behandlungsvereinbarung mit der Klinik abschlie\u00dfen<\/li>\n<\/ul>\n<p>Es wurde benannt, dass Psychosebetroffene teilweise zur Selbstmedikation greifen mittels Alkohol. Dies bringt f\u00fcr den Moment Entlastung und \u201eEntspannung\u201c, hilft aber meist nicht auf Dauer.<\/p>\n<p>Ca. 20:30 Uhr <b>Abschlussrunde:<\/b> Ein Stein wird in die Runde gegeben mit der Frage: Was hat Ihnen diese Veranstaltung gebracht (Was nehmen Sie mit? Was lassen Sie hier?)<\/p>\n<p>Abschlie\u00dfend Verabschiedung und Bedanken bei der Seminargruppe mit dem Hinweis auf das n\u00e4chste Seminar am 15. Oktober zu dem Thema \u201eAngst im Umfeld psychischer Erkrankungen?\u201c<\/p>\n","protected":false},"excerpt":{"rendered":"<p>Protokoll des Psychoseseminars vom 17. September 2014 von 19.00 \u2013 21:15 Uhr Moderation und Protokoll: Frau Dangel Der Einstieg in das Seminar erfolgt \u00fcber die Kl\u00e4rung der \u201eBegriffe\u201c Depression und Psychose. Was sind die Symptome, gibt es gleiche Symptome und welche sind unterschiedlich? Es entsteht auf der Tafel eine Gegen\u00fcberstellung und Zuordnung der Symptome: Anschlie\u00dfend [&hellip;]<\/p>\n","protected":false},"author":2,"featured_media":0,"parent":14,"menu_order":-132,"comment_status":"closed","ping_status":"closed","template":"","meta":[],"_links":{"self":[{"href":"https:\/\/www.psychose-seminar.de\/index.php?rest_route=\/wp\/v2\/pages\/316"}],"collection":[{"href":"https:\/\/www.psychose-seminar.de\/index.php?rest_route=\/wp\/v2\/pages"}],"about":[{"href":"https:\/\/www.psychose-seminar.de\/index.php?rest_route=\/wp\/v2\/types\/page"}],"author":[{"embeddable":true,"href":"https:\/\/www.psychose-seminar.de\/index.php?rest_route=\/wp\/v2\/users\/2"}],"replies":[{"embeddable":true,"href":"https:\/\/www.psychose-seminar.de\/index.php?rest_route=%2Fwp%2Fv2%2Fcomments&post=316"}],"version-history":[{"count":0,"href":"https:\/\/www.psychose-seminar.de\/index.php?rest_route=\/wp\/v2\/pages\/316\/revisions"}],"up":[{"embeddable":true,"href":"https:\/\/www.psychose-seminar.de\/index.php?rest_route=\/wp\/v2\/pages\/14"}],"wp:attachment":[{"href":"https:\/\/www.psychose-seminar.de\/index.php?rest_route=%2Fwp%2Fv2%2Fmedia&parent=316"}],"curies":[{"name":"wp","href":"https:\/\/api.w.org\/{rel}","templated":true}]}}