{"id":310,"date":"2014-05-21T19:31:22","date_gmt":"2014-05-21T17:31:22","guid":{"rendered":"https:\/\/psychose-seminar.info\/?page_id=310"},"modified":"2014-05-21T19:31:22","modified_gmt":"2014-05-21T17:31:22","slug":"bekannte-und-alternative-methoden-und-unterstuetzung-fuer-psychisch-erkrankte","status":"publish","type":"page","link":"https:\/\/www.psychose-seminar.de\/?page_id=310","title":{"rendered":"Bekannte und alternative Methoden und Unterst\u00fctzung f\u00fcr psychisch Erkrankte"},"content":{"rendered":"<p><b>Protokoll des Psychoseseminars vom 21. Mai 2014 von 19.00 \u2013 21:15 Uhr<\/b><\/p>\n<p>Moderation und Protokoll: Frau Dangel<\/p>\n<p>Als Einstieg werden zun\u00e4chst Methoden und Unterst\u00fctzungsm\u00f6glichkeiten auf DIN A 4 Bl\u00e4tter notiert und vorgestellt.<\/p>\n<p>In der Pause werden diese DIN A 4 Bl\u00e4tter auf verschiedene Tische geklebt, die dann nach der Pause weiter erg\u00e4nzen werden.<\/p>\n<p>Es gibt folgende Nennungen zu <b>alternativen und bekannten Methoden<\/b>:<\/p>\n<ul>\n<li><b>Ursachenforschung<\/b> (dient der genauen Diagnostik): Viren und Bakterien k\u00f6nnen auch Ursache sein Medikamentennebenwirkungen, Organische Erkrankungen<\/li>\n<li><b>Achtsamkeitskurse:<\/b> Lernen, gut mit sich umzugehen, im \u201ehier und jetzt\u201c leben Nein- Sagen, Grenzen erkennen und setzten<\/li>\n<li><b>Soziale Versorgung<\/b> (dient der Stabilisierung): Grundsicherung, EU \u2013 Rente, Krankenkasse<\/li>\n<li><b>Ursachenforschung:<\/b> Organische Erkrankungen, Medikamentennebenwirkungen, Viren und Bakterien k\u00f6nnen auch Ursache sein<\/li>\n<li><b>Betreutes Wohnen:<\/b> Kette e. V., WAF<\/li>\n<li><b>Medikamente:<\/b> Positive Wirkung \u00fcberwiegt die Nebenwirkungen, Unterst\u00fctzung \/ \u00dcberbr\u00fcckung zu anderen Therapieformen. Wann werden Medikamente verringert \/ abgesetzt? Gefahr der Abh\u00e4ngigkeit<\/li>\n<li><b>Hypno \u2013 Systemische \u2013 Therapie:<\/b> Fokussierung auf die m\u00f6glichen L\u00f6sungen, es werden Wege aus der Problemtrance gesucht<\/li>\n<li><b>Gespr\u00e4chstherapie:<\/b> Manche Therapeuten sind der Ansicht, dass Gespr\u00e4chstherapie nicht hilft. Es kommt immer auf das Gespr\u00e4ch an.<\/li>\n<li><b>Entspannungstechniken:<\/b> Autogenes Training, Muskelentspannung nach Jacobsen, Phantasiereisen, Qi Gong, Tai Chi, Yoga, Waldspaziergang, Schwimmen, Sauna, Sport, Musik, Tr\u00e4umen<\/li>\n<li><b>Betreuung Zuhause:<\/b> Hometradment &gt; u. a. in Skandinavien, aber auch bei den Alexianern in Krefeld und in Krankenhaus Maria Hilf in Gangelt: Ein mutliprofessionelles Team betreut Erkrankte in h\u00e4uslichem Rahmen einschlie\u00dflich der Angeh\u00f6rigen. Thomas Bock beschreibt F\u00e4lle in einem seiner B\u00fccher.<\/li>\n<li><b>Psychoedukation:<\/b> Psychoseseminare, B\u00fccher \/ Internet\/ Fachmedien, Infomaterial f\u00fcr Patienten, Fachleute<\/li>\n<li><b>Soteria:<\/b> Angelehnt an das \u201eeigene Zuhause\u201c werde Patienten in m\u00f6glichst reizarmer Umgebung betreut \/ begleitet. Es gibt eine feste Bezugsperson. Es gibt Angebote wie Ergotherapie, Sport, Bewegung. In Gangelt, gibt es ein Soteria-Haus im Krankenhaus Maria Hilf.<\/li>\n<li><b>Selbsthilfe:<\/b> Eigenmotivation, \u201ek\u00e4mpfen\u201c, sich \u00fcber die Erkrankung informieren<\/li>\n<li><b>Besch\u00e4ftigungstherapie:<\/b> kreativ sein<\/li>\n<li><b>Arbeitstherapie:<\/b> In einer Tagesst\u00e4tte, sinnvolle Besch\u00e4ftigung, strukturgebende Ma\u00dfnahme bezogen auf den Alltag, Rurtalwerkst\u00e4tten (dort gibt es die M\u00f6glichkeit im gesch\u00fctzten Rahmen zu arbeiten)<\/li>\n<li><b>Verhaltenstherapie:<\/b> bei Psychotherapeuten, in der Klinik, in einer Reha \/ Kur<\/li>\n<li><b>Elektrokrampftherapie:<\/b> bei schweren Depressionen (in Narkose, Stromschl\u00e4ge an die Schl\u00e4fe, 10 \u2013 12-mal)), als letzte M\u00f6glichkeit, ist sehr erfolgreich.<\/li>\n<li>\u00b4<b>Hirnschrittmacher:<\/b> diese werden z. B. bei Parkinson, Epilepsie, und neurologischen Erkrankungen eingesetzt.<\/li>\n<li><b>Hirnoperation:<\/b> (bei Tumor) &gt; Tumore k\u00f6nnen zu Psychosen f\u00fchren<\/li>\n<li><b>Unterst\u00fctzung in der Familie<\/b> (Kindergruppe): hilft Kindern, die \u201eBetroffenen\u201c besser zu verstehen (Gespr\u00e4chstherapie), dringend notwendig, da Familienangeh\u00f6rige auch betroffen sind. Es gibt in der LVR Klinik ein Projekt \u201eTRAMPOLIN\u201c, in dem Kinder ein Mal in der Woche unterst\u00fctzt werden. Auch in Aachen gibt es eine Gruppe f\u00fcr Kinder: AKISIA, und in Heinsberg: NEPOMUCK<\/li>\n<li><b>Tiertherapien:<\/b> Wo gibt es diese, wie werden sie finanziert, wer bezahlt diese Therapien?<\/li>\n<li><b>Neurofeedback.<\/b> Eignet sich nicht bei Psychose. Es wird mit Konzentrations\u00fcbungen gearbeitet und mit visuellem und akustischen Feedbacks.<\/li>\n<li><b>Atemtherapien:<\/b> Begriff ist nicht gesch\u00fctzt, AFA &lt; Atemtherapeuten haben eine solide Ausbildung, sie geh\u00f6rt zur Komplement\u00e4r \u2013 Medizin, kann seit 2-3 Jahre auch studiert werden, geh\u00f6rt zu K\u00f6rper \u2013 Psyche \u2013 Therapien, bringt Entspannung \u2013 Spannung \u2013 Therapie, Achtsamkeit auf gesunde Anteile.<\/li>\n<li><b>Anti \u2013 Stigmatisierung:<\/b> Es sind alle gefragt, Aufkl\u00e4rungsarbeit zu leisten, Offenheit st\u00e4rken, Begegnungen, gemeinsame Aktionen (Inklusion)<\/li>\n<li><b>Inklusion:<\/b> Politik, Medien, Gesellschaft informieren und aufkl\u00e4ren<\/li>\n<li><b>Sonstiges:<\/b> Begegnungsst\u00e4tten f\u00fcr psychisch Kranke, z. B. Die Kette e. V., SKF Mosaik, Wertsch\u00e4tzung sich selber gegen\u00fcber, Krankheitseinsicht, Hilfe annehmen k\u00f6nnen.<\/li>\n<\/ul>\n<p>Abschlie\u00dfend legen wir die Bl\u00e4tter in die Mitte und es wird die Frage gestellt:<\/p>\n<p>Was hat sie beeindruckt, welche Frage gibt es? Was fehlt in D\u00fcren? Welche Unterst\u00fctzung gibt es f\u00fcr Angeh\u00f6rige? Welche Unterst\u00fctzung gibt es f\u00fcr Fachleute?<\/p>\n<p>Es gibt folgende Anregungen f\u00fcr die n\u00e4chsten Seminare:<\/p>\n<ul>\n<li>Thema Soteria<\/li>\n<li>Thema: Angeh\u00f6rige &lt; Verhaltensregeln f\u00fcr Angeh\u00f6rige, wie kann die Balance gehalten werden zwischen Verst\u00e4ndnis und Anforderung<\/li>\n<\/ul>\n<hr \/>\n<p><b>Abschlussrunde:<\/b> Ein Stein wird in die Runde gegeben mit der Frage: Was hat Ihnen diese Veranstaltung gebracht (was nehmen Sie mit? Was lassen Sie hier?) und Verabschiedung.<\/p>\n<p>Das n\u00e4chste Psychoseseminar findet am: <b>18 Juni von 19 \u2013 20:45<\/b> Uhr in der Selbsthilfekontaktstelle D\u00fcren, Paradiesbenden 24 statt mit dem Thema: <b>Einbeziehung von Angeh\u00f6rigen in die Behandlung \u2013 wie geht das?<\/b><\/p>\n","protected":false},"excerpt":{"rendered":"<p>Protokoll des Psychoseseminars vom 21. Mai 2014 von 19.00 \u2013 21:15 Uhr Moderation und Protokoll: Frau Dangel Als Einstieg werden zun\u00e4chst Methoden und Unterst\u00fctzungsm\u00f6glichkeiten auf DIN A 4 Bl\u00e4tter notiert und vorgestellt. In der Pause werden diese DIN A 4 Bl\u00e4tter auf verschiedene Tische geklebt, die dann nach der Pause weiter erg\u00e4nzen werden. Es gibt [&hellip;]<\/p>\n","protected":false},"author":2,"featured_media":0,"parent":14,"menu_order":-130,"comment_status":"closed","ping_status":"closed","template":"","meta":[],"_links":{"self":[{"href":"https:\/\/www.psychose-seminar.de\/index.php?rest_route=\/wp\/v2\/pages\/310"}],"collection":[{"href":"https:\/\/www.psychose-seminar.de\/index.php?rest_route=\/wp\/v2\/pages"}],"about":[{"href":"https:\/\/www.psychose-seminar.de\/index.php?rest_route=\/wp\/v2\/types\/page"}],"author":[{"embeddable":true,"href":"https:\/\/www.psychose-seminar.de\/index.php?rest_route=\/wp\/v2\/users\/2"}],"replies":[{"embeddable":true,"href":"https:\/\/www.psychose-seminar.de\/index.php?rest_route=%2Fwp%2Fv2%2Fcomments&post=310"}],"version-history":[{"count":0,"href":"https:\/\/www.psychose-seminar.de\/index.php?rest_route=\/wp\/v2\/pages\/310\/revisions"}],"up":[{"embeddable":true,"href":"https:\/\/www.psychose-seminar.de\/index.php?rest_route=\/wp\/v2\/pages\/14"}],"wp:attachment":[{"href":"https:\/\/www.psychose-seminar.de\/index.php?rest_route=%2Fwp%2Fv2%2Fmedia&parent=310"}],"curies":[{"name":"wp","href":"https:\/\/api.w.org\/{rel}","templated":true}]}}