{"id":298,"date":"2013-06-19T19:17:14","date_gmt":"2013-06-19T17:17:14","guid":{"rendered":"https:\/\/psychose-seminar.info\/?page_id=298"},"modified":"2013-06-19T19:17:14","modified_gmt":"2013-06-19T17:17:14","slug":"angebote-fuer-psychisch-erkrankte-ausserhalb-der-klinik-welche-gibt-es","status":"publish","type":"page","link":"https:\/\/www.psychose-seminar.de\/?page_id=298","title":{"rendered":"Angebote f\u00fcr psychisch Erkrankte au\u00dferhalb der Klinik &#8211; welche gibt es?"},"content":{"rendered":"<p><b>Protokoll des Psychoseseminars vom 19. Juni 2013 von 19.00 \u2013 20:45 Uhr<\/b><\/p>\n<p><b>Moderation und Protokoll: Frau Dangel<\/b><\/p>\n<p>Zun\u00e4chst werden das Auditorium und die anwesenden G\u00e4ste (insbesondere Herr Hannen von den Psychiatriepaten Aachen, Frau Juhle von der Tagesst\u00e4tte der Kette e. V. D\u00fcren, Herr Plum von der LVR Klinik und Frau von den Bos \u2013 Nikolai, integrierte Psychiatrieseelsorge Aachen in der LVR Klinik D\u00fcren) begr\u00fc\u00dft; dann wird das Psychoseseminar vorgestellt und der Ablauf des Seminars mit Pausen und Getr\u00e4nken erkl\u00e4rt.<\/p>\n<p>Es wird zun\u00e4chst das Psychoseseminar als Angebot f\u00fcr psychisch Erkrankte au\u00dferhalb der Klinik benannt.<\/p>\n<p>Das Psychoseseminar in D\u00fcren gibt es seit 1995, der Ursprung von Psychoseseminaren ist in Hamburg. Ca. 1989 ging die langej\u00e4hrig psychoseerfahrnen Dorothea Buck auf Menschen in der Universit\u00e4t zu, die Berufe im psychiatrischen Umfeld lernen, um Gespr\u00e4chsrunden zu gr\u00fcnden, wo nicht akut Betroffene mit diesen Leuten ins Gespr\u00e4ch kommen k\u00f6nnen. Es geht darum, die verschieden Situationen besser verstehen zu k\u00f6nnen. Da auch Angeh\u00f6rige und Freunde, sowie Interessierte auch viel zu berichten haben, entstand so der Trialog. Bevorzugt werden neutrale R\u00e4umlichkeiten. Es gibt \u00fcber 100 aktive Psychoseseminare im deutschsprachigen Raum. Sie sind voneinander unabh\u00e4ngig und werden recht unterschiedlich organisiert.<\/p>\n<p>Eingestiegen sind wir mit der Frage: \u201eWelche Angebote kennen Sie?\u201c Auf Karten werden die Angebote aufgeschrieben und nachfolgend vorgelesen \/ vorgestellt.<\/p>\n<p>Nachfolgend stellt Herr Hannen von den <b>Psychiatriepaten Aachen<\/b> sein Angebot vor: Der Verein wurde 1997 von Menschen, die psychisch erkrankten oder von psychischen Problemen betroffen sind, gegr\u00fcndet. Derzeit gibt es 80 Mitglieder. Diese bieten Patenschaften f\u00fcr psychisch Erkrankte an. Dazu geh\u00f6rt auch die Zusammenarbeit mit den Kliniken: Alexianer Aachen, Uniklinik Aachen und dem (D\u00fcren) LVR Klinikverbund. Ziel ist es, Wege aus der Isolation aufzuzeigen. Es werden auch Sprechstunden in Krankenh\u00e4usern abgehalten. In den R\u00e4umen am Adalbertsteinweg in Aachen gibt es Beratungsangebote und Aktivit\u00e4ten. Alle Informationen sind zu finden unter: <a class=\"external text\" href=\"http:\/\/www.ppev.de\" rel=\"nofollow\">www.ppev.de<\/a>. Herr Hannen benennt f\u00fcr Aachen weitere Stellen, die Hilfen f\u00fcr psychisch Erkrankte anbieten: Aachner Laienhelfer, Aachner Verein, Die Triangel.<\/p>\n<p>Frau von den Bos \u2013 Nikolai von der <b>Integrierten Psychiatrieseelsorge Aachen<\/b> stellt die katholische Krankenhausseelsorge in der LVR Klinik D\u00fcren vor. Die seelsorgerische Arbeit umfasst offene Gespr\u00e4chsangebote \u00fcber die Erkrankung besonders auch theologische Fragestellungen, Besucherdienste, Angeh\u00f6rigenberatung, Gespr\u00e4chskreise, Gottesdienst, Begleitung Sterbender, Patientenclub und vieles mehr. Eine therapeutische Arbeit findet nicht statt. Alle Patienten, gleich welcher Glaubensrichtung, k\u00f6nnen dieses Angebot wahrnehmen, innerhalb und au\u00dferhalb der Klinik. Unter: <a class=\"external text\" href=\"http:\/\/www.psychiatrieseelsorge-dueren.de\" rel=\"nofollow\">www.psychiatrieseelsorge-dueren.de<\/a>. sind alle Angebote der katholischen Klinikseelsorge zu finden und in der LVR Klinik D\u00fcren in Haus 10, 1. Etage. Weiter verweist Frau von den Bos \u2013 Nikolai auf das \u201eHaus der Seelsorge und Begegnung \u201ePaulushaus\u201c in K\u00f6ln. Hier werden im kreativen Rahmen Hilfen bei der pers\u00f6nlichen Lebensbew\u00e4ltigung und Sinnsuche gegeben.<\/p>\n<p>Reihum werden weitere Angebote au\u00dferhalb der Klinik benannt, die im Folgenden aufgef\u00fchrt werden:<\/p>\n<ul>\n<li>Betreutes Wohnen \u2013 verschiedene Anbieter Diese Hilfe unterst\u00fctzt Betroffene durch ambulante Begleitung in der eignen Wohnung oder auch in betreuten Wohngemeinschaften.<\/li>\n<li>Selbsthilfegruppen, wie z. B. Emotion Anonymus \u2013 geb\u00fcndelt bei der Selbsthilfekontaktstelle D\u00fcren, Paradiesbenden 24, oder: <a class=\"external text\" href=\"http:\/\/www.selbsthilfenetz.de\" rel=\"nofollow\">www.selbsthilfenetz.de<\/a> oder <a class=\"external text\" href=\"http:\/\/www.selbsthifenetz-dueren.de\" rel=\"nofollow\">www.selbsthifenetz-dueren.de<\/a><\/li>\n<li>Telefonseelsorge: 0800111111<\/li>\n<li>Freiwilligenzentrum D\u00fcren. Hier werden beeintr\u00e4chtigte Menschen, die ein Ehrenamt aus\u00fcben m\u00f6chten, besonders unterst\u00fctzt, z. B. durch einen Paten oder eine Patin, die begleitend zur Seite stehen.<\/li>\n<li>Vereine aller Art<\/li>\n<li>Gemeinden, z. B. Ch\u00f6re<\/li>\n<li>Ambulante Suchthilfezentren, Hier berichtet Herr Plum von der LVR Klinik D\u00fcren, dass es ein ambulantes Suchthilfesystem gibt bestehend aus Fach\u00e4rzten, Therapiepl\u00e4tzen, Halbprofisystemen und Laiensystemen. Besonders bei drogeninduzierten Psychosen ist ein umfassendes Hilfesystem erforderlich.<\/li>\n<li>Die Kette e. V., D\u00fcren \u2013 J\u00fclich. Dieser Verein unterst\u00fctzt Menschen mit seelischen Beeintr\u00e4chtigungen in vielerlei Hinsicht: Es gibt in den zwei SPZ (Sozialpsychiatrische Zentren) verschiedene Angebote wie \u201eoffener Treff\u201c, Bewegung und Schwimmen, Ausfl\u00fcge, Beratung f\u00fcr Betroffene und Angeh\u00f6rige, ambulant betreutes Wohnen und Wohngemeinschaften, Tagesst\u00e4tten, Wohnheime. Weitere Informationen: <a class=\"external text\" href=\"http:\/\/www.diekettedueren.de\" rel=\"nofollow\">www.diekettedueren.de<\/a> Frau Juhle, von der Tagesst\u00e4tte der Kette e. V. D\u00fcren stellt ihr Angebot vor: Die Tagesst\u00e4tte ist eine teilstation\u00e4re Einrichtung die Tages- und Wochenstrukturierung bietet und f\u00fcr Betroffene, die nicht mehr arbeiten (oder keine Werkstatt f\u00fcr Behinderte besuchen). Es gibt Arbeits- und Besch\u00e4ftigungstherapie, eine Theatergruppe, die M\u00f6glichkeit sich im Garten zu bet\u00e4tigen und weitere lebenspraktische Aufgaben. Mit jedem Besucher wird individuell ein Wochenplan erstellt. Wichtig ist herauszufinden, was einem gut tut. Das kann famili\u00e4rer Kontakt sein, Kontakt in Vereinen, Hobbys. Ein Besucher der Tagesst\u00e4tte erg\u00e4nzt: Hier werden Talente freigelegt.<\/li>\n<li>Alleinerziehende Gruppe, z. B. in D\u00fcren bei der evangelischen Gemeinde D\u00fcren oder der katholischen Bildungsst\u00e4tte \u201eForum\u201c D\u00fcren.<\/li>\n<li>Kirchengemeinden mit allen ehrenamtlichen Diensten<\/li>\n<li>Beratungsstellen, wie Mosaik SKF D\u00fcren. <a class=\"external text\" href=\"http:\/\/www.mosaik-dueren.de\" rel=\"nofollow\">www.mosaik-dueren.de<\/a><\/li>\n<li>Betreuungsstellen der Stadt und des Kreises D\u00fcren. Hilfen nach dem Betreuungsgesetz f\u00fcr Vollj\u00e4hrige. Hier k\u00f6nnen Betroffene f\u00fcr bestimmte Lebensbereiche (z. B. Finanzen, Gesundheit, \u00c4mter und Beh\u00f6rden) Unterst\u00fctzung bekommen. Zu finden sind die Stellen im Rathaus und im Kreishaus D\u00fcren.<\/li>\n<li>\u00c4rzte, Psychotherapeuten, Psychologen<\/li>\n<li>Sozialpsychiatrischer Dienst des Gesundheitsamtes, Kreisverwaltung D\u00fcren: Hier gibt es fach\u00e4rztlichen Rat und Hilfe f\u00fcr Erkrankte und Angeh\u00f6rige bei psychischer Erkrankung, Suchterkrankung, AIDS und in Krisensituationen.<\/li>\n<li>Deutsches Rotes Kreuz<\/li>\n<li>LVR Klinik D\u00fcren<\/li>\n<li>Integrationsfachdienst (IFD) D\u00fcren und Aachen: Hier erhalten Schwerbehinderte und von Schwerbehinderung bedrohte Menschen Hilfen zum Thema Arbeitsplatzsicherung und Wiedereingliederung. Es gibt offene Sprechstunden in D\u00fcren jeden 1. und 3. Donnerstag in D\u00fcren von 9 \u2013 12 Uhr, Am Pletzerturm 1. <a class=\"external text\" href=\"http:\/\/www.ifd-dueren.de\" rel=\"nofollow\">www.ifd-dueren.de<\/a><\/li>\n<li>Sozialberater in Betrieben, am Beispiel des Amtsgerichts D\u00fcren: Das Amtsgericht D\u00fcren hat eine \u201eSoziale Ansprechpartnerin\u201c f\u00fcr Mitarbeiter, die sich belastet f\u00fchlen. Den Ursprung findet diese kollegiale Beratung in der Polizeiarbeit. Dort richtete der Justizminister eine solche Stelle ein, weil der Alkoholmissbrauch in den Dienststellen zunahm.<\/li>\n<\/ul>\n<p>Nach der Pause werden weitere Aspekte der \u201eHilfsangebote\u201c er\u00f6rtert. Bzgl. der beruflichen Integration wird benannt, dass es auch m\u00f6glich ist, seine durch die Erkrankung entstandene freie Zeit in Vereine und im Ehrenamt einzubringen und \/ oder Hobbys zu finden. Ein Betroffener berichtet, dass es ein langer Weg f\u00fcr ihn war, er aber mit viel Unterst\u00fctzung seinen Weg gefunden hat (auch wenn es manchmal immer noch schwer ist).<\/p>\n<p>Es wird die Frage: \u201eWo bekomme ich Informationen zu Angeboten\u201c er\u00f6rtert und die Nennungen auf der Flipchart festgehalten:<\/p>\n<ul>\n<li>Internet<\/li>\n<li>Gesundheitsamt<\/li>\n<li>Branchenbuch<\/li>\n<li>Vertrauensw\u00fcrdige Personen, z. B. \u00c4rzte, Angeh\u00f6rige, Sozialarbeiter in der Klinik. Hierzu erkl\u00e4rt Herr Plum von der LVR Klinik D\u00fcren, dass auf den Akutstationen weniger Information und Beratung der Patienten stattfindet, da die Verweildauer dort eher kurz ist. F\u00fcr Informationen zu weiteren Angeboten ist in der Klinik der Sozialdienst zust\u00e4ndig.<\/li>\n<li>Rathaus \/ Kreishaus \/ Polizei<\/li>\n<li>Tageszeitung<\/li>\n<li>Kirchen<\/li>\n<\/ul>\n<p>Es wird festgestellt, dass Betroffene in ihrem (Wohn-) Umfeld Hilfen bei unterschiedlichen Stellen erfragen k\u00f6nnen. Problematisch zeigt sich das durch die Medikation teilweise ver\u00e4nderte Verhalten von Erkrankten. Manche Medikamente vermindern den Antrieb derart, dass kaum Eigenaktion m\u00f6glich ist.<\/p>\n<p>Herr Plum (LVR Klinik) erkl\u00e4rt, dass die Medikation f\u00fcr viele die Basis einer Behandlung ist. Nachfolgend m\u00fcssen weitere Angebote (wie Therapien) folgen. Besonders Schizophrenien verst\u00e4rken sich ohne Medikamente. Bei jedem weiteren \u201eR\u00fcckfall\u201c steigt die Gefahr einer chronischen Erkrankung. Herr Hannen von den Psychiatriepaten spricht an, dass es in Gangelt eine Behandlung von an Schizophrenie Ersterkrankten ohne Medikamente gibt (Soteria).<\/p>\n<p>Abschlie\u00dfend wird festgestellt, dass Angeh\u00f6rige auch Hilfen ben\u00f6tigen. Sie k\u00f6nnen keine Arztgespr\u00e4che f\u00fchren, wenn die betroffenen Familienmitglieder dies nicht w\u00fcnschen. Auch gibt es keine Entlastung im Haushalt wie bei pflegenden Angeh\u00f6rigen. Frau Dangel von der Kette e. V. erkl\u00e4rt, dass im Psychoseseminar vom November 2012 beim Thema \u201eHilfen f\u00fcr Angeh\u00f6rige\u201c \u00fcberlegt wurde, ein Informationsheft f\u00fcr Angeh\u00f6rige zu entwickeln. Hierzu wird es im Juli ein Treffen u. a. mit dem Leiter der Selbsthilfegruppe f\u00fcr Angeh\u00f6rige geben.<\/p>\n<p>F\u00fcr das 2te Halbjahr werden nun weitere Themen festgehalten<\/p>\n<ul>\n<li>Aspekte der Selbststeuerung \u2013 Vorbeugung<\/li>\n<li>Hilfen f\u00fcr Angeh\u00f6rige<\/li>\n<\/ul>\n<p><b>Ca. 20:50 Uhr<\/b><\/p>\n<p>Bedanken bei der Seminargruppe den G\u00e4sten \u2013 Hinweis auf die Sommerpause im Juli \/ August. Der n\u00e4chste Termin findet am 18. September statt. Die Themen stehen voraussichtlich ab Juli auf der Homepage des Psychose \u2013 Seminars. Sie werden auch bei der Kette e. V. Kontakt- und Beratungsstelle ausgeh\u00e4ngt bzw. an alle, die m\u00f6chten. versendet (bitte in die Protokollliste eintragen).<\/p>\n<p>Abschlussrunde:<b> <\/b><\/p>\n<p>Ein Stein wird in die Runde gegeben: Was hat Ihnen diese Veranstaltung gebracht (was nehmen Sie mit? Was lassen Sie hier?) \u2013 Verabschiedung.<\/p>\n","protected":false},"excerpt":{"rendered":"<p>Protokoll des Psychoseseminars vom 19. Juni 2013 von 19.00 \u2013 20:45 Uhr Moderation und Protokoll: Frau Dangel Zun\u00e4chst werden das Auditorium und die anwesenden G\u00e4ste (insbesondere Herr Hannen von den Psychiatriepaten Aachen, Frau Juhle von der Tagesst\u00e4tte der Kette e. V. D\u00fcren, Herr Plum von der LVR Klinik und Frau von den Bos \u2013 Nikolai, [&hellip;]<\/p>\n","protected":false},"author":2,"featured_media":0,"parent":14,"menu_order":-124,"comment_status":"closed","ping_status":"closed","template":"","meta":[],"_links":{"self":[{"href":"https:\/\/www.psychose-seminar.de\/index.php?rest_route=\/wp\/v2\/pages\/298"}],"collection":[{"href":"https:\/\/www.psychose-seminar.de\/index.php?rest_route=\/wp\/v2\/pages"}],"about":[{"href":"https:\/\/www.psychose-seminar.de\/index.php?rest_route=\/wp\/v2\/types\/page"}],"author":[{"embeddable":true,"href":"https:\/\/www.psychose-seminar.de\/index.php?rest_route=\/wp\/v2\/users\/2"}],"replies":[{"embeddable":true,"href":"https:\/\/www.psychose-seminar.de\/index.php?rest_route=%2Fwp%2Fv2%2Fcomments&post=298"}],"version-history":[{"count":0,"href":"https:\/\/www.psychose-seminar.de\/index.php?rest_route=\/wp\/v2\/pages\/298\/revisions"}],"up":[{"embeddable":true,"href":"https:\/\/www.psychose-seminar.de\/index.php?rest_route=\/wp\/v2\/pages\/14"}],"wp:attachment":[{"href":"https:\/\/www.psychose-seminar.de\/index.php?rest_route=%2Fwp%2Fv2%2Fmedia&parent=298"}],"curies":[{"name":"wp","href":"https:\/\/api.w.org\/{rel}","templated":true}]}}