{"id":292,"date":"2013-03-20T19:09:46","date_gmt":"2013-03-20T17:09:46","guid":{"rendered":"https:\/\/psychose-seminar.info\/?page_id=292"},"modified":"2013-03-20T19:09:46","modified_gmt":"2013-03-20T17:09:46","slug":"welche-ehrenamtliche-taetigkeit-gibt-es-fuer-psychisch-erkrankte-was-muss-beachtet-werden","status":"publish","type":"page","link":"https:\/\/www.psychose-seminar.de\/?page_id=292","title":{"rendered":"Welche ehrenamtliche T\u00e4tigkeit gibt es f\u00fcr psychisch Erkrankte? &#8211; Was muss beachtet werden?"},"content":{"rendered":"<p><b>Protokoll des Psychoseseminars vom 20.03.2013 von 19.00 \u2013 20:45 Uhr<\/b><\/p>\n<p>Moderation: Herr Schmidt &#8211; Protokoll: Frau Dangel<\/p>\n<p>Zun\u00e4chst werden das Auditorium und die anwesenden G\u00e4ste (insbesondere Frau Lensing vom Freiwilligenzentrum D\u00fcren) begr\u00fc\u00dft, dann wird das Psychoseseminar vorgestellt und der Ablauf des Seminars mit Pausen und Getr\u00e4nken erkl\u00e4rt.<\/p>\n<p>Einstgestiegen sind wir mit der Frage: \u201eWelche Fragen haben Sie zu ehrenamtlicher T\u00e4tigkeit?\u201c Es werden Karten und Stifte ausgegeben. Pro Karte soll jeweils eine Frage aufgeschrieben werden. Die Karten werden eingesammelt. Dann werden die Karten von der Vorbereitungsgruppe vorgetragen.<\/p>\n<p>Frau Lensing stellt zun\u00e4chst ihre Arbeit vor:<\/p>\n<p>Das Freiwilligenzentrum (FWZ) ist ein e. V. und wurde drei Jahre vom Land gef\u00f6rdert. Jetzt finanziert es sich \u00fcber Beitr\u00e4ge und Spenden. Das FWZ ber\u00e4t seit nunmehr f\u00fcnf Jahren Menschen, die ehrenamtlich t\u00e4tig werden m\u00f6chten. Seit 2010 gibt es \u201ePatEnt\u201c; das bedeutet Partnerschaftliches Engagement f\u00fcr Menschen, die bei der Aus\u00fcbung eines Ehrenamtes unterst\u00fctzt werden m\u00f6chten, z. B. Menschen mit seelischen oder anderen Einschr\u00e4nkungen. Das FWZ hat viele Kontakte zu Einrichtungen, die ehrenamtliche Helfer suchen. Daher kann das FWZ weitgehend passgenau beraten, da es die Erwartungen der \u201eStellen\u201c kennt. In mehreren Beratungsgespr\u00e4chen mit der \/ dem Interessierten wird gemeinsam \u00fcberlegt, welche Stelle passen k\u00f6nnte. Ds FWZ verf\u00fcgt \u00fcber einen Ordner, in dem die vielen M\u00f6glichkeiten, ein Ehrenamt auszu\u00fcben, eingesehen werden k\u00f6nnen. Die Art und der Umfang des Ehrenamts richten sich nach den Interessen und F\u00e4higkeiten des \u201eBewerbers\u201c. Wichtig ist die Zuverl\u00e4ssigkeit des Bewerbers. Wichtig ist Frau Lensing, dass Ehrenamt keine andere Stelle ersetzten darf. Dies m\u00fcssen die Einrichtungen, die Ehrenamtler besch\u00e4ftigen, unterschreiben.<\/p>\n<p>Im Folgenden werden die gestellten Fragen hier dargestellt:<\/p>\n<p><b>1. Wie k\u00f6nnen Stellen transparent gemacht werden? (z. B. Internet)<\/b><\/p>\n<p>Das FWZ stellt Stellen online. Diese k\u00f6nnen unter www.freiwilligenzentrum.de eingesehen werden. Frau Lensing r\u00e4t aber zu einem pers\u00f6nlichen Gespr\u00e4ch, weil dann auf die Interessen und F\u00e4higkeiten besser eingegangen werden kann. Es k\u00f6nnen Stellen ausprobiert werden, wenn eine Unsicherheit besteht. Auch kommt Frau Lensing in Einrichtungen und stellt dort ihre Arbeit vor. Sie ber\u00e4t auch in Einrichtungen interessierte Bewerber. Betreuer k\u00f6nnen Bewerber im Gespr\u00e4ch begleiten. Das FWZ bekommt Stellen auch von \u201egro\u00dfen Einrichtungen\u201c wie dem LVR oder der Caritas gemeldet.<\/p>\n<p>Zus\u00e4tzlich gibt es Stellen in Zeitungen, bei Informationsveranstaltungen, bei Vereinen und Tr\u00e4gern kann nachgefragt werden; einige gro\u00dfe Tr\u00e4ger wie die Caritas haben auch ihre Stellen auch online gestellt.<\/p>\n<p>Bei Stadt und Kreis D\u00fcren gibt es keine Ehrenamtsvermittlung. Hier gibt es eine Auszeichnung f\u00fcr Ehrenamtler. Allerh\u00f6chstens gibt es eine Senioren \u2013 Kontakt \u2013 Stelle.<\/p>\n<p><b>2. Warum melden nicht alle Eirichtungen ihre freien Stellen?<\/b><\/p>\n<p>Weil diese das nicht w\u00fcnschen. Es gibt keine Verpflichtung, freie Stellen bzgl. des Ehrenamts zu melden.<\/p>\n<p><b>3. Ehrenamt mit Aufwandsentsch\u00e4digung: Wie viel darf man bekommen (Rente, Krankengeld, ALG, Steuer?)<\/b><\/p>\n<p>Als Ehrenamt versteht Frau Lensing eine unentgeltliche T\u00e4tigkeit. Es gibt eine Kostenerstattung f\u00fcr tats\u00e4chlich entstandene Kosten wie z. B. Busfahrt, Cafebegleitung \u2026 . Die jeweilige Einrichtung bestimmt die Kostenerstattung; nicht das FWZ.<\/p>\n<p>Eine Aufwandsentsch\u00e4digung wird gezahlt ohne Belege \u2013 f\u00fcr die investierte (Lebens-) Zeit im Ehrenamt. Daf\u00fcr sieht sich das FWZ nicht zust\u00e4ndig, weil es ihrem Verst\u00e4ndnis nach dann um \u201eArbeitsvermittlung\u201c geht.<\/p>\n<p>Bei ehrenamtlichen T\u00e4tigkeit im Sport (z. B. \u00dcbungsleiter) sind 2400\u20ac im Jahr steuerfrei. Bei ALG I und II d\u00fcrfen bis 100\u20ac voll einbehalten werden. Bei Rentenbezug d\u00fcrfen 450\u20ac anrechnungsfrei hinzuverdient werden. Diese Angaben sind bitte im SGB und \/ oder bei den entsprechenden Stellen (Job Com, Rentenversicherung, Krankenkasse) nachzufragen.<\/p>\n<p>Ehrenamtler sind immer \u00fcber die Einrichtung haftpflicht- und unfallversichert. Wenn das nicht m\u00f6glich sein sollte ist eine Versicherung \u00fcber die Landesversicherung m\u00f6glich. Auskunft hierzu gibt Frau Lensing.<\/p>\n<p>Private Nachbarschaftshilfe ist nicht versichert und wird vom FWZ nicht vermittelt.<\/p>\n<p><b>4. Wo kann ich etwas machen?<\/b><\/p>\n<p>Die M\u00f6glichkeiten, ein Ehrenamt auszu\u00fcben sind vielf\u00e4ltig. Orientieren sollte sich die T\u00e4tigkeit am eigenen Interesse. Es gibt M\u00f6glichkeiten im Bericht Technik, z. B. beim B\u00f6rde Express, in Kinderg\u00e4rten, beim Gartenbau und vieles mehr.<\/p>\n<p><b>5. Wie kann ich wissen, ob das Ehrenamt f\u00fcr mich passt?<\/b><\/p>\n<p>Es gibt eine sogenannte \u201eSchnupperzeit\u201c, d. h. es kann drei bis f\u00fcnf Mal ausprobiert werden, ob es die richtige Stelle ist.<\/p>\n<p>Es besteht keine Pflicht eine psychische Erkrankung oder Beeintr\u00e4chtigung der Institution zu benennen. Das FWZ unterliegt der Schweigepflicht.<\/p>\n<p>Das FWZ ist f\u00fcr den gesamten Kreis D\u00fcren zust\u00e4ndig. Wenn jemand nicht in seinem nahen Wohnumfeld ein Ehrenamt aus\u00fcben m\u00f6chte, kann diese auch im gesamten Kreisgebiet stattfinden.<\/p>\n<p><b>6. Bedeutet ehrenamtlich automatisch unentgeltlich?<\/b><\/p>\n<p>Siehe Antwort 3. Angemerkt wurde hier die Diskrepanz, dass politisch engagierte Menschen eine sehr hohe Aufwandsentsch\u00e4digung bekommen.<\/p>\n<p><b>7. Was bringt ein Ehrenamt?<\/b><\/p>\n<p>Ein Betroffener berichtet, dass ihm das Ehrenamt Halt gegeben hat; es aber ohne \u00e4rztliche Hilfe f\u00fcr ihn nicht m\u00f6glich war. Er war lange in einem Blasorchester aktiv.<\/p>\n<p>Durch ein Ehrenamt wird Tagesstruktur gegeben, man bekommt Anerkennung und soziale Kontakte. Es gibt das positive Gef\u00fchl, wieder Teil der Gesellschaft zu sein.<\/p>\n<p>Es gibt eine Ehrung von Stadt und Kreis D\u00fcren von langj\u00e4hrig T\u00e4tigen im Ehrenamt.<\/p>\n<p>Auch das Psychoseseminar ist nur durch ehrenamtliche Arbeit m\u00f6glich. Die Vorbereitungsgruppe besteht zu drei Viertel aus Ehrenamtlern und zu einem Viertel aus einer hauptamtlichen Mitarbeiterin der Kette e. V.<\/p>\n<p><b>8. Warum werden gewillte Ehrenamtler so oft abgelehnt?<\/b><\/p>\n<p>Es kann z. B. in einer Einrichtung zu einer falschen Entscheidung kommen oder ein hauptamtlicher Mitarbeiter hat Angst um seine Stelle.<\/p>\n<p>Alle ehrenamtlich T\u00e4tigen haben das Recht auf eine korrekte Begleitung, z. B. durch das Freiwilligenzentrum.<\/p>\n<p>Abschlie\u00dfend wird darauf hingewiesen, wo es ehrenamtliche T\u00e4tigkeiten im Hinblick auf psychische Erkrankung gibt:<\/p>\n<ul>\n<li>LVR Klinik Besucherdienst in der Psychiatrie \/ Patientencafe \u2013 hier findet ab dem 22.03. 2013 eine Schulung f\u00fcr Interessierte in der LVR Klinik statt. Ansprechpartner sind: Frau van den Bos \u2013 Nikolai, katholischen Klinikseelsorge, Tel.: 02421 \/ 402212 und Pfarrerin U. Grab von der evangelischen Klinikseelsorge, Tel.: 02421 \/ 402634.<\/li>\n<\/ul>\n<p>Hierzu berichtet ein Betroffener, dass ihm beim Bewerbungsgespr\u00e4ch in der LVR Klinik mitgeteilt wurde, dass er nicht bei diesen Besucherdienst t\u00e4tig werden kann, da er in der Ambulanz der Klinik selber medizinisch versorgt wird. Warum dies so geregelt ist, hat der Betroffene nicht weiter nachgefragt.<\/p>\n<p>Zur Ansicht liegen ein Exemplar \u201eEngagement\u201c des LVR auf dem Infotisch, ein Zeitungsartikel, der den o. g. Besucherdienst beschreibt, und ein Artikel \u00fcber eine ehrenamtliche T\u00e4tigkeit in einem Second Hand Laden der Caritas in Kreuzau sowie die Flyer des FWZ, der Kette e. V. und das Programm des Psychoseseminars sowie Literatur aus.<\/p>\n<p>Das FWZ weist noch mit einem weiterem Flyer auf eine Veranstaltung am 20.04.2013 hin: \u201eGemeinsam aktiv als Teil des Ganzen\u201c. Voranmeldung und Information unter: 02421 \/ 2600123<\/p>\n<p>Die Vorbereitungsgruppe bedankt sich bei den Teilnehmenden des Seminars und besonders dem Gast, Frau Lensing. Es wird der Hinweis auf das n\u00e4chste Seminar am: 17. April 2013 gegeben; mit dem Thema: \u201eWerden k\u00f6rperlichen Ursachen von Psychosen bei der Diagnose ber\u00fccksichtigt \u2013 Welche gibt es? \u201c<\/p>\n<p>Bei der Abschlussrunde wird ein Stein in die Runde gegeben. Jede \/ r, der m\u00f6chte, sagt was Ihm diese Veranstaltung gebracht hat.<\/p>\n","protected":false},"excerpt":{"rendered":"<p>Protokoll des Psychoseseminars vom 20.03.2013 von 19.00 \u2013 20:45 Uhr Moderation: Herr Schmidt &#8211; Protokoll: Frau Dangel Zun\u00e4chst werden das Auditorium und die anwesenden G\u00e4ste (insbesondere Frau Lensing vom Freiwilligenzentrum D\u00fcren) begr\u00fc\u00dft, dann wird das Psychoseseminar vorgestellt und der Ablauf des Seminars mit Pausen und Getr\u00e4nken erkl\u00e4rt. Einstgestiegen sind wir mit der Frage: \u201eWelche Fragen [&hellip;]<\/p>\n","protected":false},"author":2,"featured_media":0,"parent":14,"menu_order":-121,"comment_status":"closed","ping_status":"closed","template":"","meta":[],"_links":{"self":[{"href":"https:\/\/www.psychose-seminar.de\/index.php?rest_route=\/wp\/v2\/pages\/292"}],"collection":[{"href":"https:\/\/www.psychose-seminar.de\/index.php?rest_route=\/wp\/v2\/pages"}],"about":[{"href":"https:\/\/www.psychose-seminar.de\/index.php?rest_route=\/wp\/v2\/types\/page"}],"author":[{"embeddable":true,"href":"https:\/\/www.psychose-seminar.de\/index.php?rest_route=\/wp\/v2\/users\/2"}],"replies":[{"embeddable":true,"href":"https:\/\/www.psychose-seminar.de\/index.php?rest_route=%2Fwp%2Fv2%2Fcomments&post=292"}],"version-history":[{"count":0,"href":"https:\/\/www.psychose-seminar.de\/index.php?rest_route=\/wp\/v2\/pages\/292\/revisions"}],"up":[{"embeddable":true,"href":"https:\/\/www.psychose-seminar.de\/index.php?rest_route=\/wp\/v2\/pages\/14"}],"wp:attachment":[{"href":"https:\/\/www.psychose-seminar.de\/index.php?rest_route=%2Fwp%2Fv2%2Fmedia&parent=292"}],"curies":[{"name":"wp","href":"https:\/\/api.w.org\/{rel}","templated":true}]}}