{"id":264,"date":"2011-05-18T18:09:50","date_gmt":"2011-05-18T16:09:50","guid":{"rendered":"https:\/\/psychose-seminar.info\/?page_id=264"},"modified":"2011-05-18T18:09:50","modified_gmt":"2011-05-18T16:09:50","slug":"psychose-und-trauma-erfahrung-kann-eine-trauma-therapie-helfen","status":"publish","type":"page","link":"https:\/\/www.psychose-seminar.de\/?page_id=264","title":{"rendered":"Psychose und Trauma Erfahrung &#8211; kann eine Trauma \u2013 Therapie helfen?"},"content":{"rendered":"<p><b>Protokoll des Psychoseseminars vom 18.05.2011 von 19.00 \u2013 21:00 Uhr<\/b><\/p>\n<p>Moderation und Protokoll: Frau Dangel<\/p>\n<p>Zun\u00e4chst erfolgt die Begr\u00fc\u00dfung des Auditoriums und der G\u00e4ste, insbesondere des Herrn Dr. Hinueber, Alexianer Krankenhaus Aachen.<\/p>\n<p>Anschlie\u00dfend stellte Herr Schmidt das Psychoseseminar vor. Hier ergab sich die Frage warum das Seminar \u201ePsychoseseminar\u201c hei\u00dft, und dass dieser Begriff einige Menschen abh\u00e4lt das Seminar zu besuchen, da angenommen wird, dass es sich thematisch immer und ausschlie\u00dflich um Psychosen handelt.<\/p>\n<p>Herr Dr. Hinueber kl\u00e4rte auf, dass der Begriff Psychose als Oberbegriff f\u00fcr Schizophrenie und affektive Erkrankungen wie Depression steht. Eine Aufkl\u00e4rung \u00fcber Psychosen findet regelm\u00e4\u00dfig f\u00fcr Angeh\u00f6rige und Patienten \/ innen im Alexianer Aachen unter dem Titel \u201ePsychoedukation\u201c statt. Telefon: 0241 \/ 47701-0.<\/p>\n<p>Anschlie\u00dfend wurden zum Thema \u201ePsychose und Trauma \u2013 Erfahrung \u2013 kann eine Trauma \u2013 Therapie helfen?\u201c unterschiedliche Fragestellungen und Aspekte miteinander besprochen.<\/p>\n<p>Der Einstieg fand \u00fcber die Fragestellung: \u201eWas ist f\u00fcr Sie ein Trauma\u201c statt. Es wurden Aussagen und Begriffe auf Karten gesammelt. In drei Bereiche wurden die Aussagen anschlei\u00dfend eingeteilt:<\/p>\n<p>Die Diskussion zu dieser Aufz\u00e4hlung ergab folgende Aussagen:<\/p>\n<ul>\n<li>Trauma (griechisch) bedeutet Verletzung.<\/li>\n<li>Ein psychotischer Schub kann als Trauma erlebt werden, z. B. wenn man sich verfolgt f\u00fchlt. Erst wenn die Medikamente wirken, kann man davon Abstand nehmen.<\/li>\n<li>Es gibt in der Chirurgie eine Traumatologie, z. B. f\u00fcr Verletze nach einen Autounfall.<\/li>\n<li>Trauma -Therapeuten sind f\u00fcr seelische Traumata zust\u00e4ndig.<\/li>\n<li>Jede Person bew\u00e4ltigt Erlebtes anders. Welche Bew\u00e4ltigungsmechanismen die Person hat und nutzt ist individuell.<\/li>\n<li>Traumatisierend f\u00fcr Kinder k\u00f6nnen die nicht verarbeiteten (Kriegs-) Erlebnisse der Eltern sein, bzw. wie sie diese in der Erziehung auf die Kinder \u00fcbertragen.<\/li>\n<li>Machtmissbrauch kann traumatisierend sein, besonders wenn eine lange Vertrauensbeziehung bestand.<\/li>\n<li>Das Gegenteil von Trauma ist Unversehrtheit oder Balance.<\/li>\n<li>Es gibt Formen der Vorbereitung auf Traumata, z. B. bei Soldaten. Es ist aber nicht m\u00f6glich alle Gef\u00fchle auszublenden.<\/li>\n<li>Drogen als Eigentherapie bei Traumata k\u00f6nnen angstbek\u00e4mpfend wirken, k\u00f6nnen aber auch Psychosen verursachen.<\/li>\n<li>Scham bei Traumata ist oft ein Tabu (sich und \/ oder anderen die Schuld zu geben \u2013 z. B. den Eltern).<\/li>\n<li>Schlechte Erinnerungen (Flasch Backs) k\u00f6nnen Trauma wieder hervorholen, z. B. bei Suizidversuchen.<\/li>\n<li>Station\u00e4re Aufenthalte k\u00f6nnen traumatisch sein (angef\u00fchrt wurde hier die Station 11 \u2013 Akutstation &#8211; der LVR Klinik).<\/li>\n<li>F\u00fcr Zugf\u00fchrer, die sogenannte \u201ePersonensch\u00e4den\u201c (Suizid) erleben, werden vom Dienst freigestellt und erhalten therapeutischen Beistand.<\/li>\n<\/ul>\n<p><b>Zur Trauma &#8211; Therapie bei psychisch bedingten Traumata:<\/b><\/p>\n<p>Eine Besucherin des Seminars berichtete, dass ihre Trauma &#8211; Therapie aus drei Bausteinen bestand:<\/p>\n<ul>\n<li>1. Gespr\u00e4chskreis<\/li>\n<li>2. Kunsttherapie<\/li>\n<li>3. Feldenkrais (Entspannungstechnik \/ K\u00f6rperwahrnehmung)<\/li>\n<\/ul>\n<p>Dr. Hinueber erkl\u00e4rte, dass Trauma \u2013 Therapien sich an den Symptomen orientieren. Ein Trauma kann auch eine Psychose ausl\u00f6sen. Ob eine Psychose ausgel\u00f6st wird hat unterschiedliche Faktoren: Zum einen ist z. B. Schizophrenie vererbbar. Zum anderen k\u00f6nnen besonders schwerwiegende Ereignisse \/ Erlebnisse wie Geburtstrauma, Drogenkonsum (in der Schwangerschaft), Medikamenten- missbrauch, auch Infektionen in der Schwangerschaft + schwerwiegende pers\u00f6nliche Problemlagen (wie z. B. Probleme beim \u00dcbergang der Lebensphasen) Psychosen ausl\u00f6sen. Der \/ die Betroffene entwickelt dann eine Wahnwelt, in der \u00c4ngste herrschen. Bei einer Psychose wird immer zuerst auf eine Ent\u00e4ngstigung hingearbeitet. Ein Problem ist, dass im Akutzustand in Kliniken oftmals f\u00fcr Betroffene eine Reiz\u00fcberflutung stattfindet. Hier f\u00fchrte Herr Dr. Hinueber die <a class=\"external text\" href=\"http:\/\/de.wikipedia.org\/wiki\/Soteria\" rel=\"nofollow\">SOTERIA<\/a> auf: Es wurden Menschen in der Psychose au\u00dferhalb einer Klinik in einem ruhigen Gebiet in Wohnbungalows von Nichtfachleuten durch die Psychose ohne Medikamente begleitet. Erst nach der akuten Phase der Psychose kann eine Therapie beginnen. Ein Problem ist, dass Trauma \u2013 Kliniken und Trauma \u2013 Ambulanzen keine Psychotiker aufnehmen. Aachen und auch Krefeld sind als Trauma \u2013 Kliniken zu empfehlen.<\/p>\n<p>Ein Betroffener erkl\u00e4rte, dass es f\u00fcr Psychotiker oftmals nicht gut passen w\u00fcrde therapeutisch zu arbeiten, damit die \u201ekopfm\u00e4\u00dfige\u201c Belastung nicht zu gro\u00df w\u00fcrde.<\/p>\n<p>Als weitere Therapiem\u00f6glichkeit wurde von einer Angeh\u00f6rigen genannt: Atemtherapie zusammen mit Angeh\u00f6rigen.<\/p>\n<p>Ein Betroffener berichtete, dass er mehrfach erlebt hat, dass er Angst hatte die Klinik zu verlassen und dann bei den \u00c4rzten angegeben hat, er sei suizidgef\u00e4hrdet, nur um in der Klinik (im gesch\u00fctzten Rahmen) zu bleiben.<\/p>\n<p>Das Problem der Nachsorge und des \u00dcbergangsmanagement wird im Alexianer AC so gel\u00f6st, dass die Station zur Tagesklinik f\u00fcr die Patienten wird, die entlassen werden.<\/p>\n<p><b>Zur Trauma &#8211; Therapie bei k\u00f6rperlichen Traumata:<\/b><\/p>\n<p>Es wird station\u00e4r oder ambulant verhaltenstherapeutisch gearbeitet. Durch Entspannung wird die traumatisierte Person stabilisiert. In der nachfolgenden Therapie wird das Trauma nicht mehr ganz durchlebt. Bei sexuellem Missbrauch kann erst dann mit der Therapie begonnen werden, wenn kein T\u00e4terkontakt mehr besteht.<\/p>\n<p>Zur Trauma \u2013 Therapie gibt es im Internet folgenden Link: <a href=\"http:\/\/www.traumatherapie.org\" class=\"external\" rel=\"nofollow\">www.traumatherapie.org<\/a><\/p>\n<p><b>Abschlussrunde:<\/b><\/p>\n<p>In der abschlie\u00dfenden Runde wurde das Seminar als positiv bewertet. Gew\u00fcnscht wurde sich, noch mehr Information zur Trauma Therapie und zum Umgang mit Betroffenen und Angeh\u00f6rigen zu bekommen \u2013 vielleicht in einem weiteren Seminar.<\/p>\n<hr \/>\n<p><b>Literaturempfehlungen von Frau Sieburg:<\/b><\/p>\n<p>Johann Cullberg<\/p>\n<p>Therapie der Psychosen<\/p>\n<p>(Ein interdisziplin\u00e4rer Ansatz)<\/p>\n<p>Psychiatrie Verlag<\/p>\n<hr \/>\n<p>Luise Reddemann<\/p>\n<p>Imagination als heilsame Kraft<\/p>\n<p>(Zur Behandlung von Traumafolgen mit ressourcenorientierten Verfahren)<\/p>\n<p>Pfeiffer bei Klett-Cotta<\/p>\n<hr \/>\n<p>Luise Reddemann, Cornelia Dehner-Rau<\/p>\n<p>Trauma<\/p>\n<p>(Trauma erkennen, \u00fcberwinden und an ihnen wachsen)<\/p>\n<p>Trias Verlag<\/p>\n<hr \/>\n<p>Peter A. Levine mit Ann Frederick<\/p>\n<p>Trauma-Heilung<\/p>\n<p>(Das Erwachen des Tigers)<\/p>\n<p>Synthesis<\/p>\n<hr \/>\n","protected":false},"excerpt":{"rendered":"<p>Protokoll des Psychoseseminars vom 18.05.2011 von 19.00 \u2013 21:00 Uhr Moderation und Protokoll: Frau Dangel Zun\u00e4chst erfolgt die Begr\u00fc\u00dfung des Auditoriums und der G\u00e4ste, insbesondere des Herrn Dr. Hinueber, Alexianer Krankenhaus Aachen. Anschlie\u00dfend stellte Herr Schmidt das Psychoseseminar vor. Hier ergab sich die Frage warum das Seminar \u201ePsychoseseminar\u201c hei\u00dft, und dass dieser Begriff einige Menschen [&hellip;]<\/p>\n","protected":false},"author":2,"featured_media":0,"parent":14,"menu_order":-107,"comment_status":"closed","ping_status":"closed","template":"","meta":[],"_links":{"self":[{"href":"https:\/\/www.psychose-seminar.de\/index.php?rest_route=\/wp\/v2\/pages\/264"}],"collection":[{"href":"https:\/\/www.psychose-seminar.de\/index.php?rest_route=\/wp\/v2\/pages"}],"about":[{"href":"https:\/\/www.psychose-seminar.de\/index.php?rest_route=\/wp\/v2\/types\/page"}],"author":[{"embeddable":true,"href":"https:\/\/www.psychose-seminar.de\/index.php?rest_route=\/wp\/v2\/users\/2"}],"replies":[{"embeddable":true,"href":"https:\/\/www.psychose-seminar.de\/index.php?rest_route=%2Fwp%2Fv2%2Fcomments&post=264"}],"version-history":[{"count":0,"href":"https:\/\/www.psychose-seminar.de\/index.php?rest_route=\/wp\/v2\/pages\/264\/revisions"}],"up":[{"embeddable":true,"href":"https:\/\/www.psychose-seminar.de\/index.php?rest_route=\/wp\/v2\/pages\/14"}],"wp:attachment":[{"href":"https:\/\/www.psychose-seminar.de\/index.php?rest_route=%2Fwp%2Fv2%2Fmedia&parent=264"}],"curies":[{"name":"wp","href":"https:\/\/api.w.org\/{rel}","templated":true}]}}