{"id":250,"date":"2010-06-16T17:46:58","date_gmt":"2010-06-16T15:46:58","guid":{"rendered":"https:\/\/psychose-seminar.info\/?page_id=250"},"modified":"2010-06-16T17:46:58","modified_gmt":"2010-06-16T15:46:58","slug":"soteria-was-ist-das-und-fuer-wen-ist-dies-geeignet","status":"publish","type":"page","link":"https:\/\/www.psychose-seminar.de\/?page_id=250","title":{"rendered":"Soteria \u2013 Was ist das und f\u00fcr wen ist dies geeignet?"},"content":{"rendered":"<p>Protokoll des Psychoseseminars vom 16.06.2010 von 19.00 \u2013 20.45 Uhr<\/p>\n<p>Protokollant\/in: Hr. Schmidt<\/p>\n<p>Zun\u00e4chst erfolgt die Begr\u00fc\u00dfung des Auditoriums sowie der anwesenden G\u00e4ste. Vorstellung des Psychoseseminars. Hr. Dr. Hin\u00fcber konnte leider kurzfristig nicht teilnehmen, so dass das Thema etwas abge\u00e4ndert wurde.<\/p>\n<p><b>1. Was w\u00fcrden Sie gerne auf einer normalen psychiatrischen Station ver\u00e4ndern wollen? Welche Erfahrungen haben Sie gemacht?<\/b><\/p>\n<p>Es wurde gesagt:<\/p>\n<ul>\n<li>Fixierung und Gewalt. Sollte der Fixierraum \u00f6ffentlich sein oder ist der Schutz der Privatssp\u00e4hre des Patienten h\u00f6her anzusetzen. Ein \u00f6ffentlicher Zugang w\u00fcrde den Mythos verringern.<\/li>\n<li>unruhige, laute Station<\/li>\n<li>\u00dcberbelegung<\/li>\n<li>wenig Personal<\/li>\n<li>B\u00fcrokratie<\/li>\n<li>wenig Zeit<\/li>\n<li>zus\u00e4tzliche Probleme bei Blinden oder anderen Behinderungen ist die Kommunikation. Orientierungslosigkeit und wenig Aufkl\u00e4rung.<\/li>\n<li>Besch\u00e4ftigung auf Station und in der Therapie sehr einseitig.<\/li>\n<li>Die Behandlungsvereibahrung wird nicht oder viel zu sp\u00e4t gelesen, so dass es zur falschen Medikation kam.<\/li>\n<li>Das Ausprobieren von Medikamenten und die hohe Dosierung.<\/li>\n<\/ul>\n<p><b>2. Was bietet die Soteria?<\/b><\/p>\n<ul>\n<li>Was w\u00e4hre Ihnen wichtig? &#8211; Der Patient wird gefragt<\/li>\n<li>Kleine Station, etwa 10 Leute mit zwei Betreuern<\/li>\n<li>Statt mit hoher, erst mit geringer Dosis der Medikation anfangen<\/li>\n<li>Soteria ist keine geschlossene Station<\/li>\n<li>Begleitung von Anfang an m\u00f6glich, Angeh\u00f6hrige, sogar Kinder k\u00f6nnen dabei sein.<\/li>\n<li>k\u00fcrzere Aufenthalte, trotz 24 Stunden Betreuung<\/li>\n<li>es gibt ein weiches Zimmer<\/li>\n<\/ul>\n<p><b>3. Welche Probleme gibt es?<\/b><\/p>\n<p>Es werden sowohl eher wenig akute, als auch von anderen Stationen vorbehandelte Patienten aufgenommen. Eine direkte Aufnahme kann in einer Behandlungsvereinbahrung geregelt werden, wenn man nicht im Einzugsgebiet wohnt.<\/p>\n<p><b>4. Was kann in der LVR Klinik in D\u00fcren \u00fcbernommen werden?<\/b><\/p>\n<p>Die Behandlungsvereinbahrung sollte im IT-System sofort ersichtlich sein. Veraltete oder zur\u00fcckgezogene Behandlungsvereinbarungen sollten deutlich als solche gekennzeichnet oder gleich ganz gel\u00f6scht werden. Sie sollte schon bei der Aufnahme gelesen werden.<\/p>\n<p>Im allgemeine ist schon lange eine Geb\u00e4udesanierung f\u00e4llig, um schon mal optisch eine Verbesserung zu erzielen.<\/p>\n","protected":false},"excerpt":{"rendered":"<p>Protokoll des Psychoseseminars vom 16.06.2010 von 19.00 \u2013 20.45 Uhr Protokollant\/in: Hr. Schmidt Zun\u00e4chst erfolgt die Begr\u00fc\u00dfung des Auditoriums sowie der anwesenden G\u00e4ste. Vorstellung des Psychoseseminars. Hr. Dr. Hin\u00fcber konnte leider kurzfristig nicht teilnehmen, so dass das Thema etwas abge\u00e4ndert wurde. 1. Was w\u00fcrden Sie gerne auf einer normalen psychiatrischen Station ver\u00e4ndern wollen? Welche Erfahrungen [&hellip;]<\/p>\n","protected":false},"author":2,"featured_media":0,"parent":14,"menu_order":-100,"comment_status":"closed","ping_status":"closed","template":"","meta":[],"_links":{"self":[{"href":"https:\/\/www.psychose-seminar.de\/index.php?rest_route=\/wp\/v2\/pages\/250"}],"collection":[{"href":"https:\/\/www.psychose-seminar.de\/index.php?rest_route=\/wp\/v2\/pages"}],"about":[{"href":"https:\/\/www.psychose-seminar.de\/index.php?rest_route=\/wp\/v2\/types\/page"}],"author":[{"embeddable":true,"href":"https:\/\/www.psychose-seminar.de\/index.php?rest_route=\/wp\/v2\/users\/2"}],"replies":[{"embeddable":true,"href":"https:\/\/www.psychose-seminar.de\/index.php?rest_route=%2Fwp%2Fv2%2Fcomments&post=250"}],"version-history":[{"count":0,"href":"https:\/\/www.psychose-seminar.de\/index.php?rest_route=\/wp\/v2\/pages\/250\/revisions"}],"up":[{"embeddable":true,"href":"https:\/\/www.psychose-seminar.de\/index.php?rest_route=\/wp\/v2\/pages\/14"}],"wp:attachment":[{"href":"https:\/\/www.psychose-seminar.de\/index.php?rest_route=%2Fwp%2Fv2%2Fmedia&parent=250"}],"curies":[{"name":"wp","href":"https:\/\/api.w.org\/{rel}","templated":true}]}}