{"id":242,"date":"2010-03-17T17:34:19","date_gmt":"2010-03-17T15:34:19","guid":{"rendered":"https:\/\/psychose-seminar.info\/?page_id=242"},"modified":"2010-03-17T17:34:19","modified_gmt":"2010-03-17T15:34:19","slug":"psychose-und-psychotherapie-wann-und-wie","status":"publish","type":"page","link":"https:\/\/www.psychose-seminar.de\/?page_id=242","title":{"rendered":"Psychose und Psychotherapie &#8211; Wann und Wie?"},"content":{"rendered":"<p><b>Protokoll des Psychoseseminars vom 17.03.2010 von 19.00 \u2013 20.45 Uhr<\/b><\/p>\n<p>Protokollant\/in: Fr. Mischke<\/p>\n<p>Zun\u00e4chst erfolgt die Begr\u00fc\u00dfung des Auditoriums und von Fr. Dr. K\u00f6rdel<\/p>\n<p><b>1.Welche Psychotherapien sind Ihnen bekannt?<\/b><\/p>\n<p>(jeder schreibt diese Therapieform auf eine Karte und legt diese in die Mitte des Kreises)<\/p>\n<p>Genannt wurden:<\/p>\n<ul>\n<li>Gespr\u00e4chspsychotherapie<\/li>\n<li>Station\u00e4re Behandlung<\/li>\n<li>Verhaltentherapie<\/li>\n<li>Einzel-u. Gruppentherapie<\/li>\n<li>Familientherapie<\/li>\n<li>Psychodynamische Psychotherapie<\/li>\n<li>Kreativtherapie<\/li>\n<li>Entspannungstherapie<\/li>\n<li>Analytische\/ Tiefenpsychologische Therapie<\/li>\n<li>Systemische Therapie<\/li>\n<li>NLP (Neurolinguistisches Programmieren)<\/li>\n<li>Tageklinikaufenthalt mit Gespr\u00e4chstherapie<\/li>\n<li>Selbsttherapie<\/li>\n<li>Eigentherapie mit Alkohol wegen d\u00e4mpfender Wirkung der psychotischen Symptome<\/li>\n<\/ul>\n<p><b>2.Sind alle genannten Therapieformen bekannt?<\/b><\/p>\n<p>(f\u00fcr alle Anwesenden werden die einzelnen Therapieformen erkl\u00e4rt)<\/p>\n<p><b>Gespr\u00e4chspsychotherapie:<\/b><\/p>\n<p>Der Begriff Gespr\u00e4chstherapie ist mehrdeutig. Verwendet wird er f\u00fcr: jede Form der Psychotherapie, bei der das Gespr\u00e4ch im Vordergrund steht, aber auch als Synonym oder ungenaue Kurzbezeichnung f\u00fcr die Klientenzentrierte Psychotherapie nach Rogers: Bei dieser Therapieform steht der hilfesuchende Mensch mit seinen jeweiligen Gef\u00fchlen, W\u00fcnschen, Wertvorstellungen und Zielen im Mittelpunkt der therapeutischen Interaktion. Die Sichtweise des Therapeuten sollte dabei in den Hintergrund treten, Ratschl\u00e4ge und Bewertungen sind zu vermeiden (nicht-direktives Verhalten). Eine der Besonderheiten der Methode liegt in der R\u00fcckmeldung des vom Klienten ausgedr\u00fcckten emotionalen Inhaltes seiner Aussagen ohne jede Verf\u00e4lschung mit anderen Worten (aktives Zuh\u00f6ren; Empathie). Dadurch wird der Klient immer weiter in seine eigene Wahrnehmung gef\u00fchrt, oft bis an die Antworten, die er im Alltag nicht auszusprechen wagt oder derer er sich nicht bewusst werden konnte.<\/p>\n<p><b>Verhaltenstherapie:<\/b><\/p>\n<p>Mit Verhaltenstherapie (VT) wird ein ganzes Spektrum von Formen der Psychotherapie benannt. Alle Therapieformen haben den gleichen Grundsatz, dass die Hilfe zur Selbsthilfe f\u00fcr den Patienten im Mittelpunkt stehen soll, ihm nach Einsicht in Ursachen und Entstehungsgeschichte seiner Probleme Methoden (z.B. Denk &#8211; u. Handlungsmuster) an die Hand gegeben werden sollen, mit denen er zuk\u00fcnftig besser zurecht kommt.<\/p>\n<p><b>Einzel -u. Gruppentherapie:<\/b><\/p>\n<p>Gruppenpsychotherapie nutzt die in einer Gruppe auftretenden speziellen Gruppenph\u00e4nomene (Gruppendynamik, \u00dcbertragung, Gegen\u00fcbertragung) mit, die aufkommen, indem mehrere Patienten in der Gruppe behandelt werden. In einer Einzeltherapie findet die Therapie allein zwischen Therapeut und Klient statt.<\/p>\n<p><b>Familientherapie:<\/b><\/p>\n<p>Familientherapie ist ein Verfahren der Psychotherapie und der psychologischen Beratung f\u00fcr Paare und Familien. In der Familientherapie werden positive Ver\u00e4nderungen und Entwicklungen der Beziehungen zwischen den Mitgliedern von Familien angestrebt. Somit k\u00f6nnen krankheitsausl\u00f6sende Faktoren minimiert werden. Dabei wird betont, dass die Qualit\u00e4t der Kommunikation zwischen den Familienmitgliedern ein wesentlicher Faktor f\u00fcr die psychische Gesundheit der einzelnen Mitglieder ist.<\/p>\n<p><b>Psychodynamische Psychotherapie:<\/b><\/p>\n<p>Der Begriff der psychodynamischen Therapien fasst alle Methoden zusammen, die auf einem analytischen Wege funktionieren. Dazu geh\u00f6ren die Anfang des 20. Jahrhunderts von Sigmund Freud entwickelte Psychoanalyse sowie die tiefenpsychologisch fundierte Psychotherapie<\/p>\n<p><b>Analytische Therapie:<\/b><\/p>\n<p>Analytische Psychotherapie ist eine tiefenpsychologische Therapieform, die davon ausgeht, dass traumatische Erfahrungen, Entwicklungshemmungen und unverarbeitete Konflikte zu seelischen und k\u00f6rperlichen Erkrankungen f\u00fchren k\u00f6nnen. Die Ursache unverarbeiteter seelischer Konflikte und St\u00f6rungen des Selbstwertgef\u00fchls liegen meist in pr\u00e4genden Lernerfahrungen aus der Vergangenheit, auch wenn dies in einer aktuell belastenden Situation nicht immer bewusst wahrgenommen werden kann. Aufgabe der analytischen Psychotherapie ist es deshalb, die alten nicht mehr angemessenen Einstellungen, Gewohnheiten und Verhaltensweisen bewusst zu machen, emotional aufzuarbeiten und zu ver\u00e4ndern, um dadurch Freiheit zu neuem Erleben zu gewinnen. Es kann f\u00fcr den Klienten entt\u00e4uschend sein zu erfahren, dass eine analytische\u00a0 Psychotherapie keine schnell wirksame Hilfe zur Linderung der Symptome bietet, ja, dass die rasche Beseitigung der Symptome auch zun\u00e4chst nicht angestrebt wird, wie z.B. in der Verhaltenstherapie.<\/p>\n<p><b>Systemische Therapie:<\/b><\/p>\n<p>Nach systemischer Ideologie ist der Mensch immer zugleich als biologisches und als soziales Wesen zu betrachten. Die systemische Betrachtungsweise r\u00fcckt deshalb die Dynamik zwischen den biologischen und psychischen Eigenschaften einerseits und den sozialen Bedingungen des Lebens andererseits ins Zentrum der Betrachtung, um das Individuum und seine psychischen St\u00f6rungen angemessen verstehen zu k\u00f6nnen. Die systemische Therapie und Familientherapie verf\u00fcgen \u00fcber eine klinische Theorie und Methodologie zur Erkl\u00e4rung und Behandlung psychischer St\u00f6rungen. Psychische Krankheiten werden als St\u00f6rung der Systemumweltpassung definiert. Individuelle Symptome werden als Ergebnis von krankheitserzeugenden und -aufrechterhaltenden Beziehungsmustern im Kontext der wichtigen Bezugspersonen gesehen.<\/p>\n<p><b>NLP Neuro-Linguistisches Programmieren:<\/b><\/p>\n<p>Das Neuro-Linguistische Programmieren (NLP) gilt als Konzept f\u00fcr Kommunikation und Ver\u00e4nderung, das heute ganz besonders von den Menschen nachgefragt und genutzt wird, die beruflich mit Kommunikation zu tun haben. NLP wird definiert als die Struktur der subjektiven Erfahrung. NLP untersucht die Muster oder die\u00a0\u00bbProgrammierung\u00ab, die durch die Interaktion zwischen dem Gehirn (Neuro), der Sprache (linguistic) und dem K\u00f6rper kreiert wird, und die sowohl effektives als auch ineffektives Verhalten produzieren k\u00f6nnen. Die Fertigkeiten und Techniken des NLP entstanden durch Beobachtung der Muster im Tun von Experten aus diversen Bereichen professioneller Kommunikation, unter anderem aus dem Bereich der Psychotherapie, der Wirtschaft, der Hypnose, des Rechtswesens und der Erziehung.&#8220;<\/p>\n<p><b>3.Welche Therapieformen sind bei der Behandlung einer Psychose geeignet und welche nicht? Und warum?<\/b><\/p>\n<p>(Fr. Dr. K\u00f6rdel und Hr. Schmidt berichteten aus der Praxis)<\/p>\n<p>Verhaltenstherapie ist zur Behandlung von Psychose geeignet da sie auf Verhaltens\u00e4nderung abzielt und deshalb schnelle Erfolge erreichen kann. Sie besch\u00e4ftigt sich weniger mit der Biographie des Klienten und wird deshalb als entlastend empfunden. Hr. Schmidt stellt in Vertretung f\u00fcr Fr. Sieburg die Hypnotherapie nach Erickson vor, die auch f\u00fcr Psychotiker geeignet ist. Sowohl Einzel- als auch Gruppentherapien k\u00f6nnen je nach Krankheitsgrad eingesetzt werden. Vorausgesetzt wird, dass man in der Lage ist die R\u00fcckmeldungen, die man aus der Gruppe erh\u00e4lt, verkraften zu k\u00f6nnen.<\/p>\n<p>Die Familientherapie kann sehr hilfreich sein um auch \u00c4nderungen im famili\u00e4ren Umfeld zu erzielen, die u. a. auch zur Erkrankung beigef\u00fchrt haben k\u00f6nnen. Kreativtherapie und Entspannungstherapie k\u00f6nnen Erfolge erzielen wen man sich darauf einlassen kann. Jeder sollte f\u00fcr sich selbst ausprobieren, ob es etwas f\u00fcr ihn\/sie gibt.<\/p>\n<p><b>4.Worauf sollte man achten bei der Auswahl der Therapieform? Woran erkenne ich eine guten Therapeuten\/eine gute Therapie?<\/b><\/p>\n<ul>\n<li>Die \u201eChemie\u201c muss stimmen<\/li>\n<li>Der Therapeut muss auf den Klient eingehen k\u00f6nnen<\/li>\n<li>Angebot und Nachfrage sollten \u00fcbereinstimmen (momentan ist es so, dass Fach\u00e4rzte f\u00fcr Psychiatrie und Therapeuten \u00fcberlastet sind<\/li>\n<li>Die 5 Probesitzungen nutzen um sich kennenzulernen<\/li>\n<\/ul>\n<p>Abschlussrunde &#8211; ein Stein wird in die Runde gegeben: Was hat Ihnen diese Veranstaltung gebracht? (Was nehmen Sie mit? Was lassen Sie hier?)<\/p>\n<p>Verabschiedung und Bedanken bei den G\u00e4sten.<\/p>\n","protected":false},"excerpt":{"rendered":"<p>Protokoll des Psychoseseminars vom 17.03.2010 von 19.00 \u2013 20.45 Uhr Protokollant\/in: Fr. Mischke Zun\u00e4chst erfolgt die Begr\u00fc\u00dfung des Auditoriums und von Fr. Dr. K\u00f6rdel 1.Welche Psychotherapien sind Ihnen bekannt? (jeder schreibt diese Therapieform auf eine Karte und legt diese in die Mitte des Kreises) Genannt wurden: Gespr\u00e4chspsychotherapie Station\u00e4re Behandlung Verhaltentherapie Einzel-u. Gruppentherapie Familientherapie Psychodynamische Psychotherapie [&hellip;]<\/p>\n","protected":false},"author":2,"featured_media":0,"parent":14,"menu_order":-97,"comment_status":"closed","ping_status":"closed","template":"","meta":[],"_links":{"self":[{"href":"https:\/\/www.psychose-seminar.de\/index.php?rest_route=\/wp\/v2\/pages\/242"}],"collection":[{"href":"https:\/\/www.psychose-seminar.de\/index.php?rest_route=\/wp\/v2\/pages"}],"about":[{"href":"https:\/\/www.psychose-seminar.de\/index.php?rest_route=\/wp\/v2\/types\/page"}],"author":[{"embeddable":true,"href":"https:\/\/www.psychose-seminar.de\/index.php?rest_route=\/wp\/v2\/users\/2"}],"replies":[{"embeddable":true,"href":"https:\/\/www.psychose-seminar.de\/index.php?rest_route=%2Fwp%2Fv2%2Fcomments&post=242"}],"version-history":[{"count":0,"href":"https:\/\/www.psychose-seminar.de\/index.php?rest_route=\/wp\/v2\/pages\/242\/revisions"}],"up":[{"embeddable":true,"href":"https:\/\/www.psychose-seminar.de\/index.php?rest_route=\/wp\/v2\/pages\/14"}],"wp:attachment":[{"href":"https:\/\/www.psychose-seminar.de\/index.php?rest_route=%2Fwp%2Fv2%2Fmedia&parent=242"}],"curies":[{"name":"wp","href":"https:\/\/api.w.org\/{rel}","templated":true}]}}