{"id":238,"date":"2009-11-18T17:26:56","date_gmt":"2009-11-18T15:26:56","guid":{"rendered":"https:\/\/psychose-seminar.info\/?page_id=238"},"modified":"2009-11-18T17:26:56","modified_gmt":"2009-11-18T15:26:56","slug":"medikamente-und-ihre-wirkungen-nebenwirkungen-und-wechselwirkungen","status":"publish","type":"page","link":"https:\/\/www.psychose-seminar.de\/?page_id=238","title":{"rendered":"Medikamente und ihre Wirkungen, Nebenwirkungen und Wechselwirkungen"},"content":{"rendered":"<p>Protokoll des Psychoseseminars vom 18.11.2009 von 19.00 \u2013 20.45 Uhr<\/p>\n<p>Protokollant: Hr. Schmidt<\/p>\n<p>Zun\u00e4chst erfolgt die Begr\u00fc\u00dfung des Auditoriums sowie der anwesenden G\u00e4ste. Vorstellung des Psychoseseminars.<\/p>\n<p><b>1. Was f\u00e4llt Ihnen zum Thema Medikamente ein? (ein Schlagwort oder kurzer Satz)<\/b><\/p>\n<ul>\n<li>Abh\u00e4ngigkeit \/ Suchtpotenzial<\/li>\n<li>d\u00e4mpfen<\/li>\n<li>&#8222;Unter einer Glasglocke&#8220;<\/li>\n<li>erm\u00f6glichen psychosefreies Leben<\/li>\n<li>Vielfalt<\/li>\n<li>richtige Wahl<\/li>\n<li>Stabilisierung<\/li>\n<li>helfen zu \u00fcberleben<\/li>\n<li>entstellen<\/li>\n<li>Nebenwirkungen \/ Risiken \/ Tod<\/li>\n<li>Kosten<\/li>\n<li>\u00c4rztliche Entscheidung<\/li>\n<\/ul>\n<p><b>2. Wer kann aus eigener Erfahrung berichten welche Wirkung nach der Einnahme aufgetreten sind?<\/b><\/p>\n<p>Es wird berichtet:<\/p>\n<ul>\n<li>Nebenwirkung Depression<\/li>\n<li>Wechsel zwischen Psychose, Depression und Normalit\u00e4t<\/li>\n<li>schlechte Vertr\u00e4glichkeit (z.B. Hydol) und gute Vertr\u00e4glichkeit<\/li>\n<li>Gegen Gedanken Hydol, gegen Manie Truxal. gegen Angst Neurocil<\/li>\n<li>Eigenstrategie durch Selbstreflektion, mit sich selbst und der Krankheit besch\u00e4ftigen und durch Informieren<\/li>\n<li>Solian bis zu drei Tage, im Sommer eher weniger, um in den Schlaf zu kommen zusammen mit Absprache beim Arzt f\u00fcr maximale Selbstbestimmung<\/li>\n<li>Problem der Abh\u00e4ngigkeit<\/li>\n<li>Morgens nicht in die G\u00e4nge kommen, schwere Antriebslosigkeit, aber sich trotzdem mit dem Leben arrangieren, die Qualit\u00e4t des Lebens verbessern.<\/li>\n<li>Gute Vertr\u00e4glichkeit, Vertrauen in Medikamente<\/li>\n<li>Selbsthilfegruppen informieren und kl\u00e4ren auf<\/li>\n<li>Mehr Schlaf<\/li>\n<li>Von der Schwere zur Leichtigkeit, Zufriedenheit<\/li>\n<li>Das Meiden von Menschenmassen<\/li>\n<li>Zufriedenheit<\/li>\n<li>keine Emotionen<\/li>\n<li>Psychose in Kombination einer geistigen Behinderung erschwert extrem die Komunikation<\/li>\n<li>Es wird aus einem Angebot von vielen Medikamenten lange ausprobiert. \u00c4rztlicher Rat von N\u00f6ten.<\/li>\n<li>weniger Reize, Medikamente wie Filter<\/li>\n<li>Medikamenteneinnahme kann vergessen werden<\/li>\n<li>regelm\u00e4\u00dfige Einnahme wichtig<\/li>\n<li>gibt Tagesstruktur<\/li>\n<li>keine Heilung<\/li>\n<\/ul>\n<p><b>Kurze Zusammenfassung der Ergebnisse des ersten Teils<\/b><\/p>\n<p><b>3. Fragen an die anwesenden Profis. Mit welchen Wirkungen, Nebenwirkungen und Wechselwirkungen muss man rechnen bei der Einnahme von Psychopharmaka? Gibt es Medikamente, die Psychosen ausl\u00f6sen bzw. beg\u00fcnstigen k\u00f6nnen?<\/b> (z.B. Herzmedikamente, Hormone)<\/p>\n<p>Bei einer Psychoseerkrankung ist im Gehirn das Dopamin zu hoch, daher wird mit Dopamin blockenden Medikamenten gearbeitet. Alte Medikamente haben das Dopamin sehr stark blockiert. Neuere Medikamente bremsen das Dopamin, aber sind durchl\u00e4ssiger. Es sind weiter Neurotransmitter f\u00fcr Psychose verantwortlich, unter anderem Serotonin und Histamin. Es wird nach neuen Medikamenten geforscht, aber es gibt verschiedene Modelle. Ein Problem ist, das es keine bildgebende Verfahren gibt. Daher wird die Medikation nach dem Try and Error Verfahren ausprobiert. In der Klinik werden bestimmte Medikamente je nach Symptome aus der Erfahrung verabreicht, z.B. gibt es Medikamente, die je nach dem K\u00f6rpergewicht zur Gewichtszunahme oder Abnahme f\u00fchren.<\/p>\n<p>Der Eingriff in den Stoffwechsel des Gehirns kann sexuelle St\u00f6rungen verursachen. Dopamin hemmt die Prolaktinaussch\u00fcttung und die dopaminblockenden Medikamente erh\u00f6hen das Prolaktin, was bei Frauen zu Problemen f\u00fchrt.<\/p>\n<p>Bei dem Wirkstoff Olanzapin, sollten Raucher nicht mit dem Rauchen aufh\u00f6ren, da der Chlozapinspiegel stark ansteigen kann und im Extremfall zum Tod f\u00fchren kann.<\/p>\n<p>Grapefruitsaft sollte in Kombination mit Medikamenten nicht eingenommen werden, die Wirkung der Medikamente wird dann verst\u00e4rkt und es kann zur \u00dcberdosis kommen. Milch hingegen reduziert die Wirkung. Auch Koffein (Kaffee, Cola, Tee) beeinflussen die Wirkung der Medikamente. Es sollte zwei Stunden nach der Einnahme der Medikamente gewartet werden, bis diese Getr\u00e4nke getrunken werden.<\/p>\n<p>Alkohol und andere Drogen sollten bei Psychose grunds\u00e4tzlich gemieden werden.<\/p>\n<p>Psychopharmaka mit Schmerztabletten oder Kombinationspr\u00e4parate k\u00f6nnen zu erh\u00f6hten Leberwerten f\u00fchren.<\/p>\n<p>Cortison kann bei hochdosierter Anwendung eine Psychose ausl\u00f6sen.<\/p>\n<p>Antidepressiva schw\u00e4cht Blutdruck und Kreislaufsenkende Medikamente. Antidepressiva selbst kann den Blutdruck erh\u00f6hen oder senken. EKG und Laboruntersuchungen sollten regelm\u00e4\u00dfig durchgef\u00fchrt werden.<\/p>\n<p><b>4. Wie kann man Nebenwirkungen und Wechselwirkungen minimieren?<\/b><\/p>\n<ul>\n<li>F\u00fcr \u00dcberschaubarkeit sorgen<\/li>\n<li>M\u00f6glichkeiten f\u00fcr das Weglassen oder Reduzieren von Medikamenten pr\u00fcfen<\/li>\n<li>Wachsam sein und Nebenwirkungen ansprechen<\/li>\n<\/ul>\n<p>Abschlussrunde &#8211; ein Stein wird in die Runde gegeben: Was hat Ihnen diese Veranstaltung gebracht? (Was nehmen Sie mit? Was lassen Sie hier?) Verabschiedung und Bedanken bei den G\u00e4sten. Das n\u00e4chste Psychoseseminar findet statt am 16.12.2009.<\/p>\n","protected":false},"excerpt":{"rendered":"<p>Protokoll des Psychoseseminars vom 18.11.2009 von 19.00 \u2013 20.45 Uhr Protokollant: Hr. Schmidt Zun\u00e4chst erfolgt die Begr\u00fc\u00dfung des Auditoriums sowie der anwesenden G\u00e4ste. Vorstellung des Psychoseseminars. 1. Was f\u00e4llt Ihnen zum Thema Medikamente ein? (ein Schlagwort oder kurzer Satz) Abh\u00e4ngigkeit \/ Suchtpotenzial d\u00e4mpfen &#8222;Unter einer Glasglocke&#8220; erm\u00f6glichen psychosefreies Leben Vielfalt richtige Wahl Stabilisierung helfen zu [&hellip;]<\/p>\n","protected":false},"author":2,"featured_media":0,"parent":14,"menu_order":-95,"comment_status":"closed","ping_status":"closed","template":"","meta":[],"_links":{"self":[{"href":"https:\/\/www.psychose-seminar.de\/index.php?rest_route=\/wp\/v2\/pages\/238"}],"collection":[{"href":"https:\/\/www.psychose-seminar.de\/index.php?rest_route=\/wp\/v2\/pages"}],"about":[{"href":"https:\/\/www.psychose-seminar.de\/index.php?rest_route=\/wp\/v2\/types\/page"}],"author":[{"embeddable":true,"href":"https:\/\/www.psychose-seminar.de\/index.php?rest_route=\/wp\/v2\/users\/2"}],"replies":[{"embeddable":true,"href":"https:\/\/www.psychose-seminar.de\/index.php?rest_route=%2Fwp%2Fv2%2Fcomments&post=238"}],"version-history":[{"count":0,"href":"https:\/\/www.psychose-seminar.de\/index.php?rest_route=\/wp\/v2\/pages\/238\/revisions"}],"up":[{"embeddable":true,"href":"https:\/\/www.psychose-seminar.de\/index.php?rest_route=\/wp\/v2\/pages\/14"}],"wp:attachment":[{"href":"https:\/\/www.psychose-seminar.de\/index.php?rest_route=%2Fwp%2Fv2%2Fmedia&parent=238"}],"curies":[{"name":"wp","href":"https:\/\/api.w.org\/{rel}","templated":true}]}}