{"id":234,"date":"2009-09-16T17:22:08","date_gmt":"2009-09-16T15:22:08","guid":{"rendered":"https:\/\/psychose-seminar.info\/?page_id=234"},"modified":"2009-09-16T17:22:08","modified_gmt":"2009-09-16T15:22:08","slug":"was-ist-psychose-gibt-es-neue-erkenntnisse-aus-der-hirnforschung","status":"publish","type":"page","link":"https:\/\/www.psychose-seminar.de\/?page_id=234","title":{"rendered":"Was ist Psychose? Gibt es neue Erkenntnisse aus der Hirnforschung?"},"content":{"rendered":"<p><b>Protokoll des Psychoseseminars vom 16.09.2009 von 19.00 \u2013 20.45 Uhr<\/b><\/p>\n<p>Protokollant\/in: Fr. Mischke<\/p>\n<p>Zun\u00e4chst erfolgt die Begr\u00fc\u00dfung des Auditoriums sowie der anwesenden G\u00e4ste Fr. Dr. Freisen (RKD), und der Vorbereitungsgruppe Psychoseseminar J\u00fclich.<\/p>\n<p><b>1.Es wurden Infobl\u00e4tter verteilt, auf denen schon gesammelte Definitionen\/Aussagen zusammengestellt wurden, was eine Psychose ist.<\/b><\/p>\n<p>Psychose Ist &#8230;<\/p>\n<ul>\n<li>eine sehr schwere seelische Erkrankung, die nicht aus eigener Kraft bew\u00e4ltigt werden kann.<\/li>\n<\/ul>\n<ul>\n<li>besser als Fernsehn und Kino.<\/li>\n<\/ul>\n<ul>\n<li>eine Erkrankung, bei der der Bezug zur Wirklichkeit die Einsichtsf\u00e4higkeit sowie die F\u00e4higkeit, mit den \u00fcblichen Lebensanforderungen zurechtzukommen, erheblich gest\u00f6rt ist.<\/li>\n<\/ul>\n<ul>\n<li>zwei Wirklichkeiten zu kennen, eine &#8222;reale&#8220; und eine &#8222;andere&#8220;<\/li>\n<\/ul>\n<ul>\n<li>das Gef\u00fchl, da\u00df andere die eigenen Gedanken lesen und sogar abziehen k\u00f6nnen, was zum leiden unter Gedankenverarmung f\u00fchren kann.<\/li>\n<\/ul>\n<ul>\n<li>das Gef\u00fchl, die Gedanken anderer lesen zu k\u00f6nnen.<\/li>\n<\/ul>\n<ul>\n<li>das Gef\u00fchl, fremde Gedanken in den Kopf hineingeschleust zu bekommen.<\/li>\n<\/ul>\n<ul>\n<li>das Empfinden, da\u00df die eigenen Gedanken w\u00e4hrend des Denkvorganges h\u00f6rbar sind.<\/li>\n<\/ul>\n<ul>\n<li>sich von Spionen umgeben, beobachtet und verfolgt zu f\u00fchlen.<\/li>\n<\/ul>\n<ul>\n<li>jede winzige Kleinigkeit, jede scheinbar belanglose Begebenheit, jede zuf\u00e4llige Verhaltensweise von Mitmenschen als untr\u00fcglichen Beweis f\u00fcr die Richtigkeit l\u00e4ngst gehegter Bef\u00fcrchtungen zu erleben.<\/li>\n<\/ul>\n<ul>\n<li>an den als Wirklichkeit empfundenen Wahnvorstellungen zu leiden.<\/li>\n<\/ul>\n<ul>\n<li>sich aufgrund des eigenen Wertlosigkeitsgef\u00fchls als ber\u00fchmte Pers\u00f6nlichkeit oder als g\u00f6ttliches Wesen zu empfinden.<\/li>\n<\/ul>\n<ul>\n<li>sich im Kreis der eigenen Gedanken vollkommen auf sich selbst zu konzentrieren und den Kontakt mit der Umwelt aufzugeben, zu verlieren.<\/li>\n<\/ul>\n<ul>\n<li>sich nicht gut oder gar nicht konzentrieren zu k\u00f6nnen.<\/li>\n<\/ul>\n<ul>\n<li>d\u00fcnnh\u00e4utiger zu sein als andere Menschen.<\/li>\n<\/ul>\n<ul>\n<li>sich innerlich leer, ausgebrannt und freudlos zu f\u00fchlen.<\/li>\n<\/ul>\n<ul>\n<li>mut- und hoffnungslos zu sein.<\/li>\n<\/ul>\n<ul>\n<li>antriebs- und energielos zu sein.<\/li>\n<\/ul>\n<ul>\n<li>sich mi\u00dftrauisch vor der Welt zur\u00fcckziehen zu m\u00fcssen.<\/li>\n<\/ul>\n<ul>\n<li>durch Halluzinationen = Trugwahrnehmungen und Wahnvorstellungen ge\u00e4ngstigt und fassungslos zu sein, von starkem Mi\u00dftrauen gequ\u00e4lt zu sein.<\/li>\n<\/ul>\n<p><b>Die Anwesenden sollen die Aussagen, die sie besonders pr\u00e4gnant finden ankreuzen und der Gruppe vorlesen oder aber eine eigene Definition auf einen Karte schreiben.<\/b><\/p>\n<p>Aussagen der Anwesenden waren:<\/p>\n<ul>\n<li>Viele der aufgef\u00fchrten Aussagen treffen auf Zustimmung<\/li>\n<\/ul>\n<ul>\n<li>Bei manchen wird es als zweifelhaft angesehen<\/li>\n<\/ul>\n<p>Es fehlten aus Sicht der Anwesenden folgende Aussagen:<\/p>\n<ul>\n<li>&#8230;dass es oft sehr belastend f\u00fcr die Angeh\u00f6rigen ist<\/li>\n<\/ul>\n<ul>\n<li>&#8230;dass man nicht weiter wei\u00df<\/li>\n<\/ul>\n<ul>\n<li>&#8230;dass man sich innerlich leer im Kopf f\u00fchlt<\/li>\n<\/ul>\n<ul>\n<li>&#8230;dass man leider oft noch einen Stempel in der Gesellschaft erh\u00e4lt<\/li>\n<\/ul>\n<ul>\n<li>&#8230;dass eine medikament\u00f6se Einstellung wichtig ist<\/li>\n<\/ul>\n<ul>\n<li>&#8230;dass eine Akzeptanz der verschiedenen Welten wichtig ist<\/li>\n<\/ul>\n<p><b>2.Was ist Psychose?<\/b><\/p>\n<p>\u201eDer Begriff Psychose wurde im 19. Jahrhundert gepr\u00e4gt und leitet sich von dem Wort \u201epsychisch\u201c, d.h. \u201emit der Seele zusammenh\u00e4ngend\u201c, also seelisch, ab. Damit werden sehr schwere seelische Erkrankungen zusammengefasst, die nicht aus eigener Kraft alleine bew\u00e4ltigt werden k\u00f6nnen; \u00e4rztlich-therapeutische Hilfe ist hierzu unbedingt erforderlich\u201c (B\u00e4uml, 1994). Es gibt organische Ursachen einer Psychose wie z.B. aufgrund von Hirnerkrankungen (Demenz, Hirntumor etc.), Hirnverletzungen (Sch\u00e4del-Hirn-Trauma) oder aufgrund von zugef\u00fchrten Substanzen (Medikamenten, Drogen). Nichtorganische Psychosen sind nicht auf k\u00f6rperliche Ursachen zur\u00fcckzuf\u00fchren, sondern es kommen mehrere Faktoren wie genetische Disposition, Stress und belastende Ereignisse (sog. Life-Events) zusammen.<\/p>\n<p>Auch spielt es eine gro\u00dfe Rolle wie die einzelne Person mit belastenden Situationen umgeht (siehe auch Vulnerabilit\u00e4ts-Stress-Modell, Zubin und Spring). Bei den nichtorganischen Psychosen unterscheidet man zwischen denen aus dem schizophrenen Formenkreis, den affektiven Psychosen und den schizo &#8211; affektiven Psychosen. Diagnostiziert werden kann z.B. eine Psychose aus dem schizophrenen Formenkreis erst wenn folgende Symptome \u00fcber einen Monat bestehen: Gedankenlautwerden, Gedanken werden von au\u00dfen eingegeben oder entzogen, Gef\u00fchl von au\u00dfen gesteuert zu werden, man glaubt Botschaften zu erhalten die f\u00fcr einen gemacht sind, katatone Symptome, Verfolgungswahn, \u00c4ngste, Panik, Selbstmordgedanken, Wahnvorstellungen, Halluzinationen (Stimmen h\u00f6ren, Gedanken laut h\u00f6ren, kommentierende Stimmen, befehlende Stimmen), Negativsymptomatik, Anhedonie, Vergesslichkeit, soziale Isolation, Sprachverarmung, Gedankenausbreitung, Denkzerfahrenheit usw.<\/p>\n<p><b>3.Gibt es neue Erkenntnisse aus der Hirnforschung? Haben wir in n\u00e4chster Zeit aufgrund neuer Erkenntnisse mit einer neuen Einteilung der Begrifflichkeiten zu rechnen?<\/b><\/p>\n<p>Bei einer Psychose nimmt die Gehirnfl\u00fcssigkeit zu und die Hirnmasse nimmt ab, dies erkl\u00e4rt die Vergesslichkeit bei den Betroffenen. Deshalb wurde eine Psychose auch fr\u00fcher dementia praecox genannt. In den meisten F\u00e4llen legt sich diese Symptomatik mit der Stabilisierung der Befindlichkeit. Eine neue Erkenntnis aus der Forschung ist, dass schlechte (chronifizierte) Verl\u00e4ufe meist nur noch in 10% der F\u00e4lle beobachtbar sind. Somit ist die 1\/3-Regelung nicht mehr aktuell. Man f\u00fchrt diese Entwicklung auf die neuen atypischen Neuroleptika zur\u00fcck. Wenn ein Mensch an einer Psychose erkrankt, findet im Gehirn eine \u00dcberflutung der Hirnzellen mit Dopamin statt, welches von den Rezeptoren nicht mehr ad\u00e4quat verarbeitet werde kann. Die Zelle wird \u00fcberflutet mit Dopamin und arbeitet nicht mehr richtig \u2013 das f\u00fchrt zu einer Symptomatik beim erkrankten Menschen wie z.B. Halluzinationen, \u00c4ngste und Manie. Neuroleptika haben die Wirkung das \u00fcbersch\u00fcssige Dopamin zu blocken, damit die Zelle wieder voll funktionst\u00fcchtig wird. Eine m\u00f6gliche Nebenwirkung dieses Vorgangs ist, dass die erkrankten Menschen bem\u00e4ngeln, dass sie positive Gef\u00fchle wie Gl\u00fcck und Freude nicht mehr oder nur sehr schwach f\u00fchlen k\u00f6nnen. Deshalb wird an Medikamenten geforscht, die nicht das ganze Dopamin blocken, damit man wieder so empfinden kann wie vor der Erkrankung. Jedoch reagiert auch jeder Mensch anders auf die Medikamente und somit ist es oft immer noch ein Ausprobieren welchem Patient welches Medikament in welcher Dosis am besten hilft. Aktuell wird an der Herstellung von Medikamenten auf der Basis des Botenstoffs Glutamat geforscht, welches ein hemmender Stoff ist im Gegensatz zum Dopamin. Man wei\u00df, dass dieser Stoff bei den an Schizophrenie erkrankten Menschen vermindert ist. Eine weitere Erkenntnis aus der Forschung ist dass bei Halluzinationen die gleichen Hirnareale angesprochen werden wie bei Menschen, die tats\u00e4chlich etwas h\u00f6ren. Das erkl\u00e4rt, warum den Betroffenen die Halluzinationen so real erscheinen.<\/p>\n<p><b>Literaturangabe zum Nachlesen:<\/b><\/p>\n<p>Titel: Psychische Erkrankungen und Therapie von Berger<\/p>\n<p>Verlag: Urban &amp; Fischer Bei Elsevier (Dezember 2008)<\/p>\n<p>ISBN-10: 3437224808<\/p>\n<p>ISBN-13: 978-3437224805<\/p>\n","protected":false},"excerpt":{"rendered":"<p>Protokoll des Psychoseseminars vom 16.09.2009 von 19.00 \u2013 20.45 Uhr Protokollant\/in: Fr. Mischke Zun\u00e4chst erfolgt die Begr\u00fc\u00dfung des Auditoriums sowie der anwesenden G\u00e4ste Fr. Dr. Freisen (RKD), und der Vorbereitungsgruppe Psychoseseminar J\u00fclich. 1.Es wurden Infobl\u00e4tter verteilt, auf denen schon gesammelte Definitionen\/Aussagen zusammengestellt wurden, was eine Psychose ist. Psychose Ist &#8230; eine sehr schwere seelische Erkrankung, [&hellip;]<\/p>\n","protected":false},"author":2,"featured_media":0,"parent":14,"menu_order":-93,"comment_status":"closed","ping_status":"closed","template":"","meta":[],"_links":{"self":[{"href":"https:\/\/www.psychose-seminar.de\/index.php?rest_route=\/wp\/v2\/pages\/234"}],"collection":[{"href":"https:\/\/www.psychose-seminar.de\/index.php?rest_route=\/wp\/v2\/pages"}],"about":[{"href":"https:\/\/www.psychose-seminar.de\/index.php?rest_route=\/wp\/v2\/types\/page"}],"author":[{"embeddable":true,"href":"https:\/\/www.psychose-seminar.de\/index.php?rest_route=\/wp\/v2\/users\/2"}],"replies":[{"embeddable":true,"href":"https:\/\/www.psychose-seminar.de\/index.php?rest_route=%2Fwp%2Fv2%2Fcomments&post=234"}],"version-history":[{"count":0,"href":"https:\/\/www.psychose-seminar.de\/index.php?rest_route=\/wp\/v2\/pages\/234\/revisions"}],"up":[{"embeddable":true,"href":"https:\/\/www.psychose-seminar.de\/index.php?rest_route=\/wp\/v2\/pages\/14"}],"wp:attachment":[{"href":"https:\/\/www.psychose-seminar.de\/index.php?rest_route=%2Fwp%2Fv2%2Fmedia&parent=234"}],"curies":[{"name":"wp","href":"https:\/\/api.w.org\/{rel}","templated":true}]}}