{"id":212,"date":"2008-05-21T16:46:38","date_gmt":"2008-05-21T14:46:38","guid":{"rendered":"https:\/\/psychose-seminar.info\/?page_id=212"},"modified":"2008-05-21T16:46:38","modified_gmt":"2008-05-21T14:46:38","slug":"psychose-erfahrene-in-der-forensik-wie-anders-ist-die-behandlung","status":"publish","type":"page","link":"https:\/\/www.psychose-seminar.de\/?page_id=212","title":{"rendered":"Psychose-Erfahrene in der Forensik \u2013 Wie anders ist die Behandlung?"},"content":{"rendered":"<p><b>Protokoll des Psychoseseminars vom 21.05.2008 von 19.00 \u2013 21.15 Uhr<\/b><\/p>\n<p>Protokollantin: Fr. Mischke<\/p>\n<p>Zun\u00e4chst erfolgt die Begr\u00fc\u00dfung des Auditoriums. Begr\u00fc\u00dfung von Dr. Rabe (Facharzt Forensik 1) und Fr. Grab (Pfarrerin\/Krankenhausseelsorge in den RKD).<\/p>\n<p><b>1.Warm-Up: Wir leben hier in einer Stadt, in der es eine forensische Klinik gibt: Was verbinden Sie mit dem Begriff der Forensik? Was sind Ihre Erfahrungen? Was haben Sie geh\u00f6rt oder gelesen?<\/b><\/p>\n<p>Es wurde berichtet:<\/p>\n<ul>\n<li>Die Fantasien, was sich hinter der Mauer abspielt sind gro\u00df<\/li>\n<li>Man denkt an Sicherheit und Sicherheitssysteme durch die Gef\u00e4hrlichkeit, die man mit dem Begriff der Forensik verbindet<\/li>\n<li>Es gibt sogar B\u00fcrgerinitiativen, die sich u. a. gegen forensische Einrichtungen in unmittelbarer Wohngegend engagieren was zeigt, dass Teile der Gesellschaft die Forensik als deutliche Gefahr einstufen<\/li>\n<li>Forensiker haben es schwer akzeptiert zu werden<\/li>\n<li>Das Thema Forensik l\u00f6st bei den Menschen Angst, Faszination und Neugier aus<\/li>\n<\/ul>\n<p><b>2.Wie gef\u00e4hrlich leben wir in D\u00fcren?<\/b><\/p>\n<p>Seit 1987 ist die Zahl der in BRD begangenen Straftaten gleich geblieben. Jedoch ist die Furcht vor Gewalttaten im Gegensatz dazu angestiegen, obwohl es dazu rein statistisch gesehen keinen Anlass gibt. Eine Erkl\u00e4rung dazu k\u00f6nnte sein, dass die Straftaten, die passieren durch die Medien drastischer erscheinen als sie sind.<\/p>\n<hr \/>\n<p>PAUSE<\/p>\n<p><b>3.Anschlie\u00dfende Information von Dr. Rabe:<\/b><\/p>\n<p>Der Gesetzgeber legt fest, ab wann ein Mensch eine Straftat\/Ordnungswidrigkeit begeht. Alle Menschen haben einen freien Willen sich zu entscheiden, ob sie eine Straftat begehen oder nicht. Wenn der freie Wille jedoch beim Begehen einer Straftat aufgrund einer psychischen Erkrankung nicht mehr zur Verf\u00fcgung stand kann der Mensch nicht bestraft werden, sondern es greift der \u00a7 20\/21 StGB (verminderte\/ Schuldunf\u00e4higkeit). Es muss f\u00fcr diesen Fall juristisch entschieden werden, ob der Mensch weiterhin gef\u00e4hrlich werden k\u00f6nnte (\u00a7 63 StGB) und deshalb station\u00e4r untergebracht werden muss, da weitere erhebliche rechtswidrige Straftaten zu erwarten sind. Der \u00a7 63 ist laut Gesetz unbefristet, jedoch gibt es j\u00e4hrliche \u00dcberpr\u00fcfungsfristen durch die Strafvollstreckungskammer, um die Unterbringungszeit zu besprechen und erneut festzulegen.<\/p>\n<p><b>4.Wie werden forensische Patienten behandelt? Wie anders ist die Behandlung? Wie wird die Entlassung gehandhabt? Welche Chancen gibt es auf Integration?<\/b><\/p>\n<p>Das Behandlungsangebot ist \u00e4hnlich wie in der allgemeinen Psychiatrie &#8211; es gibt Gespr\u00e4chsangebote, psychoedukative Gruppen, Besch\u00e4ftigungs- Arbeits- und Musiktherapie und Sportangebote. F\u00fcr minderbegabte forensische Patienten werden spezielle heilp\u00e4dagogische Ans\u00e4tze angewandt und f\u00fcr forensische Patienten, die eine Sexualstraftat begangen haben, sollen spezielle Therapieans\u00e4tze helfen Kontrollstrategien zu entwickeln um Risikosituationen einsch\u00e4tzen und zu k\u00f6nnen. Die medikament\u00f6se Behandlung ist auch Bestandteil der Therapie, jedoch sind die gesetzlichen Regelungen des Ma\u00dfregelvollzugsgesetzes, was den Bereich der Medikation\/Zwangsmedikation angeht deutlich schwieriger zu \u201eh\u00e4ndeln\u201c als im Betreuungsgesetz. Eine Medikation darf in der Forensik nur zur unmittelbaren Gefahrenabwehr verabreicht werden \u2013 auch gegen den Willen des Patienten (Zeitraum ca. 2-4 Wochen). Wenn ein Patient die Einnahme der Medikamente verweigert und keine unmittelbare Gefahr besteht gibt es keine Handhabe ihn zur Einnahme der Medikation zu bringen. Die Rahmenbedingungen sind dann allerdings eingegrenzt. Ein Psychose-Erfahrener, der keine Medikation einnimmt, obwohl er z.B. psychotisch ist, muss auf der sog. Krisenstation bleiben und hat keinen Ausgang, keine Lockerung und darf auch nicht die Cafeteria besuchen. Diese Vorgehensweise resultiert aus Sicherheitsgr\u00fcnden sowohl f\u00fcr das Personal der Klinik als auch f\u00fcr den Psychose &#8211; Erfahrenen selbst. Das kann zur Folge haben, dass Medikamente an- und abgesetzt werden und Psychose-Erfahrene zwischen der Krisenstation und dem Ma\u00dfregelvollzug hin- und herverlegt werden. Wenn auf eine Entlassung eines Forensikers hingearbeitet wird, wird die Vollzugslockerung langsam aufgebaut z.B. durch kontrollierten Einzelausgang, Wochenendurlaub, Planung der weiteren Nachsorge (z.B. BeWo oder Wohnheim), arbeitsrehabilitative Ma\u00dfnahmen und Schaffung eines sozialen Empfangsraumes. Es wird ein Entlassungskonzept erstellt und der forensische Patient wird durch die F\u00fchrungsaufsicht, den Bew\u00e4hrungshelfer und regelm\u00e4\u00dfige Vorstellungstermine in der forensischen Ambulanz weiterhin beaufsichtigt.<\/p>\n","protected":false},"excerpt":{"rendered":"<p>Protokoll des Psychoseseminars vom 21.05.2008 von 19.00 \u2013 21.15 Uhr Protokollantin: Fr. Mischke Zun\u00e4chst erfolgt die Begr\u00fc\u00dfung des Auditoriums. Begr\u00fc\u00dfung von Dr. Rabe (Facharzt Forensik 1) und Fr. Grab (Pfarrerin\/Krankenhausseelsorge in den RKD). 1.Warm-Up: Wir leben hier in einer Stadt, in der es eine forensische Klinik gibt: Was verbinden Sie mit dem Begriff der Forensik? [&hellip;]<\/p>\n","protected":false},"author":2,"featured_media":0,"parent":14,"menu_order":-83,"comment_status":"closed","ping_status":"closed","template":"","meta":[],"_links":{"self":[{"href":"https:\/\/www.psychose-seminar.de\/index.php?rest_route=\/wp\/v2\/pages\/212"}],"collection":[{"href":"https:\/\/www.psychose-seminar.de\/index.php?rest_route=\/wp\/v2\/pages"}],"about":[{"href":"https:\/\/www.psychose-seminar.de\/index.php?rest_route=\/wp\/v2\/types\/page"}],"author":[{"embeddable":true,"href":"https:\/\/www.psychose-seminar.de\/index.php?rest_route=\/wp\/v2\/users\/2"}],"replies":[{"embeddable":true,"href":"https:\/\/www.psychose-seminar.de\/index.php?rest_route=%2Fwp%2Fv2%2Fcomments&post=212"}],"version-history":[{"count":0,"href":"https:\/\/www.psychose-seminar.de\/index.php?rest_route=\/wp\/v2\/pages\/212\/revisions"}],"up":[{"embeddable":true,"href":"https:\/\/www.psychose-seminar.de\/index.php?rest_route=\/wp\/v2\/pages\/14"}],"wp:attachment":[{"href":"https:\/\/www.psychose-seminar.de\/index.php?rest_route=%2Fwp%2Fv2%2Fmedia&parent=212"}],"curies":[{"name":"wp","href":"https:\/\/api.w.org\/{rel}","templated":true}]}}