{"id":210,"date":"2008-04-16T16:42:30","date_gmt":"2008-04-16T14:42:30","guid":{"rendered":"https:\/\/psychose-seminar.info\/?page_id=210"},"modified":"2008-04-16T16:42:30","modified_gmt":"2008-04-16T14:42:30","slug":"zeichnet-sich-eine-psychose-schon-in-der-jugend-ab-kann-man-vorbeugend-etwas-dagegen-tun","status":"publish","type":"page","link":"https:\/\/www.psychose-seminar.de\/?page_id=210","title":{"rendered":"Zeichnet sich eine Psychose schon in der Jugend ab? \u2013 Kann man vorbeugend etwas dagegen tun?"},"content":{"rendered":"<p><b>Protokoll des Psychoseseminars vom 16.04.2008 von 19.00 \u2013 21.15 Uhr<\/b><\/p>\n<p>Protokollantin: Fr. Mischke<\/p>\n<p>Zun\u00e4chst erfolgt die Begr\u00fc\u00dfung des Auditoriums. Vorstellung des Psychoseseminars und der Person der Moderatorin, Begr\u00fc\u00dfung von Herr Kilian (Psychologe und Psychotherapeut in den RKD) und Fr. Grab (Pfarrerin\/Krankenhausseelsorge in den RKD).<\/p>\n<p><b>1.Warm-Up: Welches Verhalten von Kindern und Jugendlichen erinnert uns an psychotische Episoden bei Erwachsenen?<\/b><\/p>\n<p>Es wurde folgendes Verhalten aufgez\u00e4hlt:<\/p>\n<ul>\n<li>\u201eimagin\u00e4re\u201c Freunde zu haben<\/li>\n<li>auff\u00e4llige Kleidung\/Styling<\/li>\n<li>etwas sehen, was nicht da ist \u2192 bei Kindern sagt man sie haben eine bl\u00fchende Fantasie<\/li>\n<\/ul>\n<p><b>2.Als \u201eProvokation\u201c wurde die Frage in den Raum gestellt, ab wann kindliches Verhalten psychotisch ist und ob die Anwesenden eigene Beobachtungen gemacht haben und wie sie damit umgegangen sind.<\/b><\/p>\n<p><b>3.Anschlie\u00dfende Information von Hr.Kilian<\/b><\/p>\n<p>Es wurde von Angeh\u00f6rigen ge\u00e4u\u00dfert, dass es f\u00fcr sie zuerst nicht ersichtlich war welches Verhalten pubert\u00e4r und welches eventuell schon psychotisch gewesen sein k\u00f6nnte. Hr. Kilian informierte, dass es auch f\u00fcr Profis ein oft langwieriger Prozess sei eine sichere Diagnose stellen zu k\u00f6nnen. Eltern und Angeh\u00f6rige sollten sich deshalb keine Vorw\u00fcrfe machen, dass sie es h\u00e4tten fr\u00fcher erkennen m\u00fcssen. Au\u00dferdem ist umstritten, ob man heute noch von einer Psychose sprechen kann, es wird eher der Begriff der Entwicklungsst\u00f6rung verwendet. Eine Psychose bricht fr\u00fchestens in der Pubert\u00e4t aus, eines der ersten Anzeichen sind ein sog. \u201eWirr Warr\u201c im Kopf und sozialer R\u00fcckzug. Eine Liste mit weiteren Fr\u00fcherkennungszeichen und ein Informationsblatt eines K\u00f6lner Fr\u00fcherkennungszentrums wurden von Hr. Kilian ausgeh\u00e4ndigt. Als Beispiel wurde genannt, dass es sicherlich in der Pubert\u00e4t vorkommt, dass die Jugendlichen weniger Lust auf Hausaufgaben haben und stattdessen lieber mit ihren Freunden zusammen sind. Auff\u00e4llig wird es, wenn der Jugendliche z. B. selbst die Texte seiner Lieblingsband nicht mehr mitsingen kann, keinen Kontakt mehr zu Freunden pflegt, keine Musik mehr h\u00f6rt etc. Grunds\u00e4tzlich kann man sagen je mehr Symptome der Fr\u00fcherkennungszeichen auffallen, desto h\u00f6her ist die Wahrscheinlichkeit einer vorliegenden Erkrankung.<\/p>\n<p><b>Fr\u00fcherkennungszeichen einer Psychose &#8211; erstellt von Hr. Kilian<\/b><\/p>\n[table &#8220;3&#8221; not found \/]<br \/>\n\n<p>PAUSE<\/p>\n<p><b>4.Wie werden Kinder und Jugendliche psychiatrisch behandelt?<\/b> Wie sind die Erfolge \u2013 Misserfolge?<\/p>\n<p>Bevor \u00fcberhaupt eine Therapie begonnen wird, werden viele Gespr\u00e4che gef\u00fchrt um Informationen \u00fcber m\u00f6gliche Symptome und Ausl\u00f6ser der Erkrankung zu sammeln. In gemeinsamen Gespr\u00e4chen der \u00c4rzte wird \u00fcber eine m\u00f6gliche Diagnose diskutiert. Nach Festlegung der Diagnose werden Medikamente und ein Therapieplan erstellt, der auf das Krankheitsbild des Betroffenen zugeschnitten wird. Bestandteile des Therapieplans sind u. a.: Akkupunktur, Ergotherapie, Bewegungs- und Sporttherapie, Aromatherapie, Snoezeln. Der Zeitgeist bei der Behandlung und im Ungang mit psychisch Erkrankten hat sich ge\u00e4ndert und die Menschen sind offener geworden \u00fcber ihre Erkrankung zu reden. Es gibt nach dem Klinikaufenthalt weitere Betreuung und Versorgung und es ist m\u00f6glich in der eigenen Wohnung betreut zu werden. Zu vielen Krankheitsbildern gibt es eigene Selbsthilfegruppen und Informationsmaterial ist leicht zug\u00e4nglich.<\/p>\n<p><b>5.Kann man vorbeugend etwas tun? Was brauchen Kinder, Jugendliche aber auch Erwachsene um gar nicht erst psychotisch zu werden?<\/b><\/p>\n<p>Als Ergebnisse wurden zusammengefasst:<\/p>\n<ul>\n<li>Auf die Bed\u00fcrfnisse eingehen<\/li>\n<li>Gemeinsame Aktivit\u00e4ten<\/li>\n<li>Im Gespr\u00e4ch bleiben<\/li>\n<li>In Kontakt\/Beziehung bleiben (z.B. bei Auszug des Kindes)<\/li>\n<li>Natur erleben (als Kontrast zum PC \u2013 Spiel)<\/li>\n<li>Cannabis\/Drogen meiden<\/li>\n<li>PC-Spiele, Internet, TV eingrenzen<\/li>\n<li>Gemeinsames Familienleben f\u00f6rdern<\/li>\n<li>Sich abgrenzen<\/li>\n<li>Sich informieren<\/li>\n<\/ul>\n","protected":false},"excerpt":{"rendered":"<p>Protokoll des Psychoseseminars vom 16.04.2008 von 19.00 \u2013 21.15 Uhr Protokollantin: Fr. Mischke Zun\u00e4chst erfolgt die Begr\u00fc\u00dfung des Auditoriums. Vorstellung des Psychoseseminars und der Person der Moderatorin, Begr\u00fc\u00dfung von Herr Kilian (Psychologe und Psychotherapeut in den RKD) und Fr. Grab (Pfarrerin\/Krankenhausseelsorge in den RKD). 1.Warm-Up: Welches Verhalten von Kindern und Jugendlichen erinnert uns an psychotische [&hellip;]<\/p>\n","protected":false},"author":2,"featured_media":0,"parent":14,"menu_order":-82,"comment_status":"closed","ping_status":"closed","template":"","meta":[],"_links":{"self":[{"href":"https:\/\/www.psychose-seminar.de\/index.php?rest_route=\/wp\/v2\/pages\/210"}],"collection":[{"href":"https:\/\/www.psychose-seminar.de\/index.php?rest_route=\/wp\/v2\/pages"}],"about":[{"href":"https:\/\/www.psychose-seminar.de\/index.php?rest_route=\/wp\/v2\/types\/page"}],"author":[{"embeddable":true,"href":"https:\/\/www.psychose-seminar.de\/index.php?rest_route=\/wp\/v2\/users\/2"}],"replies":[{"embeddable":true,"href":"https:\/\/www.psychose-seminar.de\/index.php?rest_route=%2Fwp%2Fv2%2Fcomments&post=210"}],"version-history":[{"count":0,"href":"https:\/\/www.psychose-seminar.de\/index.php?rest_route=\/wp\/v2\/pages\/210\/revisions"}],"up":[{"embeddable":true,"href":"https:\/\/www.psychose-seminar.de\/index.php?rest_route=\/wp\/v2\/pages\/14"}],"wp:attachment":[{"href":"https:\/\/www.psychose-seminar.de\/index.php?rest_route=%2Fwp%2Fv2%2Fmedia&parent=210"}],"curies":[{"name":"wp","href":"https:\/\/api.w.org\/{rel}","templated":true}]}}