{"id":206,"date":"2008-03-19T16:32:21","date_gmt":"2008-03-19T14:32:21","guid":{"rendered":"https:\/\/psychose-seminar.info\/?page_id=206"},"modified":"2008-03-19T16:32:21","modified_gmt":"2008-03-19T14:32:21","slug":"einmal-psychotisch-immer-psychotisch-wie-chronisch-kann-eine-psychose-werden","status":"publish","type":"page","link":"https:\/\/www.psychose-seminar.de\/?page_id=206","title":{"rendered":"Einmal psychotisch immer psychotisch? \u2013 Wie chronisch kann eine Psychose werden?"},"content":{"rendered":"<p><b>Protokoll des Psychoseseminars vom 19.03.2008 von 19.00 \u2013 21.15 Uhr<\/b><\/p>\n<p>Protokollantin: Fr. Mischke<\/p>\n<p>Zun\u00e4chst erfolgt die Begr\u00fc\u00dfung des Auditoriums. Vorstellung des Psychoseseminars und der Person der neuen Moderatorin\/Mitarbeiterin der Kontakt- und Beratungsstelle Fr. Mischke. Begr\u00fc\u00dfung von Herr Dr. Grassnack (Station 14D) und Fr. Grab.<\/p>\n<p><b>1.Warm-Up: Welche chronischen Krankheiten kennen Sie?<\/b><\/p>\n<p>Es wurden aufgez\u00e4hlt: Diabetes, Hepatitis C, Rheuma, Schuppenflechte, Allergien, Heuschnupfen, Bronchitis, Migr\u00e4ne<\/p>\n<p><b>2.Als \u201eProvokation\u201c wurde die Frage in den Raum gestellt, ob eine Psychose zu den chronischen oder nicht chronischen Krankheiten geh\u00f6rt.<\/b><\/p>\n<p>Die Meinungen waren geteilt und es kam zum ersten Schluss, dass man keine allgemeing\u00fcltige Aussage dar\u00fcber treffen kann. Es kommt auf die jeweilige Person an, deren Umgang mit der Erkrankung und auch darauf, was die Ursache\/Ausl\u00f6ser des Krankheitsausbruchs ist.<\/p>\n<p><b>3.Wie sind die Erfahrungen der Anwesenden?<\/b><\/p>\n<p>Als Erfahrungswerte wurden aufgez\u00e4hlt:<\/p>\n<ul>\n<li>bei ausreichendem Schlaf ging es Psychose-Erfahrenen besser<\/li>\n<li>regelm\u00e4\u00dfige Medikamenteneinnahme beugt R\u00fcckf\u00e4llen vor<\/li>\n<li>eigenst\u00e4ndiges Absetzen der Medikamente oder unregelm\u00e4\u00dfige Medikamenteneinnahme verschlechtern meistens den Gesundheitszustand<\/li>\n<li>durch besseres Verstehen der Krankheit wurde ein besserer Umgang damit erlernt<\/li>\n<li>es wurde berichtet, dass Erfahrene zu regelm\u00e4\u00dfigen Zeiten ihre Medikamente einnehmen m\u00fcssen, da der K\u00f6rper ihnen das signalisiert<\/li>\n<\/ul>\n<hr \/>\n<p>PAUSE<\/p>\n<p><b>4.Information zum Thema Chronifizierung einer Psychose<\/b><\/p>\n<p>Dr. Grassnack informiert \u00fcber die sogenannte Drittel-Regelung welche besagt, dass 1\/3 der von einer Psychose betroffenen Bev\u00f6lkerung eine vollst\u00e4ndige Genesung erfahren, beim zweiten Drittel wird der gesunde Zustand gelegentlich von R\u00fcckf\u00e4llen unterbrochen, und beim letzten Drittel \u00fcberwiegt der chronische Zustand und die Krankheitssymptome sind mehr oder weniger pr\u00e4sent. Je h\u00f6her die genetische Vorbelastung eines Menschen, desto h\u00f6her ist die Wahrscheinlichkeit der Erkrankung. Jedoch spielen auch \u00e4u\u00dfere Faktoren wie z.B. Lebenskrisen und Stress und der individuelle Umgang damit eine gro\u00dfe Rolle. Grunds\u00e4tzlich kann man sagen, dass eine fr\u00fchzeitige Behandlung die Prognose verbessert. Durch regelm\u00e4\u00dfige Medikamenteneinnahme kann man erneuten Sch\u00fcben und einer Chronizit\u00e4t vorbeugen \u2013 die Prognosen sind dann deutlich besser. Die Medikamente sollten langsam niedriger dosiert werden bis man sie schlie\u00dflich ganz absetzen kann und immer in Absprache mit dem zust\u00e4ndigen Arzt. Wenn mehrere Episoden stattgefunden haben sollten die Medikamente erst nach 5 Jahren Symptomfreiheit abgesetzt werden. Cannabiskonsum f\u00f6rdert die Schwelle des R\u00fcckfalls \u2013 jedoch muss es auch nicht immer einen Ausl\u00f6ser f\u00fcr einen Schub geben. Es z\u00e4hlt immer die individuelle Schwelle die sich zusammensetzt aus genetischen und sozialen Faktoren. Wenn man z.B. wei\u00df, dass bestimmte Reize, Situationen oder Bedingungen einem nicht gut tun w\u00e4re eine M\u00f6glichkeit zur R\u00fcckfallprophylaxe diese Dinge zu meiden oder einen anderen Umgang damit zu erlernen.<\/p>\n<p><b>5.Was k\u00f6nnen Erfahrene, Profis und Angeh\u00f6rige tun, um eine dauerhafte Erkrankung zu verhindern?<\/b><\/p>\n<ul>\n<li>Informieren, Aufkl\u00e4ren &#8211; sowohl Profis als auch Erfahrene und Angeh\u00f6rige<\/li>\n<li>Therapeutische Hilfe in Anspruch nehmen z.B. Psychoedukation, kognitive Verhaltenstherapie, Familientherapie<\/li>\n<li>Regelm\u00e4\u00dfig Mediamente einnehmen<\/li>\n<li>Selbstbeobachtung<\/li>\n<li>Stress vermeiden ( z.B. Reize von Licht oder Ger\u00e4uschen)<\/li>\n<li>Soziale Netze aufbauen<\/li>\n<li>Cannabiskonsum einstellen<\/li>\n<li>F\u00fcr einen ausreichenden Schlaf sorgen<\/li>\n<\/ul>\n","protected":false},"excerpt":{"rendered":"<p>Protokoll des Psychoseseminars vom 19.03.2008 von 19.00 \u2013 21.15 Uhr Protokollantin: Fr. Mischke Zun\u00e4chst erfolgt die Begr\u00fc\u00dfung des Auditoriums. Vorstellung des Psychoseseminars und der Person der neuen Moderatorin\/Mitarbeiterin der Kontakt- und Beratungsstelle Fr. Mischke. Begr\u00fc\u00dfung von Herr Dr. Grassnack (Station 14D) und Fr. Grab. 1.Warm-Up: Welche chronischen Krankheiten kennen Sie? Es wurden aufgez\u00e4hlt: Diabetes, Hepatitis [&hellip;]<\/p>\n","protected":false},"author":2,"featured_media":0,"parent":14,"menu_order":-81,"comment_status":"closed","ping_status":"closed","template":"","meta":[],"_links":{"self":[{"href":"https:\/\/www.psychose-seminar.de\/index.php?rest_route=\/wp\/v2\/pages\/206"}],"collection":[{"href":"https:\/\/www.psychose-seminar.de\/index.php?rest_route=\/wp\/v2\/pages"}],"about":[{"href":"https:\/\/www.psychose-seminar.de\/index.php?rest_route=\/wp\/v2\/types\/page"}],"author":[{"embeddable":true,"href":"https:\/\/www.psychose-seminar.de\/index.php?rest_route=\/wp\/v2\/users\/2"}],"replies":[{"embeddable":true,"href":"https:\/\/www.psychose-seminar.de\/index.php?rest_route=%2Fwp%2Fv2%2Fcomments&post=206"}],"version-history":[{"count":0,"href":"https:\/\/www.psychose-seminar.de\/index.php?rest_route=\/wp\/v2\/pages\/206\/revisions"}],"up":[{"embeddable":true,"href":"https:\/\/www.psychose-seminar.de\/index.php?rest_route=\/wp\/v2\/pages\/14"}],"wp:attachment":[{"href":"https:\/\/www.psychose-seminar.de\/index.php?rest_route=%2Fwp%2Fv2%2Fmedia&parent=206"}],"curies":[{"name":"wp","href":"https:\/\/api.w.org\/{rel}","templated":true}]}}