{"id":197,"date":"2007-09-19T16:19:47","date_gmt":"2007-09-19T14:19:47","guid":{"rendered":"https:\/\/psychose-seminar.info\/?page_id=197"},"modified":"2007-09-19T16:19:47","modified_gmt":"2007-09-19T14:19:47","slug":"was-ist-eine-psychose-informationsaustausch-zwischen-erfahrenen-angehoerigen-und-psychiatrisch-taetigen","status":"publish","type":"page","link":"https:\/\/www.psychose-seminar.de\/?page_id=197","title":{"rendered":"Was ist eine Psychose &#8211; Informationsaustausch zwischen Erfahrenen, Angeh\u00f6rigen und psychiatrisch T\u00e4tigen"},"content":{"rendered":"<p><b>Protokoll des Psychoseseminars vom 19.09.2007 von 19.00 \u2013 21.00 Uhr<\/b><\/p>\n<p>Zun\u00e4chst erfolgt die Begr\u00fc\u00dfung des Auditoriums. Es ist Frau Doktor Souvignier zugegen. Sie arbeitet auf Station 1b der RKD.<\/p>\n<p>Vorstellung des Psychoseseminars und der Person der Moderator<\/p>\n<p><b>1. Warm up: Kleines Impulsreferat: \u201eWas ist das Psychoseseminar?<\/b><\/p>\n<p>(im Anhang wieder zu finden; dazu die Erkl\u00e4rung am Schaubild siehe \u201eMaterialien der Vor-bereitungsgruppe\u201c am Flip-Chart).<\/p>\n<p><b>2. Kartenabfrage: \u201eWas ist f\u00fcr Sie eine Psychose?\u201c<\/b><\/p>\n<p>Jede Interessengruppe soll ihren Buchstaben auf der Karte vermerken (A= Angeh\u00f6rige, E = Erfahrene\/r, P = psychiatrisch T\u00e4tige) und das aufschreiben was dazu einf\u00e4llt.<\/p>\n<p>3 Tische mit 3 Buchstaben werden vorbereitet auf denen nach dem Ausf\u00fcllen die Karten zugeordnet werden. Danach werden die BesucherInnen dazu eingeladen, aufzustehen und die Karten auf den Tischen zu lesen.<\/p>\n<p><b>Arbeitsergebnisse Angeh\u00f6rige<\/b><\/p>\n<ul>\n<li>Eine seelische Erkrankung<\/li>\n<li>Wahnvorstellungen<\/li>\n<li>Sinnest\u00e4uschungen<\/li>\n<li>Stimmen h\u00f6ren<\/li>\n<li>Aggressivit\u00e4t<\/li>\n<li>Tobanf\u00e4lle<\/li>\n<li>Verr\u00fcckt spielen<\/li>\n<li>Psychosen sind Tr\u00e4ume, bei denen der Erfahrene nicht merkt, dass er im Wachen tr\u00e4umt.<\/li>\n<li>Er\/Sie hat evtl. Halluzinationen.<\/li>\n<li>Ist eine Krankheit, \u201eFehlschaltung im Gehirn\u201c<\/li>\n<li>Die Folgen dieser Krankheit sind z. B. ein psychisch diffuses Verhalten, Zw\u00e4nge, Angstzust\u00e4nde, depressive Stimmungen und im besonders schlimmen Falle schizophrene Wahnvorstellungen bis hin zu Suizidversuchen<\/li>\n<li>Erfahrungen mit einem an Psychose erkrankten Angeh\u00f6rigen:\n<ul>\n<li>anfangs Ratlosigkeit und Sorge<\/li>\n<li>lernen sich ein zu denken und Wege zu suchen, das Richtige zu tun (Gespr\u00e4ch m Profis)<\/li>\n<li>Erkenntnis und Wunsch, dem Angeh\u00f6rigen soviel wie m\u00f6glich Hilfe zu sein und zu ihm zu stehen.<\/li>\n<li>Wunsch, dass die Umwelt diese Krankheit kennen lernt.<\/li>\n<\/ul>\n<\/li>\n<li>Eine Psychose ist ein Wegtreten aus der Wirklichkeit. Es ist manchmal schwer an einen Kranken heran zu kommen. Die Kranken haben oft eine eigene Gedankenwelt.<\/li>\n<li>Es ist eine Stoffwechselkrankheit.<\/li>\n<li>Psychosen sind l\u00e4stig<\/li>\n<li>Die Realit\u00e4t verschwimmt<\/li>\n<li>Der Erfahrene glaubt im Schub an Sachen, die es nicht gibt<\/li>\n<\/ul>\n<p><b>Arbeitsergebnisse Profis<\/b><\/p>\n<ul>\n<li>Eine k\u00f6rperliche Erkrankung<\/li>\n<li>Verwirrte Pers\u00f6nlichkeit, die nicht mehr pers\u00f6nlich und zeitlich orientiert ist<\/li>\n<li>Konzentration auf Zusammenh\u00e4nge ist nicht mehr da<\/li>\n<li>Nicht mehr schlafen k\u00f6nnen<\/li>\n<li>Phantasien \u00fcber Beziehungen z. B. alle k\u00f6nnen die Gedanken lesen.<\/li>\n<li>Aggressionen<\/li>\n<li>\u00c4ngste, Depressionen, Ausweglosigkeit<\/li>\n<li>Weniger Krankheitseinsicht, viel Geld ausgeben<\/li>\n<li>Schwankende Gef\u00fchle<\/li>\n<li>Die Wahrnehmung einer Realit\u00e4t, die ausschlie\u00dflich dem Betroffenen zug\u00e4nglich ist,<\/li>\n<li>Z. B. das H\u00f6ren einer Stimme, die zu dem, der Betroffenen spricht<\/li>\n<li>Z. B. das Gef\u00fchl, von \u201efremden M\u00e4chten\u201c verfolgt oder\/ und beobachtet zu werden.<\/li>\n<li>Z. B. das Sehen von Dingen, die au\u00dfer dem (der Betroffenen keiner sieht)<\/li>\n<li>Eine Stoffwechselst\u00f6rung im Gehirn (\u201ekaputter Filter\u201c)<\/li>\n<li>Vielfalt von Erscheinungsformen mit einer Ursache<\/li>\n<li>Mit weitreichenden Folgen f\u00fcr Betroffene und ihr Umfeld (Familie, Freunde, Arbeit) verbunden.<\/li>\n<li>In der H\u00e4ufigkeit und St\u00e4rke des Auftretens durch Betroffene zu beeinflussen.<\/li>\n<\/ul>\n<p><b>Arbeitsergebnisse der Erfahrenen<\/b><\/p>\n<ul>\n<li>Angstpsychose<\/li>\n<li>Wohnpsychose<\/li>\n<li>Halluzinogene Psychosen<\/li>\n<li>Drogeninduzierte Psychose<\/li>\n<li>Bakterielle Infektion<\/li>\n<li>Psychose ist ein Realit\u00e4tsverlust, in dem die erkrankte Wirklichkeit nicht mit der der Allgemeinheit \u00fcbereinstimmt.<\/li>\n<li>Psychose ist eine psychische St\u00f6rung. Sie kann geheilt werden. Oft mit Hilfe von Medikamenten. Psychosen k\u00f6nnen u. a. durch Alkohol- und Drogenmissbrauch ausgel\u00f6st werden.<\/li>\n<li>Wahnvorstellungen<\/li>\n<li>Halluzinationen<\/li>\n<li>\u00c4ngste<\/li>\n<li>\u201eVer- r\u00fcckte\u201c gedankliche Welt. Die Folgen davon sind gesellschaftlicher Ausschluss, gesellschaftliches Abseits, Existenz\u00e4ngste, Depressionen.<\/li>\n<li>Psychose ist eine Stoffwechselerkrankung im Hirn, wo ein \u00dcberschuss des Botentr\u00e4gers Dopamin vorhanden ist. Das Dopamin sorgt f\u00fcr \u00dcberreaktionen im Zusammenleben. Man wirkt gereizter, unkonzentrierter, zeitweise geistig abwesend.<\/li>\n<li>Extrem unterschiedliche Perspektive von der Beurteilung eines eventuellen Krank-heitsbildes eines Menschen in einer Krise mit sehr starren Positionsverteilungen (Arzt \u2013 Gesundheit \u2013 Kranker)<\/li>\n<li>Sehr autorit\u00e4res Positionsschema<\/li>\n<li>Realit\u00e4tsverkehrung in meinem Fall<\/li>\n<li>Ich habe eine manische \u2013depressive Psychose. Unter Manie verstehe ich, dass es mir immer sehr gut geht. Ich f\u00fchle mich sehr gut und gebe zuviel Geld aus. Oder ich rauche gern Zigaretten, obwohl ich Nichtraucherin bin. Unter Psychose verstehe ich, dass ich all das mache, was ich sonst nie tue.<\/li>\n<li>Spaltung des Seins<\/li>\n<li>Ver\u00e4nderung der Gef\u00fchle und des Denkens<\/li>\n<li>Stoffwechselerkrankung?<\/li>\n<li>Psychose ist eine \u00dcberreaktion des Gehirns<\/li>\n<li>Macht sich durch Reiz\u00fcberflutung bemerkbar<\/li>\n<li>Gedanken werden wirr<\/li>\n<li>Psychose kann anf\u00e4nglich Kreativit\u00e4t steigern<\/li>\n<li>bei einem Erfahrenen dauert es 2 1\/2 Tage bis zum Ausbruch der Psychose. In der Zwischenzeit muss er handeln. \u00c4rzte k\u00f6nnen einem nicht wirklich helfen, da man selbst die Mechanik herausfinden muss.<\/li>\n<\/ul>\n<p><b>Frage: Was ist Ihnen beim Lesen der Karten aufgefallen? (Gab es Unterschiede?)<\/b><\/p>\n<p>Zu der Gruppe der Angeh\u00f6rigen wurde festgestellt:<\/p>\n<ul>\n<li>Die Angeh\u00f6rigen sind den Betroffenen nah<\/li>\n<li>Man f\u00fchlt sich manchmal auch ver- r\u00fcckt<\/li>\n<li>Wir sind alle ver- r\u00fcckt<\/li>\n<li>Der Ma\u00dfstab der Normalit\u00e4t ist besonders bei Ersterkrankten wichtig, was geh\u00f6rt zur Krankheit und was nicht.<\/li>\n<\/ul>\n<p>Zu der Gruppe der Erfahrenen wurde festgestellt:<\/p>\n<ul>\n<li>Sie k\u00f6nnen eine differenzierte Eigendiagnose von sich geben<\/li>\n<li>Die Darstellungen sind sehr subjektiv gehalten<\/li>\n<li>Erkrankte \u00fcbernehmen die Begriffe der Profis<\/li>\n<li>Sch\u00fcbe und k\u00f6rperliche Zusammenbr\u00fcche, bei denen es keine Erkl\u00e4rung f\u00fcr den Ursprung gibt. Es werden aber immer gleich Medikamente verabreicht.<\/li>\n<li>Ich schlief wenig, machte mehr. Die Reiz\u00fcberflutung wurde mehr und die Kreativit\u00e4t wurde diffus.<\/li>\n<\/ul>\n<p>Zu der Gruppe der Profis wurde festgestellt:<\/p>\n<ul>\n<li>die Profis bleiben im Ausdruck unklar<\/li>\n<li>spezifisches Jargon, welches z. T. auch von den Erfahrenen benutzt wird<\/li>\n<li>Man k\u00f6nnte das, was die Profis geschrieben haben nicht in einem Buch ver\u00f6ffentlichen, da es wenig mit Gef\u00fchlen zu tun hat<\/li>\n<li>Bei den Beschreibungen der Professionellen f\u00fchlen sich die Gruppen der Erfahrenen und die der Angeh\u00f6rigen nicht eingebunden.<\/li>\n<li>Ein humorvollerer Umgang mit der Materie k\u00f6nnte manchmal besser weiter helfen<\/li>\n<li>Frage: Treibt es einen Keil zwischen Erfahrenen und Angeh\u00f6rigen, wenn der Arzt dem Angeh\u00f6rigen nur begrenzt Informationen zukommen l\u00e4sst? Diese Frage wird dahingehend beantwortet, dass es f\u00fcr die Erfahrene sehr wichtig ist, im Krisenfall mit Klinikeinweisung sicher zu sein, dass der\/die Angeh\u00f6rige kaum Informationen vom Arzt bekommt. Dar\u00fcber spiegelt sich die Autonomie der betroffenen Person.<\/li>\n<li>Profis haben durch \u201edie Wahrnehmungsbrille\u201c keinen differenzierten Zugang zum Individuum mit seinen Charakteristika und Krankheitssymptomen.<\/li>\n<\/ul>\n<p>Nach der kurzen Pause wird besonders die \u00c4rztin Fr. Dr. Souvignier zum Thema: Was ist Psychose und Wie wird sie ausgel\u00f6st? (Ausl\u00f6ser, Heilbarkeit, Systematik) befragt.<\/p>\n<p><b>Medizinische Erkenntnisse wodurch Psychose ausgel\u00f6st werden kann:<\/b><\/p>\n<ul>\n<li>Disposition (Anf\u00e4lligkeit) sind Erbanlagen und Umweltfaktoren<\/li>\n<li>Durch Drogen z. B. LSD und Alkohol<\/li>\n<li>\u00dcberlastung (besonders bei Disposition)<\/li>\n<li>Dauerstress und \u00dcberforderung<\/li>\n<li>Sprache bleibt undeutlich bei Psychose<\/li>\n<\/ul>\n<p><b>Heilbarkeit<\/b><\/p>\n<p>ca. ein Drittel aller ersterkrankten Psychose-Betroffenen werden mit medikament\u00f6ser Unterst\u00fctzung geheilt. Am besten hilft eine Psychotherapie in Zusammenhang mit Medikamenten.<\/p>\n<p><b>Systematik<\/b><\/p>\n<ul>\n<li>1. Paranoid \u2013 halluzinatorische Schizophrenie (die einen starken emotionalen Anteil haben k\u00f6nnen)<\/li>\n<\/ul>\n<ul>\n<li>2.\n<ul>\n<li>Schizo-manisch (sehr betriebsam)<\/li>\n<li>Schizo-depressiv (antriebsarm)<\/li>\n<\/ul>\n<\/li>\n<\/ul>\n<ul>\n<li>3. affektive Psychose\n<ul>\n<li>rein gef\u00fchlsm\u00e4\u00dfige Psychosen wie: manisch-depressive Psychose<\/li>\n<\/ul>\n<\/li>\n<\/ul>\n<p><b>Was ist Psychose?<\/b><\/p>\n<ul>\n<li>Optische Halluzinationen (etwas sehen was nicht da ist)<\/li>\n<li>Akustische Halluzinationen (etwas h\u00f6ren, was f\u00fcr andere nicht h\u00f6rbar ist)<\/li>\n<li>Denkabl\u00e4ufe sind gest\u00f6rt (Gedanken brechen ab)<\/li>\n<li>Denkabl\u00e4ufe werden schneller (Gedankenrasen)<\/li>\n<li>Gef\u00fchl, dass Gedanken \u201egelesen\u201c werden k\u00f6nnen<\/li>\n<li>Gedankenh\u00f6hle: sich hineinsteigern ist Denk-Gedanken-Strukturen bringt die Psychose n\u00e4her<\/li>\n<li>Im Schub laufen die Gedankenabl\u00e4ufe anders ab<\/li>\n<\/ul>\n<p>Zum Abschluss wird der Wunsch nach einem \u201ePsychose-Netzwerk\u201c f\u00fcr D\u00fcren zum Ausdruck gebracht.<\/p>\n<p>Danach Abschlussrunde (Was nehmen Sie mit?)<\/p>\n","protected":false},"excerpt":{"rendered":"<p>Protokoll des Psychoseseminars vom 19.09.2007 von 19.00 \u2013 21.00 Uhr Zun\u00e4chst erfolgt die Begr\u00fc\u00dfung des Auditoriums. Es ist Frau Doktor Souvignier zugegen. Sie arbeitet auf Station 1b der RKD. Vorstellung des Psychoseseminars und der Person der Moderator 1. Warm up: Kleines Impulsreferat: \u201eWas ist das Psychoseseminar? (im Anhang wieder zu finden; dazu die Erkl\u00e4rung am [&hellip;]<\/p>\n","protected":false},"author":2,"featured_media":0,"parent":14,"menu_order":-77,"comment_status":"closed","ping_status":"closed","template":"","meta":[],"_links":{"self":[{"href":"https:\/\/www.psychose-seminar.de\/index.php?rest_route=\/wp\/v2\/pages\/197"}],"collection":[{"href":"https:\/\/www.psychose-seminar.de\/index.php?rest_route=\/wp\/v2\/pages"}],"about":[{"href":"https:\/\/www.psychose-seminar.de\/index.php?rest_route=\/wp\/v2\/types\/page"}],"author":[{"embeddable":true,"href":"https:\/\/www.psychose-seminar.de\/index.php?rest_route=\/wp\/v2\/users\/2"}],"replies":[{"embeddable":true,"href":"https:\/\/www.psychose-seminar.de\/index.php?rest_route=%2Fwp%2Fv2%2Fcomments&post=197"}],"version-history":[{"count":0,"href":"https:\/\/www.psychose-seminar.de\/index.php?rest_route=\/wp\/v2\/pages\/197\/revisions"}],"up":[{"embeddable":true,"href":"https:\/\/www.psychose-seminar.de\/index.php?rest_route=\/wp\/v2\/pages\/14"}],"wp:attachment":[{"href":"https:\/\/www.psychose-seminar.de\/index.php?rest_route=%2Fwp%2Fv2%2Fmedia&parent=197"}],"curies":[{"name":"wp","href":"https:\/\/api.w.org\/{rel}","templated":true}]}}