{"id":193,"date":"2007-05-16T16:13:26","date_gmt":"2007-05-16T14:13:26","guid":{"rendered":"https:\/\/psychose-seminar.info\/?page_id=193"},"modified":"2007-05-16T16:13:26","modified_gmt":"2007-05-16T14:13:26","slug":"kreativitaet-und-psychosen-vom-impuls-zur-umsetzung","status":"publish","type":"page","link":"https:\/\/www.psychose-seminar.de\/?page_id=193","title":{"rendered":"Kreativit\u00e4t und Psychosen \u2013 vom Impuls zur Umsetzung"},"content":{"rendered":"<p><b>Protokoll des Psychoseseminars vom 16.05.2007 von 19.00 \u2013 21.00 Uhr<\/b><\/p>\n<p>Zun\u00e4chst erfolgt die Begr\u00fc\u00dfung des Auditoriums und der G\u00e4ste. Es ist Hr. Dr. Kra\u00dfnack von den Rheinischen Kliniken D\u00fcren, Hr. Poetsch Kunsttherapeut der Rheinischen Klinken D\u00fcren und Herr Rohs Galerist in D\u00fcren als G\u00e4ste zugegen.<\/p>\n<p>Vorstellung des Psychoseseminars und der Person der Moderatorin ihrer Funktion.<\/p>\n<p>Zu Beginn stellen die o. g. G\u00e4ste ihre Arbeitsbereiche vor.<\/p>\n<p>Als Warm up wird eine Rolle wei\u00dfes Papier durch die Raummitte ausgerollt, Wachsmal-stifte und Plakafarben mit Pinseln zur Verf\u00fcgung gestellt. Es wird darauf aufmerksam gemacht, dass das Blatt den ganzen Abend \u00fcber bearbeitet werden kann. Es wird bemerkt, dass das wei\u00dfe Blatt eine Leere ausstrahlt, die f\u00fcr einige be\u00e4ngstigend ist. Die Empfehlung zum Umgang lautet: die Leere wahrnehmen und in die Leere hinein f\u00fchlen. Dann aktiv werden und zu den Materialien greifen und umsetzen. Was ist Impulsarmut? Was kann man tun, wenn die Impulse fehlen? Ein Teilnehmer findet sich nicht sch\u00f6n, weil er kaum Impulse hat und umsetzt. Jeder Mensch ist sch\u00f6n, es gibt kein Ideal und es kommt auf die Einzelheiten an. Josef Beuys hat den Satz geschaffen: Jeder Mensch ist ein Kunstwerk, wird dagegen gesetzt. Es entsteht ein Gespr\u00e4ch zwischen den Interessengruppen \u00fcber die Arbeitsbereiche und dem Thema \u201eWelchen Impuls nehme ich wahr?\u201c Verschiedene Teilnehmer beginnen mit Malereien. Es kommt ein lebhaftes Gespr\u00e4ch zustande, welches sich in erster Linie um die Wahrnehmung von Impulsen und die Umsetzung der Impulse dreht. Es kommt auf das Material an, mit dem gearbeitet wird. Ist es ein festes oder ein flie\u00dfendes Material. Durch die gemeinsame Beziehungsarbeit zwischen dem Kunsttherapeuten und einem\/einer Klienten\/in kommt die Umsetzung vom Impuls zustande. Das wichtigste ist die Beziehung dabei. Es geht darum, soweit es geht einfach anzufangen. Man muss versuchen zum Anfang zu kommen. Manchmal ist es so, das ein Impuls schon l\u00e4nger vor\u00fcber ist, ohne wahrgenommen oder umgesetzt zu werden. Hier ist ein Indikator f\u00fcr Psychose zu sehen. Die Psychose kann daf\u00fcr sorgen, dass jemand seine Impulse nicht oder nur verz\u00f6gert umsetzt. Woher kommen die Gedanken und Impulse? Wird die Frage gestellt. Es f\u00e4llt die Bemerkung: \u201eEin Impuls ist wie Gnade mit Gl\u00fcck\u201c.<\/p>\n<p><b>Wo findet sich psychotische Kunst im \u00f6ffentlichen Leben wieder?<\/b><\/p>\n<p>Als Freizeitgestaltung wirkt der Vorgang des Malens beruhigend und entlastend. Aus diesem Grund besuchen viele Menschen Malkurse. Ein Teilnehmer bemerkt, dass die Anforderungen der Gesellschaft auf ihn, mit der psychotischen Erkrankung wie ein Korsett wirken. Er gestalte seinen Internetauftritt selbst und verwirklicht sich dadurch kreativ. Psychotische Musik verkaufe sich besser als psychotische Malerei wird als Behauptung in den Raum gestellt. Tecno-, Pop- aber auch jegliche andere Art von Musik bis hin zu Rep- Musik, die eine rechte Szene anspricht und Gewalt verherrlichend wirken soll, wird gut verkauft und hat psychotische Anteile. Es gibt auch Architektur die von psychotischen Formen durchstr\u00f6mt wird und Graffiti.<\/p>\n<p>Auf die Frage hin, was Kreativit\u00e4t sei antworten die G\u00e4ste, dass es schwierig sei, dies kurz zu beschreiben und man einen Duden zur Hand nehmen solle, um dies zu kl\u00e4ren. Man wolle sich nun nicht festlegen. Kunst kommt von K\u00f6nnen.<\/p>\n<p>Verschiedene Teilnehmer er\u00f6rtern ihre Beziehung zur Kreativit\u00e4t. Jemand arbeitet in einer Holz- AT und erf\u00e4hrt sich dadurch t\u00e4glich als kreativ. Auch das Material Holz sei etwas ganz besonderes. Jemand versucht seine Tr\u00e4ume zu malen. Durch kontinuierliches tun lernt man dazu. Wenn man nicht eigenst\u00e4ndig dazu kommen kann, k\u00f6nnte eine Verhaltenstherapie helfen, erste Impulse wahrzunehmen und um zu setzten. Es ist wichtig sich nicht zu sehr zur\u00fcck zu ziehen.<\/p>\n","protected":false},"excerpt":{"rendered":"<p>Protokoll des Psychoseseminars vom 16.05.2007 von 19.00 \u2013 21.00 Uhr Zun\u00e4chst erfolgt die Begr\u00fc\u00dfung des Auditoriums und der G\u00e4ste. Es ist Hr. Dr. Kra\u00dfnack von den Rheinischen Kliniken D\u00fcren, Hr. Poetsch Kunsttherapeut der Rheinischen Klinken D\u00fcren und Herr Rohs Galerist in D\u00fcren als G\u00e4ste zugegen. Vorstellung des Psychoseseminars und der Person der Moderatorin ihrer Funktion. [&hellip;]<\/p>\n","protected":false},"author":2,"featured_media":0,"parent":14,"menu_order":-75,"comment_status":"closed","ping_status":"closed","template":"","meta":[],"_links":{"self":[{"href":"https:\/\/www.psychose-seminar.de\/index.php?rest_route=\/wp\/v2\/pages\/193"}],"collection":[{"href":"https:\/\/www.psychose-seminar.de\/index.php?rest_route=\/wp\/v2\/pages"}],"about":[{"href":"https:\/\/www.psychose-seminar.de\/index.php?rest_route=\/wp\/v2\/types\/page"}],"author":[{"embeddable":true,"href":"https:\/\/www.psychose-seminar.de\/index.php?rest_route=\/wp\/v2\/users\/2"}],"replies":[{"embeddable":true,"href":"https:\/\/www.psychose-seminar.de\/index.php?rest_route=%2Fwp%2Fv2%2Fcomments&post=193"}],"version-history":[{"count":0,"href":"https:\/\/www.psychose-seminar.de\/index.php?rest_route=\/wp\/v2\/pages\/193\/revisions"}],"up":[{"embeddable":true,"href":"https:\/\/www.psychose-seminar.de\/index.php?rest_route=\/wp\/v2\/pages\/14"}],"wp:attachment":[{"href":"https:\/\/www.psychose-seminar.de\/index.php?rest_route=%2Fwp%2Fv2%2Fmedia&parent=193"}],"curies":[{"name":"wp","href":"https:\/\/api.w.org\/{rel}","templated":true}]}}