{"id":189,"date":"2007-03-21T16:08:05","date_gmt":"2007-03-21T14:08:05","guid":{"rendered":"https:\/\/psychose-seminar.info\/?page_id=189"},"modified":"2007-03-21T16:08:05","modified_gmt":"2007-03-21T14:08:05","slug":"psychose-und-vertrauen-muss-ich-jedem-vertrauen","status":"publish","type":"page","link":"https:\/\/www.psychose-seminar.de\/?page_id=189","title":{"rendered":"Psychose und Vertrauen \u2013 Muss ich jedem vertrauen?"},"content":{"rendered":"<p><b>Protokoll des Psychoseseminars vom 21.03.2007 von 19.00 \u2013 21.05 Uhr<\/b><\/p>\n<p>Zun\u00e4chst erfolgt die Begr\u00fc\u00dfung des Auditoriums. Es ist keine \u00c4rztin dabei. Vorstellung des Psychoseseminars und der Person der Moderatorin ihrer Funktion.<\/p>\n<p><b>Warm up<\/b><\/p>\n<p><b>1.Bild vom Krokodil mit Putzerv\u00f6geln (Symbiose) und Erl\u00e4uterungen dazu<\/b><\/p>\n<p><b>2.Frage: Was ist f\u00fcr Sie Vertrauen? (Mitschrift am Flip-Chart)<\/b><\/p>\n<p><b>Antworten waren:<\/b><\/p>\n<ul>\n<li>1.\u00dcber Probleme mit einer Vertrauensperson reden k\u00f6nnen<\/li>\n<li>2.Sich was trauen (wagen), neue Wege gehen<\/li>\n<li>3.Zuverl\u00e4ssigkeit<\/li>\n<li>4.Sicherheit<\/li>\n<li>5.Geborgenheit<\/li>\n<li>6.Bedingungslosigkeit<\/li>\n<li>7.Offen sein k\u00f6nnen<\/li>\n<li>8.Sich angenommen f\u00fchlen<\/li>\n<li>9.Verschwiegenheit<\/li>\n<li>10.Sich fallen lassen k\u00f6nnen<\/li>\n<li>11.Vertrauen braucht Zeit zum wachsen.<\/li>\n<\/ul>\n<p><b>3. Frage: Kennen Sie im Zusammenhang mit Psychose, bei sich oder anderen Situationen, in denen das Vertrauen abhanden gekommen ist?<\/b><\/p>\n<p>Es gibt Situationen in denen Angst aufkommt und Angst und Vertrauen sind Gegenspieler. Es wird auf den Unterschied zwischen Depression und Psychose aufmerksam gemacht, denn es sind einige Teilnehmerinnen aus der Selbsthilfegruppe Depression anwesend. Vertrauen auf ein Medikament und den verordnenden Arzt. Vertrauen kann durch herumtricksen zerst\u00f6rt werden. Misstrauen kann ein Anfang sein. Viele Aspekte, darunter auch Vertrauen ist sch\u00fctzenswert und ein hoher Wert.<\/p>\n<hr \/>\n<p>Pause 7 Min<\/p>\n<p><b>4. Frage: Wie kann ich pers\u00f6nlich besser mit dem Misstrauen umgehen?<\/b><\/p>\n<p><b>5. Verabschiedung von Herrn Dr. Galke aus der 3 j\u00e4hrigen ehrenamtlichen Zeit!!<\/b><\/p>\n<p><b>6. Blitzlichtrunde mit Stein<\/b><\/p>\n<p>Bedanken und Verabschiedung der G\u00e4ste.<\/p>\n","protected":false},"excerpt":{"rendered":"<p>Protokoll des Psychoseseminars vom 21.03.2007 von 19.00 \u2013 21.05 Uhr Zun\u00e4chst erfolgt die Begr\u00fc\u00dfung des Auditoriums. Es ist keine \u00c4rztin dabei. Vorstellung des Psychoseseminars und der Person der Moderatorin ihrer Funktion. Warm up 1.Bild vom Krokodil mit Putzerv\u00f6geln (Symbiose) und Erl\u00e4uterungen dazu 2.Frage: Was ist f\u00fcr Sie Vertrauen? (Mitschrift am Flip-Chart) Antworten waren: 1.\u00dcber Probleme [&hellip;]<\/p>\n","protected":false},"author":2,"featured_media":0,"parent":14,"menu_order":-73,"comment_status":"closed","ping_status":"closed","template":"","meta":[],"_links":{"self":[{"href":"https:\/\/www.psychose-seminar.de\/index.php?rest_route=\/wp\/v2\/pages\/189"}],"collection":[{"href":"https:\/\/www.psychose-seminar.de\/index.php?rest_route=\/wp\/v2\/pages"}],"about":[{"href":"https:\/\/www.psychose-seminar.de\/index.php?rest_route=\/wp\/v2\/types\/page"}],"author":[{"embeddable":true,"href":"https:\/\/www.psychose-seminar.de\/index.php?rest_route=\/wp\/v2\/users\/2"}],"replies":[{"embeddable":true,"href":"https:\/\/www.psychose-seminar.de\/index.php?rest_route=%2Fwp%2Fv2%2Fcomments&post=189"}],"version-history":[{"count":0,"href":"https:\/\/www.psychose-seminar.de\/index.php?rest_route=\/wp\/v2\/pages\/189\/revisions"}],"up":[{"embeddable":true,"href":"https:\/\/www.psychose-seminar.de\/index.php?rest_route=\/wp\/v2\/pages\/14"}],"wp:attachment":[{"href":"https:\/\/www.psychose-seminar.de\/index.php?rest_route=%2Fwp%2Fv2%2Fmedia&parent=189"}],"curies":[{"name":"wp","href":"https:\/\/api.w.org\/{rel}","templated":true}]}}