{"id":187,"date":"2006-12-20T16:03:57","date_gmt":"2006-12-20T14:03:57","guid":{"rendered":"https:\/\/psychose-seminar.info\/?page_id=187"},"modified":"2006-12-20T16:03:57","modified_gmt":"2006-12-20T14:03:57","slug":"behandlungsvereinbarungen-ein-weg-zu-mehr-selbstbestimmung","status":"publish","type":"page","link":"https:\/\/www.psychose-seminar.de\/?page_id=187","title":{"rendered":"Behandlungsvereinbarungen \u2013 Ein Weg zu mehr Selbstbestimmung?"},"content":{"rendered":"<p><b>Protokoll des Psychoseseminars vom 20.12.2006 von 19.00 \u2013 21.05 Uhr<\/b><\/p>\n<p>Zun\u00e4chst erfolgt die Begr\u00fc\u00dfung des Auditoriums. Es ist keine \u00c4rztin dabei. Vorstellung des Psychoseseminars und der Person der Moderatorin ihrer Funktion.<\/p>\n<p><b>Warm up<\/b><\/p>\n<p><b>1.Frage: Hat mir, meinen Angeh\u00f6rigen, meinen Patienten am letzten Klinikaufenthalt etwas nicht gefallen? Wenn ja, Was hat nicht gefallen?<\/b><\/p>\n<p><b>2.Kartenabfrage dazu. Die Karten werden vorgelesen und in die Raummitte gelegt.<\/b><\/p>\n<p>Antworten waren:<\/p>\n<ul>\n<li>Zwangsbehandlung mit Haldol<\/li>\n<li>Keine Information \u00fcber Behandlung und Medikamente<\/li>\n<li>Dauer des Aufenthaltes<\/li>\n<li>Die Personalknappheit<\/li>\n<li>\u00c4rztliches Personal stand unter Zeitdruck, infolge dessen wurden Fragen von Angeh\u00f6rigen nicht ausreichend beantwortet.<\/li>\n<li>Mir haben die ironischen Witze des Personals nicht gefallen<\/li>\n<li>Nur auf dem Gel\u00e4nde aufhalten<\/li>\n<li>Bevormundung was Medikation, Fixierung und geschlossene Unterbringung angeht<\/li>\n<li>Falsche Station<\/li>\n<li>Unfreundlichkeit des Pflegepersonals<\/li>\n<li>Die \u00c4rzte haben gegen\u00fcber der Patientin wenig informiert<\/li>\n<li>Kranke werden allein gelassen<\/li>\n<li>Bei Verschreibung von Medizin zu viel Automatismus<\/li>\n<li>Zu wenig Transparenz in Haus 11<\/li>\n<li>Falsche Medikation<\/li>\n<\/ul>\n<p>Eine Teilnehmerin berichtet dar\u00fcber was ihr gut gefallen hat: In Haus 12: gut organisierte gem\u00fctliche Weihnachtsfeier in Haus 12<\/p>\n<p><b>3. Provokation: Die Karten werden eingesammelt und demonstrativ in einen Papierkorb geworfen.<\/b><\/p>\n<p>Der \u201e\u00c4rger\u201c wurde thematisch aufgegriffen, und danach einen kurzen geschichtlichen Hintergrund zu den Behandlungsvereinbarungen gegeben (ist dem Protokoll beigef\u00fcgt).<\/p>\n<p><b>4. Was ist mit Behandlungsvereinbarungen gemeint und wozu sollen diese gut sein?<\/b><\/p>\n<p><b>5.Welche Vereinbarungen kann ich treffen?<\/b><\/p>\n<ul>\n<li>6. <b>3 Karten wurden zuvor beschriftet und werden vorgelesen:<\/b>\n<ul>\n<li>1. Karte: dass ich Medikamente, die nicht geholfen haben, nicht mehr ausprobiere<\/li>\n<li>2. dass ich bestimmen kann, wer mich besucht oder wer nicht.<\/li>\n<li>3. dass ich Vorsorge treffen kann, f\u00fcr meine Pflanzen, Post und Haustiere.<\/li>\n<\/ul>\n<\/li>\n<\/ul>\n<p><b>7. Behandlungsvereinbarungsb\u00f6gen werden ausgeteilt.<\/b><\/p>\n<p><b>8. Karten werden aus dem Papierkorb gezogen und die Klagen\/Beschwerden werden mit den Behandlungsvereinbarungen verkn\u00fcpft.<\/b><\/p>\n<p>Es wird dabei nach dem Schema:<\/p>\n<ul>\n<li>\u00c4rger<\/li>\n<li>Wunsch<\/li>\n<li>Vereinbarungen<\/li>\n<li>Was realistisch?<\/li>\n<\/ul>\n<p>vorgegangen.<\/p>\n<p>Danach wird eine Themensammlung f\u00fcr das Jahr 2007 gemacht.<\/p>\n<p>Folgende Themen sind genannt worden:<\/p>\n<ul>\n<li>Kreativit\u00e4t und Psychose (Galerist Lutz Ros, Fr. Derbe Kunsttherapeutin RKD<\/li>\n<li>Was tut sich in den RKD (Fr. Lemmer QM-Managerin)<\/li>\n<li>Beschwerdem\u00f6glichkeiten in den RKD (Ombutsfrau Fr. Quednau)<\/li>\n<li>Psychose und berufliche M\u00f6glichkeiten (Rehaabteilung ARGE, Hr. Wi\u00dfmann, BTZ? Rur-Tec?<\/li>\n<li>Zwangsma\u00dfnahmen in der Psychiatrie<\/li>\n<li>Spirituelle Elemente in der Psychose<\/li>\n<li>Psychose und dann? \u2013 alternative Zukunftsentw\u00fcrfe &#8211;<\/li>\n<\/ul>\n<p>Bedanken und Verabschiedung der G\u00e4ste.<\/p>\n","protected":false},"excerpt":{"rendered":"<p>Protokoll des Psychoseseminars vom 20.12.2006 von 19.00 \u2013 21.05 Uhr Zun\u00e4chst erfolgt die Begr\u00fc\u00dfung des Auditoriums. Es ist keine \u00c4rztin dabei. Vorstellung des Psychoseseminars und der Person der Moderatorin ihrer Funktion. Warm up 1.Frage: Hat mir, meinen Angeh\u00f6rigen, meinen Patienten am letzten Klinikaufenthalt etwas nicht gefallen? Wenn ja, Was hat nicht gefallen? 2.Kartenabfrage dazu. Die [&hellip;]<\/p>\n","protected":false},"author":2,"featured_media":0,"parent":14,"menu_order":-72,"comment_status":"closed","ping_status":"closed","template":"","meta":[],"_links":{"self":[{"href":"https:\/\/www.psychose-seminar.de\/index.php?rest_route=\/wp\/v2\/pages\/187"}],"collection":[{"href":"https:\/\/www.psychose-seminar.de\/index.php?rest_route=\/wp\/v2\/pages"}],"about":[{"href":"https:\/\/www.psychose-seminar.de\/index.php?rest_route=\/wp\/v2\/types\/page"}],"author":[{"embeddable":true,"href":"https:\/\/www.psychose-seminar.de\/index.php?rest_route=\/wp\/v2\/users\/2"}],"replies":[{"embeddable":true,"href":"https:\/\/www.psychose-seminar.de\/index.php?rest_route=%2Fwp%2Fv2%2Fcomments&post=187"}],"version-history":[{"count":0,"href":"https:\/\/www.psychose-seminar.de\/index.php?rest_route=\/wp\/v2\/pages\/187\/revisions"}],"up":[{"embeddable":true,"href":"https:\/\/www.psychose-seminar.de\/index.php?rest_route=\/wp\/v2\/pages\/14"}],"wp:attachment":[{"href":"https:\/\/www.psychose-seminar.de\/index.php?rest_route=%2Fwp%2Fv2%2Fmedia&parent=187"}],"curies":[{"name":"wp","href":"https:\/\/api.w.org\/{rel}","templated":true}]}}