{"id":183,"date":"2006-10-18T15:58:06","date_gmt":"2006-10-18T13:58:06","guid":{"rendered":"https:\/\/psychose-seminar.info\/?page_id=183"},"modified":"2006-10-18T15:58:06","modified_gmt":"2006-10-18T13:58:06","slug":"partnerschaft-und-psychose-wie-finde-ich-liebe-und-sex","status":"publish","type":"page","link":"https:\/\/www.psychose-seminar.de\/?page_id=183","title":{"rendered":"Partnerschaft und Psychose &#8211; Wie finde ich Liebe und Sex?"},"content":{"rendered":"<p><b>Protokoll des Psychoseseminars vom 18.10.2006<\/b><\/p>\n<p>Zun\u00e4chst erfolgt die Begr\u00fc\u00dfung des Auditoriums. Leider ist kein\/e Arzt\/\u00c4rztin zugegen. Vorstellung des Psychoseseminars und der Person der Moderatorin in ihrer Funktion.<\/p>\n<p><b>Warm up<\/b><\/p>\n<p>Diejenigen die mitmachen wollen, stehen auf und versammeln sich zu einem Kreis in der Raummitte. Jede\/r sucht sich mehrere Leute zu denen er\/sie sagt:<\/p>\n<ul>\n<li>1.Guten Abend<\/li>\n<li>2.Ich hei\u00dfe<\/li>\n<li>3.1 Satz in Bezug auf das Psychoseseminar<\/li>\n<\/ul>\n<p>Die Nichtbeteiligten sind BeobachterInnen. Dieses Spiel dauert ca. 5 Min.<\/p>\n<p>Danach wird gefragt:<\/p>\n<p><b>Wie war es f\u00fcr Sie im Innenkreis?<\/b><\/p>\n<p>F\u00fcr einige war es anf\u00e4nglich etwas steif und sp\u00e4ter lockerer mit dem aufeinander zugehen. Insgesamt wurde das Warm up positiv bewertet.<\/p>\n<p><b>Wie war es f\u00fcr die BeobachterInnen? Was konnten Sie beobachten?<\/b><\/p>\n<p><b>Es folgt die Frage, wie es bei den TeilnehmerInnen im realen Leben abl\u00e4uft, Ergreifen Sie die Initiative um jemanden kennen zu lernen?<\/b><\/p>\n<ul>\n<li>-platonisch-<\/li>\n<\/ul>\n<p>Es kommt ein Gespr\u00e4ch in Gang in dessen Verlauf gesagt wird, dass<\/p>\n<ul>\n<li>gute Frauen schon weg w\u00e4ren \u2013<\/li>\n<li>das dass Gute am Singledasein ist, das man alles allein entscheiden kann und es sich gut damit leben l\u00e4sst<\/li>\n<li>jemand \u00fcberlegt h\u00e4tte, als M\u00f6nch im Kloster zu leben<\/li>\n<li>die Chemie stimmen muss<\/li>\n<li>F\u00fcr wichtig befunden wird auch Harmonie in einer Beziehung<\/li>\n<li>bei einem Teilnehmer war fr\u00fcher das Aussehen wichtig, heute hat sich dieser Anspruch ver\u00e4ndert. Er guckt heute darauf, dass sie eigenes hat, um das sie sich k\u00fcmmert und aufgeschlossen ist.<\/li>\n<li>Jemand bemerkt, dass es viel Unehrlichkeiten und L\u00fcgen zwischen M\u00e4nnern und Frauen gibt. In einer Ehe wird einem dann k\u00fcnstlich etwas vorgelebt und bei sp\u00e4terer Trennung leidet einzig das Kind. M\u00e4nner w\u00fcrden zu 70% L\u00fcgen, Frauen 30%.<\/li>\n<\/ul>\n<p>Das Ergebnis bei dieser Runde war, dass es zwei unterschiedliche Formen von Haltungen gegen\u00fcber einer Partnerschaft gibt:<\/p>\n<ul>\n<li>1. Singledasein \u2013 kaum Kompromisse \u2013 man kann frei entscheiden und f\u00fchlt sich frei<\/li>\n<li>2. Partnerschaft \u2013 man macht Kompromisse und stellt sich auf den Anderen ein<\/li>\n<\/ul>\n<p><b>Auf die Frage, woran man eine stimmige Chemie erkennen kann, kommt als Antwort:<\/b><\/p>\n<ul>\n<li>man f\u00fchlt sich wohl miteinander<\/li>\n<li>Man hat das Gef\u00fchl den Anderen schon l\u00e4nger zu kennen<\/li>\n<li>Es ist ein vertrauliches Gef\u00fchl, man kann sich anvertrauen<\/li>\n<li>Gleiche Leute interessieren einen nicht<\/li>\n<\/ul>\n<p>F\u00fcr jemand ist der Sex wichtig, alles andere k\u00f6nnte er\/ sie ohne das andere Geschlecht.<\/p>\n<p>Es wird der Hinweis gegeben, das es f\u00fcr diese Art von Bed\u00fcrfnis Zugehh\u00e4user geben w\u00fcrde.<\/p>\n<p>Jemand stellt den kulturellen Unterschied zwischen der westlichen Denkweise und der \u00f6stlichen Denkweise dar.<\/p>\n<p><b>1. Suche nach Unverbindlichkeit:<\/b><\/p>\n<p>Im Westen w\u00fcrde viel Unverbindlichkeit gelebt. Dies w\u00fcrde mit der Einstellung zusammen h\u00e4ngen, dass alles ausgelebt werden k\u00f6nnte auch Sex mit mehreren Menschen.<\/p>\n<p><b>2. Gro\u00dfe Familien und gegenseitige Unterst\u00fctzung<\/b><\/p>\n<p>z. B. in der T\u00fcrkei sind die Familien gut vernetzt und es unterst\u00fctzen sich die Familienmitglieder gegenseitig. Beim Heiratszwang steht die Individualit\u00e4t zur\u00fcck zugunsten der Familie. Es werden hohe Erwartungen an die Einzelnen gestellt.<\/p>\n<p><b>Gibt es Unterschiede wenn jemand eine Psychose hat?<\/b><\/p>\n<ul>\n<li>die sexuellen Bed\u00fcrfnisse sind nicht besonders stark da oder gar nicht,<\/li>\n<li>man bekommt sehr schlecht Kontakt \/man f\u00fchlt sich au\u00dfen vor<\/li>\n<li>man sieht, wie die sog. \u201eNormalen\u201c \u00f6fter wechselnde Geschlechtspartner haben, w\u00e4hrend man selbst oft nicht vital genug ist<\/li>\n<li>es wird angenommen, das Antipsychotika die sexuellen Bed\u00fcrfnisse blockieren und darauf aufmerksam gemacht, dass man dies mit dem Arzt\/der \u00c4rztin besprechen sollte.<\/li>\n<li>die Beziehung geht auseinander, sodass man bef\u00fcrchtet bei der n\u00e4chsten k\u00f6nnte es genauso laufen,<\/li>\n<\/ul>\n<p><b>Nach der Pause wird dar\u00fcber gesprochen, wie es in einer festen Beziehung ist:<\/b><\/p>\n<ul>\n<li>man f\u00fchlt sich geborgen<\/li>\n<li>man f\u00fchlt sich angenommen<\/li>\n<li>man kann auch zusammen streiten<\/li>\n<li>kulturelle Aktivit\u00e4ten<\/li>\n<li>Reisen<\/li>\n<li>Jemand hat \u201ekonservative\u201c Vorstellung wie seine Beziehung laufen sollte<\/li>\n<\/ul>\n<p>Daran schlie\u00dft sich eine Blitzlichtrunde an, in der danach gefragt wird:<\/p>\n<p><b>Was k\u00f6nnen Sie vom heutigen Abend mit nach Hause nehmen?<\/b><\/p>\n<p>Zuletzt erfolgt ein Hinweis auf die Selbsthilfegruppe \u201ePsychose- Erfahrene- D\u00fcren und die Selbsthilfegruppe gegen Depressionen. Das n\u00e4chste Seminar findet am 15.11.2006 zum Thema: Psychose und Kindererziehung \u2013 Was brauchen meine Kinder \u2013 statt.<\/p>\n<p>Bedanken und Verabschiedung der G\u00e4ste.<\/p>\n","protected":false},"excerpt":{"rendered":"<p>Protokoll des Psychoseseminars vom 18.10.2006 Zun\u00e4chst erfolgt die Begr\u00fc\u00dfung des Auditoriums. Leider ist kein\/e Arzt\/\u00c4rztin zugegen. Vorstellung des Psychoseseminars und der Person der Moderatorin in ihrer Funktion. Warm up Diejenigen die mitmachen wollen, stehen auf und versammeln sich zu einem Kreis in der Raummitte. Jede\/r sucht sich mehrere Leute zu denen er\/sie sagt: 1.Guten Abend [&hellip;]<\/p>\n","protected":false},"author":2,"featured_media":0,"parent":14,"menu_order":-70,"comment_status":"closed","ping_status":"closed","template":"","meta":[],"_links":{"self":[{"href":"https:\/\/www.psychose-seminar.de\/index.php?rest_route=\/wp\/v2\/pages\/183"}],"collection":[{"href":"https:\/\/www.psychose-seminar.de\/index.php?rest_route=\/wp\/v2\/pages"}],"about":[{"href":"https:\/\/www.psychose-seminar.de\/index.php?rest_route=\/wp\/v2\/types\/page"}],"author":[{"embeddable":true,"href":"https:\/\/www.psychose-seminar.de\/index.php?rest_route=\/wp\/v2\/users\/2"}],"replies":[{"embeddable":true,"href":"https:\/\/www.psychose-seminar.de\/index.php?rest_route=%2Fwp%2Fv2%2Fcomments&post=183"}],"version-history":[{"count":0,"href":"https:\/\/www.psychose-seminar.de\/index.php?rest_route=\/wp\/v2\/pages\/183\/revisions"}],"up":[{"embeddable":true,"href":"https:\/\/www.psychose-seminar.de\/index.php?rest_route=\/wp\/v2\/pages\/14"}],"wp:attachment":[{"href":"https:\/\/www.psychose-seminar.de\/index.php?rest_route=%2Fwp%2Fv2%2Fmedia&parent=183"}],"curies":[{"name":"wp","href":"https:\/\/api.w.org\/{rel}","templated":true}]}}