{"id":181,"date":"2006-06-21T15:54:43","date_gmt":"2006-06-21T13:54:43","guid":{"rendered":"https:\/\/psychose-seminar.info\/?page_id=181"},"modified":"2006-06-21T15:54:43","modified_gmt":"2006-06-21T13:54:43","slug":"sonderstatus-fuer-psychose-erfahrene-muessen-psychose-erfahrene-in-watte-gepackt-werden","status":"publish","type":"page","link":"https:\/\/www.psychose-seminar.de\/?page_id=181","title":{"rendered":"Sonderstatus f\u00fcr Psychose-Erfahrene? &#8211; M\u00fcssen Psychose-Erfahrene in Watte gepackt werden?"},"content":{"rendered":"<p><b>Protokoll des Psychoseseminars vom 21.06.2006<\/b><\/p>\n<p>Zun\u00e4chst erfolgt die Begr\u00fc\u00dfung des Auditoriums. Es ist kein Medinziner\/in begleitend anwesend.<\/p>\n<p><b>Warm up<\/b><\/p>\n<p>In der Raummitte werden zwei selbstgebastelte Papppuppen drapiert. Die eine Puppe wird mit Watte bis zum Kopf umwickelt. Die andere Puppe wird dieser gegen\u00fcber gestellt und bleibt ohne Watte. Ein paar Wattebausche werden im Raum ausgelegt.<\/p>\n<p><b>1. Frage: Wie wirkt die Skulptur auf Sie?<\/b><\/p>\n<p>Einige TeilnehmerInnen schildern dass die in Watte gepackte Puppe dick wirkt. Das diese eine gr\u00f6\u00dfere Distanz zur Aussenwelt hat als die andere. Die andere Puppe kann auch die Arme bewegen und k\u00f6nnte sich selbst helfen, was bei der Puppe in Watte nicht der Fall ist. Die Wattepuppe w\u00fcrde schneller aus dem Gleichgewicht geraten und weicher fallen. Die andere Puppe macht einen bodenst\u00e4ndigen Eindruck. In der Watte k\u00f6nnten sich Vorurteile fangen, die einmal von dem Betroffenen und zum anderen von der Aussenwelt kommen.<\/p>\n<p><b>2. Frage: Was bedeutet \u201ein Watte packen\u201c f\u00fcr jeden von uns?<\/b><\/p>\n<p>In Watte packen verbinden viele der Teilnehmenden damit z. B. Medikamente einzunehmen die vor Reiz\u00fcberflutung sch\u00fctzen k\u00f6nnen. Die Medikamente k\u00f6nnen dann je nach Schutzbed\u00fcrfnis erh\u00f6ht oder erniedrigt werden. Sich selbst in Watte packen, bedeutet, sich in verschiedenen belastenden Situationen heraus zu ziehen. Eine Teilnehmerin berichtet dar\u00fcber, das sie bei Familienfeiern schlecht \u201edurchhalten\u201c kann, sie die Situation schnell \u00fcber-fordert und sie mit ihren Angeh\u00f6rigen, die sehr r\u00fccksichtsvoll mit ihr umgehen, ein Einvernehmen dar\u00fcber hat. Wenn es ihr zuviel wird geht sie.<\/p>\n<p>Jemand in Watte packen kann auch R\u00fccksichtnahme auf denjenigen bedeuten.<\/p>\n<p>Von Angeh\u00f6rigen oder Arbeitgebern in Watte gepackt werden, kommt aber bei einem Teilnehmer nicht gut an. Er f\u00fchlt sich ausgegrenzt aus der Welt der Arbeit und seine F\u00e4higkeiten werden nicht angemessen genutzt. Er w\u00fcnscht sich mehr ernst genommen zu werden und denkt, dass er intelligente und komplexe Arbeit verrichten k\u00f6nnte, wenn man ihn lie\u00dfe. Er betont dazu, dass er wahrscheinlich nicht ganz gleichm\u00e4\u00dfig leistungsf\u00e4hig sein w\u00fcrde. Ihm bliebe als Alternative noch die Werkstatt f\u00fcr behinderte Menschen, wo er jedoch stark intellektuell unterfordert w\u00e4re. Die pers\u00f6nliche Akzeptanz seiner Krankheit gegen\u00fcber ist schwierig, es auf dem Arbeitsmarkt als besonders junger Mensch, nicht schaffen zu k\u00f6nnen und mit der Diagnose \u201ePsychose\u201c auch noch dazu eine Stigmatisierung zu erfahren. Er f\u00fchlt sich damit ausgegrenzt.<\/p>\n<p>Es wird er\u00f6rtert, dass es f\u00fcr einen Arbeitgeber schwierig ist, mit einem Mitarbeiter zu arbeiten, der nicht gleichm\u00e4\u00dfig leistungsf\u00e4hig ist und von Zeit zu Zeit in der Klinik ist.<\/p>\n<p>Im Kollegenteam, erst einmal bekannt als \u201epsychisch krank\u201c, ist man denn gleich schnell mit Mobbing konfrontiert. Der Umgang mit einem psychisch kranken Kollegen, kann andere unsicher machen, welche Situation angemessen ist. Was kann man jemanden zutrauen oder was stellt bereits eine \u00dcberforderung dar? Es wird ein Beispiel aus dem Fernsehen genannt. In dem gezeigten Betrieb sind ausschlie\u00dflich behinderte Menschen besch\u00e4ftigt. Diese kommen gut mitein-ander klar, weil sie im Kollegenteam erz\u00e4hlen k\u00f6nnen, das es ihnen z. B. heute nicht gut geht. Dies geht in einem \u201enormalen\u201c Betrieb schlecht, weil man zu funktionieren hat.<\/p>\n<p>Die Berufsgruppe der K\u00fcnstler nimmt sich da etwas aus. Es gibt einige bekannte K\u00fcnstler die eine psychische Beeintr\u00e4chtigung haben, und daraus \u201eKapital\u201c schlagen k\u00f6nnen, d. h. gute Objekte schaffen, die gekauft werden.<\/p>\n<p>Im Bereich Integrationsbetriebe kann die Stadt und der Kreis D\u00fcren z. B. auf die Rur-tec zur\u00fcckgreifen. In gr\u00f6\u00dferen St\u00e4dten wie Berlin u. a. sind aus den Sozialpsychiatrischen Zentren Integrationsbetriebe hervor gegangen. Es wird das Beispiel von \u201eDie Kette e. V. in Bergisch-Gladbach genannt. Dort arbeitet eine gro\u00dfe Mitarbeitergruppe zu \u00e4hnlichen Bedingungen wie auf dem ersten Arbeitsmarkt, die Verh\u00e4ltnisse sind jedoch auf psychisch beeintr\u00e4chtigte Menschen abgestimmt.<\/p>\n<p>Das Thema wird in Richtung pers\u00f6nlichen Umgang mit der in Watte gepackten Person zur\u00fcckgef\u00fchrt. Eine Angeh\u00f6rige hat die Schwierigkeit, dass sie mit dem betroffenen Familienmitglied schwer kommunizieren kann. Die Watte w\u00e4re wie ein Nebel, der undurchdringlich erscheint.<\/p>\n<hr \/>\n<p>Pause ca 10 Minuten<\/p>\n<p>Nach der Pause bewegt die Frage: Was denken Sie, wie in dieser Situation die Watte entfernt werden kann. Es geht weiter darum, wie die Watte von au\u00dfen (Angeh\u00f6rige) durchdrungen werden kann. Der in Watte gepackte kann dann daraus hervor gehen, wenn er meint, dass es f\u00fcr ihn der richtige Zeitpunkt ist. Die Watte steht nun als Symbol f\u00fcr verschiedene Hilfsangebote, die angenommen oder abgelehnt werden k\u00f6nnen. In manchen wenigen F\u00e4llen hilft es einem Betroffenen, wenn man f\u00fcr ihn entscheidet. Er ist dann entlastet. Die Watte m\u00fcsste einen Rei\u00dfverschlu\u00df haben und die Arme sind unter der Watte beweglich. Nur derjenige kann sich f\u00fcr sich selbst das richtige Ma\u00df setzen, wie viel Watte er\/sie braucht und wie viel Aussenwelt er\/sie sich zutraut.<\/p>\n<p>Ein Psychose- Erfahrener kann zuletzt nur selbst f\u00fcr sich entscheiden. Der Kontrast zum Thema \u201eZwangseinweisung\u201c wird gezogen. Dort entscheiden andere was f\u00fcr einen selbst gut sein soll. Es kommt dabei auch zur Sprache, in welcher Weise dabei die Vorgeschichte eine Rolle spielt (jemand wird z. B. aufgegriffen usw.). Die Zwangseinweisung wird als ein angemessenes Instrument bei Selbst- und Fremdgef\u00e4hrdung gesehen.<\/p>\n<p>Das Thema klingt aus.<\/p>\n<p>Als einen weiteren Tagesordnungspunkt wird eine Themensammlung f\u00fcr das n\u00e4chste Halbjahr von den Anwesenden erarbeitet.<\/p>\n<p>Themenvorschl\u00e4ge waren:<\/p>\n<ul>\n<li>Psychose und Erziehung<\/li>\n<li>Psychose und Spiritualit\u00e4t<\/li>\n<li>Mythos Psychose (Stimme Gottes, Krankheitsgeschichte)<\/li>\n<li>Psychose auf das Lebensalter bezogen (in jungen und in alten Jahren)<\/li>\n<li>Psychose und Sucht (Alkohol, Medikamente, Symptome abmildern, Psychose d\u00e4mpfen, viel schlafen)<\/li>\n<li>Psychose und K\u00f6rperwahrnehmung (Entfremdung vom K\u00f6rper, Tics,)<\/li>\n<li>Psychose und k\u00f6rperliche Ver\u00e4nderungen (Gewichtszunahme, Zittern, Neben-wirkungen)<\/li>\n<\/ul>\n<p>Das Seminar wird durch eine Blitzlichtrunde unter der Option: Was kann ich heute Abend f\u00fcr mich mitnehmen? ausgel\u00e4utet. Hier hatte jede\/jeder die Gelegenheit etwas dazu zu sagen. Auf die Liste f\u00fcr die Selbsthilfegruppe \u201ePsychose-Erfahrene D\u00fcren\u201c wird nochmals hingewiesen. Zuletzt wird darauf aufmerksam gemacht, dass das Psychoseseminar bis Ende August in die Sommerpause geht. Das n\u00e4chste Seminar findet am 20.September statt. Allen einen sch\u00f6nen Sommer und sch\u00f6ne Ferien.<\/p>\n","protected":false},"excerpt":{"rendered":"<p>Protokoll des Psychoseseminars vom 21.06.2006 Zun\u00e4chst erfolgt die Begr\u00fc\u00dfung des Auditoriums. Es ist kein Medinziner\/in begleitend anwesend. Warm up In der Raummitte werden zwei selbstgebastelte Papppuppen drapiert. Die eine Puppe wird mit Watte bis zum Kopf umwickelt. Die andere Puppe wird dieser gegen\u00fcber gestellt und bleibt ohne Watte. Ein paar Wattebausche werden im Raum ausgelegt. [&hellip;]<\/p>\n","protected":false},"author":2,"featured_media":0,"parent":14,"menu_order":-69,"comment_status":"closed","ping_status":"closed","template":"","meta":[],"_links":{"self":[{"href":"https:\/\/www.psychose-seminar.de\/index.php?rest_route=\/wp\/v2\/pages\/181"}],"collection":[{"href":"https:\/\/www.psychose-seminar.de\/index.php?rest_route=\/wp\/v2\/pages"}],"about":[{"href":"https:\/\/www.psychose-seminar.de\/index.php?rest_route=\/wp\/v2\/types\/page"}],"author":[{"embeddable":true,"href":"https:\/\/www.psychose-seminar.de\/index.php?rest_route=\/wp\/v2\/users\/2"}],"replies":[{"embeddable":true,"href":"https:\/\/www.psychose-seminar.de\/index.php?rest_route=%2Fwp%2Fv2%2Fcomments&post=181"}],"version-history":[{"count":0,"href":"https:\/\/www.psychose-seminar.de\/index.php?rest_route=\/wp\/v2\/pages\/181\/revisions"}],"up":[{"embeddable":true,"href":"https:\/\/www.psychose-seminar.de\/index.php?rest_route=\/wp\/v2\/pages\/14"}],"wp:attachment":[{"href":"https:\/\/www.psychose-seminar.de\/index.php?rest_route=%2Fwp%2Fv2%2Fmedia&parent=181"}],"curies":[{"name":"wp","href":"https:\/\/api.w.org\/{rel}","templated":true}]}}