{"id":167,"date":"2005-06-15T15:21:53","date_gmt":"2005-06-15T13:21:53","guid":{"rendered":"https:\/\/psychose-seminar.info\/?page_id=167"},"modified":"2021-09-29T00:12:01","modified_gmt":"2021-09-28T22:12:01","slug":"macht-psychose-aggressiv-umgang-mit-aggressionen","status":"publish","type":"page","link":"https:\/\/www.psychose-seminar.de\/?page_id=167","title":{"rendered":"Macht Psychose aggressiv? \u2013 Umgang mit Aggressionen"},"content":{"rendered":"\n<p><b>Protokoll des Psychoseseminars vom 15.06.2005<\/b><\/p>\n\n\n\n<p>Eine Teilnehmerin interessiert was Psychose \u00fcberhaupt sei. Er wird erarbeitet, dass das Krankheitsbild der Psychose in drei Untergruppen unterteilt wird.<\/p>\n\n\n\n<ul><li>1. Schizophrenie (schizophrene Psychose)<\/li><li>2. Manisch-Depressive Psychose (bipolare Erkrankung)<\/li><li>3. schizoaffektive Psychosen<\/li><\/ul>\n\n\n\n<p>Ganz kurz wurde \u00fcber Symptomatiken gesprochen. Genannt wurde z. B.<\/p>\n\n\n\n<ul><li>gest\u00f6rter Realit\u00e4tsbezug<\/li><li>sich etwas zusammenreimen<\/li><li>Wahnsysteme entwickeln<\/li><li>Sich verfolgt f\u00fchlen<\/li><\/ul>\n\n\n\n<p>Um das Thema Psychose und Aggression besser verstehen zu k\u00f6nnen, wurde vorgeschlagen zuerst eine Definition <b>\u201eWas sind Aggressionen\u201c?<\/b> zu machen.<\/p>\n\n\n\n<p>Aggressionen sind grenz\u00fcberschreitende Verhaltenweisen unterschiedlicher Charaktere. Diese k\u00f6nnen verbaler Natur sein odr z. B. schlagen, treten oder mit Gegenst\u00e4nden agieren. Aggressionen k\u00f6nnen sich gegen andere Menschen (Fremdaggressionen) oder gegen sich selbst (Autoaggressionen) richten.<\/p>\n\n\n\n<p><b>Es wird ein kleines Schaubild an der Flip-Cart erstellt:<\/b><\/p>\n\n\n\n<figure class=\"wp-block-image size-large\"><img src=\"https:\/\/images.psychose-seminar.de\/p-seminar\/Diagnosepsychose.png\" alt=\"x\"\/><\/figure>\n\n\n\n<p>Es wurde dar\u00fcber gesprochen, dass sich Konflikte mit sich selbst auch in der Umwelt, mit anderen Menschen wiederspiegeln k\u00f6nnen. Man erschafft das Bild von sich selbst und die darin innewohnenden Konflikte in der Umwelt und mit der Umwelt, k\u00f6nnen \u00c4ngste ausgel\u00f6st werden, die sich zusammen mit dem vorhandenen \u00c4rger hoch schaukeln k\u00f6nnen. Jemand erz\u00e4hlte, den Job und die Beziehung durch die Erkrankung verloren zu haben. Das h\u00e4tte auch \u00e4rgerlich gemacht, obwohl sich der Betreffende nicht als aggressiv empfinden w\u00fcrde. Er wurden verschiedene Erfahrungen mit aggressiven \u00dcbergriffen geschildert.<\/p>\n\n\n\n<p>Zu der Biologie von Aggression wurde folgendes zusammen getragen:<\/p>\n\n\n\n<p>Der Mensch produziert in der Nebennierenrinde 2 unterschiedliche Substanzen, die im Kopf entsprechende Vorg\u00e4nge steuern.<\/p>\n\n\n\n<ul><li>1. Noradrenalin, welches f\u00fcr die Fluchtreaktionen verantwortlich sein kann.<\/li><li>2. Adrenalin, welches f\u00fcr den Angriff verantwortlich sein kann.<\/li><\/ul>\n\n\n\n<p>Dazu wurde der Begriff \u201eImpulskontrolle\u201c genannt. Es ist von Nachteil, wenn jemand seine aggressiven Impulse nicht gut steuern kann. Wie kommen die Verhaltensmuster zur Impulskontrolle und in Konflikten zustande? Es gibt eine genetische Komponente und es gibt eine Komponente aus der Umwelt z. B. die Erziehung an denen sich die Verhaltensmuster entwickeln k\u00f6nnen. Es wird l\u00e4nger dar\u00fcber gesprochen, dass jemand mit sich und seinen Aggressionen nicht zurecht kommt.<\/p>\n\n\n\n<p>Nach der Pause werden noch Themen gesammelt:<\/p>\n\n\n\n<ul><li>Psychose und Angst<\/li><li>Psychose und Depression<\/li><li>Vulnerabilit\u00e4ts-Stress-Modell<\/li><li>Medikamente<\/li><li>Was ist Psychose?<\/li><\/ul>\n\n\n\n<p>Zum Ausklang der Veranstaltung wird auf die Sommerpause im Juli und August und die Vorbereitungsgruppe, die sich mit dem n\u00e4chsten Programm besch\u00e4ftigt, aufmerksam gemacht.<\/p>\n","protected":false},"excerpt":{"rendered":"<p>Protokoll des Psychoseseminars vom 15.06.2005 Eine Teilnehmerin interessiert was Psychose \u00fcberhaupt sei. Er wird erarbeitet, dass das Krankheitsbild der Psychose in drei Untergruppen unterteilt wird. 1. Schizophrenie (schizophrene Psychose) 2. Manisch-Depressive Psychose (bipolare Erkrankung) 3. schizoaffektive Psychosen Ganz kurz wurde \u00fcber Symptomatiken gesprochen. Genannt wurde z. B. gest\u00f6rter Realit\u00e4tsbezug sich etwas zusammenreimen Wahnsysteme entwickeln Sich [&hellip;]<\/p>\n","protected":false},"author":2,"featured_media":0,"parent":14,"menu_order":-62,"comment_status":"closed","ping_status":"closed","template":"","meta":[],"_links":{"self":[{"href":"https:\/\/www.psychose-seminar.de\/index.php?rest_route=\/wp\/v2\/pages\/167"}],"collection":[{"href":"https:\/\/www.psychose-seminar.de\/index.php?rest_route=\/wp\/v2\/pages"}],"about":[{"href":"https:\/\/www.psychose-seminar.de\/index.php?rest_route=\/wp\/v2\/types\/page"}],"author":[{"embeddable":true,"href":"https:\/\/www.psychose-seminar.de\/index.php?rest_route=\/wp\/v2\/users\/2"}],"replies":[{"embeddable":true,"href":"https:\/\/www.psychose-seminar.de\/index.php?rest_route=%2Fwp%2Fv2%2Fcomments&post=167"}],"version-history":[{"count":2,"href":"https:\/\/www.psychose-seminar.de\/index.php?rest_route=\/wp\/v2\/pages\/167\/revisions"}],"predecessor-version":[{"id":764,"href":"https:\/\/www.psychose-seminar.de\/index.php?rest_route=\/wp\/v2\/pages\/167\/revisions\/764"}],"up":[{"embeddable":true,"href":"https:\/\/www.psychose-seminar.de\/index.php?rest_route=\/wp\/v2\/pages\/14"}],"wp:attachment":[{"href":"https:\/\/www.psychose-seminar.de\/index.php?rest_route=%2Fwp%2Fv2%2Fmedia&parent=167"}],"curies":[{"name":"wp","href":"https:\/\/api.w.org\/{rel}","templated":true}]}}