{"id":161,"date":"2005-03-16T15:12:15","date_gmt":"2005-03-16T13:12:15","guid":{"rendered":"https:\/\/psychose-seminar.info\/?page_id=161"},"modified":"2005-03-16T15:12:15","modified_gmt":"2005-03-16T13:12:15","slug":"psychose-ein-anderes-universum-erkennungsmerkmale","status":"publish","type":"page","link":"https:\/\/www.psychose-seminar.de\/?page_id=161","title":{"rendered":"Psychose \u2013 ein anderes Universum- Erkennungsmerkmale"},"content":{"rendered":"<p><b>Protokoll des Psychoseseminars vom 16.03.2005<\/b><\/p>\n<p>Begr\u00fc\u00dfung des Auditoriums und der begleitenden \u00c4rzte Fr. Dr. Knittel und Herr Dr. Galke t\u00e4tig in den Rheinischen Kliniken D\u00fcren<\/p>\n<p>Zu Beginn des Seminars wird ein gro\u00dfer Gymnastikball beschriftet (Psychose \u2013 ein eigenes Universum). Gedacht als Warm up zum Thema wird der Ball ins rollen gebracht. Dazu wird die Frage gestellt: Wer m\u00f6chte \u00fcber sein Universum erz\u00e4hlen? Wir wollen einmal ergr\u00fcnden wie es in so einem Universum aussieht? Diejenigen die sich nicht \u00e4u\u00dfern wollen rollen den Ball einfach weiter. Einige Schilderungen werden von den Anwesenden gegeben. Diese vermitteln einen Eindruck \u00fcber die Gef\u00fchle und Befindlichkeiten, wenn eine psychotische Episode eintritt.<\/p>\n<p><b>Es wird mit der Frage gearbeitet: Woran erkenne ich, dass ein Betroffener in seinem Universum angekommen ist oder woran erkennt er es selbst und die individuellen Erkennungsmerkmale<\/b><\/p>\n<p>Nach der Pause wird eine Kartenabfrage durchgef\u00fchrt.<\/p>\n<p><b>Arbeitsergebisse waren:<\/b><\/p>\n<ul>\n<li>wenig Schlaf bzw. Schlaflosigkeit<\/li>\n<li>ziel- und pausenlos<\/li>\n<li>Unendschlossenheit<\/li>\n<li>Nicht in der Lage sich klar zu formulieren<\/li>\n<li>Gespr\u00e4che nur an der Oberfl\u00e4che<\/li>\n<li>In sich verschlossen sein<\/li>\n<li>Nicht in der Lage sein einer geregelten arbeit nachzugehen.<\/li>\n<li>Schwindendes Zeitgef\u00fchl<\/li>\n<li>Immer gr\u00f6\u00dfer werdende Unsicherheit bzgl. Au\u00dfenwelt (\u201eur nicht auffallen\u201c<\/li>\n<li>\u201enur keine Entscheidungen f\u00e4llen!\u201c<\/li>\n<li>st\u00e4ndige Ungewissheit<\/li>\n<\/ul>\n<p><b>Antworten dazu bei mir selbst:<\/b><\/p>\n<ul>\n<li>starke R\u00fcckzugstendenzen<\/li>\n<li>ich bin in st\u00e4ndiger Ungewissheit<\/li>\n<li>die Gedanken sind frei, ich denke nicht und habe trotzdem die volle Kontrolle<\/li>\n<li>ich lege die Worte auf die Goldwaage<\/li>\n<li>habe Angst<\/li>\n<li>Einbruch ins Selbstbewusstsein<\/li>\n<li>Ausweglosigkeit<\/li>\n<li>Bedrohliches Gef\u00fchl und \u00c4ngste<\/li>\n<li>Gedanken gehen immer in eine Negativrichtung<\/li>\n<li>Beim ersten Mal w\u00fcrde ich wahrscheinlich die Psychose nicht erkennen<\/li>\n<li>Die anderen reden komisch<\/li>\n<li>Stimmen h\u00f6ren<\/li>\n<li>Gef\u00fchl von Bedrohung<\/li>\n<li>Verfolgungs\u00e4ngste<\/li>\n<li>Leicht reizbar sein<\/li>\n<li>Starker Rededrang<\/li>\n<li>Kommunizieren mit Stimmen die geh\u00f6rt werden, jedoch von niemand anderem<\/li>\n<li>Sehen von Dingen\/Menschen, die nicht real sind<\/li>\n<li>Gedankenabrisse<\/li>\n<li>Starker Bewegungsdrang<\/li>\n<li>Sich durch TV, Steckdosen, Videoanlagen(imagin\u00e4re) bedroht f\u00fchlen<\/li>\n<li>Nervosit\u00e4t<\/li>\n<li>Magenprobleme<\/li>\n<li>Suizidgedanken<\/li>\n<li>Keine Anteilnahme an der Umgebung<\/li>\n<li>Starke Wirkung auf das Kurzzeitged\u00e4chtnis<\/li>\n<li>Starke innere Unruhe<\/li>\n<li>Viele W\u00fcnsche<\/li>\n<li>Selbstbew\u00e4ltigung durch Medikamente und Drogen<\/li>\n<li>Leichte Verletzbarkeit<\/li>\n<li>H\u00f6rt aggressive Musik<\/li>\n<li>Kaufneurose<\/li>\n<li>Gr\u00fcbeln ohne das es ein Ergebnis gibt<\/li>\n<li>Albtr\u00e4ume<\/li>\n<li>Immer in der Mitte stehen<\/li>\n<li>Alle gucken mich an<\/li>\n<li>Alle h\u00f6ren was ich denke<\/li>\n<li>Alle sind mir feindlich gesinnt<\/li>\n<li>Es gibt einen Plan f\u00fcr mich (Nachrichten und Botschaften, Geheimnisse)<\/li>\n<li>Angst essen Seelen auf<\/li>\n<li>Ich kann mich nicht mehr freuen<\/li>\n<li>Es beginnt in mir zu sprechen, musizieren und rauschen<\/li>\n<li>Das bin gar nicht ich!<\/li>\n<li>Das ist alles nicht wahr<\/li>\n<li>Extreme religi\u00f6se Vorstellungen<\/li>\n<\/ul>\n<p><b>Antworten bei anderen:<\/b><\/p>\n<ul>\n<li>Mein Mann erz\u00e4hlt von Gegebenheiten die so nicht sein k\u00f6nnen<\/li>\n<li>Wenn mein Mann nur noch Sprudel trinkt, aufh\u00f6rt zu rauchen und abnehmen will, dann wird es ernst.<\/li>\n<li>Bei Schlafmangel kreist mein Mann in seinen eigenen Gedanken und kommt dann nicht mehr alleine raus.<\/li>\n<li>Im Gespr\u00e4ch kommt es mir so vor, als ob ein Betroffener in sich gefangen ist und es ihm schwer f\u00e4llt Kontakt zu halten.<\/li>\n<li>Das Gesagte und z. T. die Handlungen erscheinen mir fremd.<\/li>\n<li>Die Handlungen brechen ab.<\/li>\n<li>Verabschiedung aus dem gemeinsamen Universum<\/li>\n<li>Findet Verbindungen die sicher abwegig sind<\/li>\n<li>Zeigt sich ratlos, \u00e4ngstlich oder gereizt oder sehr abwesen.<\/li>\n<li>Antwortet jemandem den ich nicht sehe<\/li>\n<li>Schaut sich suchend um, um Quellen von Ger\u00e4uschen zu finden, die ich nicht h\u00f6re<\/li>\n<li>Berichtet \u00fcber Stimmen, Sender o. \u00e4.<\/li>\n<\/ul>\n<p>Extrem: v\u00f6llig erstarrt, spricht nicht mehr oder tobt, versucht sich gegen Bedrohung zu wehren.<\/p>\n<p>Es erfolgt ein Blitzlicht mir kleinem Stein unter der Option: Was war heute wichtig f\u00fcr mich, was nehme ich mit? Hinweis auf das n\u00e4chste Seminar am 20.04.2005 unter dem Thema: In welcher Schublade stecke ich? \u2013 Umgang mit der Diagnose \u2013<\/p>\n<p>Literaturhinweis: P. Mannsdorff (Psychiatrie-erfahrener Autor) Jugendbuchtitel: Robbi und sein ungez\u00e4hmter Vater<\/p>\n","protected":false},"excerpt":{"rendered":"<p>Protokoll des Psychoseseminars vom 16.03.2005 Begr\u00fc\u00dfung des Auditoriums und der begleitenden \u00c4rzte Fr. Dr. Knittel und Herr Dr. Galke t\u00e4tig in den Rheinischen Kliniken D\u00fcren Zu Beginn des Seminars wird ein gro\u00dfer Gymnastikball beschriftet (Psychose \u2013 ein eigenes Universum). Gedacht als Warm up zum Thema wird der Ball ins rollen gebracht. Dazu wird die Frage [&hellip;]<\/p>\n","protected":false},"author":2,"featured_media":0,"parent":14,"menu_order":-59,"comment_status":"closed","ping_status":"closed","template":"","meta":[],"_links":{"self":[{"href":"https:\/\/www.psychose-seminar.de\/index.php?rest_route=\/wp\/v2\/pages\/161"}],"collection":[{"href":"https:\/\/www.psychose-seminar.de\/index.php?rest_route=\/wp\/v2\/pages"}],"about":[{"href":"https:\/\/www.psychose-seminar.de\/index.php?rest_route=\/wp\/v2\/types\/page"}],"author":[{"embeddable":true,"href":"https:\/\/www.psychose-seminar.de\/index.php?rest_route=\/wp\/v2\/users\/2"}],"replies":[{"embeddable":true,"href":"https:\/\/www.psychose-seminar.de\/index.php?rest_route=%2Fwp%2Fv2%2Fcomments&post=161"}],"version-history":[{"count":0,"href":"https:\/\/www.psychose-seminar.de\/index.php?rest_route=\/wp\/v2\/pages\/161\/revisions"}],"up":[{"embeddable":true,"href":"https:\/\/www.psychose-seminar.de\/index.php?rest_route=\/wp\/v2\/pages\/14"}],"wp:attachment":[{"href":"https:\/\/www.psychose-seminar.de\/index.php?rest_route=%2Fwp%2Fv2%2Fmedia&parent=161"}],"curies":[{"name":"wp","href":"https:\/\/api.w.org\/{rel}","templated":true}]}}