{"id":151,"date":"2004-05-19T14:47:05","date_gmt":"2004-05-19T12:47:05","guid":{"rendered":"https:\/\/psychose-seminar.info\/?page_id=151"},"modified":"2021-09-29T00:15:50","modified_gmt":"2021-09-28T22:15:50","slug":"angebote-der-rheinischen-kliniken-dueren-nicht-nur-fuer-klinikpatienten","status":"publish","type":"page","link":"https:\/\/www.psychose-seminar.de\/?page_id=151","title":{"rendered":"Angebote der Rheinischen Kliniken D\u00fcren nicht nur f\u00fcr Klinikpatienten"},"content":{"rendered":"\n<p><b>Protokoll des Psychoseseminars vom 19.05.2004 von 19.00 \u2013 22.30 Uhr in den Rheinischen Kliniken D\u00fcren:<\/b><\/p>\n\n\n\n<p>Nachdem Herr Dr. Knauer das Auditorium des Psychoseseminars begr\u00fc\u00dft hat, gibt er bekannt, dass die Kliniken 17 Pl\u00e4tze Betreutes Wohnen bekommen haben. Die Einrichtung befindet sich in der Heerstra\u00dfe. Er schl\u00e4gt weiterhin einen zweiten Termin f\u00fcr ein gemeinsames Treffen in der Klinik vor, an dem zum Thema Akupunktur und Aromatherapie gesprochen werden k\u00f6nnte. Leider kann er aufgrund eines 40 \u2013 j\u00e4hrigen Dienstjubil\u00e4ums nicht an der Veranstaltung teilnehmen. Offermanns, eine Motop\u00e4din und Herr Dr. Perrar Abteilungsarzt der gerontopsychiatrischen Abteilung der RKD werden ihre Arbeitskonzepte in Form eines Vortrages vorstellen. Fr. Offermanns beginnt mit der Vorstellung zweier Konzepte zum Thema \u201eSinneswahrnehmung\u201c.<\/p>\n\n\n\n<figure class=\"wp-block-image size-large\"><img src=\"https:\/\/images.psychose-seminar.de\/p-seminar\/Angebotklinik.png\" alt=\"x\"\/><\/figure>\n\n\n\n<p>Fr. Offermann bemerkt, dass wir in einer Augen \u2013 Ohr \u2013 Kultur leben und das andere Bereiche der Sinneswahrnehmung medial eher unber\u00fchrt bleiben. Sie vermittelt dem Auditorium den Zusammenhang zwischen seelischen und k\u00f6rperlichen Gleichge-wicht, gibt Hinweise zu Fachliteratur und beantwortet Fragen.<\/p>\n\n\n\n<p>Im Anschluss daran tr\u00e4gt Herr Doktor Perrar einen Lichtbildvortrag \u00fcber Powerpoint vor. Der Lichtbildvortrag orientiert sich an einem Artikel von Dr. Perrar und bearbeitet das Thema \u201eSnoezelen\u201c. Es werden sehr sch\u00f6ne Bilder \u00fcber die Snoezelengegeben-heiten gezeigt und die Teilnehmer des Psychoseseminars bekommen einen sehr detaillierten Einblick in das Thema. Dem Protokoll ist der Artikel von Dr. Perrar beigef\u00fcgt. Dieser kann bei Fr. Auerswald angefordert werden. \u00dcber Internet kann man sich unter: www.gerontologisches\u2013forum.de einklicken. Das Snoezelen ist seit 3 Jahren in der RKD m\u00f6glich und erfreut sich wachsender Begeisterung. Die zur Verf\u00fcgung stehenden R\u00e4ume, ein \u201eWei\u00df- und ein Schwarzraum\u201c werden von insgesamt 20 Gruppen genutzt.<\/p>\n\n\n\n<p>Aus diesem Grund ist es nicht m\u00f6glich seitens der Kontaktstelle der Kette diese M\u00f6glichkeiten ebenfalls zu nutzen. Daf\u00fcr ist der Raum in der Tagesklinik der Schoellerstra\u00dfe vorgesehen. Fr. Auerswald m\u00fcsste noch eine 3-t\u00e4gige Fortbildung (26-28 UE) bei Dr. Perrar machen, um mit Besuchern der \u201eKette e. V.\u201c die Soezelenm\u00f6glichkeiten dort zu nutzen. \u00dcber die Kosten der Fortbildung konnte keine Aussage getroffen werden. Die Tagesklinik ist tags\u00fcber von 8.00 \u2013 16.00 Uhr besetzt. Innerhalb der Rheinischen Kliniken D\u00fcren hat sich neuerlich eine Initiative um Frau Laven gebildet. Thematisch geht es darum das Fr. Laven bei einigen ehemaligen Klinikpatienten die Nachsorge \u00fcbernehmen will. Aber genaue Fakten sind nicht bekannt. Es ist z. Z. nicht m\u00f6glich klinische Nachsorge seitens ehemaliger Patienten zu bekommen.<\/p>\n\n\n\n<p>Ende der Veranstaltung gegen 22.30 Uhr<\/p>\n","protected":false},"excerpt":{"rendered":"<p>Protokoll des Psychoseseminars vom 19.05.2004 von 19.00 \u2013 22.30 Uhr in den Rheinischen Kliniken D\u00fcren: Nachdem Herr Dr. Knauer das Auditorium des Psychoseseminars begr\u00fc\u00dft hat, gibt er bekannt, dass die Kliniken 17 Pl\u00e4tze Betreutes Wohnen bekommen haben. Die Einrichtung befindet sich in der Heerstra\u00dfe. Er schl\u00e4gt weiterhin einen zweiten Termin f\u00fcr ein gemeinsames Treffen in [&hellip;]<\/p>\n","protected":false},"author":2,"featured_media":0,"parent":14,"menu_order":-54,"comment_status":"closed","ping_status":"closed","template":"","meta":[],"_links":{"self":[{"href":"https:\/\/www.psychose-seminar.de\/index.php?rest_route=\/wp\/v2\/pages\/151"}],"collection":[{"href":"https:\/\/www.psychose-seminar.de\/index.php?rest_route=\/wp\/v2\/pages"}],"about":[{"href":"https:\/\/www.psychose-seminar.de\/index.php?rest_route=\/wp\/v2\/types\/page"}],"author":[{"embeddable":true,"href":"https:\/\/www.psychose-seminar.de\/index.php?rest_route=\/wp\/v2\/users\/2"}],"replies":[{"embeddable":true,"href":"https:\/\/www.psychose-seminar.de\/index.php?rest_route=%2Fwp%2Fv2%2Fcomments&post=151"}],"version-history":[{"count":1,"href":"https:\/\/www.psychose-seminar.de\/index.php?rest_route=\/wp\/v2\/pages\/151\/revisions"}],"predecessor-version":[{"id":767,"href":"https:\/\/www.psychose-seminar.de\/index.php?rest_route=\/wp\/v2\/pages\/151\/revisions\/767"}],"up":[{"embeddable":true,"href":"https:\/\/www.psychose-seminar.de\/index.php?rest_route=\/wp\/v2\/pages\/14"}],"wp:attachment":[{"href":"https:\/\/www.psychose-seminar.de\/index.php?rest_route=%2Fwp%2Fv2%2Fmedia&parent=151"}],"curies":[{"name":"wp","href":"https:\/\/api.w.org\/{rel}","templated":true}]}}