{"id":147,"date":"2004-03-17T14:40:07","date_gmt":"2004-03-17T12:40:07","guid":{"rendered":"https:\/\/psychose-seminar.info\/?page_id=147"},"modified":"2004-03-17T14:40:07","modified_gmt":"2004-03-17T12:40:07","slug":"psychose-eine-unheilbare-krankheit","status":"publish","type":"page","link":"https:\/\/www.psychose-seminar.de\/?page_id=147","title":{"rendered":"Psychose \u2013 eine unheilbare Krankheit?"},"content":{"rendered":"<p><b>Protokoll des Psychoseseminars vom 17.03.2004<\/b><\/p>\n<p>Um eine Vorstellung davon zu entwickeln, was man unter dem Begriff \u201ePsychose\u201c verstehen kann wurde die Einteilung der Psychosen gemacht.<\/p>\n<ul>\n<li>1.Schizophrene Psychose; optische (man sieht etwas was gar nicht vorhanden ist), akustische (man h\u00f6rt Stimmen) und haptische (man f\u00fchlt sich ber\u00fchrt, obwohl keine Ber\u00fchrung stattgefunden hat) Halluzinationen, Paranoia und verschieden ausgepr\u00e4gte Wahnformen<\/li>\n<li>2.Manisch-Depressive Psychose Euphorie (gesteigerter Antrieb und mitunter keinen \u00dcberblick \u00fcber die Finanzen) und im Gegensatz dazu Niedergeschlagenheit<\/li>\n<li>3.Schizo-affektive Psychose worunter auch die manische Depression f\u00e4llt.<\/li>\n<\/ul>\n<p>Im Verlauf des Gespr\u00e4ches stellt man fest, dass die Dynamik der fr\u00fchen Symptome bei jeder Person anders in Erscheinung tritt. Die Palette der M\u00f6glichkeiten reicht von: die Symptomatik stellt sich schleichend ein, bis die Symptomatik stellt sich absolut \u00fcberraschend ein. Genannt wurden Begriffe wie: schleichende Symptome, nicht schlafen k\u00f6nnen, Appetitlosigkeit, \u00dcbelkeit, Hochgef\u00fchl, unspezifische Symptome wie Stress und \u00dcberforderung, Tag- und Nachtrhythmus ver\u00e4ndert sich, Misstrauen gegen\u00fcber anderen Menschen und zum Ausgleich dazu die Au\u00dfendarstellung von anderen einholen. Eine \u201edoppelte Buchf\u00fchrung\u201c kann sich einstellen mit einem Kontrollzwang, alles mehrfach \u00fcberpr\u00fcfen zu m\u00fcssen. Jeder Schub kann sich anders \u00e4u\u00dfern, muss aber nicht. Auch der Begriff \u201eTagtr\u00e4umerei\u201c fiel in dem Zusammenhang mit dem Ph\u00e4nomen, dass die Unterscheidung von Traum und Wirklichkeit nicht mehr exakt vollzogen werden kann. Die Wahrnehmung von Wirklichkeit und Phantasie kann bei einer Psychose verschwimmen.<\/p>\n<p>Ein Teilnehmer kommt auf den Begriff Dopamin\u201c zu sprechen. Die Dopaminaussch\u00fcttung im Gehirn kann nach neueren Methoden gemessen werde. Eine andere Teilnehmerin bemerkt dazu, dass die Stoffwechseldiskussion die Schuldgef\u00fchle aus dem Zwischenmenschlichen nimmt. Zudem kann man das Augenmerk auf eine m\u00f6gliche famili\u00e4re H\u00e4ufung bringen. Bei einer geh\u00e4uften Dopaminkonzentration k\u00f6nnen die Gedanken schneller ablaufen und die Phantasiebilder verst\u00e4rken. Aber auch \u00c4ngste und eine Angespanntheit k\u00f6nnen Raum greifen. Gehirnpysiologisch gesehen ist die Transmittersubstanz (\u00dcbertr\u00e4gersubstanz zwischen den Nervenzellen) Dopamin f\u00fcr die Kopplung zwischen Emotionen und Verstand zust\u00e4ndig. Hat jeder das \u201eTalent\u201c psychotisch zu werden? Dieser \u00dcberzeugung ist nach der Aussage einer Teilnehmerin Hr. Dr. Galuske in der Klinik Bad Heiligenfeld.<\/p>\n<p><b>2. Ist Psychose heilbar und was bedeutet \u00fcberhaupt Heilung in dem Zusammenhang?<\/b><\/p>\n<p>Vom Auditorium kamen nachfolgende Ideen:<\/p>\n<ul>\n<li>nie wieder Medikamente<\/li>\n<li>nie wieder Psychiaterbesuche<\/li>\n<li>nie wieder Angst (Zust\u00e4nde)<\/li>\n<li>nie wieder Klinikaufenthalte<\/li>\n<li>nie wieder einen Schub<\/li>\n<li>immer gut schlafen k\u00f6nnen<\/li>\n<li>\u201enormale\u201c soziale Kontakte haben<\/li>\n<li>einfach unabh\u00e4ngig sein!<\/li>\n<li>Seinen Beruf aus\u00fcben k\u00f6nnen<\/li>\n<li>Konfliktf\u00e4higkeit<\/li>\n<\/ul>\n<p><b>3. Gibt es Geheilte?<\/b><\/p>\n<p>In diesem Zusammenhang wurde der Name Dorothea Buck genannt, die selbst eine Psychose hatte und den Verband der Psychose-Erfahrenen gr\u00fcndete. Psychosen werden dem Alter nach in kindliche Psychosen, Psychosen nach der Pubert\u00e4t und Alterspsychosen eingeteilt. Bei ca. 1\/3 der Psychoseerkrankungen heilt die Ersterkrankung aus.<\/p>\n<p><b>4. Im Anschluss daran geht es um die Frage: Welche Schritte f\u00fchren zu Heilung oder Linderung bei einer psychotischen Erkrankung?<\/b> (Kartenabfrage)<\/p>\n<p>Dabei waren Ergebnisse:<\/p>\n<p>Reizabschirmung<\/p>\n<ul>\n<li>kein TV<\/li>\n<li>kein Radio<\/li>\n<li>versuchen zu schlafen<\/li>\n<\/ul>\n<p>Tagesstruktur<\/p>\n<ul>\n<li>Aufstehen<\/li>\n<li>Regelm\u00e4\u00dfige T\u00e4tigkeiten<\/li>\n<li>Anspr\u00fcche anpassen<\/li>\n<\/ul>\n<p>Drogenfreiheit<\/p>\n<ul>\n<li>kein Alkohol, Cannabis o.\u00e4.<\/li>\n<li>Medikamente anpassen\/ \u00fcber einen l\u00e4ngeren Zeitraum Antipsychotika einnehmen<\/li>\n<li>regelm\u00e4\u00dfige Arztbesuche<\/li>\n<li>stabile soziale Kontakte (Freunde, Familie, Beziehung)<\/li>\n<\/ul>\n<ul>\n<li>Psycho-Gespr\u00e4chstherapie<\/li>\n<li>Geregeltes Leben<\/li>\n<\/ul>\n<ul>\n<li>Die Krankheit erkennen k\u00f6nnen\/anerkennen<\/li>\n<li>ruhige Umgebung im Schub<\/li>\n<li>Vermeidung von \u00fcberm\u00e4\u00dfigem Stress<\/li>\n<li>regelm\u00e4\u00dfig schlafen<\/li>\n<li>sich in die Klinik begeben<\/li>\n<li>soziales Netz aufbauen mit entspannten Menschen<\/li>\n<li>ablenkende T\u00e4tigkeiten<\/li>\n<li>Hilfe, Geduld und Verst\u00e4ndnis von Angeh\u00f6rigen, Freunden etc.<\/li>\n<li>Gespr\u00e4che und spazieren gehen<\/li>\n<li>ver\u00e4nderte Umgebung und Medikamente<\/li>\n<li>Halt in der Familie<\/li>\n<li>Selbstbewusstsein<\/li>\n<li>aus sich rausgehen<\/li>\n<li>Kontrolle \u00fcber Essverhalten erlangen<\/li>\n<li>Betroffene kennen zu lernen mit denen man sich austauschen kann<\/li>\n<li>Mit dem Therapeuten seines Vertrauens einen Weg finden<\/li>\n<li>M\u00f6glichkeiten schaffen in seinem Beruf zu arbeiten<\/li>\n<li>Seminare f\u00fcr Angeh\u00f6rige<\/li>\n<\/ul>\n<p>Gegen Ende des Seminars wurde der Vorschlag gemacht, einen Reader \u201eD\u00fcrener Psychoseseminar 2003\u201c aus den Protokollen der Seminare zu erstellen und gegen ein geringes Entgelt von ca. 1 \u20ac an den Abenden auszulegen. Man k\u00f6nnte zudem die Website des Psychoseseminars D\u00fcren \u00fcberarbeiten!<\/p>\n","protected":false},"excerpt":{"rendered":"<p>Protokoll des Psychoseseminars vom 17.03.2004 Um eine Vorstellung davon zu entwickeln, was man unter dem Begriff \u201ePsychose\u201c verstehen kann wurde die Einteilung der Psychosen gemacht. 1.Schizophrene Psychose; optische (man sieht etwas was gar nicht vorhanden ist), akustische (man h\u00f6rt Stimmen) und haptische (man f\u00fchlt sich ber\u00fchrt, obwohl keine Ber\u00fchrung stattgefunden hat) Halluzinationen, Paranoia und verschieden [&hellip;]<\/p>\n","protected":false},"author":2,"featured_media":0,"parent":14,"menu_order":-52,"comment_status":"closed","ping_status":"closed","template":"","meta":[],"_links":{"self":[{"href":"https:\/\/www.psychose-seminar.de\/index.php?rest_route=\/wp\/v2\/pages\/147"}],"collection":[{"href":"https:\/\/www.psychose-seminar.de\/index.php?rest_route=\/wp\/v2\/pages"}],"about":[{"href":"https:\/\/www.psychose-seminar.de\/index.php?rest_route=\/wp\/v2\/types\/page"}],"author":[{"embeddable":true,"href":"https:\/\/www.psychose-seminar.de\/index.php?rest_route=\/wp\/v2\/users\/2"}],"replies":[{"embeddable":true,"href":"https:\/\/www.psychose-seminar.de\/index.php?rest_route=%2Fwp%2Fv2%2Fcomments&post=147"}],"version-history":[{"count":0,"href":"https:\/\/www.psychose-seminar.de\/index.php?rest_route=\/wp\/v2\/pages\/147\/revisions"}],"up":[{"embeddable":true,"href":"https:\/\/www.psychose-seminar.de\/index.php?rest_route=\/wp\/v2\/pages\/14"}],"wp:attachment":[{"href":"https:\/\/www.psychose-seminar.de\/index.php?rest_route=%2Fwp%2Fv2%2Fmedia&parent=147"}],"curies":[{"name":"wp","href":"https:\/\/api.w.org\/{rel}","templated":true}]}}