{"id":145,"date":"2003-12-17T09:03:19","date_gmt":"2003-12-17T07:03:19","guid":{"rendered":"https:\/\/psychose-seminar.info\/?page_id=145"},"modified":"2003-12-17T09:03:19","modified_gmt":"2003-12-17T07:03:19","slug":"selbstheilungskraefte-staerken-durch-kreativen-umgang-mit-der-psychose","status":"publish","type":"page","link":"https:\/\/www.psychose-seminar.de\/?page_id=145","title":{"rendered":"Selbstheilungskr\u00e4fte st\u00e4rken durch kreativen Umgang mit der Psychose"},"content":{"rendered":"<p><b>Protokoll des Psychoseseminars vom 17.12. 2003<\/b><\/p>\n<h2><span id=\"Thema:_Selbstheilungskr.C3.A4fte_st.C3.A4rken_durch_kreativen_Umgang_mit_der_Psychose_.28Ern.C3.A4hrung.2C_k.C3.BCnstlerische_Entfaltung.29\" class=\"mw-headline\">Thema: Selbstheilungskr\u00e4fte st\u00e4rken durch kreativen Umgang mit der Psychose (Ern\u00e4hrung, k\u00fcnstlerische Entfaltung)<\/span><\/h2>\n<p>Anwesend: 10 Personen, kein begleitender Facharzt<\/p>\n<p>Da die Person, die sich thematisch vorbereitet hatte, kurzfristig erkrankte, musste der Abend improvisiert werden.<\/p>\n<p>Es gab die Gelegenheit themenbezogen ins Gespr\u00e4ch zu kommen, was dann auch angenommen wurde. Es wurden mehrere M\u00f6glichkeiten genannt, wie die Selbstheilungskr\u00e4fte gest\u00e4rkt werden konnten.<\/p>\n<p><b>Genannt wurden unter Selbstheilungskr\u00e4fte positiv unterst\u00fctzen:<\/b><\/p>\n<ul>\n<li>Medikamente und Gespr\u00e4chstherapie<\/li>\n<li>Gesunde Ern\u00e4hrung<\/li>\n<li>Kur (nur bei Kurf\u00e4higkeit)<\/li>\n<li>Rad fahren<\/li>\n<li>Qui Gong<\/li>\n<\/ul>\n<p><b>Genannt wurden unter Selbstheilungskr\u00e4fte negativ unterst\u00fctzen:<\/b><\/p>\n<ul>\n<li>Alkohol<\/li>\n<li>Hypnosetherapie<\/li>\n<li>Akupressur<\/li>\n<\/ul>\n<p>In der zweiten H\u00e4lfte des Seminars wurde die Themensammlung f\u00fcr das n\u00e4chste Halbjahr besprochen.<\/p>\n<p>Dabei wurden als Themen festgelegt:<\/p>\n<ul>\n<li>1)Was ich schon immer mal \u00fcber die Psychose wissen wollte (heilbar-nicht heilbar; Formen der Psychose; Ausl\u00f6ser; altersbedingte Psychosen)<\/li>\n<li>2)Psychose und Arbeit (Wiedereingliederung)<\/li>\n<li>3)Psychoseseminar in der Landesklinik<\/li>\n<li>4)Selbstheilungskr\u00e4fte st\u00e4rken durch kreativen Umgang mit der Psychose.<\/li>\n<\/ul>\n<p>Bei hei\u00dfem alkoholfreien Punsch und Snacks wurde dann positiv \u00fcber das vergangene Halbjahr res\u00fcmiert. Zuletzt wurden Adressen von interessierten Menschen ausgetauscht, die gerne mit dem Programm f\u00fcr das 1. Halbjahr 2004 beschickt werden m\u00f6chten.<\/p>\n","protected":false},"excerpt":{"rendered":"<p>Protokoll des Psychoseseminars vom 17.12. 2003 Thema: Selbstheilungskr\u00e4fte st\u00e4rken durch kreativen Umgang mit der Psychose (Ern\u00e4hrung, k\u00fcnstlerische Entfaltung) Anwesend: 10 Personen, kein begleitender Facharzt Da die Person, die sich thematisch vorbereitet hatte, kurzfristig erkrankte, musste der Abend improvisiert werden. Es gab die Gelegenheit themenbezogen ins Gespr\u00e4ch zu kommen, was dann auch angenommen wurde. Es wurden [&hellip;]<\/p>\n","protected":false},"author":2,"featured_media":0,"parent":14,"menu_order":-51,"comment_status":"closed","ping_status":"closed","template":"","meta":[],"_links":{"self":[{"href":"https:\/\/www.psychose-seminar.de\/index.php?rest_route=\/wp\/v2\/pages\/145"}],"collection":[{"href":"https:\/\/www.psychose-seminar.de\/index.php?rest_route=\/wp\/v2\/pages"}],"about":[{"href":"https:\/\/www.psychose-seminar.de\/index.php?rest_route=\/wp\/v2\/types\/page"}],"author":[{"embeddable":true,"href":"https:\/\/www.psychose-seminar.de\/index.php?rest_route=\/wp\/v2\/users\/2"}],"replies":[{"embeddable":true,"href":"https:\/\/www.psychose-seminar.de\/index.php?rest_route=%2Fwp%2Fv2%2Fcomments&post=145"}],"version-history":[{"count":0,"href":"https:\/\/www.psychose-seminar.de\/index.php?rest_route=\/wp\/v2\/pages\/145\/revisions"}],"up":[{"embeddable":true,"href":"https:\/\/www.psychose-seminar.de\/index.php?rest_route=\/wp\/v2\/pages\/14"}],"wp:attachment":[{"href":"https:\/\/www.psychose-seminar.de\/index.php?rest_route=%2Fwp%2Fv2%2Fmedia&parent=145"}],"curies":[{"name":"wp","href":"https:\/\/api.w.org\/{rel}","templated":true}]}}