{"id":135,"date":"2003-06-18T08:51:19","date_gmt":"2003-06-18T06:51:19","guid":{"rendered":"https:\/\/psychose-seminar.info\/?page_id=135"},"modified":"2003-06-18T08:51:19","modified_gmt":"2003-06-18T06:51:19","slug":"abgestempelt-als-psycho","status":"publish","type":"page","link":"https:\/\/www.psychose-seminar.de\/?page_id=135","title":{"rendered":"Abgestempelt als \u201ePsycho\u201c"},"content":{"rendered":"<p><b>Protokoll des PS vom 18.06.2003<\/b><\/p>\n<p>Anwesend waren 15 Personen<\/p>\n<h2><span id=\"Thema_des_Seminars_war:_Abgestempelt_als_.E2.80.9EPsycho.E2.80.9C_Was_nun.3F_Was_tun.3F\" class=\"mw-headline\">Thema des Seminars war: Abgestempelt als \u201ePsycho\u201c Was nun? Was tun?<\/span><\/h2>\n<p>Nach der Begr\u00fc\u00dfung des Auditoriums und der Gast\u00e4rzte Fr. Dr. Knittel und Herr Dr. Galke gehen wir schnell zu dem Thema \u00fcber.<\/p>\n<p><b>Was bedeutet das Wort \u201eabgestempelt\u201c?<\/b><\/p>\n<p>Dazu wurde bemerkt, dass es auch i. S. von gebranntmarkt \u00fcbersetzt werden kann. Es kann auch bedeuten, dass jemand ausgegrenzt ist. Sei es ausgegrenzt in der Familie, als Familie, in der Arbeit und in der Gesellschaft.<\/p>\n<p>Gebranntmarkt sein als psychisch erkrankter Mensch, kann auch bedeuten, das Sprechen \u00fcber seine Krankheit sein zu lassen. Sie zu verschweigen oder \u00fcber die Krankheit zu schweigen. Im Verlauf des Gespr\u00e4ches setzt man sich mit dem Begriff \u201eOffenheit\u201c und Umgang mit dem \u201eStempel\u201c auseinander und stellt folgendes dazu fest:<\/p>\n<ul>\n<li>Offenheit bedeutet mit der Krankheit leben und dazu stehen,<\/li>\n<li>Offenheit \u00fcben gegen\u00fcber der Familie, den Freunden und Arbeitskollegen,<\/li>\n<li>Offenheit im vertraulichen Rahmen, aber nicht um jeden Preis ( z. B. ist es nicht immer sinnvoll in der Arbeit gegen\u00fcber seinem Arbeitgeber von der psychischen Beeintr\u00e4chtigung zu sprechen, in Bewerbungen ist man nicht dazu verpflichtet)<\/li>\n<\/ul>\n<p>Scham- und Schuldgef\u00fchle k\u00f6nnen auftreten und es kann die Schwierigkeit auf-kommen, dass sich von der Branntmarkung Betroffene, Defizite eingestehen m\u00fcssen.<\/p>\n<p>Es wurde aber auch bemerkt, dass es in der Familie und deren sozialem Umfeld einen positiven Umgang mit der psychischen Erkrankung gibt. Dies geschieht vor allen Dingen durch das Sprechen dar\u00fcber mit anderen Menschen. Als wichtig erachtet wurde der Blick, wie andere mit \u201eAbgestempelt sein\u201c umgehen.<\/p>\n<p>Als besonderes Ereignis der Stigmatisierung (Branntmarkung) wurde die Aufnahme-situation in die Klinik dargestellt. Sie wurde teils als entw\u00fcrdigend empfunden, weil man den Angeh\u00f6rigen abgeben musste und wenig M\u00f6glichkeiten hat diesen noch etwas zu begleiten. Seitend der Klinik\u00e4rzte wurde dazu bemerkt, dass N\u00f6tiges mit M\u00f6glichem versucht wird zu vereinbaren, aber je nach Arbeitsaufkommen ein Angeh\u00f6rigengespr\u00e4ch nicht mehr statt finden kann.<\/p>\n<p>Insgesamt war es schwierig, den Themenkomplex anhand der \u00dcberlegungen der Vorbereitungsgruppe praktisch durch zu strukturieren, da sich die Beitr\u00e4ge in der Gruppe nicht so ganz stringent danach ausrichteten. Dennoch gelang ein Diskurs \u00fcber die wichtigsten Eckpunkte des Themas besonders was den offenen\/ bzw. nicht offenen Umgang mit dem Thema \u201eStempel\u201c anging.<\/p>\n<p>Gegen Ende des Seminars fand eine Themensammlung statt, die aus \u201eliegen gebliebenen\u201c Themen des letzten Halbjahres und neuen Ideen zum 2. Halbjahresprogramm bestand.<\/p>\n<p>Neue Themenideen waren:<\/p>\n<ul>\n<li>Nach der Klinik; Was nun?<\/li>\n<li>Entwicklung der Rheinischen Landesklinik D\u00fcren im Positiven wie im Negativen in den letzten 15 Jahren!<\/li>\n<li>Krisenintervention in D\u00fcren (M\u00f6glichkeiten und Visionen)<\/li>\n<\/ul>\n","protected":false},"excerpt":{"rendered":"<p>Protokoll des PS vom 18.06.2003 Anwesend waren 15 Personen Thema des Seminars war: Abgestempelt als \u201ePsycho\u201c Was nun? Was tun? Nach der Begr\u00fc\u00dfung des Auditoriums und der Gast\u00e4rzte Fr. Dr. Knittel und Herr Dr. Galke gehen wir schnell zu dem Thema \u00fcber. Was bedeutet das Wort \u201eabgestempelt\u201c? Dazu wurde bemerkt, dass es auch i. S. [&hellip;]<\/p>\n","protected":false},"author":2,"featured_media":0,"parent":14,"menu_order":-46,"comment_status":"closed","ping_status":"closed","template":"","meta":[],"_links":{"self":[{"href":"https:\/\/www.psychose-seminar.de\/index.php?rest_route=\/wp\/v2\/pages\/135"}],"collection":[{"href":"https:\/\/www.psychose-seminar.de\/index.php?rest_route=\/wp\/v2\/pages"}],"about":[{"href":"https:\/\/www.psychose-seminar.de\/index.php?rest_route=\/wp\/v2\/types\/page"}],"author":[{"embeddable":true,"href":"https:\/\/www.psychose-seminar.de\/index.php?rest_route=\/wp\/v2\/users\/2"}],"replies":[{"embeddable":true,"href":"https:\/\/www.psychose-seminar.de\/index.php?rest_route=%2Fwp%2Fv2%2Fcomments&post=135"}],"version-history":[{"count":0,"href":"https:\/\/www.psychose-seminar.de\/index.php?rest_route=\/wp\/v2\/pages\/135\/revisions"}],"up":[{"embeddable":true,"href":"https:\/\/www.psychose-seminar.de\/index.php?rest_route=\/wp\/v2\/pages\/14"}],"wp:attachment":[{"href":"https:\/\/www.psychose-seminar.de\/index.php?rest_route=%2Fwp%2Fv2%2Fmedia&parent=135"}],"curies":[{"name":"wp","href":"https:\/\/api.w.org\/{rel}","templated":true}]}}