{"id":129,"date":"2002-12-18T08:42:22","date_gmt":"2002-12-18T06:42:22","guid":{"rendered":"https:\/\/psychose-seminar.info\/?page_id=129"},"modified":"2002-12-18T08:42:22","modified_gmt":"2002-12-18T06:42:22","slug":"was-sie-schon-immer-im-psychoseseminar-fragen-wollten","status":"publish","type":"page","link":"https:\/\/www.psychose-seminar.de\/?page_id=129","title":{"rendered":"Was Sie schon immer im Psychoseseminar fragen wollten"},"content":{"rendered":"<p><b>Protokoll \u00fcber das Psychoseseminar vom 18.12.2002<\/b><\/p>\n<p>Anwesend 7 TN (6 TN sind Fachleute 1 TN ist Experte) keine Expertenbegleitung<\/p>\n<p>Begr\u00fc\u00dfung der Teilnehmer, Vorstellung von Fr. R\u00f6der und Einstieg in das \u201eFragestundenthema\u201c.<\/p>\n<p>Hinweise werden gegeben auf das Thema spezielle Ern\u00e4hrung bei Psychosen von Fr. Sieburg<\/p>\n<p>Gefragt wird: K\u00f6nnen Tiere, Menschen die sich im psychotischen Akutzustand befinden Vorteile bringen; dazu wird geantwortet, das in solchem Zustand die Anwesenheit von Tieren zu \u201eWahrnehmungsverkennungen\u201c f\u00fchren k\u00f6nnte und den Tieren eher eine unbedeutende Rolle zukommen k\u00f6nnte. Um genaueres eruieren zu k\u00f6nnen w\u00fcrde ggf. das IN zur Verf\u00fcgung stehen. Im Akutzustand k\u00e4me dann eher die \u201eSoteria\u201c in Betracht. In der Nachbetreuung k\u00f6nnen Tiere dann an Bedeutung gewinnen.<\/p>\n<p>Meinerseits wird die Frage gestellt, wie mehr Betroffene in das PS kommen k\u00f6nnten. Von den Anwesenden wei\u00df aber keiner so richtig Rat, da die zu Betreuenden in der Klinik zu krank sind.<\/p>\n<p>Thema Behandlungsvereinbarungen: Fr. Sieburg macht den Vorschlag, dass wenn jemand die Klinikbehandlung abgeschlossen hat, in der Kette die BV macht und die positiven Punkte schriftlich fixiert und die Formbl\u00e4tter dann zur Verwahrung in die Klinik zur\u00fcck gehen.<\/p>\n<p>N\u00e4chster AK-BV findet am 29.01.2003 von 17.00 \u2013 18.30 Uhr in der Kontakt- und Beratungsstelle statt.<\/p>\n<p>Veranstaltungshinweis: 19.02.2003 17.00 -18.30 Uhr in der KoBs Infoveranstaltung; Ank\u00fcndigung in der Tagespresse und im Monatsprogramm. Merkbl\u00e4tter sollen beim Parit\u00e4tischen hinterlegt werden.<\/p>\n<p>Idee: Mit dem Thema BV an die Klinik herantreten und mit Kliniksozialarbeitern \u00fcber die thematische Verortung in Soziogruppen sprechen. Dazu gibt es Resonanz innerhalb der Gruppe. Dieses Thema wird jedoch seitens der Kette e. V. mittelfristig angegangen d. h. innerhalb der ersten 3 Jahresmonate 2003.<\/p>\n<p>\u00c4rztInnen, die wir im 1. Halbjahr 2003 als Experten zum PS einladen k\u00f6nnen sind: Fr. Dr. Becker Fr. Dr. T\u00f6nnissen Hr. Dr. Pennings Hr. Dr. Kuczhak-Alawie<br \/>\nBeim R\u00fcckblick auf das Jahr 2002 wird speziell nochmals auf die Moderationsf\u00e4higkeiten geschaut. Im 1. Halbjahr 2002 wurden bestimmte einleitende S\u00e4tze auf verschiedene Leute aufgeteilt. Ich schlage vor, dass die Moderation auch wechseln kann, dieses Modell wird aber nicht gut angenommen. Das Problem wird in die Vorbereitungsgruppe vertagt. Von einer Vorstellungsrunde wird abgeraten, dies h\u00e4tte sich in der Vergangenheit nicht bew\u00e4hrt und k\u00f6nne \u00c4ngste ausl\u00f6sen.<\/p>\n<p>Methodenvielfalt im PS:<\/p>\n<p>Mehr einbezogen werden sollten:<\/p>\n<ul>\n<li>Rollenspiel<\/li>\n<li>Theater<\/li>\n<li>Kartentechnik<\/li>\n<li>Impulsreferat<\/li>\n<li>(Flip-Chart)<\/li>\n<\/ul>\n<p>Themensammlung 2003<\/p>\n<ul>\n<li>Soteria<\/li>\n<li>Soziotherapie<\/li>\n<li>Behandlungsvereinbarungen (2. Halbjahr)<\/li>\n<li>R\u00fcckfallprophylaxe<\/li>\n<li>Betroffene Angeh\u00f6rige ( Erfahrungen von Angeh\u00f6rigen im Klinikalltag)<\/li>\n<li>Psychose und Urlaub<\/li>\n<li>Betreuungsrecht<\/li>\n<\/ul>\n","protected":false},"excerpt":{"rendered":"<p>Protokoll \u00fcber das Psychoseseminar vom 18.12.2002 Anwesend 7 TN (6 TN sind Fachleute 1 TN ist Experte) keine Expertenbegleitung Begr\u00fc\u00dfung der Teilnehmer, Vorstellung von Fr. R\u00f6der und Einstieg in das \u201eFragestundenthema\u201c. Hinweise werden gegeben auf das Thema spezielle Ern\u00e4hrung bei Psychosen von Fr. Sieburg Gefragt wird: K\u00f6nnen Tiere, Menschen die sich im psychotischen Akutzustand befinden [&hellip;]<\/p>\n","protected":false},"author":2,"featured_media":0,"parent":14,"menu_order":-43,"comment_status":"closed","ping_status":"closed","template":"","meta":[],"_links":{"self":[{"href":"https:\/\/www.psychose-seminar.de\/index.php?rest_route=\/wp\/v2\/pages\/129"}],"collection":[{"href":"https:\/\/www.psychose-seminar.de\/index.php?rest_route=\/wp\/v2\/pages"}],"about":[{"href":"https:\/\/www.psychose-seminar.de\/index.php?rest_route=\/wp\/v2\/types\/page"}],"author":[{"embeddable":true,"href":"https:\/\/www.psychose-seminar.de\/index.php?rest_route=\/wp\/v2\/users\/2"}],"replies":[{"embeddable":true,"href":"https:\/\/www.psychose-seminar.de\/index.php?rest_route=%2Fwp%2Fv2%2Fcomments&post=129"}],"version-history":[{"count":0,"href":"https:\/\/www.psychose-seminar.de\/index.php?rest_route=\/wp\/v2\/pages\/129\/revisions"}],"up":[{"embeddable":true,"href":"https:\/\/www.psychose-seminar.de\/index.php?rest_route=\/wp\/v2\/pages\/14"}],"wp:attachment":[{"href":"https:\/\/www.psychose-seminar.de\/index.php?rest_route=%2Fwp%2Fv2%2Fmedia&parent=129"}],"curies":[{"name":"wp","href":"https:\/\/api.w.org\/{rel}","templated":true}]}}