{"id":127,"date":"2002-11-20T08:39:24","date_gmt":"2002-11-20T06:39:24","guid":{"rendered":"https:\/\/psychose-seminar.info\/?page_id=127"},"modified":"2021-09-29T00:17:35","modified_gmt":"2021-09-28T22:17:35","slug":"cannabis-doppeldiagnose-sucht-und-psychose-welche-zusammenhaenge-und-besonderheiten-gibt-es","status":"publish","type":"page","link":"https:\/\/www.psychose-seminar.de\/?page_id=127","title":{"rendered":"Cannabis &#8211; Doppeldiagnose: Sucht und Psychose &#8211; Welche Zusammenh\u00e4nge und Besonderheiten gibt es?"},"content":{"rendered":"\n<p><b>Protokoll des Psychoseseminars vom 20.11.2002<\/b><\/p>\n\n\n\n<p>Anwesende: 14 Personen; Experten Fr. Gro\u00dfmann-Mezinger<\/p>\n\n\n\n<p>Einleitung und \u00dcberleitung in das Thema wie in der Vorbereitungsgruppe unter Ablaufpunkt 1+2 geplant, auch durchgef\u00fchrt.<\/p>\n\n\n\n<p>Danach geben die Experten einen theoretischen Input in das Auditorium. Demnach gibt es einen Kreislauf der Symptomatik bei Cannabiskonsum und Psychose.<\/p>\n\n\n\n<p>Dieser verl\u00e4uft folgenderma\u00dfen:<\/p>\n\n\n\n<p>Beim Konsum von Cannabis verl\u00e4uft die Positivsymptomatik so, dass die sozialen Kontakte eher verbessert werden. Meist liegt eine genetische Dispositon vor, soda\u00df diese Menschen schneller und eher an einer Psychose aufgrund oder in Begleitung von Haschischkonsum erkranken, als Menschen ohne genetische Disposition.<\/p>\n\n\n\n<p>Vergangene Verletzungen werden verst\u00e4rkt und die Entwicklung f\u00fchrt zur D\u00fcnnh\u00e4utigkeit. Die Wahrnehmung von sich selbst wird negativer, weil stehts die negativen Erfahrungen beleuchtet werden. Das Suchtmittel wird eingesetzt um eine positive Wirkung anderen Menschen gegen\u00fcber zu haben. Man selbst nimmt diese psychische Verschiebung oder den Pers\u00f6nlichkeitsknick nicht oder nur wenig wahr. Anderen Menschen hingegen f\u00e4llt die Ver\u00e4nderung auf, dann ist es meist schon zu sp\u00e4t.<\/p>\n\n\n\n<p>80&nbsp;% der Gruppe der Betroffenen findet Hilfe bei Freunden in der Gruppe der Gleichaltrigen (Peergroup).<\/p>\n\n\n\n<p>Wie kommt es zuletzt zum Ausbruch einer Psychose:<\/p>\n\n\n\n<p>Die Filterfunktion in der Wahrnehmung wird durch Drogen herabgesetzt. Man wird sensibler und insgesamt empfindlicher gegen\u00fcber der Au\u00dfenwelt. Der Konsum der Drogen f\u00fchrt zur Sedierung (Beruhigung) und um \u00e4hnliche Effekte zu erzielen muss eine Dosissteigerung erfolgen.<\/p>\n\n\n\n<p>Nahtlos geht die Wirkung des Cannabis weiter und die R\u00fcckkehr zur Normalit\u00e4t erfolgt zuerst erschwert sp\u00e4ter gar nicht mehr. Das dass Gehirn immer weiter denkt (Wachschlaf) und kein Schlaf erfolgt, wirkt sich noch als Verst\u00e4rker f\u00fcr eine Psychose aus. Hier erfolgt der Hinweis von Dr. Peters, dass es in K\u00f6ln am 02.12.2002 im AOK-Haus ein Seminar zum Thema Fr\u00fchwarnsymptomatik gibt. Beim Haschischkonsum wird die Fr\u00fchwarnsymptomatik \u00fcberdeckt und falsch gedeutet ( wird nicht zu sich selbst geh\u00f6ren fokussiert). Es kann jedoch der Eindruck entstehen, dass das Denken anders ist als sonst.<\/p>\n\n\n\n<p>Als Besonderheiten wurde verfiziert, das Drogen und Medikamente eine hohe Verf\u00fcgbarkeit haben. Gelernt wird, f\u00fcr alle unangenehmen oder angenehmen Gef\u00fchlszust\u00e4nde etwas zu schlucken. In diesem Fall wird besonders darauf hingewiesen, dass Jugendliche zu dieser Gruppe geh\u00f6ren. \u00dcber Erfahrungen wird nicht mehr gelernt. Durch die Einnahme einer Droge werden die Probleme scheinbar gel\u00f6st. Man braucht dann auch nicht mehr zu \u201eleiden\u201c. Fr. Gro\u00dfmann-Mezinger f\u00fcgt ihrer Ausf\u00fchrung noch hinzu, dass verlernt wird auch mal eine Bed\u00fcrfnissspanne auszuhalten. Dar\u00fcber wird verlernt, dass mann selbst wirksam ist und Einfluss nehmen kann.<\/p>\n\n\n\n<p>Zu Beginn des Seminars hatte Dr. Peters ein Infoblatt herumgehen lassen. Dieses bezog sich inhaltlich auf den erarbeiteten Kontext der Vorbereitungsgruppe den Punkt \u201eIch-Defizite\u201c.<\/p>\n\n\n\n<p>In dem Seminarverlauf wurden die aufgef\u00fchrten 15 Punkte bearbeitet und zuletzt entstand ein homogenes Abbild des Themas \u201esucht und Pscyhose\u201c. Die Erlebnisberichte mancher Betroffener lockerten den Verlauf etwas auf und gaben Einblick \u00fcber pers\u00f6nliche Hintergr\u00fcnde zu dem Thema.<\/p>\n\n\n\n<p>Mehr Infos zu dem Thema unter: <a class=\"external text\" rel=\"nofollow\" href=\"http:\/\/www.dgsuchtmedizin.de\/\">www.dgsuchtmedizin.de<\/a>.<\/p>\n","protected":false},"excerpt":{"rendered":"<p>Protokoll des Psychoseseminars vom 20.11.2002 Anwesende: 14 Personen; Experten Fr. Gro\u00dfmann-Mezinger Einleitung und \u00dcberleitung in das Thema wie in der Vorbereitungsgruppe unter Ablaufpunkt 1+2 geplant, auch durchgef\u00fchrt. Danach geben die Experten einen theoretischen Input in das Auditorium. Demnach gibt es einen Kreislauf der Symptomatik bei Cannabiskonsum und Psychose. Dieser verl\u00e4uft folgenderma\u00dfen: Beim Konsum von Cannabis [&hellip;]<\/p>\n","protected":false},"author":2,"featured_media":0,"parent":14,"menu_order":-42,"comment_status":"closed","ping_status":"closed","template":"","meta":[],"_links":{"self":[{"href":"https:\/\/www.psychose-seminar.de\/index.php?rest_route=\/wp\/v2\/pages\/127"}],"collection":[{"href":"https:\/\/www.psychose-seminar.de\/index.php?rest_route=\/wp\/v2\/pages"}],"about":[{"href":"https:\/\/www.psychose-seminar.de\/index.php?rest_route=\/wp\/v2\/types\/page"}],"author":[{"embeddable":true,"href":"https:\/\/www.psychose-seminar.de\/index.php?rest_route=\/wp\/v2\/users\/2"}],"replies":[{"embeddable":true,"href":"https:\/\/www.psychose-seminar.de\/index.php?rest_route=%2Fwp%2Fv2%2Fcomments&post=127"}],"version-history":[{"count":1,"href":"https:\/\/www.psychose-seminar.de\/index.php?rest_route=\/wp\/v2\/pages\/127\/revisions"}],"predecessor-version":[{"id":768,"href":"https:\/\/www.psychose-seminar.de\/index.php?rest_route=\/wp\/v2\/pages\/127\/revisions\/768"}],"up":[{"embeddable":true,"href":"https:\/\/www.psychose-seminar.de\/index.php?rest_route=\/wp\/v2\/pages\/14"}],"wp:attachment":[{"href":"https:\/\/www.psychose-seminar.de\/index.php?rest_route=%2Fwp%2Fv2%2Fmedia&parent=127"}],"curies":[{"name":"wp","href":"https:\/\/api.w.org\/{rel}","templated":true}]}}