{"id":121,"date":"2001-12-19T08:16:11","date_gmt":"2001-12-19T06:16:11","guid":{"rendered":"https:\/\/psychose-seminar.info\/?page_id=121"},"modified":"2001-12-19T08:16:11","modified_gmt":"2001-12-19T06:16:11","slug":"was-sie-schon-immer-sagen-oder-fragen-wollten-offener-gespraechsabend","status":"publish","type":"page","link":"https:\/\/www.psychose-seminar.de\/?page_id=121","title":{"rendered":"Was Sie schon immer sagen oder fragen wollten&#8230; (offener Gespr\u00e4chsabend)"},"content":{"rendered":"<p><b>Psychosesemlnar 19. Dezember 2001<\/b><\/p>\n<p><b>Ablauf:<\/b><\/p>\n<p>Begr\u00fcssung (evtl. Vorstellung des Psychoseseminars)<\/p>\n<p>Gespr\u00e4ch \u00fcber aktuelle Themen und Fragen<\/p>\n","protected":false},"excerpt":{"rendered":"<p>Psychosesemlnar 19. Dezember 2001 Ablauf: Begr\u00fcssung (evtl. Vorstellung des Psychoseseminars) Gespr\u00e4ch \u00fcber aktuelle Themen und Fragen<\/p>\n","protected":false},"author":2,"featured_media":0,"parent":14,"menu_order":-40,"comment_status":"closed","ping_status":"closed","template":"","meta":[],"_links":{"self":[{"href":"https:\/\/www.psychose-seminar.de\/index.php?rest_route=\/wp\/v2\/pages\/121"}],"collection":[{"href":"https:\/\/www.psychose-seminar.de\/index.php?rest_route=\/wp\/v2\/pages"}],"about":[{"href":"https:\/\/www.psychose-seminar.de\/index.php?rest_route=\/wp\/v2\/types\/page"}],"author":[{"embeddable":true,"href":"https:\/\/www.psychose-seminar.de\/index.php?rest_route=\/wp\/v2\/users\/2"}],"replies":[{"embeddable":true,"href":"https:\/\/www.psychose-seminar.de\/index.php?rest_route=%2Fwp%2Fv2%2Fcomments&post=121"}],"version-history":[{"count":0,"href":"https:\/\/www.psychose-seminar.de\/index.php?rest_route=\/wp\/v2\/pages\/121\/revisions"}],"up":[{"embeddable":true,"href":"https:\/\/www.psychose-seminar.de\/index.php?rest_route=\/wp\/v2\/pages\/14"}],"wp:attachment":[{"href":"https:\/\/www.psychose-seminar.de\/index.php?rest_route=%2Fwp%2Fv2%2Fmedia&parent=121"}],"curies":[{"name":"wp","href":"https:\/\/api.w.org\/{rel}","templated":true}]}}