{"id":114,"date":"2001-10-17T08:00:29","date_gmt":"2001-10-17T06:00:29","guid":{"rendered":"https:\/\/psychose-seminar.info\/?page_id=114"},"modified":"2001-10-17T08:00:29","modified_gmt":"2001-10-17T06:00:29","slug":"angst-vor-gewalt-in-der-psychiatrie","status":"publish","type":"page","link":"https:\/\/www.psychose-seminar.de\/?page_id=114","title":{"rendered":"Angst vor Gewalt in der Psychiatrie"},"content":{"rendered":"<p><b>Psychoseseminar 17. Oktober 2001<\/b><\/p>\n<p><b>Ablauf:<\/b><\/p>\n<p>Begr\u00fcssung (evtl. Vorstellung des Psychoseseminars)<\/p>\n<p>Einladung zum Gespr\u00e4ch \u00fcber Gewalterfahrungen; evtl. Beginn durch Vorbereitungsgruppe<\/p>\n<p>verschiedene Bereiche von Gewalt wiederholen und aufzeigen (durch Vorbereitungsgruppe)<\/p>\n<p>P a u s e<\/p>\n<p>Was ist zu tun, damit Gewalt weniger wird?<\/p>\n<p>Wie kann ich praktisch in meiner Situaiton Schritte gehen, damit Gewalt weniger vorkommt? (Information und Beratung gegen Gewalt)<\/p>\n<p>Angebot zu Entspannungsmusik zum Abschluss \u2014 wer gehen m\u00f6chte kann gehen<\/p>\n<p>Verabschiedung<\/p>\n<p><b>Wichtige Gedanken zum Thema:<\/b><\/p>\n<ul>\n<li>(Zwangs-) Fixierungen<\/li>\n<li>Anordnungen zur Fixierung<\/li>\n<li>K. o. &#8211; Spritze<\/li>\n<li>Wirkung \/ Nebenwirkungen von Medikamenten<\/li>\n<li>Notwendigkeit zum Kontakt<\/li>\n<li>Wie sinnvoll \/ notwendig ist Gewalt?<\/li>\n<li>geschlossene Unterbringung \/ Trennung der Patientinnen von den Angeh\u00f6rigen<\/li>\n<li>Behandlung kann immer zur Gewalt werden<\/li>\n<li>wieviel Menschlichkeit ist in der Krise m\u00f6glich -&gt; wie ist sie zu bewahren?<\/li>\n<li>Gewalt unter Patienten; Angst der Patienten voreinander<\/li>\n<li>verbale Gewalt (Bedrohungen, Beschimpfungen&#8230;)<\/li>\n<li>Kuschen als Indiz eines gewaltt\u00e4tigen Systems<\/li>\n<li>wie erleben Angeh\u00f6rige Gewalt der Erkrankten?<\/li>\n<li>Behandlungsvereinbarung als M\u00f6glichkeit zu weniger Gewalt in der Behandlung<\/li>\n<\/ul>\n<p>Material usw.<\/p>\n<ul>\n<li>Kassettenrekorder<\/li>\n<li>Musik<\/li>\n<li>Kerzen<\/li>\n<li>Unterlagen Behandlungsvereinbarung<\/li>\n<\/ul>\n","protected":false},"excerpt":{"rendered":"<p>Psychoseseminar 17. Oktober 2001 Ablauf: Begr\u00fcssung (evtl. Vorstellung des Psychoseseminars) Einladung zum Gespr\u00e4ch \u00fcber Gewalterfahrungen; evtl. Beginn durch Vorbereitungsgruppe verschiedene Bereiche von Gewalt wiederholen und aufzeigen (durch Vorbereitungsgruppe) P a u s e Was ist zu tun, damit Gewalt weniger wird? Wie kann ich praktisch in meiner Situaiton Schritte gehen, damit Gewalt weniger vorkommt? (Information [&hellip;]<\/p>\n","protected":false},"author":2,"featured_media":0,"parent":14,"menu_order":-38,"comment_status":"closed","ping_status":"closed","template":"","meta":[],"_links":{"self":[{"href":"https:\/\/www.psychose-seminar.de\/index.php?rest_route=\/wp\/v2\/pages\/114"}],"collection":[{"href":"https:\/\/www.psychose-seminar.de\/index.php?rest_route=\/wp\/v2\/pages"}],"about":[{"href":"https:\/\/www.psychose-seminar.de\/index.php?rest_route=\/wp\/v2\/types\/page"}],"author":[{"embeddable":true,"href":"https:\/\/www.psychose-seminar.de\/index.php?rest_route=\/wp\/v2\/users\/2"}],"replies":[{"embeddable":true,"href":"https:\/\/www.psychose-seminar.de\/index.php?rest_route=%2Fwp%2Fv2%2Fcomments&post=114"}],"version-history":[{"count":0,"href":"https:\/\/www.psychose-seminar.de\/index.php?rest_route=\/wp\/v2\/pages\/114\/revisions"}],"up":[{"embeddable":true,"href":"https:\/\/www.psychose-seminar.de\/index.php?rest_route=\/wp\/v2\/pages\/14"}],"wp:attachment":[{"href":"https:\/\/www.psychose-seminar.de\/index.php?rest_route=%2Fwp%2Fv2%2Fmedia&parent=114"}],"curies":[{"name":"wp","href":"https:\/\/api.w.org\/{rel}","templated":true}]}}