{"id":112,"date":"2001-09-19T07:58:22","date_gmt":"2001-09-19T05:58:22","guid":{"rendered":"https:\/\/psychose-seminar.info\/?page_id=112"},"modified":"2001-09-19T07:58:22","modified_gmt":"2001-09-19T05:58:22","slug":"psychose-eine-unheilbare-erkrankung","status":"publish","type":"page","link":"https:\/\/www.psychose-seminar.de\/?page_id=112","title":{"rendered":"Psychose &#8211; eine unheilbare Erkrankung?"},"content":{"rendered":"<p><b>Psychoseseminar 19. September 2001<\/b><\/p>\n<p><b>Ablauf:<\/b><\/p>\n<p>Begr\u00fcssung (evtl. Vorstellung des Psychoseseminars)<\/p>\n<p>Einf\u00fchrung ins Thema<\/p>\n<p>-&gt; Was ist eigentlich Heilung? (bunte Scheibe mit Begriff &#8222;Heilung&#8220; darauf) &#8211; Brainstorming, Ergebnisse auf Karten (Schreiben durch die Vorbereitungsgruppe)<\/p>\n<p>Erfahrungsgem\u00e4\u00df geht der Weg, der vielleicht in Richtung Heilung f\u00fchren kann, \u00fcber Besserung (bunte Scheibe mit Begriff &#8222;Besserung&#8220; darauf) -&gt; Teilnehmerinnen schreiben selber K\u00e4rtchen mit je einem Begriff pro Karte -&gt; auslegen<\/p>\n<p>P a u s e<\/p>\n<p>Gespr\u00e4ch \u00fcber das bisher Entstandene<\/p>\n<p>Verabschiedung<\/p>\n<p><b>Wichtige Gedanken zum Thema:<\/b><\/p>\n<ul>\n<li>heilen -&gt; Gesundheit -&gt; Weltbild<\/li>\n<li>heutige Gesellschaft: Leistungsdruck, viele Kommunikationsm\u00f6glichkeiten (moderne Medien) -&gt; mangelnder Erdbezug; Drogen<\/li>\n<li>individuelles Bild von gesund\/krank -&gt; gesellschaftliches Bild<\/li>\n<li>Lebensumfeld muss neu gestaltet werden<\/li>\n<li>Chance auf Besserung\/Heilung steigt: Aufbau eines sozialen Netzes &#8211; Kontakte, Beziehungen, Sorge f\u00fcr sich selbst, aufpassen, sein eigener Manager werden, Auseinandersetzung mit der Krankheit<\/li>\n<li>Wer kann heilen?<\/li>\n<li>Symptomfreiheit durch den Arzt<\/li>\n<li>Kontroll\/Steuerung der Psychosen ( Medikamente, Leben einrichten) -&gt; Minderung der Krisen und ausl\u00f6senden Situationen<\/li>\n<li>These: Da die Gesellschaft nicht gesund ist, k\u00f6nnen Psychotiker nicht heilen.<\/li>\n<\/ul>\n<p>Material usw.<\/p>\n<ul>\n<li>K\u00e4rtchen (wei\u00df + bunt)<\/li>\n<li>Stifte, Filzschreiber, Tesakrepp<\/li>\n<li>Tapetenrolle<\/li>\n<li>Kleber \/ Klebestift<\/li>\n<li>bunte Scheiben &#8222;Akuter Schub&#8220;, &#8222;Besserung&#8220;, &#8222;Heilung&#8220;<\/li>\n<li>B\u00fccher<\/li>\n<\/ul>\n","protected":false},"excerpt":{"rendered":"<p>Psychoseseminar 19. September 2001 Ablauf: Begr\u00fcssung (evtl. Vorstellung des Psychoseseminars) Einf\u00fchrung ins Thema -&gt; Was ist eigentlich Heilung? (bunte Scheibe mit Begriff &#8222;Heilung&#8220; darauf) &#8211; Brainstorming, Ergebnisse auf Karten (Schreiben durch die Vorbereitungsgruppe) Erfahrungsgem\u00e4\u00df geht der Weg, der vielleicht in Richtung Heilung f\u00fchren kann, \u00fcber Besserung (bunte Scheibe mit Begriff &#8222;Besserung&#8220; darauf) -&gt; Teilnehmerinnen schreiben [&hellip;]<\/p>\n","protected":false},"author":2,"featured_media":0,"parent":14,"menu_order":-37,"comment_status":"closed","ping_status":"closed","template":"","meta":[],"_links":{"self":[{"href":"https:\/\/www.psychose-seminar.de\/index.php?rest_route=\/wp\/v2\/pages\/112"}],"collection":[{"href":"https:\/\/www.psychose-seminar.de\/index.php?rest_route=\/wp\/v2\/pages"}],"about":[{"href":"https:\/\/www.psychose-seminar.de\/index.php?rest_route=\/wp\/v2\/types\/page"}],"author":[{"embeddable":true,"href":"https:\/\/www.psychose-seminar.de\/index.php?rest_route=\/wp\/v2\/users\/2"}],"replies":[{"embeddable":true,"href":"https:\/\/www.psychose-seminar.de\/index.php?rest_route=%2Fwp%2Fv2%2Fcomments&post=112"}],"version-history":[{"count":0,"href":"https:\/\/www.psychose-seminar.de\/index.php?rest_route=\/wp\/v2\/pages\/112\/revisions"}],"up":[{"embeddable":true,"href":"https:\/\/www.psychose-seminar.de\/index.php?rest_route=\/wp\/v2\/pages\/14"}],"wp:attachment":[{"href":"https:\/\/www.psychose-seminar.de\/index.php?rest_route=%2Fwp%2Fv2%2Fmedia&parent=112"}],"curies":[{"name":"wp","href":"https:\/\/api.w.org\/{rel}","templated":true}]}}