{"id":110,"date":"2001-06-20T07:54:13","date_gmt":"2001-06-20T05:54:13","guid":{"rendered":"https:\/\/psychose-seminar.info\/?page_id=110"},"modified":"2001-06-20T07:54:13","modified_gmt":"2001-06-20T05:54:13","slug":"lust-und-pflicht-der-schmale-grad-selbstverantwortlichen-lebens","status":"publish","type":"page","link":"https:\/\/www.psychose-seminar.de\/?page_id=110","title":{"rendered":"Lust und Pflicht, der schmale Grad selbstverantwortlichen Lebens"},"content":{"rendered":"<p><b>Psychoseseminar 20. Juni 2001<\/b><\/p>\n<p><b>Ablauf:<\/b><\/p>\n<p>Begr\u00fcssung (evtl. Vorstellung des Psychoseseminars)<\/p>\n<p>Die Moderatorin beginnt, ihre Unlust zu \u00e4u\u00dferen<\/p>\n<p>-&gt; Anregung zum Austausch \u00fcber pers\u00f6nliche Erfahrungen -&gt; Gespr\u00e4ch<\/p>\n<p>P a u s e nach Bedarf<\/p>\n<p>Material usw. .<\/p>\n<ul>\n<li>gro\u00dfes Papier<\/li>\n<li>Stifte, Filzschreiber, Tesakrepp<\/li>\n<\/ul>\n<p><b>Lust und Pflicht&#8230;<\/b> &#8211; Psychoseseminar 20. Juni 2001<\/p>\n<p><b>Ergebnisse<\/b><\/p>\n<p><b>Lust<\/b><\/p>\n<ul>\n<li>Freude an der Arbeit<\/li>\n<li>Kontakt mit Mitmenschen<\/li>\n<li>subjektives Befinden<\/li>\n<li>Selbstwertgef\u00fchl<\/li>\n<li>mitbestimmen k\u00f6nnen<\/li>\n<li>stolz auf eigene Leistung sein<\/li>\n<li>Entlohnung<\/li>\n<li>Unabh\u00e4ngigkeit<\/li>\n<li>kleine Schritte machen d\u00fcrfen<\/li>\n<li>Selbst\u00e4ndigkeit<\/li>\n<li>Macht &#8211; Eigenkontrolle<\/li>\n<li>genie\u00dfen k\u00f6nnen<\/li>\n<li>Spa\u00df haben<\/li>\n<li>Gammeln k\u00f6nnen<\/li>\n<li>Zeit selbst einteilen k\u00f6nnen<\/li>\n<li>Freiheit zu eigenen Entscheidungen<\/li>\n<li>private Kontakte selbst bestimmen<\/li>\n<li>sich fallen lassen k\u00f6nnen<\/li>\n<\/ul>\n<p><b>Pflicht<\/b><\/p>\n<ul>\n<li>Sachzw\u00e4nge<\/li>\n<li>Regelm\u00e4\u00dfigkeit<\/li>\n<li>f\u00fcr sich selber sorgen<\/li>\n<li>Verantwortung \u00fcbernehmen<\/li>\n<li>Vertrauen rechtfertigen<\/li>\n<li>Zuverl\u00e4ssigkeit<\/li>\n<li>zu seinem Wort stehen<\/li>\n<li>P\u00fcnktlichkeit<\/li>\n<li>eigene Grenzen erkennen<\/li>\n<li>mit Entt\u00e4uschungen umgehen lernen<\/li>\n<li>Durchhalteverm\u00f6gen<\/li>\n<li>funktionieren m\u00fcssen<\/li>\n<li>mit anderen auskommen m\u00fcssen<\/li>\n<li>sich selber treu bleiben<\/li>\n<li>hinterfragen<\/li>\n<li>f\u00fcr Freude sorgen &#8211; innerlich lachen<\/li>\n<li>sich entwickeln<\/li>\n<li>Ehrlichkeit<\/li>\n<li>Gef\u00fchle wahrnehmen, zulassen und kontrollieren<\/li>\n<li>sich Hilfe suchen<\/li>\n<\/ul>\n","protected":false},"excerpt":{"rendered":"<p>Psychoseseminar 20. Juni 2001 Ablauf: Begr\u00fcssung (evtl. Vorstellung des Psychoseseminars) Die Moderatorin beginnt, ihre Unlust zu \u00e4u\u00dferen -&gt; Anregung zum Austausch \u00fcber pers\u00f6nliche Erfahrungen -&gt; Gespr\u00e4ch P a u s e nach Bedarf Material usw. . gro\u00dfes Papier Stifte, Filzschreiber, Tesakrepp Lust und Pflicht&#8230; &#8211; Psychoseseminar 20. Juni 2001 Ergebnisse Lust Freude an der Arbeit [&hellip;]<\/p>\n","protected":false},"author":2,"featured_media":0,"parent":14,"menu_order":-36,"comment_status":"closed","ping_status":"closed","template":"","meta":[],"_links":{"self":[{"href":"https:\/\/www.psychose-seminar.de\/index.php?rest_route=\/wp\/v2\/pages\/110"}],"collection":[{"href":"https:\/\/www.psychose-seminar.de\/index.php?rest_route=\/wp\/v2\/pages"}],"about":[{"href":"https:\/\/www.psychose-seminar.de\/index.php?rest_route=\/wp\/v2\/types\/page"}],"author":[{"embeddable":true,"href":"https:\/\/www.psychose-seminar.de\/index.php?rest_route=\/wp\/v2\/users\/2"}],"replies":[{"embeddable":true,"href":"https:\/\/www.psychose-seminar.de\/index.php?rest_route=%2Fwp%2Fv2%2Fcomments&post=110"}],"version-history":[{"count":0,"href":"https:\/\/www.psychose-seminar.de\/index.php?rest_route=\/wp\/v2\/pages\/110\/revisions"}],"up":[{"embeddable":true,"href":"https:\/\/www.psychose-seminar.de\/index.php?rest_route=\/wp\/v2\/pages\/14"}],"wp:attachment":[{"href":"https:\/\/www.psychose-seminar.de\/index.php?rest_route=%2Fwp%2Fv2%2Fmedia&parent=110"}],"curies":[{"name":"wp","href":"https:\/\/api.w.org\/{rel}","templated":true}]}}