{"id":108,"date":"2001-05-16T07:50:54","date_gmt":"2001-05-16T05:50:54","guid":{"rendered":"https:\/\/psychose-seminar.info\/?page_id=108"},"modified":"2001-05-16T07:50:54","modified_gmt":"2001-05-16T05:50:54","slug":"ist-jemand-schuld-an-der-psychose","status":"publish","type":"page","link":"https:\/\/www.psychose-seminar.de\/?page_id=108","title":{"rendered":"Ist jemand schuld an der Psychose?"},"content":{"rendered":"<p><b>Psychoseseminar 16. Mai 2001<\/b><\/p>\n<p><b>Ablauf:<\/b><\/p>\n<p>Begr\u00fcssung (evtl. Vorstellung des Psychoseseminars)<\/p>\n<p>Einladung an Anwesende: vorbereitete K\u00e4rtchen beschriften zur Frage &#8222;Wer oder was ist schuld an der Psychose?&#8220; (je 1 Schuldige\/r auf 1 K\u00e4rtchen) &#8211; evtl. K\u00e4rtchen verteilen<\/p>\n<p>-&gt; sortieren nach Gruppen<\/p>\n<p>Hinweis:<\/p>\n<p>Die Vorbereitungsgruppe hat festgestellt, dass es hart ist, schuldig gesprochen zu werden.<\/p>\n<ul>\n<li>Welche Gef\u00fchle sind jetzt hier aufgetaucht?<\/li>\n<li>Wie geht es mir, wenn ich jemanden beschuldige?<\/li>\n<li>Wie geht es mir, wenn ich beschuldigt bin?<\/li>\n<\/ul>\n<p><b>Aktuelle Situation ber\u00fccksichtigen!<\/b><\/p>\n<p>P a u s e<\/p>\n<p>Woher kenne ich Schuld? &#8211; Was ist Schuld?<\/p>\n<p>Schuldige finden -&gt; Ursachen finden -&gt; erneute Krisen verhindern &#8211; etwas wieder &#8222;gut machen&#8220;<\/p>\n<p>Verabschiedung<\/p>\n<p><b>Wichtige Gedanken zum Thema:<\/b><\/p>\n<ul>\n<li>Gef\u00fchle, wenn jd. als schuldig bezeichnet wird (Wut, \u00c4rgen Verzweiflung&#8230;) durch z. B. Fehler bei der Arbeit oder Autounfall<\/li>\n<li>Schuld &#8211; der Eltern; von Gott; der Umst\u00e4nde; von mir selbst<\/li>\n<li>Schuldiger\u2014 Verursacher &#8211; Gesch\u00e4digter<\/li>\n<li>schlechtes Gewissen<\/li>\n<li>Schuld &#8211; Angst vor Strafe<\/li>\n<li>Schuld &#8211; Gott &#8211; beten<\/li>\n<li>Schuldgef\u00fchle &#8211; Schuldzuschreibungen<\/li>\n<li>Schuld entsteht nur durch absichtsvolles Handeln?<\/li>\n<li>Werte, Moral, Gesetze<\/li>\n<li>Schutz voreinander<\/li>\n<li>Schuld ist eine Grenze<\/li>\n<li>Schuld &#8211; Entschuldigung\/Entlastung<\/li>\n<li>Schuld macht krank<\/li>\n<\/ul>\n<p>Material usw.<\/p>\n<ul>\n<li>K\u00e4rtchen<\/li>\n<li>gro\u00dfes Papier<\/li>\n<li>Stifte, Filzschreiber, Tesakrepp<\/li>\n<li>B\u00fccher<\/li>\n<\/ul>\n<p><b>Ist jemand schuld an der Psychose? &#8211; Psychoseseminar 16. Mai 2001<\/b><\/p>\n<p><b>Ergebnisse<\/b><\/p>\n<p>Antworten auf die Frage: Ist jemand schuld an der Psychose?<\/p>\n<ul>\n<li>mein Gehirn<\/li>\n<li>der Betroffene selbst<\/li>\n<li>nicht der Psychoserkranke alleine<\/li>\n<li>ich selbst<\/li>\n<li>er selbst<\/li>\n<li>es gibt keinen Schuldigen<\/li>\n<li>Ehemann<\/li>\n<li>Schwiegermutter<\/li>\n<li>Eltern<\/li>\n<li>Mutter<\/li>\n<li>Vater<\/li>\n<li>Oma<\/li>\n<li>Frau des Lebens<\/li>\n<li>EX &#8211; Ehemann<\/li>\n<li>Trennungsknacks<\/li>\n<li>Lebensweise<\/li>\n<li>Ern\u00e4hrung<\/li>\n<li>Einsamkeit<\/li>\n<li>Umwelteinfl\u00fcsse<\/li>\n<li>Drogen<\/li>\n<li>die Umst\u00e4nde<\/li>\n<li>Druck<\/li>\n<li>Stress<\/li>\n<li>der Stress und die \u00dcberbelastung<\/li>\n<li>\u00dcberbelastung<\/li>\n<li>berufliche \u00dcberforderung<\/li>\n<li>stressbringende gesellschaftliche Zw\u00e4nge sicher auch<\/li>\n<li>Krankenhaus im Babyalter<\/li>\n<li>Erbanlagen<\/li>\n<li>fehlende Sexualit\u00e4t<\/li>\n<li>Schlafmangel<\/li>\n<li>\u00c4rzte verschlimmern vieles<\/li>\n<li>die dadurch erforderliche \u00e4rztl. Behandlung und deren Intensit\u00e4t<\/li>\n<\/ul>\n<p>Ich kenne Schuld<\/p>\n<ul>\n<li>von der Arbeit<\/li>\n<li>von der Religion<\/li>\n<li>von Gesetzen und Regeln<\/li>\n<li>von Schuldzuweisungen der Eltern<\/li>\n<li>von Schuld und Gewissen<\/li>\n<li>von den Anspr\u00fcchen und Ideale an mich selber<\/li>\n<li>von Schulen und Kinderg\u00e4rten<\/li>\n<li>von Schicksalsschl\u00e4gen f\u00fcr die Ich mich verantwortlich f\u00fchle<\/li>\n<li>von Schuld und versagen<\/li>\n<li>von Unterlassung Richtigen erforderlichen Ma\u00dfnahmen<\/li>\n<li>von Liebesentzug und Schuldgef\u00fchlen<\/li>\n<li>von Schuld und Bestrafung<\/li>\n<\/ul>\n<p>Assoziationen zu &#8222;Schuld&#8220;<\/p>\n<ul>\n<li>Schuld und Moral<\/li>\n<li>Schuld und Rollenerwartungen<\/li>\n<li>Werte und Normen<\/li>\n<li>Aushandeln von Schuldanteilen<\/li>\n<li>Anerkennung von echtem schuldig geworden zu sein<\/li>\n<li>Schuldbewu\u00dftsein und Unschuldsbewu\u00dftsein<\/li>\n<li>Krankheit als Strafe der Schuld\u00a0?<\/li>\n<li>Entlastung durch Schuldzuweisung ( Erleichterung )<\/li>\n<li>Schuld der Medien durch unterlassene, mangelhafte Aufkl\u00e4rung<\/li>\n<li>Schuld an der Umweltverschmutzung<\/li>\n<li>Schuldig werden an den Nachkommen<\/li>\n<li>Schuld und Selbstverantwortung<\/li>\n<li>Schuld und S\u00fchne<\/li>\n<li>Schuldig geschieden?<\/li>\n<\/ul>\n","protected":false},"excerpt":{"rendered":"<p>Psychoseseminar 16. Mai 2001 Ablauf: Begr\u00fcssung (evtl. Vorstellung des Psychoseseminars) Einladung an Anwesende: vorbereitete K\u00e4rtchen beschriften zur Frage &#8222;Wer oder was ist schuld an der Psychose?&#8220; (je 1 Schuldige\/r auf 1 K\u00e4rtchen) &#8211; evtl. K\u00e4rtchen verteilen -&gt; sortieren nach Gruppen Hinweis: Die Vorbereitungsgruppe hat festgestellt, dass es hart ist, schuldig gesprochen zu werden. Welche Gef\u00fchle [&hellip;]<\/p>\n","protected":false},"author":2,"featured_media":0,"parent":14,"menu_order":-35,"comment_status":"closed","ping_status":"closed","template":"","meta":[],"_links":{"self":[{"href":"https:\/\/www.psychose-seminar.de\/index.php?rest_route=\/wp\/v2\/pages\/108"}],"collection":[{"href":"https:\/\/www.psychose-seminar.de\/index.php?rest_route=\/wp\/v2\/pages"}],"about":[{"href":"https:\/\/www.psychose-seminar.de\/index.php?rest_route=\/wp\/v2\/types\/page"}],"author":[{"embeddable":true,"href":"https:\/\/www.psychose-seminar.de\/index.php?rest_route=\/wp\/v2\/users\/2"}],"replies":[{"embeddable":true,"href":"https:\/\/www.psychose-seminar.de\/index.php?rest_route=%2Fwp%2Fv2%2Fcomments&post=108"}],"version-history":[{"count":0,"href":"https:\/\/www.psychose-seminar.de\/index.php?rest_route=\/wp\/v2\/pages\/108\/revisions"}],"up":[{"embeddable":true,"href":"https:\/\/www.psychose-seminar.de\/index.php?rest_route=\/wp\/v2\/pages\/14"}],"wp:attachment":[{"href":"https:\/\/www.psychose-seminar.de\/index.php?rest_route=%2Fwp%2Fv2%2Fmedia&parent=108"}],"curies":[{"name":"wp","href":"https:\/\/api.w.org\/{rel}","templated":true}]}}