{"id":100,"date":"2000-11-15T07:41:01","date_gmt":"2000-11-15T05:41:01","guid":{"rendered":"https:\/\/psychose-seminar.info\/?page_id=100"},"modified":"2000-11-15T07:41:01","modified_gmt":"2000-11-15T05:41:01","slug":"hilfe-die-angehoerigen-verstehen-gar-nichts-mehr","status":"publish","type":"page","link":"https:\/\/www.psychose-seminar.de\/?page_id=100","title":{"rendered":"Hilfe, die Angeh\u00f6rigen verstehen gar nichts mehr!"},"content":{"rendered":"<p><b>Psychoseseminar am 15. Nov. 2000<\/b><\/p>\n<p><b>Ablauf:<\/b><\/p>\n<p>Begr\u00fcssung (evtl. Vorstellung des Psychoseseminars)<\/p>\n<p>Einladung zum Spiel und Erkl\u00e4rung<\/p>\n<p>Gruppen finden sich zusammen nach folgenden Kriterien:<\/p>\n<ul>\n<li>1. Wohnort &#8211; D\u00fcren \/ andere<\/li>\n<li>2. Geburtstag im &#8211; Fr\u00fchjahr \/ Sommer \/ Herbst \/ Winter<\/li>\n<li>3. Weg zum heutigen Treffen mit &#8211; Auto \/ Fahrrad \/ \u00f6ffentlichen Verkehrsmitteln \/ zu Fu\u00df<\/li>\n<li>4. Medikamenteneinnahme heute &#8211; ja \/ nein<\/li>\n<li>5. Kenntnis der Rheinischen Kliniken von innen &#8211; ja \/ nein<\/li>\n<li>6. Miterleben einer Erstaufnahme &#8211; ja \/ nein<\/li>\n<li>7. Bez\u00fcglich Psychose-Erkrankungen am wenigsten Verst\u00e4ndnis erlebt von &#8211; Profis \/ Erkrankten \/ Angeh\u00f6rigen \/ anderen<\/li>\n<li>8. Hilfe um Psychose-Erkrankungen besser zu verstehen durch &#8211; B\u00fccher \/ Gepr\u00e4che \/ Therapie \/ sonstiges<\/li>\n<\/ul>\n<p><b>\u00dcberleitung zum Thema:<\/b><\/p>\n<p>Situationen, in denen wir nicht verstanden haben, kennen wir alle &#8211; auch bez\u00fcglich der Psychose-Erkrankung. Angeh\u00f6rige stecken in einer speziell schwierigen Situation, da sie mitten drin stecken, also in Verbindung mit allen Beteiligten, was zwangsl\u00e4ufig Auswirkung auf alle Beteiligten hat, alle sitzen n\u00e4mlich in einem Boot.<\/p>\n<p>Vor der Pause Besch\u00e4ftigung mit Punkt 7 oben.<\/p>\n<p>P a u s e<\/p>\n<p>\u00dcberleitung von Punkt 7 zu Punkt 8<\/p>\n<p>Themen f\u00fcr 2001 sammeln &#8211; Ank\u00fcndigung: R\u00fcckblick auf Psychosesem. in 2000<\/p>\n<p>Verabschiedung<\/p>\n<p><b>Wichtige \u00dcberlegungen:<\/b><\/p>\n<ul>\n<li>Unterschied Ersterkrankung &#8211; sp\u00e4tere Sch\u00fcbe<\/li>\n<li>Mangel an Aufkl\u00e4rung; unterschiedliche Meinungen verwirren<\/li>\n<li>\u00dcber\u00e4ngstlichkeit \/ \u00dcberf\u00fcrsorglichkeit als Ausdruck von Unsicherheit.<\/li>\n<li>Ersterkrankung kann zu \u00dcbertreibung \/ Dramatisierung f\u00fchren<\/li>\n<li>wieviele Sch\u00fcbe brauchen Angeh\u00f6rige um zu verstehen?<\/li>\n<li>unterschiedliche Angeh\u00f6rige; Eltern, PartnerInnen, Kinder<\/li>\n<li>Barriere der Verst\u00e4ndigung &#8211; Nicht-wahrhaben-wollen der Erkrankung<\/li>\n<\/ul>\n<p>Material usw. mitnehmen:<\/p>\n<ul>\n<li>Filzstifte, Kreppband, Wandzeitungspapier<\/li>\n<li>B\u00fccher<\/li>\n<\/ul>\n","protected":false},"excerpt":{"rendered":"<p>Psychoseseminar am 15. Nov. 2000 Ablauf: Begr\u00fcssung (evtl. Vorstellung des Psychoseseminars) Einladung zum Spiel und Erkl\u00e4rung Gruppen finden sich zusammen nach folgenden Kriterien: 1. Wohnort &#8211; D\u00fcren \/ andere 2. Geburtstag im &#8211; Fr\u00fchjahr \/ Sommer \/ Herbst \/ Winter 3. Weg zum heutigen Treffen mit &#8211; Auto \/ Fahrrad \/ \u00f6ffentlichen Verkehrsmitteln \/ zu [&hellip;]<\/p>\n","protected":false},"author":2,"featured_media":0,"parent":14,"menu_order":-31,"comment_status":"closed","ping_status":"closed","template":"","meta":[],"_links":{"self":[{"href":"https:\/\/www.psychose-seminar.de\/index.php?rest_route=\/wp\/v2\/pages\/100"}],"collection":[{"href":"https:\/\/www.psychose-seminar.de\/index.php?rest_route=\/wp\/v2\/pages"}],"about":[{"href":"https:\/\/www.psychose-seminar.de\/index.php?rest_route=\/wp\/v2\/types\/page"}],"author":[{"embeddable":true,"href":"https:\/\/www.psychose-seminar.de\/index.php?rest_route=\/wp\/v2\/users\/2"}],"replies":[{"embeddable":true,"href":"https:\/\/www.psychose-seminar.de\/index.php?rest_route=%2Fwp%2Fv2%2Fcomments&post=100"}],"version-history":[{"count":0,"href":"https:\/\/www.psychose-seminar.de\/index.php?rest_route=\/wp\/v2\/pages\/100\/revisions"}],"up":[{"embeddable":true,"href":"https:\/\/www.psychose-seminar.de\/index.php?rest_route=\/wp\/v2\/pages\/14"}],"wp:attachment":[{"href":"https:\/\/www.psychose-seminar.de\/index.php?rest_route=%2Fwp%2Fv2%2Fmedia&parent=100"}],"curies":[{"name":"wp","href":"https:\/\/api.w.org\/{rel}","templated":true}]}}